{"id":788,"date":"2023-04-14T13:57:00","date_gmt":"2023-04-14T11:57:00","guid":{"rendered":"https:\/\/conscolonia.esteri.it\/?page_id=788"},"modified":"2025-04-11T14:01:28","modified_gmt":"2025-04-11T12:01:28","slug":"elezioni-com-it-es-i-comitati-degli-italiani-allestero","status":"publish","type":"page","link":"https:\/\/conscolonia.esteri.it\/it\/servizi-consolari-e-visti\/servizi-per-il-cittadino-italiano\/servizi-elettorali\/elezioni-com-it-es-i-comitati-degli-italiani-allestero\/","title":{"rendered":"SERVIZI ELETTORALI &#8211; Elezioni COM.IT.ES  (Comitati degli Italiani all&#8217;Estero)"},"content":{"rendered":"<div class=\"container\">\n<div id=\"main\" role=\"main\">\n<div class=\"row\">\n<article id=\"articolo_centro\" class=\"col-md-19 col-sm-19 padding_articolo item-page\" role=\"main\" aria-label=\"articolo\">\n<div>\n<div class=\"container\">\n<div id=\"main\" role=\"main\">\n<div class=\"row\">\n<article id=\"articolo_centro\" class=\"col-md-19 col-sm-19 padding_articolo item-page\" role=\"main\" aria-label=\"articolo\">\n<div>\n<p><img loading=\"lazy\" decoding=\"async\" class=\"\" src=\"https:\/\/conscolonia.esteri.it\/wp-content\/uploads\/2023\/05\/Comites-1.jpg\" width=\"211\" height=\"175\" \/><\/p>\n<\/div>\n<\/article>\n<\/div>\n<\/div>\n<\/div>\n<\/div>\n<\/article>\n<\/div>\n<p><strong>UFFICIO POLIFUNZIONALE<br \/>\n<\/strong><a href=\"mailto:elettorale.colonia@esteri.it\">elettorale.colonia@esteri.it<span lang=\"IT\"><br \/>\ncolonia.elettorale2@esteri.it<\/span><\/a><\/p>\n<p>&nbsp;<\/p>\n<div class=\"row\">\n<article id=\"articolo_centro\" class=\"col-md-19 col-sm-19 padding_articolo item-page\" role=\"main\" aria-label=\"articolo\">\n<div>\n<div class=\"container\">\n<div id=\"main\" role=\"main\">\n<div class=\"row\">\n<article id=\"articolo_centro\" class=\"col-md-19 col-sm-19 padding_articolo item-page\" role=\"main\" aria-label=\"articolo\">\n<div>\n<p><strong>I COMITATI DEGLI ITALIANI ALL\u2019ESTERO (COM.IT.ES.)<\/strong><\/p>\n<p>Istituiti con legge n. 205\/1985, i Com.It.Es. sono organismi rappresentativi della nostra collettivit\u00e0, eletti direttamente dagli italiani residenti all\u2019estero in ciascuna Circoscrizione consolare ove risiedono almeno 3 mila connazionali;<br \/>\nanche in realt\u00e0 ove vivono meno di 3 mila cittadini italiani, i Comitati possono essere nominati dall\u2019Autorit\u00e0 diplomatico-consolare.<\/p>\n<p>La normativa sui Com.it.Es. \u00e8 stata profondamente innovata dalla legge 26 ottobre 2003, n. 286 e dal D.P.R. 29 dicembre 2003 , n. 395 (Regolamento di attuazione).<br \/>\nFra le numerose novit\u00e0, si segnala in primo luogo l\u2019introduzione del voto per corrispondenza nella elezione dei Comitati;<br \/>\nla legge rinvia alle procedure previste dalla legge 27 dicembre 2001, n. 459:<br \/>\npertanto, la base elettorale \u00e8 la medesima di quella contemplata per l\u2019elezione dei rappresentanti al Parlamento nazionale.<\/p>\n<p><strong>I Com.It.Es. sono composti da 12 membri o da 18 membri<\/strong>, a seconda che vengano eletti in Circoscrizioni consolari con un numero minore o maggiore di 100 mila connazionali residenti, quali essi risultano dall\u2019elenco aggiornato utilizzato per eleggere i rappresentanti al Parlamento nazionale.<br \/>\nIl Comitato, una volta eletto, pu\u00f2 successivamente decidere di cooptare 4 o 6 componenti, cittadini stranieri di origine italiana.<\/p>\n<p>Elemento di particolare novit\u00e0 \u00e8 costituito dall\u2019art. 1, co. 2 della legge 286\/2003, che definisce per la prima volta i Com.It.Es. <strong>&#8220;organi di rappresentanza degli italiani all\u2019estero nei rapporti con le rappresentanze diplomatico-consolari&#8221;<\/strong>;<br \/>\nin tal modo, si valorizza il loro ruolo, tanto nei confronti delle collettivit\u00e0 di cui sono espressione, tanto dell\u2019Autorit\u00e0 consolare.<br \/>\nLa nuova legge enfatizza infatti gli stretti rapporti di collaborazione e cooperazione che debbono instaurarsi fra Autorit\u00e0 consolare e Comitati, anche attraverso il &#8220;regolare flusso di informazioni&#8221;.<\/p>\n<p>Con riguardo alle loro funzioni, i Com.It.Es., anche attraverso studi e ricerche, contribuiscono ad <strong>individuare le esigenze di sviluppo sociale, culturale e civile della comunit\u00e0 di riferimento<\/strong>; particolare cura viene assicurata alla partecipazione dei giovani, alle pari opportunit\u00e0, all\u2019assistenza sociale e scolastica, alla formazione professionale, al settore ricreativo, allo sport ed al tempo libero.<\/p>\n<p>I Comitati sono anche chiamati a cooperare con l\u2019Autorit\u00e0 consolare nella tutela dei diritti e degli interessi dei cittadini italiani residenti nella Circoscrizione consolare.<br \/>\nA seguito delle elezioni del marzo 2004, operano oggi 126 Com.It.Es., diffusi in 38 Paesi: di questi, 69 si trovano in Europa, 23 in America latina, 4 in America centrale, 16 in Nord America, 7 in Asia e 7 in Africa.<\/p>\n<\/div>\n<\/article>\n<\/div>\n<\/div>\n<\/div>\n<p><strong>Che cosa sono i ComItEs?<\/strong><\/p>\n<ul>\n<li><span lang=\"EN-GB\"><span lang=\"EN-GB\">I COMITES sono organi elettivi che rappresentano le esigenze dei cittadini italiani residenti all&#8217;estero nei rapporti con gli Uffici consolari, con i quali collaborano per individuare le necessit\u00e0 di natura sociale, culturale e civile della collettivit\u00e0 italiana.<\/span><\/span><\/li>\n<li><span lang=\"EN-GB\"><span lang=\"EN-GB\">I COMITES, in collaborazione, oltre che con le Autorit\u00e0 consolari, anche con le Regioni e le autonomie locali nonch\u00e9 con Enti e Associazioni operanti nella circoscrizione consolare, promuovono, nell&#8217;interesse della collettivit\u00e0 italiana residente nella circoscrizione, tutte quelle iniziative ritenute opportune in materia di vita sociale e culturale, assistenza sociale e scolastica, formazione professionale, settore ricreativo e tempo libero.<\/span><\/span><\/li>\n<li><span lang=\"EN-GB\"><span lang=\"EN-GB\">I COMITES, previa intesa con le Autorit\u00e0 consolari, possono rappresentare le istanze della collettivit\u00e0 italiana residente nella circoscrizione alle Autorit\u00e0 e alle Istituzioni locali.<\/span><\/span><\/li>\n<li><span lang=\"EN-GB\"><span lang=\"EN-GB\">I COMITES sono composti da 12 membri, per le collettivit\u00e0 fino a 100.000 cittadini italiani residenti nella circoscrizione, o da 18 membri, per le collettivit\u00e0 composte da pi\u00f9 di 100.000 cittadini italiani residenti.<\/span><\/span><\/li>\n<li><span lang=\"EN-GB\">I MEMBRI DEI COMITES restano in carica cinque anni e non percepiscono remunerazione per la loro attivit\u00e0.<\/span><\/li>\n<\/ul>\n<p><strong>Per chi si vota<span lang=\"EN-GB\">?<\/span><\/strong><\/p>\n<p><span lang=\"EN-GB\">I membri dei COMITES sono eletti sulla base di liste di candidati sottoscritte dai cittadini italiani residenti in ogni circoscrizione consolare. I connazionali possono organizzarsi per formare liste di candidati composte da persone che godono della loro fiducia, tra le q<\/span>uali verranno poi eletti i membri dei Comitati.<\/p>\n<p><strong>Come si vota?<\/strong><\/p>\n<p><span lang=\"EN-GB\">I cittadini italiani maggiorenni residenti all&#8217;estero, iscritti nelle liste elettorali e residenti da almeno 6 mesi nella circoscrizione consolare, votano per corrispondenza, purch\u00e9 abbiano fatto pervenire \u2013 entro la scadenza prevista per legge &#8211; all\u2019Ufficio consolare di riferimento apposita domanda.<\/span><\/p>\n<p>L&#8217;Ufficio consolare competente entro il ventesimo giorno antecedente la data del voto invier\u00e0 a ciascun elettore, che abbia presentato la domanda di ammissione al voto, un plico contenente il materiale elettorale ed un foglio informativo illustrante le modalit\u00e0 di voto.<\/p>\n<p>Il cittadino esprime il proprio voto, seguendo le istruzioni fornite, quindi restituisce per posta al proprio Ufficio consolare la scheda utilizzando la busta gi\u00e0 affrancata contenuta nel plico elettorale. La busta deve essere inviata al pi\u00f9 presto possibile in modo da giungere a destinazione non oltre le ore 24 del giorno stabilito per le votazioni.<\/p>\n<\/div>\n<\/article>\n<\/div>\n<\/div>\n<\/div>\n","protected":false},"excerpt":{"rendered":"UFFICIO POLIFUNZIONALE elettorale.colonia@esteri.it colonia.elettorale2@esteri.it &nbsp; I COMITATI DEGLI ITALIANI ALL\u2019ESTERO (COM.IT.ES.) Istituiti con legge n. 205\/1985, i Com.It.Es. sono organismi rappresentativi della nostra collettivit\u00e0, eletti direttamente dagli italiani residenti all\u2019estero in ciascuna Circoscrizione consolare ove risiedono almeno 3 mila connazionali; anche in realt\u00e0 ove vivono meno di 3 mila cittadini italiani, i Comitati possono essere [&hellip;]","protected":false},"author":5,"featured_media":0,"parent":178,"menu_order":7,"comment_status":"closed","ping_status":"closed","template":"","meta":{"footnotes":""},"class_list":["post-788","page","type-page","status-publish","hentry"],"_links":{"self":[{"href":"https:\/\/conscolonia.esteri.it\/it\/wp-json\/wp\/v2\/pages\/788","targetHints":{"allow":["GET"]}}],"collection":[{"href":"https:\/\/conscolonia.esteri.it\/it\/wp-json\/wp\/v2\/pages"}],"about":[{"href":"https:\/\/conscolonia.esteri.it\/it\/wp-json\/wp\/v2\/types\/page"}],"author":[{"embeddable":true,"href":"https:\/\/conscolonia.esteri.it\/it\/wp-json\/wp\/v2\/users\/5"}],"replies":[{"embeddable":true,"href":"https:\/\/conscolonia.esteri.it\/it\/wp-json\/wp\/v2\/comments?post=788"}],"version-history":[{"count":1,"href":"https:\/\/conscolonia.esteri.it\/it\/wp-json\/wp\/v2\/pages\/788\/revisions"}],"predecessor-version":[{"id":7483,"href":"https:\/\/conscolonia.esteri.it\/it\/wp-json\/wp\/v2\/pages\/788\/revisions\/7483"}],"up":[{"embeddable":true,"href":"https:\/\/conscolonia.esteri.it\/it\/wp-json\/wp\/v2\/pages\/178"}],"wp:attachment":[{"href":"https:\/\/conscolonia.esteri.it\/it\/wp-json\/wp\/v2\/media?parent=788"}],"curies":[{"name":"wp","href":"https:\/\/api.w.org\/{rel}","templated":true}]}}