{"id":752,"date":"2023-04-13T15:28:02","date_gmt":"2023-04-13T13:28:02","guid":{"rendered":"https:\/\/conscolonia.esteri.it\/?page_id=752"},"modified":"2025-10-31T11:40:39","modified_gmt":"2025-10-31T10:40:39","slug":"autocertificazione","status":"publish","type":"page","link":"https:\/\/conscolonia.esteri.it\/it\/servizi-consolari-e-visti\/servizi-per-il-cittadino-italiano\/autocertificazione\/","title":{"rendered":"Autocertificazione e dichiarazione sostitutiva dell&#8217;atto notorio"},"content":{"rendered":"<p style=\"text-align: justify;\">Il 1 gennaio 2012 sono entrate in vigore le modifiche alla disciplina dei certificati e delle dichiarazioni sostitutive contenuta nel &#8220;Testo unico delle disposizioni legislative e regolamentari in materia di documentazione amministrativa&#8221; (DPR 28 dicembre 2000, n. 445, modificato dall&#8217;articolo 15 della legge n.183 del 2011).<br \/>\nQueste norme hanno come obiettivo la completa decertificazione del rapporto tra Pubblica amministrazione e cittadini.<br \/>\nA decorrere da tale data i certificati avranno pertanto validit\u00e0 solo nei rapporti tra privati, mentre le Amministrazioni Pubbliche non potranno pi\u00f9 chiedere o accettare i certificati, che dovranno essere sempre sostituiti da autocertificazioni.<\/p>\n<p style=\"text-align: justify;\">Le norme sull\u2019autocertificazione si applicano ai cittadini italiani e dell\u2019Unione europea, nonch\u00e9 ai cittadini extracomunitari regolarmente soggiornanti in Italia limitatamente ai dati verificabili o certificabili in Italia da soggetti pubblici.<\/p>\n<p style=\"text-align: justify;\">Le dichiarazioni sostitutive di cui agli artt. 46 e 47 del D.P.R. n. 445\/2000 <strong>non<\/strong>\u00a0necessitano di autentica di firma, ma sar\u00e0 necessario allegare alla dichiarazione firmata una fotocopia di un documento di identit\u00e0 in corso di validit\u00e0 del firmatario.<\/p>\n<p>L\u2019<a href=\"https:\/\/conscolonia.esteri.it\/it\/servizi-consolari-e-visti\/servizi-per-il-cittadino-italiano\/autenticazione-amministrativa-di-firma-e-altri-atti-amministrativi\/\">autentica di firma<\/a>\u00a0<strong>\u00e8<\/strong>\u00a0invece richiesta quando la dichiarazione debba essere presentata:<\/p>\n<ul>\n<li>a soggetti\u00a0<strong>privati\u200b\u200b\u200b\u200b\u200b<\/strong>, come banche, assicurazioni, ecc.;<\/li>\n<li>a soggetti\u00a0<strong>pubblici<\/strong>\u00a0ai fini della riscossione di benefici economici da parte di terzi (ad esempio la delega alla riscossione della pensione).<\/li>\n<\/ul>\n<p style=\"text-align: justify;\">_________________________________________________________________________________________<\/p>\n<p><strong>1. Dichiarazione sostitutiva di certificazione (art. 46 DPR 445\/2000)<\/strong><\/p>\n<p>Possono essere comprovati, tramite dichiarazione, i seguenti stati:<\/p>\n<ul>\n<li>data e il luogo di nascita;<\/li>\n<li>residenza;<\/li>\n<li>cittadinanza;<\/li>\n<li>godimento dei diritti civili e politici;<\/li>\n<li>stato civile;<\/li>\n<li>stato di famiglia;<\/li>\n<li>esistenza in vita;<\/li>\n<li>nascita del figlio,<\/li>\n<li>decesso del coniuge, dell&#8217;ascendente o discendente;<\/li>\n<li>iscrizione in albi, in elenchi tenuti da pubbliche amministrazioni;<\/li>\n<li>appartenenza a ordini professionali;<\/li>\n<li>titolo di studio, esami sostenuti;<\/li>\n<li>qualifica professionale posseduta, titolo di specializzazione, di abilitazione, di formazione, di aggiornamento e di qualificazione tecnica; situazione reddituale o economica anche ai fini della concessione dei benefici di qualsiasi tipo previsti da leggi speciali;<\/li>\n<li>assolvimento di specifici obblighi contributivi con l&#8217;indicazione dell&#8217;ammontare corrisposto;<\/li>\n<li>possesso e numero del codice fiscale, della partita IVA e di qualsiasi dato presente nell&#8217;archivio dell&#8217;anagrafe tributaria;<\/li>\n<li>stato di disoccupazione;<\/li>\n<li>qualit\u00e0 di pensionato e categoria di pensione;<\/li>\n<li>qualit\u00e0 di studente;<\/li>\n<li>qualit\u00e0 di legale rappresentante di persone fisiche o giuridiche, di tutore, di curatore e simili;<\/li>\n<li>iscrizione presso associazioni o formazioni sociali di qualsiasi tipo;<\/li>\n<li>tutte le situazioni relative all&#8217;adempimento degli obblighi militari, ivi comprese quelle attestate nel foglio matricolare dello stato di servizio;<\/li>\n<li>di non aver riportato condanne penali e di non essere destinatario di provvedimenti che riguardano l&#8217;applicazione di misure di prevenzione, di decisioni civili e di provvedimenti amministrativi iscritti nel casellario giudiziale ai sensi della vigente normativa;<\/li>\n<li>di non essere a conoscenza di essere sottoposto a procedimenti penali;<\/li>\n<li>qualit\u00e0 di vivenza a carico;<\/li>\n<li>tutti i dati a diretta conoscenza dell&#8217;interessato contenuti nei registri dello stato civile;<\/li>\n<li>di non trovarsi in stato di liquidazione o di fallimento e di non aver presentato domanda di concordato.<\/li>\n<\/ul>\n<p>La possibilit\u00e0 di avvalersi dell\u2019autocertificazione non \u00e8 mai ammessa per i certificati: medici; sanitari; veterinari; di origine; di conformit\u00e0 CE; marchi o brevetti.<\/p>\n<p>Nessuna imposta di bollo deve essere corrisposta dal cittadino quando l&#8217;uso dell&#8217;atto \u00e8 esente, per legge, da essa.<\/p>\n<p>Le istanze e le dichiarazioni da presentare alla Pubblica Amministrazione possono essere inviate anche per fax e per via telematica.<\/p>\n<p>Un <strong>modello di dichiarazione sostitutiva di certificazione<\/strong> \u00e8 reperibile <a href=\"https:\/\/conscolonia.esteri.it\/wp-content\/uploads\/2025\/01\/modello_dich_sostitutiva_certificazione-art_46-1.pdf\"><strong>qui<\/strong><\/a><\/p>\n<p>____________________________________________________________________________________________<\/p>\n<p><strong>2. Dichiarazione sostitutiva di atto di notoriet\u00e0 (art. 47 DPR 445\/2000)<\/strong><\/p>\n<p style=\"text-align: justify;\">La dichiarazione sostitutiva dell\u2019atto di notoriet\u00e0 \u00e8 un documento, redatto in carta semplice, tramite il quale posso essere riportati\u00a0<strong>stati<\/strong>\u00a0(essere proprietario di un immobile, essere erede di una certa persona, \u2026),\u00a0<strong>qualit\u00e0 personali<\/strong>\u00a0(essere titolare d\u2019impresa; non essere soggetto all\u2019imposta sui redditi, \u2026) o\u00a0<strong>fatti<\/strong>\u00a0(avere subito danni a causa di una calamit\u00e0 naturale, \u2026) di cui il dichiarante sia a diretta conoscenza.<\/p>\n<p style=\"text-align: justify;\">Tale dichiarazione pu\u00f2 riguardare anche circostanze relative ad altri soggetti, nonch\u00e9 la conformit\u00e0 all\u2019originale di copie di atti o documenti conservati o rilasciati da una pubblica amministrazione, di copie di pubblicazioni, di copie di titoli di studio o di servizio, ovvero di copie di documenti fiscali che devono essere obbligatoriamente conservati dai privati. Il firmatario si assume la responsabilit\u00e0 personale di quanto dichiarato.<\/p>\n<p>Un <strong>modello di dichiarazione sostitutiva dell&#8217;atto di notoriet\u00e0<\/strong> \u00e8 reperibile <a href=\"https:\/\/conscolonia.esteri.it\/wp-content\/uploads\/2025\/10\/modello_dich_sostitutiva_atto_di_notorieta-art_47-1.pdf\"><strong>qui<\/strong><\/a>.<\/p>\n<hr \/>\n<p>Nel caso in cui le amministrazioni abbiano dubbi sulla veridicit\u00e0 delle autocertificazioni, sono tenute a effettuare i controlli necessari.<\/p>\n<p>Nel caso vengano riscontrate dichiarazioni mendaci, la falsit\u00e0 negli atti e l\u2019uso di atti falsi sono puniti ai sensi del codice penale e delle leggi speciali in materia (art. 76 DPR 445\/2000).<br \/>\nIl dichiarante inoltre decade dai benefici eventualmente conseguiti grazie a provvedimenti basati su dichiarazioni non veritiere.<\/p>\n","protected":false},"excerpt":{"rendered":"Il 1 gennaio 2012 sono entrate in vigore le modifiche alla disciplina dei certificati e delle dichiarazioni sostitutive contenuta nel &#8220;Testo unico delle disposizioni legislative e regolamentari in materia di documentazione amministrativa&#8221; (DPR 28 dicembre 2000, n. 445, modificato dall&#8217;articolo 15 della legge n.183 del 2011). Queste norme hanno come obiettivo la completa decertificazione del [&hellip;]","protected":false},"author":5,"featured_media":0,"parent":7639,"menu_order":3,"comment_status":"closed","ping_status":"closed","template":"","meta":{"footnotes":""},"class_list":["post-752","page","type-page","status-publish","hentry"],"_links":{"self":[{"href":"https:\/\/conscolonia.esteri.it\/it\/wp-json\/wp\/v2\/pages\/752","targetHints":{"allow":["GET"]}}],"collection":[{"href":"https:\/\/conscolonia.esteri.it\/it\/wp-json\/wp\/v2\/pages"}],"about":[{"href":"https:\/\/conscolonia.esteri.it\/it\/wp-json\/wp\/v2\/types\/page"}],"author":[{"embeddable":true,"href":"https:\/\/conscolonia.esteri.it\/it\/wp-json\/wp\/v2\/users\/5"}],"replies":[{"embeddable":true,"href":"https:\/\/conscolonia.esteri.it\/it\/wp-json\/wp\/v2\/comments?post=752"}],"version-history":[{"count":7,"href":"https:\/\/conscolonia.esteri.it\/it\/wp-json\/wp\/v2\/pages\/752\/revisions"}],"predecessor-version":[{"id":10552,"href":"https:\/\/conscolonia.esteri.it\/it\/wp-json\/wp\/v2\/pages\/752\/revisions\/10552"}],"up":[{"embeddable":true,"href":"https:\/\/conscolonia.esteri.it\/it\/wp-json\/wp\/v2\/pages\/7639"}],"wp:attachment":[{"href":"https:\/\/conscolonia.esteri.it\/it\/wp-json\/wp\/v2\/media?parent=752"}],"curies":[{"name":"wp","href":"https:\/\/api.w.org\/{rel}","templated":true}]}}