{"id":7388,"date":"2025-07-15T15:22:55","date_gmt":"2025-07-15T13:22:55","guid":{"rendered":"https:\/\/conscolonia.esteri.it\/?page_id=7388"},"modified":"2026-04-14T11:06:06","modified_gmt":"2026-04-14T09:06:06","slug":"cittadinanza-elezione-di-cittadinanza","status":"publish","type":"page","link":"https:\/\/conscolonia.esteri.it\/it\/servizi-consolari-e-visti\/servizi-per-il-cittadino-straniero\/cittadinanza\/cittadinanza-elezione-di-cittadinanza\/","title":{"rendered":"CITTADINANZA &#8211; Elezione di cittadinanza"},"content":{"rendered":"<p style=\"text-align: justify;\">Il figlio\/a maggiorenne nato da genitori non sposati, o nato prima del matrimonio dei genitori, che venga riconosciuto quale figlio naturale in et\u00e0 adulta da un genitore gi\u00e0 cittadino italiano, tramite riconoscimento o dichiarazione giudiziale (art. 2, comma 2, L. 91\/1992), pu\u00f2 acquistare la cittadinanza italiana rilasciando una dichiarazione di elezione della cittadinanza italiana, entro il <strong>termine<\/strong> legale <strong>improrogabile di un (1) anno<\/strong>\u00a0a decorrere dalla data del riconoscimento o dal riconoscimento di efficacia in Italia dell&#8217;eventuale provvedimento straniero. La dichiarazione dovr\u00e0 essere resa all&#8217;Autorit\u00e0 consolare italiana territorialmente competente per il luogo di residenza dell&#8217;interessato. Decorso un anno, non avr\u00e0 diritto alla cittadinanza italiana.<\/p>\n<p style=\"text-align: justify;\"><strong><br \/>\nIMPORTANTE<\/strong>: Le disposizioni introdotte dalla Legge di conversione n. 74\/2025 del DL n. 36\/2025 introducono una deroga alle regole sull\u2019acquisto automatico della cittadinanza italiana, anche nei casi di riconoscimento o dichiarazione giudiziale di filiazione.<\/p>\n<p style=\"text-align: justify;\">Pertanto, il figlio riconosciuto durante la maggiore et\u00e0 dal genitore italiano potr\u00e0 acquistare la cittadinanza italiana <strong>solo se<\/strong>:<\/p>\n<ul style=\"text-align: justify;\">\n<li>l&#8217;istanza di riconoscimento di efficacia nell&#8217;ordinamento italiano della sentenza straniera \u00e8 stata presentata prima delle ore 23:59 (ora di Roma) del 27 marzo 2025;<\/li>\n<li>uno dei genitori o dei nonni possedeva esclusivamente la cittadinanza italiana;<\/li>\n<li>uno dei genitori o adottanti ha risieduto legalmente e continuativamente in Italia per almeno due anni dopo l\u2019acquisto della cittadinanza italiana e prima della nascita o adozione del figlio.<\/li>\n<\/ul>\n<p>&nbsp;<\/p>\n<p style=\"text-align: justify;\"><strong>Documentazione necessaria<\/strong><\/p>\n<p style=\"text-align: justify;\">\u00c8 necessario prenotare un appuntamento con la sezione cittadinanza dell&#8217;Ufficio Polifunzionale di questo Consolato Generale per poter firmare l\u2019atto di elezione della cittadinanza e presentare i seguenti documenti:<\/p>\n<ul style=\"text-align: justify;\">\n<li><strong>estratto dell\u2019atto di nascita<\/strong> rilasciato dal Paese di origine su modello internazionale oppure atto di nascita con eventuale legalizzazione e traduzione giurata in italiano;<\/li>\n<li>atto di <strong>riconoscimento di paternit\u00e0<\/strong> completo di assenso del figlio oppure dichiarazione giudiziale di paternit\u00e0. (Se il provvedimento \u00e8 stato formato in un Paese straniero dovr\u00e0 essere preventivamente dichiarato efficace dall&#8217;Autorit\u00e0 giudiziaria italiana;<\/li>\n<li><strong>ricevuta del pagamento di 250 euro al Ministero dell&#8217;Interno<\/strong> da effettuare sul conto corrente<\/li>\n<\/ul>\n<p style=\"padding-left: 40px; text-align: justify;\">Beneficiario: \u201cMinistero dell\u2019Interno D.L.C.I Cittadinanza\u201d<br \/>\nNome della Banca:\u00a0Poste Italiane S.p.A.<br \/>\nCodice IBAN:\u00a0IT54D0760103200000000809020<br \/>\nCausale del versamento: Elezione di cittadinanza &#8211; nome e cognome del richiedente<br \/>\nCodice BIC\/SWIFT di Poste Italiane:\u00a0BPPIITRRXXX\u00a0(per bonifici esteri)<br \/>\nCodice BIC\/SWIFT: PIBPITRA (per operazioni del circuito EUROGIRO).<\/p>\n<ul style=\"text-align: justify;\">\n<li><strong>passaporto<\/strong> in corso di validit\u00e0 del richiedente e sua fotocopia semplice;<\/li>\n<li><strong>certificato di cittadinanza italiana del genitore<\/strong>.<\/li>\n<li><em><strong>erweiterte Meldebescheinigung<\/strong> gem\u00e4\u00df \u00a7 45 BMG<\/em> rilasciata dal Comune tedesco di residenza.<\/li>\n<\/ul>\n<p style=\"text-align: justify;\"><span style=\"text-decoration: underline;\">Tutti i documenti dovranno essere prodotti in originale e rilasciati da non pi\u00f9 di 6 mesi e non saranno restituiti.<\/span><\/p>\n<p style=\"text-align: justify;\">\n","protected":false},"excerpt":{"rendered":"Il figlio\/a maggiorenne nato da genitori non sposati, o nato prima del matrimonio dei genitori, che venga riconosciuto quale figlio naturale in et\u00e0 adulta da un genitore gi\u00e0 cittadino italiano, tramite riconoscimento o dichiarazione giudiziale (art. 2, comma 2, L. 91\/1992), pu\u00f2 acquistare la cittadinanza italiana rilasciando una dichiarazione di elezione della cittadinanza italiana, entro [&hellip;]","protected":false},"author":9,"featured_media":0,"parent":272,"menu_order":4,"comment_status":"closed","ping_status":"closed","template":"","meta":{"footnotes":""},"class_list":["post-7388","page","type-page","status-publish","hentry"],"_links":{"self":[{"href":"https:\/\/conscolonia.esteri.it\/it\/wp-json\/wp\/v2\/pages\/7388","targetHints":{"allow":["GET"]}}],"collection":[{"href":"https:\/\/conscolonia.esteri.it\/it\/wp-json\/wp\/v2\/pages"}],"about":[{"href":"https:\/\/conscolonia.esteri.it\/it\/wp-json\/wp\/v2\/types\/page"}],"author":[{"embeddable":true,"href":"https:\/\/conscolonia.esteri.it\/it\/wp-json\/wp\/v2\/users\/9"}],"replies":[{"embeddable":true,"href":"https:\/\/conscolonia.esteri.it\/it\/wp-json\/wp\/v2\/comments?post=7388"}],"version-history":[{"count":6,"href":"https:\/\/conscolonia.esteri.it\/it\/wp-json\/wp\/v2\/pages\/7388\/revisions"}],"predecessor-version":[{"id":12086,"href":"https:\/\/conscolonia.esteri.it\/it\/wp-json\/wp\/v2\/pages\/7388\/revisions\/12086"}],"up":[{"embeddable":true,"href":"https:\/\/conscolonia.esteri.it\/it\/wp-json\/wp\/v2\/pages\/272"}],"wp:attachment":[{"href":"https:\/\/conscolonia.esteri.it\/it\/wp-json\/wp\/v2\/media?parent=7388"}],"curies":[{"name":"wp","href":"https:\/\/api.w.org\/{rel}","templated":true}]}}