{"id":72,"date":"2023-02-02T18:51:11","date_gmt":"2023-02-02T17:51:11","guid":{"rendered":"https:\/\/conscolonia.esteri.it\/?page_id=72"},"modified":"2023-10-20T12:34:22","modified_gmt":"2023-10-20T10:34:22","slug":"la-rete-consolare","status":"publish","type":"page","link":"https:\/\/conscolonia.esteri.it\/it\/chi-siamo\/la-rete-consolare\/","title":{"rendered":"La Rete Consolare"},"content":{"rendered":"<p><a href=\"https:\/\/conscolonia.esteri.it\/it\/chi-siamo\/la-rete-consolare\/\"><img loading=\"lazy\" decoding=\"async\" class=\"\" src=\"https:\/\/conscolonia.esteri.it\/wp-content\/uploads\/2023\/04\/Mappa.jpg\" width=\"588\" height=\"605\" \/><\/a><\/p>\n<p><strong>Elenco delle sedi della nostra rete consolare con relative informazioni:<br \/>\n<a href=\"https:\/\/ambberlino.esteri.it\/it\/chi-siamo\/la-rete-consolare\/\">https:\/\/ambberlino.esteri.it\/it\/chi-siamo\/la-rete-consolare\/<\/a><\/strong><\/p>\n<p><a href=\"https:\/\/ambberlino.esteri.it\/ambasciata_berlino\/it\/ambasciata\/la_rete_consolare#Berlino\">BERLINO, Cancelleria Consolare presso l&#8217;Ambasciata d&#8217;Italia<\/a><br \/>\n<a href=\"https:\/\/ambberlino.esteri.it\/ambasciata_berlino\/it\/ambasciata\/la_rete_consolare#Amburgo\">AMBURGO, Consolato Onorario d&#8217;Italia<\/a><br \/>\n<a href=\"https:\/\/ambberlino.esteri.it\/ambasciata_berlino\/it\/ambasciata\/la_rete_consolare#Brema\">BREMA, Consolato Onorario d\u2019Italia<\/a><br \/>\n<a href=\"https:\/\/ambberlino.esteri.it\/ambasciata_berlino\/it\/ambasciata\/la_rete_consolare#Colonia\">COLONIA, Consolato Generale d\u2019Italia<\/a><br \/>\n<a href=\"https:\/\/ambberlino.esteri.it\/ambasciata_berlino\/it\/ambasciata\/la_rete_consolare#Dortmund\">DORTMUND, Consolato d\u2019Italia<\/a><br \/>\n<a href=\"https:\/\/ambberlino.esteri.it\/ambasciata_berlino\/it\/ambasciata\/la_rete_consolare#Dresda\">DRESDA, Consolato Onorario d&#8217;Italia<\/a><br \/>\n<a href=\"https:\/\/ambberlino.esteri.it\/ambasciata_berlino\/it\/ambasciata\/la_rete_consolare#Francoforte\">FRANCOFORTE SUL MENO, Consolato Generale d\u2019Italia<br \/>\n<\/a><a href=\"https:\/\/consfriburgo.esteri.it\/Consolato_Friburgo\/it\/\">FRIBURGO, Consolato d\u2019Italia<br \/>\n<\/a><a href=\"mailto:hamm.onorario@esteri.it\">HAMM, Consolato Onorario d&#8217;Italia<\/a><br \/>\n<a href=\"https:\/\/conshannover.esteri.it\/consolato_hannover\/it\/\">HANNOVER, Consolato Generale d\u2019Italia<br \/>\n<\/a><a href=\"https:\/\/ambberlino.esteri.it\/ambasciata_berlino\/it\/ambasciata\/la_rete_consolare#Kiel\">KIEL, Consolato Onorario d\u2019Italia<\/a><a href=\"mailto:hamm.onorario@esteri.it\"><br \/>\n<\/a><a href=\"http:\/\/www.conslipsia.de\/\">LIPSIA, Consolato Onorario d\u2019Italia<\/a><a href=\"mailto:hamm.onorario@esteri.it\"><br \/>\n<\/a><a href=\"https:\/\/ambberlino.esteri.it\/ambasciata_berlino\/it\/ambasciata\/la_rete_consolare#Mannheim\">MANNHEIM, Consolato Onorario d&#8217;Italia<\/a><a href=\"mailto:hamm.onorario@esteri.it\"><br \/>\n<\/a><a href=\"https:\/\/ambberlino.esteri.it\/ambasciata_berlino\/it\/ambasciata\/la_rete_consolare#Monaco\">MONACO DI BAVIERA, Consolato Generale d\u2019Italia<\/a><a href=\"mailto:hamm.onorario@esteri.it\"><br \/>\n<\/a><a href=\"https:\/\/ambberlino.esteri.it\/ambasciata_berlino\/it\/ambasciata\/la_rete_consolare#NORIMBERGA\">NORIMBERGA, Consolato Onorario d&#8217;Italia<\/a><a href=\"mailto:hamm.onorario@esteri.it\"><br \/>\n<\/a><a href=\"https:\/\/ambberlino.esteri.it\/ambasciata_berlino\/it\/ambasciata\/la_rete_consolare#saarbrueckenconsolatoonorarioditalia\">SAARBR\u00dcCKEN, Consolato Onorario d&#8217;Italia<\/a><a href=\"mailto:hamm.onorario@esteri.it\"><br \/>\n<\/a><a href=\"https:\/\/ambberlino.esteri.it\/ambasciata_berlino\/it\/ambasciata\/la_rete_consolare#StoccardaConsolatoGeneraledItalia\">STOCCARDA, Consolato Generale d&#8217;Italia<\/a><a href=\"mailto:hamm.onorario@esteri.it\"><br \/>\n<\/a><a href=\"https:\/\/ambberlino.esteri.it\/ambasciata_berlino\/it\/ambasciata\/la_rete_consolare#Wolfsburg\">WOLFS<\/a><a href=\"https:\/\/ambberlino.esteri.it\/ambasciata_berlino\/it\/ambasciata\/la_rete_consolare#Wolfsburg\">BURG, Agenzia Consolare d&#8217;Italia<\/a><\/p>\n<p><span id=\"berlino\"><strong>Ambasciata d\u2019Italia (Cancelleria Consolare) BERLINO<\/strong><\/span><br \/>\nCapo della Cancelleria Consolare: Flavia FRATONI<br \/>\nHildebrandstra\u00dfe 1<br \/>\n10785\u00a0Berlin<br \/>\nTel.: +49 (0)30 25440-0<br \/>\nFax: +49 (0)30 25440189<br \/>\nE-mail:\u00a0<a href=\"mailto:consolare.berlino@esteri.it\">consolare.berlino@esteri.it<\/a><br \/>\nSito web: <a href=\"https:\/\/ambberlino.esteri.it\/it\/servizi-consolari-e-visti\/\" target=\"_blank\" rel=\"noopener\">https:\/\/ambberlino.esteri.it\/it\/servizi-consolari-e-visti\/<\/a><\/p>\n<p>Orario di apertura:<br \/>\nLuned\u00ec e venerd\u00ec: ore 08.30 \u2013 12.30<br \/>\nMarted\u00ec: ore 08.30 \u2013 10.30<br \/>\nMercoled\u00ec e gioved\u00ec: ore 13.00 \u2013 17.00<br \/>\n<strong>Circoscrizione<\/strong>: i L\u00e4nder di Berlino, Brandeburgo, Sassonia, Sassonia-Anhalt e Turingia<\/p>\n<p><span id=\"amburgo\"><a name=\"Amburgo\"><\/a><strong>Consolato Onorario d\u2019Italia AMBURGO<\/strong><\/span><br \/>\nConsole Onorario: Anton Andreas R\u00d6SSNER<br \/>\nLokstedter Weg 24<br \/>\n20251 Hamburg<br \/>\nTel.: +49 (0)40 444-05044<br \/>\nFax: +49 (0)40 444-05046<br \/>\nE-mail:\u00a0<a href=\"mailto:info@consolato-amburgo.de\">info@consolato-amburgo.de<\/a>;\u00a0<a href=\"mailto:info@consolato-amburgo.de\">amburgo.onorario@esteri.it<\/a><br \/>\nSito web:\u00a0<a href=\"http:\/\/www.consolato-amburgo.de\/\" target=\"_blank\" rel=\"noopener\">www.consolato-amburgo.de<\/a><\/p>\n<p>Orario di apertura:<br \/>\nLuned\u00ec \u2013 venerd\u00ec: ore 09.00 \u2013 13.00 (solo previo appuntamento)<\/p>\n<p><span id=\"brema\"><a id=\"Brema\" name=\"Brema\"><\/a><strong>Consolato Onorario d\u2019Italia BREMA<\/strong><\/span><br \/>\nConsole Onorario: Marco Romed FUCHS<br \/>\nManfred-Fuchs-Platz 2-4<br \/>\n28359 Bremen<br \/>\nTel.: +49 (0)421 2020-9739\/-7222<br \/>\nFax: +49 (0)421 2020700<br \/>\nE-mail:\u00a0<a href=\"mailto:brema.onorario@esteri.it%C2%A0%C2%A0%C2%A0%20Sito%20web:%20www.consolato-onorario-brema.de\">brema.onorario@esteri.it<\/a>;\u00a0<a href=\"mailto:consolato.brema@web.de\">consolato.brema@web.de<\/a> \u00a0\u00a0<a href=\"mailto:brema.onorario@esteri.it%C2%A0%C2%A0%C2%A0%20Sito%20web:%20www.consolato-onorario-brema.de\"><br \/>\n<\/a>Sito web:\u00a0<a href=\"http:\/\/www.consolato-onorario-brema.de\/\" target=\"_blank\" rel=\"noopener\">www.consolato-onorario-brema.de<\/a><\/p>\n<p>Orario di apertura:<br \/>\nLuned\u00ec \u2013 venerd\u00ec: ore 09.00 \u2013 12.30 (di pomeriggio\u00a0solo previo appuntamento)<br \/>\n<strong>Circoscrizione<\/strong>: Brema e Bremerhaven<\/p>\n<p><span id=\"colonia\"><a id=\"Colonia\" name=\"Colonia\"><\/a><strong>Consolato Generale d\u2019Italia COLONIA<\/strong><\/span><br \/>\nConsole Generale: Luis CAVALIERI<br \/>\nUniversit\u00e4tsstra\u00dfe 81<br \/>\n50931 K\u00f6ln<br \/>\nTel.: +49 (0)221 40087-0\/- 24<br \/>\nFax: +49 (0)221 4060350<br \/>\nE-mail:\u00a0<a href=\"mailto:info.colonia@esteri.it\">info.colonia@esteri.it<\/a><br \/>\nSito web: <a href=\"https:\/\/conscolonia.esteri.it\" target=\"_blank\" rel=\"noopener\">https:\/\/conscolonia.esteri.it<\/a><\/p>\n<p>Orario di apertura:<br \/>\nLuned\u00ec \u2013 venerd\u00ec: ore 08.30 \u2013 12.30<br \/>\nMercoled\u00ec: ore 15.00 \u2013 17.30<br \/>\n<strong>Circoscrizione<\/strong>: i distretti governativi di Colonia e D\u00fcsseldorf, nonch\u00e9 il distretto governativo di Arnsberg limitatamente ai circondari di Olpe e Siegen-Wittgenstein<\/p>\n<p><span id=\"dortmund\"><a id=\"Dortmund\" name=\"Dortmund\"><\/a><strong>Consolato d\u2019Italia DORTMUND<\/strong><\/span><br \/>\nConsole: Cesare TRECROCI<br \/>\nG\u00f6benstra\u00dfe 14<br \/>\n44135 Dortmund<br \/>\nTel.: +49 (0)231 57796-0<br \/>\nFax: +49 (0)231 57796-42<br \/>\nE-mail:\u00a0<a href=\"mailto:segreteria.dortmund@esteri.it\">segreteria.dortmund@esteri.it<\/a><br \/>\nSito web: <a href=\"https:\/\/ambberlino.esteri.it\/it\/servizi-consolari-e-visti\/\" target=\"_blank\" rel=\"noopener\">https:\/\/<\/a><a href=\"https:\/\/consdortmund.esteri.it\/\" target=\"_blank\" rel=\"noopener\">consdortmund.esteri.it<\/a><\/p>\n<p>Orario di apertura:<br \/>\nLuned\u00ec, marted\u00ec, gioved\u00ec e venerd\u00ec: ore 09.00 \u2013 12.30<br \/>\nMercoled\u00ec: ore 14.30 \u2013 17.30<br \/>\n<strong>Circoscrizione<\/strong>: i distretti governativi di M\u00fcnster e Detmold, nonch\u00e9 il distretto governativo di Arnsberg ad eccezione dei circondari di Olpe e Siegen-Wittgenstein<\/p>\n<p><span id=\"dresda\"><a id=\"Dresda\" name=\"Dresda\"><\/a><strong>Consolato Onorario d\u2019Italia DRESDA<\/strong><\/span><br \/>\nConsole Onorario: Andreas AUM\u00dcLLER<br \/>\nAugsburger Stra\u00dfe 4<br \/>\n01309 Dresda<br \/>\nTel.: +49 (0)351 4444-488<br \/>\nFax: +49 (0)351 444458-488<br \/>\nE-mail: <a href=\"mailto:a.aumueller@dresden.creditreform.de\">a.aumueller@dresden.creditreform.de<\/a><br \/>\nSito web:\u00a0<a href=\"https:\/\/consonordresda.de\/\" target=\"_blank\" rel=\"noopener\">www.consonordresda.de<\/a><\/p>\n<p><strong>Circoscrizione<\/strong>: il distretto governativo di Dresda nel Land Sassonia<\/p>\n<p><span id=\"francoforte\"><a id=\"Francoforte\" name=\"Francoforte\"><\/a><strong>Consolato Generale d\u2019Italia FRANCOFORTE SUL MENO<\/strong><\/span><br \/>\nConsole Generale: Andrea Esteban SAM\u00c0<br \/>\nDanziger Platz 12<br \/>\n60314 Frankfurt am Main<br \/>\nTel.: +49 (0)69 7531-0<br \/>\nFax: +49 (0)69 7531-104<br \/>\nE-mail:\u00a0<a href=\"mailto:segreteria.francoforte@esteri.it\">segreteria.francoforte@esteri.it<\/a><br \/>\nSito web: <a href=\"https:\/\/ambberlino.esteri.it\/it\/servizi-consolari-e-visti\/\" target=\"_blank\" rel=\"noopener\">https:\/\/<\/a><a href=\"https:\/\/consfrancoforte.esteri.it\/\" target=\"_blank\" rel=\"noopener\">consfrancoforte.esteri.it<\/a><\/p>\n<p>Orario di apertura:<br \/>\nLuned\u00ec \u2013 venerd\u00ec: ore 09.00 \u2013 12.00<br \/>\nMercoled\u00ec: ore 14.30 \u2013 17.00<br \/>\n<strong>Circoscrizione<\/strong>: i L\u00e4nder di Assia, Renania Palatinato e Saarland, nonch\u00e9 la Franconia Inferiore nel Land Baviera<\/p>\n<p><span id=\"friburgo\"><a id=\"Friburgo\" name=\"Friburgo\"><\/a><strong>Consolato d\u2019Italia FRIBURGO<\/strong><\/span><br \/>\nConsole: Francesca TONINATO<br \/>\nAugustinerplatz 2<br \/>\n79098 Freiburg im Breisgau<br \/>\nTel.: +49 (0)761 386610<br \/>\nFax: +49 (0)761 3866161<br \/>\nE-mail:\u00a0<a href=\"mailto:consolato.friburgo@esteri.it\">consolato.friburgo@esteri.it<\/a><br \/>\nSito web: <a href=\"https:\/\/ambberlino.esteri.it\/it\/servizi-consolari-e-visti\/\" target=\"_blank\" rel=\"noopener\">https:\/\/<\/a><a href=\"https:\/\/consfriburgo.esteri.it\/\" target=\"_blank\" rel=\"noopener\">consfriburgo.esteri.it<\/a><\/p>\n<p>Orario di apertura:<br \/>\nLuned\u00ec, marted\u00ec, gioved\u00ec e venerd\u00ec: ore 09.00 \u2013 12.15; luned\u00ec e mercoled\u00ec: ore 14.00 \u2013 17.00<br \/>\n<strong>Circoscrizione<\/strong>: Friburgo, Ortenaukreis, Rottweil, Emmendingen, Tuttlingen, Schwarzwald-Baar, Breisgau-Hochschwarzwald, Konstanz, L\u00f6rrach, Waldshut<\/p>\n<p><span id=\"hamm\"><a name=\"HAMM\"><\/a><strong>Consolato Onorario d\u2019Italia HAMM<\/strong><\/span><br \/>\nConsole Onorario: Markus KREUZ<br \/>\nc\/o Stadt Hamm<br \/>\nTheodor-Heuss-Platz 16<br \/>\nMunicipio storico, Piano 2, Stanza 223<br \/>\n59065 Hamm<br \/>\nT +49 (0)2381 173050<br \/>\nF +49 (0)2381 172964<br \/>\nE-mail:\u00a0<a href=\"mailto:hamm.onorario@esteri.it\">hamm.onorario@esteri.it<\/a><\/p>\n<p>Orario di apertura:<br \/>\nLuned\u00ec, mercoled\u00ec e gioved\u00ec: ore 09.00 \u2013 12.00 (previo appuntamento in periodo di pandemia)<br \/>\n<strong>Circoscrizione<\/strong>: Le citt\u00e0 di Hamm, M\u00fcnster, Bielefeld, i circondari di Hochsauerland, Soest, Steinfurt, Coesfeld, Warendorf e il distretto governativo di Detmold<\/p>\n<p><span id=\"hannover\"><a id=\"Hannover\" name=\"Hannover\"><\/a><strong>Consolato Generale d\u2019Italia HANNOVER<\/strong><\/span><br \/>\nConsole Generale: David MICHELUT<br \/>\nFreundallee 27<br \/>\n30173 Hannover<br \/>\nTel.: +49 (0)511 28379-0<br \/>\nFax: +49 (0)511 28379-30<br \/>\nE-mail:\u00a0<a href=\"mailto:segreteria.hannover@esteri.it\">segreteria.hannover@esteri.it<\/a><br \/>\nSito web: <a href=\"https:\/\/ambberlino.esteri.it\/it\/servizi-consolari-e-visti\/\" target=\"_blank\" rel=\"noopener\">https:\/\/<\/a><a href=\"https:\/\/conshannover.esteri.it\/\" target=\"_blank\" rel=\"noopener\">conshannover.esteri.it<\/a><\/p>\n<p>Orario di apertura:<br \/>\nLuned\u00ec: ore 15.00 \u2013 17.00<br \/>\nMarted\u00ec, mercoled\u00ec, gioved\u00ec: ore 09.00 \u2013 13.00<br \/>\n<strong>Circoscrizione<\/strong>: i L\u00e4nder di Bassa Sassonia, Amburgo, Brema, Schleswig-Holstein, Meclemburgo-Pomerania Anteriore<\/p>\n<p><span id=\"kiel\"><a id=\"Kiel\" name=\"Kiel\"><\/a><strong>Consolato Onorario d\u2019Italia KIEL<\/strong><\/span><br \/>\nConsole Onorario: Karsten MEYER<br \/>\nWilhelmplatz 2A (Hinterhaus\/Hof I, 1. piano)<br \/>\n24116 Kiel<br \/>\nTel.: +49 (0)431 56038573<br \/>\nFax: +49 (0)431 561070<br \/>\nE-mail:\u00a0<a href=\"mailto:consolato_onorario_kiel@yahoo.it\">consolato_onorario_kiel@yahoo.it<\/a><br \/>\nSito web: <a href=\"http:\/\/www.konsulat-kiel.de\/\" target=\"_blank\" rel=\"noopener\">www.konsulat-kiel.de<\/a><\/p>\n<p>Orario di apertura:<br \/>\nMercoled\u00ec: ore 10.00 \u2013 12.00 e ore 15.00 \u2013 17.00, oppure previo appuntamento<br \/>\n<strong>Circoscrizione<\/strong>: Land\u00a0Schleswig-Holstein<\/p>\n<p><span id=\"lipsia\"><strong>Corrispondente Consolare LIPSIA<br \/>\n<\/strong>Dietger NIEDERWIESER<\/span><br \/>\nMarkt 17<br \/>\n04109 Leipzig<br \/>\nTel.: +49 (0)341 96280757<br \/>\nFax: +49 (0)341 678-8102<br \/>\nE-mail: <a href=\"mailto:conslipsia@gmx.de\">conslipsia@gmx.de<\/a><br \/>\n<strong>Circoscrizione<\/strong>: Distretti governativi di Lipsia e Chemnitz nel Land Sassonia e Land della Turingia<\/p>\n<p><span id=\"mannheim\"><a name=\"ConsolatoOnorariodItaliaMannheim\"><\/a><strong>Consolato Onorario d\u2019Italia MANNHEIM<\/strong><\/span><br \/>\nConsole Onorario: Dr. J\u00fcrgen K\u00dcTEMEYER<br \/>\nc\/o m:con \u2013 mannheim:congress GmbH<br \/>\nRosengartenplatz 2<br \/>\n68161 Mannheim<br \/>\nTel.: +49 (0)621 33840 225<br \/>\nE-mail:\u00a0<a href=\"mailto:mannheim.onorario@esteri.it\">mannheim.onorario@esteri.it<\/a><br \/>\nSito web:\u00a0<a href=\"http:\/\/www.consolato-onorario-mannheim.de\/\" target=\"_blank\" rel=\"noopener\">www.consolato-onorario-mannheim.de<\/a><\/p>\n<p>Orario di apertura:<br \/>\nMercoled\u00ec: ore 14.00 \u2013 17.00 previo appuntamento<br \/>\n<strong>Circoscrizione<\/strong>: Citt\u00e0 di Mannheim<\/p>\n<p><span id=\"monaco\"><a id=\"Monaco\" name=\"Monaco\"><\/a><strong>Consolato Generale d\u2019Italia MONACO DI BAVIERA<\/strong><\/span><br \/>\nConsole Generale: Enrico DE AGOSTINI<br \/>\nM\u00f6hlstra\u00dfe 3<br \/>\n81675 M\u00fcnchen<br \/>\nTel.: +49 (0)89 4180030<br \/>\nE-mail:\u00a0<a href=\"mailto:italcons.monacobaviera@esteri.it\">italcons.monacobaviera@esteri.it<\/a><br \/>\nSito web: <a href=\"https:\/\/ambberlino.esteri.it\/it\/servizi-consolari-e-visti\/\" target=\"_blank\" rel=\"noopener\">https:\/\/<\/a><a href=\"https:\/\/consmonacodibaviera.esteri.it\/\" target=\"_blank\" rel=\"noopener\">consmonacodibaviera.esteri.it<\/a><\/p>\n<p>Orario di apertura:<br \/>\nLuned\u00ec, mercoled\u00ec e venerd\u00ec: ore 09.00 \u2013 12.00<br \/>\nMarted\u00ec e gioved\u00ec: ore 09.00 \u2013 12.00 e 13.30 \u2013 16.00<br \/>\n<strong>Circoscrizione<\/strong>: Land Baviera, esclusa la Franconia Inferiore<\/p>\n<p><span id=\"norimberga\"><a name=\"NORIMBERGA\"><\/a><strong>Consolato Onorario d\u2019Italia NORIMBERGA<\/strong><\/span><br \/>\nLorenzer Platz 3<br \/>\n90402 N\u00fcrnberg<br \/>\nTel.: +49 (0)911 2022239<br \/>\nFax: +49 (0)911 2022107<br \/>\nE-mail:\u00a0<a href=\"mailto:norimberga.onorario@esteri.it\">norimberga.onorario@esteri.it<\/a><\/p>\n<p>Orario d\u2019apertura:<br \/>\nVenerd\u00ec: ore 14.00 \u2013 17.00<\/p>\n<p><span id=\"saarbruecken\"><a name=\"aussenstellesaarbruecken\"><\/a><strong>Sportello consolare SAARBR\u00dcCKEN<\/strong><\/span><br \/>\nAm Ludwigsplatz 7<br \/>\n66117 Saarbr\u00fccken (D)<br \/>\nTel.: +49 (0) 0681 9256 6666<br \/>\nE-mail:\u00a0sportello.saar@esteri.it<br \/>\nSito web:\u00a0<a href=\"https:\/\/consfrancoforte.esteri.it\/consolato_francoforte\/it\/il_consolato\/consolato-onorario-saarbruecken.html\" target=\"_blank\" rel=\"noopener\">https:\/\/consfrancoforte.esteri.it\/consolato_francoforte\/it\/il_consolato\/consolato-onorario-saarbruecken.html<\/a><\/p>\n<p>Orario di apertura (solo su appuntamento):<br \/>\nLuned\u00ec \u2013 venerd\u00ec: ore 10.00 \u2013 12.00<br \/>\nMercoled\u00ec: ore 14.00 \u2013 16.00<br \/>\n<strong>Circoscrizione<\/strong>: Saarland<\/p>\n<p><span id=\"stoccarda\"><a name=\"StoccardaConsolatoGeneraledItalia\"><\/a><strong>Consolato Generale d\u2019Italia STOCCARDA<\/strong><\/span><br \/>\nConsole Generale: Massimiliano LAGI<br \/>\nLenzhalde 46<br \/>\n70192 Stuttgart<br \/>\nTel.: +49 (0)711 2563-265<br \/>\nFax: +49 (0)711 2563-136<br \/>\nE-mail:\u00a0<a href=\"mailto:consolato.stoccarda@esteri.it\">consolato.stoccarda@esteri.it<\/a><br \/>\nSito web: <a href=\"https:\/\/ambberlino.esteri.it\/it\/servizi-consolari-e-visti\/\" target=\"_blank\" rel=\"noopener\">https:\/\/<\/a><a href=\"https:\/\/consstoccarda.esteri.it\/\" target=\"_blank\" rel=\"noopener\">consstoccarda.esteri.it<\/a><\/p>\n<p>Orario di apertura:<br \/>\nLuned\u00ec, marted\u00ec, mercoled\u00ec e venerd\u00ec: ore 09.00 \u2013 12.30<br \/>\nGioved\u00ec: ore 13.00 \u2013 17.00<br \/>\n<strong>Circoscrizione<\/strong>: il Land Baden-W\u00fcrttemberg, escluso il distretto governativo di Friburgo in Brisgovia<\/p>\n<p><span id=\"wolfsburg\"><a id=\"Wolfsburg\" name=\"Wolfsburg\"><\/a><strong>Agenzia Consolare WOLFSBURG<\/strong><\/span><br \/>\nAgente Consolare: Fabio DORIGATO<br \/>\nGoethestra\u00dfe 52<br \/>\n38440 Wolfsburg<br \/>\nTel.: +49 (0)5361 60094-0<br \/>\nFax: +49 (0)5361 60094-20<br \/>\nE-mail:\u00a0<a href=\"mailto:info.wolfsburg@esteri.it\">info.wolfsburg@esteri.it<\/a><br \/>\nSito web: <a href=\"https:\/\/ambberlino.esteri.it\/it\/servizi-consolari-e-visti\/\" target=\"_blank\" rel=\"noopener\">https:\/\/<\/a><a href=\"https:\/\/conswolfsburg.esteri.it\/\" target=\"_blank\" rel=\"noopener\">conswolfsburg.esteri.it<\/a><\/p>\n<p>Orario di apertura:<br \/>\nLuned\u00ec \u2013 venerd\u00ec: ore 09.00 \u2013 12.00<br \/>\nMarted\u00ec e gioved\u00ec: ore 15.00 \u2013 17.00<br \/>\n<strong>Circoscrizione<\/strong>: la citt\u00e0 di Wolfsburg e i distretti governativi di Gifhorn e Helmstedt nel Land Bassa Sassonia<\/p>\n","protected":false},"excerpt":{"rendered":"Elenco delle sedi della nostra rete consolare con relative informazioni: https:\/\/ambberlino.esteri.it\/it\/chi-siamo\/la-rete-consolare\/ BERLINO, Cancelleria Consolare presso l&#8217;Ambasciata d&#8217;Italia AMBURGO, Consolato Onorario d&#8217;Italia BREMA, Consolato Onorario d\u2019Italia COLONIA, Consolato Generale d\u2019Italia DORTMUND, Consolato d\u2019Italia DRESDA, Consolato Onorario d&#8217;Italia FRANCOFORTE SUL MENO, Consolato Generale d\u2019Italia FRIBURGO, Consolato d\u2019Italia HAMM, Consolato Onorario d&#8217;Italia HANNOVER, Consolato Generale d\u2019Italia KIEL, Consolato [&hellip;]","protected":false},"author":3,"featured_media":0,"parent":12,"menu_order":10,"comment_status":"closed","ping_status":"closed","template":"","meta":{"footnotes":""},"class_list":["post-72","page","type-page","status-publish","hentry"],"_links":{"self":[{"href":"https:\/\/conscolonia.esteri.it\/it\/wp-json\/wp\/v2\/pages\/72","targetHints":{"allow":["GET"]}}],"collection":[{"href":"https:\/\/conscolonia.esteri.it\/it\/wp-json\/wp\/v2\/pages"}],"about":[{"href":"https:\/\/conscolonia.esteri.it\/it\/wp-json\/wp\/v2\/types\/page"}],"author":[{"embeddable":true,"href":"https:\/\/conscolonia.esteri.it\/it\/wp-json\/wp\/v2\/users\/3"}],"replies":[{"embeddable":true,"href":"https:\/\/conscolonia.esteri.it\/it\/wp-json\/wp\/v2\/comments?post=72"}],"version-history":[{"count":2,"href":"https:\/\/conscolonia.esteri.it\/it\/wp-json\/wp\/v2\/pages\/72\/revisions"}],"predecessor-version":[{"id":3841,"href":"https:\/\/conscolonia.esteri.it\/it\/wp-json\/wp\/v2\/pages\/72\/revisions\/3841"}],"up":[{"embeddable":true,"href":"https:\/\/conscolonia.esteri.it\/it\/wp-json\/wp\/v2\/pages\/12"}],"wp:attachment":[{"href":"https:\/\/conscolonia.esteri.it\/it\/wp-json\/wp\/v2\/media?parent=72"}],"curies":[{"name":"wp","href":"https:\/\/api.w.org\/{rel}","templated":true}]}}