{"id":68,"date":"2023-02-02T18:51:02","date_gmt":"2023-02-02T17:51:02","guid":{"rendered":"https:\/\/conscolonia.esteri.it\/?page_id=68"},"modified":"2023-10-20T12:06:47","modified_gmt":"2023-10-20T10:06:47","slug":"numeri-di-emergenza","status":"publish","type":"page","link":"https:\/\/conscolonia.esteri.it\/it\/chi-siamo\/numeri-di-emergenza\/","title":{"rendered":"Numeri di emergenza"},"content":{"rendered":"<p><strong>CONSOLATO GENERALE D&#8217;ITALIA A COLONIA<\/strong><br \/>\n<a href=\"mailto:info.colonia@esteri.it\">info.colonia@esteri.it<\/a><\/p>\n<p><strong>Telefonare in casi di emergenza<\/strong><\/p>\n<p>Soltanto in caso di grave emergenza si pu\u00f2 telefonare al numero di telefono:<\/p>\n<p><strong>0049-171 \/ 954 5 516<\/strong> <strong>(lun.-ven. dalle ore 17:00 alle ore 22:00, sab. e dom. dalle ore 08:00 alle ore 22:00)<\/strong><\/p>\n<p>In qualsiasi altro caso d&#8217;emergenza si pu\u00f2 contattare gratuitamente &#8211;<strong> 24 ore su 24<\/strong> &#8211; i servizi di Pronto Intervento in qualunque Paese dell&#8217;Unione Europea, componendo il <strong>numero unico d&#8217;emergenza 112<\/strong> da qualsiasi telefono fisso o mobile. Si sottolinea che tale numero (112) \u00e8 da considerarsi ben pi\u00f9 adatto a segnalare emergenze gravi, poich\u00e8 direttamente connesso alle strutture di pubblica sicurezza e soccorso in Germania, fermo restando le competenze consolari in materia.<\/p>\n<p><strong>Telefonare in casi di estrema emergenza<\/strong><\/p>\n<p>In caso di <strong>ASSOLUTA EMERGENZA<\/strong> <strong>in orari diversi da quelli di apertura degli uffici o di reperibilit\u00e0<\/strong>, \u00e8 possibile contattare i due seguenti numeri del Ministero degli Affari Esteri e della Cooperazione Internazionale:<br \/>\n<strong>&#8211; funzionario di turno del Ministero degli Affari Esteri e della Cooperazione Internazionale: +39 (0)6 \/ 3691 2666<\/strong><br \/>\n<strong>&#8211; Unit\u00e0 di Crisi: +39 (0)6 \/ 36225<\/strong><\/p>\n","protected":false},"excerpt":{"rendered":"CONSOLATO GENERALE D&#8217;ITALIA A COLONIA info.colonia@esteri.it Telefonare in casi di emergenza Soltanto in caso di grave emergenza si pu\u00f2 telefonare al numero di telefono: 0049-171 \/ 954 5 516 (lun.-ven. dalle ore 17:00 alle ore 22:00, sab. e dom. dalle ore 08:00 alle ore 22:00) In qualsiasi altro caso d&#8217;emergenza si pu\u00f2 contattare gratuitamente &#8211; [&hellip;]","protected":false},"author":3,"featured_media":0,"parent":12,"menu_order":8,"comment_status":"closed","ping_status":"closed","template":"","meta":{"footnotes":""},"class_list":["post-68","page","type-page","status-publish","hentry"],"_links":{"self":[{"href":"https:\/\/conscolonia.esteri.it\/it\/wp-json\/wp\/v2\/pages\/68","targetHints":{"allow":["GET"]}}],"collection":[{"href":"https:\/\/conscolonia.esteri.it\/it\/wp-json\/wp\/v2\/pages"}],"about":[{"href":"https:\/\/conscolonia.esteri.it\/it\/wp-json\/wp\/v2\/types\/page"}],"author":[{"embeddable":true,"href":"https:\/\/conscolonia.esteri.it\/it\/wp-json\/wp\/v2\/users\/3"}],"replies":[{"embeddable":true,"href":"https:\/\/conscolonia.esteri.it\/it\/wp-json\/wp\/v2\/comments?post=68"}],"version-history":[{"count":1,"href":"https:\/\/conscolonia.esteri.it\/it\/wp-json\/wp\/v2\/pages\/68\/revisions"}],"predecessor-version":[{"id":3835,"href":"https:\/\/conscolonia.esteri.it\/it\/wp-json\/wp\/v2\/pages\/68\/revisions\/3835"}],"up":[{"embeddable":true,"href":"https:\/\/conscolonia.esteri.it\/it\/wp-json\/wp\/v2\/pages\/12"}],"wp:attachment":[{"href":"https:\/\/conscolonia.esteri.it\/it\/wp-json\/wp\/v2\/media?parent=68"}],"curies":[{"name":"wp","href":"https:\/\/api.w.org\/{rel}","templated":true}]}}