{"id":663,"date":"2023-04-12T11:29:44","date_gmt":"2023-04-12T09:29:44","guid":{"rendered":"https:\/\/conscolonia.esteri.it\/?page_id=663"},"modified":"2026-03-19T11:39:47","modified_gmt":"2026-03-19T10:39:47","slug":"carta-didentita-cie","status":"publish","type":"page","link":"https:\/\/conscolonia.esteri.it\/it\/servizi-consolari-e-visti\/servizi-per-il-cittadino-italiano\/passaporti-e-carte-didentita\/carta-didentita-cie\/","title":{"rendered":"DOCUMENTI DI VIAGGIO &#8211; Carta d&#8217;identit\u00e0 elettronica (CIE)"},"content":{"rendered":"<p><img loading=\"lazy\" decoding=\"async\" class=\"\" src=\"https:\/\/conscolonia.esteri.it\/wp-content\/uploads\/2023\/05\/CIE.jpg\" width=\"243\" height=\"158\" \/><\/p>\n<p><strong>UFFICIO PASSAPORTI \/ CARTE D&#8217;IDENTITA&#8217;<br \/>\n<\/strong><\/p>\n<p><strong>Dal 03 agosto 2026 le carte d&#8217;identit\u00e0 cartacee non saranno pi\u00f9 valide<\/strong>.<br \/>\nSi prega quindi di <strong>prenotare un appuntamento per<\/strong> il rilascio della carta d&#8217;identit\u00e0 elettronica<strong> (CIE) tramite il portale: <a href=\"https:\/\/prenotami.esteri.it\/\">Prenot@mi<\/a><\/strong><\/p>\n<p>Contatto Ufficio Passaporti: <a href=\"mailto:passaporti.colonia@esteri.it\">passaporti.colonia@esteri.it<\/a><\/p>\n<p><a href=\"https:\/\/conscolonia.esteri.it\/wp-content\/uploads\/2024\/05\/SINTESI-CIE-COLONIA_-Prenot@mi_31-05-2024_IT.pdf\"><strong>Foglio informativo sintetico<\/strong><\/a><\/p>\n<p>______________________________________________________________________<\/p>\n<p><strong>1) CIE- Che cos&#8217;\u00e8 e come viene rilasciata?<br \/>\n<\/strong>La carta d&#8217;identit\u00e0 \u00e8 un documento personale di riconoscimento valido per identificarsi e circolare nell\u2019Unione Europea, in alcuni Stati aderenti all&#8217;accordo di Schengen (ad es. Islanda, Norvegia e Svizzera) e in altri Stati con cui sono stati raggiunti accordi bilaterali (vedasi le singole \u201cschede Paese\u201d sul sito <a href=\"http:\/\/www.viaggiaresicuri.it\">www.viaggiaresicuri.it<\/a>).<\/p>\n<p><strong>La carta d\u2019identit\u00e0 elettronica (CIE) \u00e8 la nuova carta d\u2019identit\u00e0 in formato tessera;<\/strong> oltre a svolgere le stesse funzioni di quella cartacea, consente di accedere ai servizi online delle Pubbliche Amministrazioni italiane.<\/p>\n<p>Il Consolato Generale d&#8217;Italia a Colonia pu\u00f2 rilasciare la carta d&#8217;identit\u00e0 <strong>esclusivamente ai cittadini italiani regolarmente residenti nella propria circoscrizione consolare<\/strong>, registrati nello schedario consolare e i cui <strong>dati anagrafici siano gi\u00e0 presenti nel registro A.I.R.E.<\/strong> (Anagrafe degli Italiani Residenti all&#8217;Estero) del Ministero dell&#8217;Interno.<\/p>\n<p><strong>Chi non \u00e8 registrato all\u2019A.I.R.E. dovr\u00e0 prima regolarizzare la propria iscrizione anagrafica tramite il portale <a href=\"https:\/\/serviziconsolari.esteri.it\/\">Fast It<\/a><\/strong>\u00a0ed attendere, prima di poter far domanda, di essere inserito in tale registro da parte del Comune italiano competente (per i cittadini non iscritti all\u2019A.I.R.E., la competenza al rilascio della carta d\u2019identit\u00e0 rimane al Comune di residenza).<\/p>\n<p>Ai fini della registrazione nella banca dati A.I.R.E. \u00e8 indispensabile, per i cittadini italiani nati all\u2019estero, che l\u2019atto di nascita risulti gi\u00e0 trascritto nei registri di Stato Civile del Comune di riferimento.<\/p>\n<p><strong>Nel caso si sia cambiato indirizzo di residenza<\/strong> (rispetto a quello comunicato all\u2019Ufficio consolare), <strong>\u00e8 necessario chiedere la variazione di indirizzo tramite il portale <a href=\"https:\/\/serviziconsolarionline.esteri.it\/ScoFE\/index.sco\">Fast It<\/a>.<\/strong> Sullo stesso portale \u00e8 possibile verificare l&#8217;indirizzo inserito nello schedario consolare. ATTENZIONE! Trattandosi di due portali diversi, gli utenti gi\u00e0 registrati su Prenot@mi NON sono automaticamente registrati su Fast It!<\/p>\n<p><strong>2) CIE &#8211; Come si richiede?<\/strong><\/p>\n<p>A partire dal 15 settembre 2020 si pu\u00f2 fare richiesta di un appuntamento per il rilascio della carta d\u2019identit\u00e0 elettronica utilizzando <strong>esclusivamente<\/strong> la piattaforma <strong><a href=\"https:\/\/prenotami.esteri.it\/\">Prenot@Mi<\/a><\/strong><\/p>\n<p style=\"padding-left: 40px;\"><strong>a)<\/strong><strong> Per utente gi\u00e0 registrato<\/strong><br \/>\nSe Lei \u00e8 un utente gi\u00e0 registrato sulla piattaforma <strong><a href=\"https:\/\/prenotami.esteri.it\/\">Prenot@Mi<\/a><\/strong>, dovr\u00e0 cliccare sulla casella &#8220;login utente gi\u00e0 registrato&#8221; ed <strong>immettere le sue credenziali<\/strong>:<\/p>\n<ul>\n<li style=\"list-style-type: none;\">\n<ul>\n<li><strong>Username: il suo indirizzo email<\/strong><\/li>\n<li><strong>Password: quella che ha indicato all&#8217;atto della registrazione<\/strong><\/li>\n<\/ul>\n<\/li>\n<\/ul>\n<p style=\"padding-left: 40px;\">Acceder\u00e0 cos\u00ec alla pagina dei servizi attivati, selezioner\u00e0 il servizio Carta di Identit\u00e0 e compiler\u00e0 la pagina<strong> inserendo i dati della persona che deve ottenere la carta (il cosiddetto \u201crichiedente\u201d)<\/strong>. Pertanto, se l\u2019appuntamento \u00e8 per rinnovare la carta di un bambino, anche se colui che materialmente prenota l\u2019appuntamento \u00e8 il genitore, nei dati dell\u2019appuntamento bisogner\u00e0 indicare i dati del bambino.<br \/>\nLei acceder\u00e0 poi al calendario degli appuntamenti e potr\u00e0 selezionare una data a lei utile.<br \/>\nAttenzione: se l\u2019utente \u00e8 gi\u00e0 registrato, ma presso un altro Consolato, prima di procedere con la richiesta di appuntamento dovr\u00e0 effettuare il cambio sede, selezionando<strong> l\u2019apposito comando \u201ccambia sede\u201d<\/strong> presente sulla prima pagina a sinistra, una volta fatto accesso col proprio account.<\/p>\n<p style=\"padding-left: 40px;\"><strong>b)<\/strong> <strong>Per un nuovo utente<\/strong><br \/>\nSe Lei \u00e8 un nuovo utente dovr\u00e0 prima procedere alla registrazione sul portale, <strong>cliccando su \u201cRegistrazione nuovo utente\u201d<\/strong>. Una volta completata la registrazione, dovr\u00e0 rientrare sul sistema di prenotazione e, inserendo le sue credenziali, potr\u00e0 accedere alla pagina dei servizi offerti e procedere come sopra indicato.<\/p>\n<p style=\"padding-left: 40px;\"><strong>Dal momento della richiesta alla data dell\u2019appuntamento trascorrono almeno quindici giorni<\/strong>, necessari per consentire all\u2019ufficio consolare di effettuare il controllo dei dati anagrafici, risolvere eventuali disallineamenti tra i dati presenti nello schedario consolare e quelli presenti nello schedario del Comune italiano, e verificare che non sussistano cause ostative al rilascio del documento.<\/p>\n<p style=\"padding-left: 40px;\"><strong>ATTENZIONE: <\/strong>Nel caso in cui, a seguito delle verifiche, emergessero elementi che impedissero (temporaneamente o meno) il rilascio della CIE, il connazionale sar\u00e0 contattato dalla Sede consolare per la cancellazione dell\u2019appuntamento.<\/p>\n<p style=\"padding-left: 40px;\"><strong>c) Per un\u2019altra persona<\/strong><\/p>\n<p style=\"padding-left: 40px;\">Si pu\u00f2 anche chiedere un appuntamento per un\u2019altra persona. Tuttavia, al fine di consentire le necessarie verifiche, \u00e8 necessario che al momento della richiesta dell\u2019appuntamento<strong> siano forniti i dati di tutte le persone che devono ottenere la CIE <\/strong>(richiedenti).<br \/>\n<strong>Se si presenteranno allo sportello persone i cui dati non erano stati inseriti nel sistema al momento della prenotazione dell\u2019appuntamento, non sar\u00e0 possibile procedere con la richiesta di CIE.<\/strong><\/p>\n<p style=\"padding-left: 40px;\">Nel caso di figli minori il genitore pu\u00f2, dal proprio account, far domanda di appuntamento per il figlio. In tal caso nella scheda da compilare per l\u2019appuntamento dovr\u00e0 rispondere alla prima domanda \u201cL\u2019appuntamento \u00e8 per\u201d indicando \u201cmio figlio\u201d e poi inserire i dati del bambino e non del genitore che sta compilando il formulario.<\/p>\n<p style=\"padding-left: 40px;\">Allo stesso modo, se si intende prenotare un appuntamento per un altro familiare, si potr\u00e0 accedere col proprio account, selezionare nel campo \u201cL\u2019appuntamento \u00e8 per\u201d \u201cun altro familiare\u201d e quindi procedere con l\u2019inserimento di tutti i dati relativi al familiare stesso (che sar\u00e0 appunto il richiedente).<\/p>\n<p style=\"padding-left: 40px;\">Il sistema permette anche di prenotare un appuntamento multiplo, ossia nella stessa data per s\u00e9 stesso ed altri. In tal caso il formulario da compilare preveder\u00e0 pi\u00f9 parti (\u00e8 necessario scorrere la schermata in basso) e richieder\u00e0 di riempire una scheda dati per ogni persona che desidera un appuntamento nella stessa data, cio\u00e8 per il primo richiedente e poi per ciascun altro richiedente.<\/p>\n<p><strong>3) CIE &#8211; Qual \u00e8 la documentazione da portare con s\u00e9 il giorno dell&#8217;appuntamento?<\/strong><\/p>\n<p>Il giorno dell\u2019appuntamento, il richiedente deve presentarsi munito di:<\/p>\n<ul>\n<li><strong>carta d\u2019identit\u00e0 precedente<\/strong> (se non si possiede, altro documento di riconoscimento; se non si possiede altro documento di riconoscimento, due testimoni); se la CIE \u00e8 richiesta per un minorenne, \u00e8 necessario che anche il genitore che accompagna presenti un documento di riconoscimento.<\/li>\n<li>nel caso in cui il richiedente non sia pi\u00f9 in possesso del precedente documento in seguito a <strong>furto o smarrimento<\/strong>, \u00e8 necessario presentare al momento dell\u2019appuntamento il <strong>formulario di dichiarazione di furto o smarrimento, <\/strong>unitamente alla<strong> denuncia <\/strong>effettuata presso le autorit\u00e0 tedesche (Polizia o Ufficio oggetti smarriti del Comune), che pu\u00f2 essere fatta anche online tramite la voce <a href=\"https:\/\/service.polizei.nrw.de\/hinweis\">\u201cInternetwache&#8221;<\/a>; ciascun Land ha il suo sito; arriva la ricevuta qualche giorno dopo per posta).<\/li>\n<li>Il pagamento della CIE va effettuato alla cassa automatica, sia in contanti che con bancomat.<br \/>\nIl costo della CIE \u00e8 di:<br \/>\n<strong>\u00a0 \u00a0\u00a0\u00a0&gt;\u00a0\u20ac 21,95 <\/strong>in caso di primo rilascio o rinnovo;<br \/>\n<strong>\u00a0\u00a0\u00a0\u00a0 &gt; \u20ac 27,11 <\/strong>in caso di duplicato<\/li>\n<\/ul>\n<p>Il giorno dell\u2019appuntamento, l\u2019operatore consolare acquisisce la documentazione indicata, effettua il riconoscimento e la verifica della foto ed acquisisce le impronte digitali e la firma (salvo per i minori di anni 12).<\/p>\n<p>Anche i minori di et\u00e0 inferiore ai 12 anni devono essere presenti, perch\u00e9 \u00e8 necessaria la loro identificazione da parte del funzionario dell&#8217;ufficio. I minori devono essere sempre accompagnati da uno dei genitori o comunque dal titolare della responsabilit\u00e0 genitoriale.<\/p>\n<p><strong>4) CIE &#8211; Come si riceve e quanto tempo vale?<\/strong><\/p>\n<p>La CIE \u00e8 emessa dal Ministero dell\u2019Interno e prodotta dall\u2019Istituto Poligrafico e Zecca dello Stato, che la spedisce, a mezzo posta raccomandata, all\u2019indirizzo di residenza (o recapito) dichiarato dal richiedente. Salvo casi particolari, la CIE dovrebbe arrivare per posta<strong> entro 15 giorni <\/strong>dal giorno dell\u2019appuntamento (il connazionale potr\u00e0 seguire la raccomandata autonomamente online, attraverso il codice di tracciamento).<\/p>\n<p>In caso di mancata consegna, scaduto il termine di giacenza presso l\u2019Ufficio Postale, il plico viene restituito al Poligrafico dello Stato a Roma che lo invier\u00e0 al Consolato.<\/p>\n<p>La validit\u00e0 della carta d\u2019identit\u00e0 varia a seconda dell&#8217;et\u00e0 del titolare ed \u00e8 di:<\/p>\n<ul>\n<li>3 anni per i minori di et\u00e0 compresa tra 0 e 3 anni;<\/li>\n<li>5 anni per i minori di et\u00e0 compresa tra 3 anni e il raggiungimento della maggiore et\u00e0 (18 anni);<\/li>\n<li>10 anni dai 18 anni di et\u00e0.<\/li>\n<\/ul>\n<p><strong>5) CIE &#8211; Domande frequenti<\/strong><\/p>\n<p><strong>a) \u00c8 possibile modificare la mia carta d\u2019identit\u00e0?<\/strong><br \/>\nNo. La carta d\u2019identit\u00e0 \u00e8 un documento di identit\u00e0 e non di residenza o di stato civile. Non \u00e8 possibile aggiornare l\u2019indirizzo sulla carta. In caso di modifica dell\u2019indirizzo, il connazionale potr\u00e0 portare con s\u00e9 una copia del certificato di residenza rilasciato dalle autorit\u00e0 tedesche (<em>Anmeldebest\u00e4tigung<\/em> oppure <em>Meldebescheinigung<\/em>).<\/p>\n<p><strong>b) \u00c8 possibile per le donne sposate inserire il cognome del marito?<br \/>\n<\/strong>No, purtroppo non \u00e8 possibile.<\/p>\n<p>&nbsp;<\/p>\n","protected":false},"excerpt":{"rendered":"UFFICIO PASSAPORTI \/ CARTE D&#8217;IDENTITA&#8217; Dal 03 agosto 2026 le carte d&#8217;identit\u00e0 cartacee non saranno pi\u00f9 valide. Si prega quindi di prenotare un appuntamento per il rilascio della carta d&#8217;identit\u00e0 elettronica (CIE) tramite il portale: Prenot@mi Contatto Ufficio Passaporti: passaporti.colonia@esteri.it Foglio informativo sintetico ______________________________________________________________________ 1) CIE- Che cos&#8217;\u00e8 e come viene rilasciata? La carta d&#8217;identit\u00e0 [&hellip;]","protected":false},"author":5,"featured_media":0,"parent":257,"menu_order":2,"comment_status":"closed","ping_status":"closed","template":"","meta":{"footnotes":""},"class_list":["post-663","page","type-page","status-publish","hentry"],"_links":{"self":[{"href":"https:\/\/conscolonia.esteri.it\/it\/wp-json\/wp\/v2\/pages\/663","targetHints":{"allow":["GET"]}}],"collection":[{"href":"https:\/\/conscolonia.esteri.it\/it\/wp-json\/wp\/v2\/pages"}],"about":[{"href":"https:\/\/conscolonia.esteri.it\/it\/wp-json\/wp\/v2\/types\/page"}],"author":[{"embeddable":true,"href":"https:\/\/conscolonia.esteri.it\/it\/wp-json\/wp\/v2\/users\/5"}],"replies":[{"embeddable":true,"href":"https:\/\/conscolonia.esteri.it\/it\/wp-json\/wp\/v2\/comments?post=663"}],"version-history":[{"count":6,"href":"https:\/\/conscolonia.esteri.it\/it\/wp-json\/wp\/v2\/pages\/663\/revisions"}],"predecessor-version":[{"id":11972,"href":"https:\/\/conscolonia.esteri.it\/it\/wp-json\/wp\/v2\/pages\/663\/revisions\/11972"}],"up":[{"embeddable":true,"href":"https:\/\/conscolonia.esteri.it\/it\/wp-json\/wp\/v2\/pages\/257"}],"wp:attachment":[{"href":"https:\/\/conscolonia.esteri.it\/it\/wp-json\/wp\/v2\/media?parent=663"}],"curies":[{"name":"wp","href":"https:\/\/api.w.org\/{rel}","templated":true}]}}