{"id":479,"date":"2023-02-14T15:16:48","date_gmt":"2023-02-14T14:16:48","guid":{"rendered":"https:\/\/conscolonia.esteri.it\/?page_id=479"},"modified":"2026-01-16T15:16:04","modified_gmt":"2026-01-16T14:16:04","slug":"riacquisto-della-cittadinanza-italiana-per-residenza","status":"publish","type":"page","link":"https:\/\/conscolonia.esteri.it\/it\/servizi-consolari-e-visti\/servizi-per-il-cittadino-straniero\/cittadinanza\/riacquisto-della-cittadinanza-italiana-per-residenza\/","title":{"rendered":"CITTADINANZA &#8211; Riacquisto della cittadinanza italiana per residenza in Italia"},"content":{"rendered":"<p><a href=\"https:\/\/portaleservizi.dlci.interno.it\/AliCittadinanza\/ali\/home.htm\"><img loading=\"lazy\" decoding=\"async\" class=\"size-full wp-image-2665 img-fluid alignleft\" src=\"https:\/\/conscolonia.esteri.it\/wp-content\/uploads\/2023\/08\/csm_def_k28__eb1f98c858-1.jpg\" alt=\"\" width=\"300\" height=\"186\" \/><\/a><\/p>\n<p style=\"text-align: justify;\">A partire dal 16 agosto 1992 (data di entrata in vigore della legge n. 91\/92) l\u2019acquisto di una cittadinanza straniera non determina pi\u00f9 la perdita della cittadinanza italiana, a meno che il cittadino italiano non vi rinunci formalmente (art. 11 legge n. 91\/92), e salvo disposizioni di accordi internazionali &#8211; in Germania ad esempio la Convenzione sulla riduzione dei casi di cittadinanza plurima e sugli obblighi militari in caso di cittadinanza plurima firmata a Strasburgo il 6 maggio 1963 \u00e8 rimasta in vigore fino al 22 dicembre 2002.<\/p>\n<p style=\"text-align: justify;\">\n<p style=\"text-align: justify;\">Coloro che hanno perso la cittadinanza italiana possono riacquistarla:<\/p>\n<ol style=\"text-align: justify;\">\n<li>se dichiarano di volerla riacquistare (secondo le modalit\u00e0 sotto indicate) e hanno stabilito o stabiliscono, entro un anno dalla dichiarazione, la residenza in Italia (art. 13, co 1 lett. c della Legge 5 febbraio 1992, n. 91);<\/li>\n<li>dopo un anno dalla data in cui abbiano stabilito la residenza in Italia, salvo espressa rinuncia entro lo stesso termine (art. 13, co 1 lett. d della Legge 5 febbraio 1992, n. 91).<\/li>\n<\/ol>\n<p style=\"text-align: justify;\"><strong>MODALIT\u00c0 DI PRESENTAZIONE DELLA DOMANDA DI RIACQUISTO (ex art. 13, co. 1) E DOCUMENTAZIONE NECESSARIA<\/strong><\/p>\n<p style=\"text-align: justify;\">Il richiedente dovr\u00e0 fissare un appuntamento con la sezione cittadinanza dell&#8217;Ufficio Polifunzionale di questo Consolato Generale inviando una mail a <a href=\"mailto:colonia.cittadinanza@esteri.it\">colonia.cittadinanza@esteri.it<\/a>.<br \/>\nLa documentazione da presentare per rendere la dichiarazione di volont\u00e0 di riacquisto della cittadinanza italiana per residenza in Italia \u00e8 la seguente:<\/p>\n<ul style=\"text-align: justify;\">\n<li>certificato di residenza tedesco, rilasciato nel formato esteso (<em>Erweiterte Meldebescheinigung<\/em>) dal quale risultino l\u2019attuale indirizzo, i familiari conviventi, la cittadinanza e lo stato civile del richiedente.<\/li>\n<li>estratto dell\u2019atto di nascita rilasciato dal Comune in Italia dove la nascita \u00e8 avvenuta o \u00e8 stata registrata;<\/li>\n<li>passaporto straniero o altro documento di identit\u00e0 in corso di validit\u00e0 (in originale e fotocopia);<\/li>\n<li>se coniugato\/a o divorziato\/a, estratto di matrimonio e sentenza di divorzio se avvenuti all\u2019estero e non registrati in Italia;<\/li>\n<li>la causa della perdita della cittadinanza (mediante documentazione atta a dimostrare l\u2019acquisto della cittadinanza straniera e, nei casi previsti, la rinuncia a quella italiana: certificato di naturalizzazione (in Germania la <em>Einb\u00fcrgerungsurkunde<\/em>) oppure, se previsto dalla prassi locale, certificato di nascita corredato della certificazione di cittadinanza e del titolo al quale essa \u00e8 acquisita; la documentazione emessa da Autorit\u00e0 straniere dovr\u00e0 essere prodotta in originale o in copia autenticata e opportunamente legalizzata e tradotta);<\/li>\n<li>eventuale copia del precedente passaporto italiano;<\/li>\n<li>pagare il <strong>diritto consolare<\/strong> pari ad <strong>euro 250,00<\/strong> di cui al nuovo articolo 7-ter della tabella allegata al decreto legislativo n. 71\/2011. La tariffa pu\u00f2 essere corrisposta con bonifico bancario sul c\/c di questo Consolato Generale<\/li>\n<\/ul>\n<p style=\"padding-left: 40px;\">IBAN: DE 36 3707 0024 0232 9662 00<br \/>\nIntestatario: Italienisches Generalkonsulat K\u00f6ln<br \/>\nCausale: <em>Nome Cognome<\/em>\/ dichiarazione riacquisto cittadinanza<\/p>\n<p style=\"padding-left: 40px;\">oppure direttamente in Consolato il giorno dell\u2019appuntamento. Il sistema accetta esclusivamente contanti o bancomat (<em>EC-Karte<\/em>).<\/p>\n<p>&nbsp;<\/p>\n<p style=\"text-align: justify;\">A seguito della presentazione della documentazione sopra indicata, l\u2019interessato potr\u00e0 rendere presso questo Consolato Generale una dichiarazione di volont\u00e0 di riacquisto della cittadinanza italiana per trasferimento della residenza in Italia entro un anno dalla dichiarazione.<\/p>\n<p style=\"text-align: justify;\">Il mancato trasferimento della residenza in Italia entro un anno dalla dichiarazione comporta l\u2019inefficacia della dichiarazione resa in Consolato.<\/p>\n<p style=\"text-align: justify;\">\u00c8 onere dell\u2019interessato verificare con le autorit\u00e0 in Italia i requisiti per il regolare soggiorno sul territorio italiano e per l\u2019iscrizione all\u2019anagrafe della popolazione residente.<\/p>\n<p style=\"text-align: justify;\">\n","protected":false},"excerpt":{"rendered":"A partire dal 16 agosto 1992 (data di entrata in vigore della legge n. 91\/92) l\u2019acquisto di una cittadinanza straniera non determina pi\u00f9 la perdita della cittadinanza italiana, a meno che il cittadino italiano non vi rinunci formalmente (art. 11 legge n. 91\/92), e salvo disposizioni di accordi internazionali &#8211; in Germania ad esempio la [&hellip;]","protected":false},"author":5,"featured_media":0,"parent":272,"menu_order":6,"comment_status":"closed","ping_status":"closed","template":"","meta":{"footnotes":""},"class_list":["post-479","page","type-page","status-publish","hentry"],"_links":{"self":[{"href":"https:\/\/conscolonia.esteri.it\/it\/wp-json\/wp\/v2\/pages\/479","targetHints":{"allow":["GET"]}}],"collection":[{"href":"https:\/\/conscolonia.esteri.it\/it\/wp-json\/wp\/v2\/pages"}],"about":[{"href":"https:\/\/conscolonia.esteri.it\/it\/wp-json\/wp\/v2\/types\/page"}],"author":[{"embeddable":true,"href":"https:\/\/conscolonia.esteri.it\/it\/wp-json\/wp\/v2\/users\/5"}],"replies":[{"embeddable":true,"href":"https:\/\/conscolonia.esteri.it\/it\/wp-json\/wp\/v2\/comments?post=479"}],"version-history":[{"count":7,"href":"https:\/\/conscolonia.esteri.it\/it\/wp-json\/wp\/v2\/pages\/479\/revisions"}],"predecessor-version":[{"id":11476,"href":"https:\/\/conscolonia.esteri.it\/it\/wp-json\/wp\/v2\/pages\/479\/revisions\/11476"}],"up":[{"embeddable":true,"href":"https:\/\/conscolonia.esteri.it\/it\/wp-json\/wp\/v2\/pages\/272"}],"wp:attachment":[{"href":"https:\/\/conscolonia.esteri.it\/it\/wp-json\/wp\/v2\/media?parent=479"}],"curies":[{"name":"wp","href":"https:\/\/api.w.org\/{rel}","templated":true}]}}