{"id":449,"date":"2023-02-13T16:15:46","date_gmt":"2023-02-13T15:15:46","guid":{"rendered":"https:\/\/conscolonia.esteri.it\/?page_id=449"},"modified":"2023-07-31T11:38:03","modified_gmt":"2023-07-31T09:38:03","slug":"istituto-italiano-di-cultura","status":"publish","type":"page","link":"https:\/\/conscolonia.esteri.it\/it\/italia-e-germania\/diplomazia-culturale\/istituto-italiano-di-cultura\/","title":{"rendered":"DIPLOMAZIA CULTURALE &#8211; IIC Colonia: Istituto Italiano di Cultura a Colonia"},"content":{"rendered":"<p><img loading=\"lazy\" decoding=\"async\" class=\" wp-image-1887 img-fluid alignleft\" src=\"https:\/\/conscolonia.esteri.it\/wp-content\/uploads\/2023\/04\/IIC-Colonia.jpg\" alt=\"\" width=\"376\" height=\"287\" srcset=\"https:\/\/conscolonia.esteri.it\/wp-content\/uploads\/2023\/04\/IIC-Colonia.jpg 410w, https:\/\/conscolonia.esteri.it\/wp-content\/uploads\/2023\/04\/IIC-Colonia-300x229.jpg 300w\" sizes=\"auto, (max-width: 376px) 100vw, 376px\" \/><\/p>\n<p>L&#8217;<strong>Istituto Italiano di Cultura di Colonia<\/strong>, inaugurato nel 1954, \u00e8 un ufficio del Ministero degli Affari Esteri il cui scopo \u00e8 la diffusione della lingua e della cultura italiana all&#8217;estero:<br \/>\n<a href=\"https:\/\/iiccolonia.esteri.it\/iic_colonia\/it\/istituto\/chi_siamo\/\">https:\/\/iiccolonia.esteri.it\/iic_colonia\/it\/istituto\/chi_siamo\/<\/a><\/p>\n<p>L&#8217;Istituto offre:<\/p>\n<ul>\n<li><strong>corsi di lingua<\/strong> italiana di vari livelli, anche in modalit\u00e0 on line;<\/li>\n<li><strong>manifestazioni culturali<\/strong>: rassegne cinematografiche, spettacoli teatrali, mostre, concerti, incontri letterari, ma anche conferenze e dibattiti su vari temi scientifici e di attualit\u00e0;<\/li>\n<li>un&#8217;ampia <strong>biblioteca<\/strong> attrezzata di pi\u00f9 di 20.000 volumi e una videoteca di 1500 cassette e DVD.<\/li>\n<\/ul>\n<p>L&#8217;ingresso alle manifestazioni culturali e l&#8217;utilizzo della biblioteca sono &#8211; di regola &#8211; gratuiti.<br \/>\nL&#8217;Istituto offre una moltitudine di manifestazioni culturali: rassegne cinematografiche, spettacoli teatrali, mostre, concerti, incontri letterari, ma anche conferenze e dibattiti su vari temi scientifici e di attualit\u00e0.<br \/>\nL&#8217;Istituto dispone di cinque aule per i corsi d&#8217;italiano, di una sala-teatro con 200 posti, completamente attrezzata per rappresentazioni teatrali, cinematografiche e videoproiezioni, nonch\u00e9 di un vasto foyer e di altri spazi che consentono l&#8217;allestimento di mostre ed esposizioni. L&#8217;organico \u00e8 attualmente di sei persone.<\/p>\n<p><strong>Collaborazioni<\/strong><br \/>\nPer molte manifestazioni l\u2019Istituto si avvale della collaborazione diretta con gli assessorati alla cultura delle varie citt\u00e0 della giurisdizione. Intensa \u00e8 anche la collaborazione con le Universit\u00e0 della regione Nordreno-Vestfalia e con istituzioni culturali di vario tipo: dall\u2019ente radiotelevisivo WDR alla Literaturhaus di Colonia, dai pi\u00f9 importanti musei di Colonia alla Chiesa Trinitatis o a S. Andrea, con le Ass. Italo-tedesche della Regione e con diverse altre istuzioni.<br \/>\nL\u2019Istituto \u00e8 inoltre presente con una sua manifestazione nei principali appuntamenti culturali della citt\u00e0 quali, ad esempio, Passagen (design), Photoscene (fotografia) o LitCologne (letteratura).<\/p>\n<p>Dal novembre 2014 l\u2019Istituto ha allargato la propria area di competenza all&#8217;Assia. In tal senso si \u00e8 stabilito un rapporto di cooperazione anche con le principali istituzioni culturali della citt\u00e0 di Francoforte e del Land, e in particolare con la Fiera Internazionale del Libro, il Museo del Cinema, il Festival Europeo della Musica, la Fiera della Musica, il Festival del Documentario di Kassel. L&#8217;Istituto ha quindi aderito anche al Cluster Eunic di Francoforte e tiene stretti contatti con l&#8217;Accademia italiana della Cucina (Francoforte) e la DIV (Deutsch-italienische Vereinigung) di Francoforte.<\/p>\n<p class=\"AlignCenter\"><strong>Da sessant&#8217;anni un angolo d&#8217;Italia a Colonia! <\/strong><\/p>\n","protected":false},"excerpt":{"rendered":"L&#8217;Istituto Italiano di Cultura di Colonia, inaugurato nel 1954, \u00e8 un ufficio del Ministero degli Affari Esteri il cui scopo \u00e8 la diffusione della lingua e della cultura italiana all&#8217;estero: https:\/\/iiccolonia.esteri.it\/iic_colonia\/it\/istituto\/chi_siamo\/ L&#8217;Istituto offre: corsi di lingua italiana di vari livelli, anche in modalit\u00e0 on line; manifestazioni culturali: rassegne cinematografiche, spettacoli teatrali, mostre, concerti, incontri letterari, [&hellip;]","protected":false},"author":5,"featured_media":0,"parent":75,"menu_order":1,"comment_status":"closed","ping_status":"closed","template":"","meta":{"footnotes":""},"class_list":["post-449","page","type-page","status-publish","hentry"],"_links":{"self":[{"href":"https:\/\/conscolonia.esteri.it\/it\/wp-json\/wp\/v2\/pages\/449","targetHints":{"allow":["GET"]}}],"collection":[{"href":"https:\/\/conscolonia.esteri.it\/it\/wp-json\/wp\/v2\/pages"}],"about":[{"href":"https:\/\/conscolonia.esteri.it\/it\/wp-json\/wp\/v2\/types\/page"}],"author":[{"embeddable":true,"href":"https:\/\/conscolonia.esteri.it\/it\/wp-json\/wp\/v2\/users\/5"}],"replies":[{"embeddable":true,"href":"https:\/\/conscolonia.esteri.it\/it\/wp-json\/wp\/v2\/comments?post=449"}],"version-history":[{"count":0,"href":"https:\/\/conscolonia.esteri.it\/it\/wp-json\/wp\/v2\/pages\/449\/revisions"}],"up":[{"embeddable":true,"href":"https:\/\/conscolonia.esteri.it\/it\/wp-json\/wp\/v2\/pages\/75"}],"wp:attachment":[{"href":"https:\/\/conscolonia.esteri.it\/it\/wp-json\/wp\/v2\/media?parent=449"}],"curies":[{"name":"wp","href":"https:\/\/api.w.org\/{rel}","templated":true}]}}