{"id":3542,"date":"2023-08-31T14:39:00","date_gmt":"2023-08-31T12:39:00","guid":{"rendered":"https:\/\/conscolonia.esteri.it\/?page_id=3542"},"modified":"2023-09-06T12:56:43","modified_gmt":"2023-09-06T10:56:43","slug":"ufficio-stampa-media-tedeschi-nel-nordreno-vestfalia","status":"publish","type":"page","link":"https:\/\/conscolonia.esteri.it\/it\/news\/dal_consolato\/ufficio-stampa-media-italiani-e-tedeschi-nel-nordreno-vestfalia\/ufficio-stampa-media-tedeschi-nel-nordreno-vestfalia\/","title":{"rendered":"STAMPA &#8211; Media tedeschi print nel Nordreno-Vestfalia"},"content":{"rendered":"<p><img loading=\"lazy\" decoding=\"async\" class=\"alignleft wp-image-3488 img-fluid\" src=\"https:\/\/conscolonia.esteri.it\/wp-content\/uploads\/2023\/08\/Media-300x170.jpg\" alt=\"\" width=\"171\" height=\"97\" srcset=\"https:\/\/conscolonia.esteri.it\/wp-content\/uploads\/2023\/08\/Media-300x170.jpg 300w, https:\/\/conscolonia.esteri.it\/wp-content\/uploads\/2023\/08\/Media.jpg 676w\" sizes=\"auto, (max-width: 171px) 100vw, 171px\" \/><\/p>\n<p>&nbsp;<\/p>\n<p>&nbsp;<\/p>\n<p>&nbsp;<\/p>\n<p><strong>UFFICIO STAMPA<\/strong><br \/>\n<a href=\"mailto:stampa.colonia@esteri.it\">stampa.colonia@esteri.it<\/a><\/p>\n<p><strong>1) Handelsblatt<br \/>\n<\/strong>L&#8217;Handelsblatt, con sede a D\u00fcsseldorf, \u00e8 l\u2019unico quotidiano del Nordreno-Vestfalia a copertura nazionale e viene pubblicato dalla D\u00fcsseldorfer Handelsblatt Media Group che fa parte della DvH Medien GmbH. L&#8217;Handelsblatt \u00e8 il pi\u00f9 grande quotidiano economico-finanziario in lingua tedesca e la lettura obbligatoria della borse a Francoforte sul Meno e D\u00fcsseldorf. Nel 2017 ha vinto l&#8217;European Newspaper Award come &#8220;il migliore giornale d&#8217;Europa&#8221;. Nel 2020 \u00e8 stato il giornale economico-finanziario pi\u00f9 citato della Germania.<\/p>\n<p>Editore: Dieter von Holtzbrinck.<br \/>\nCaporedattore: Sebastian Matthes.<br \/>\nTiratura: 127.800 (1. Quartal 2023)<br \/>\n<a href=\"http:\/\/www.handelsblatt.com\/impressum\">Contatti<\/a><\/p>\n<p><strong>2) Rheinische Post (RP)<br \/>\n<\/strong>La Rheinische Post, con sede a D\u00fcsseldorf, \u00e8 un quotidiano regionale. Fa parte del gruppo Rheinische Post Mediegruppe \u00e8 viene pubblicato nella zona Niederrhein e nel Bergisches Land. Nel Rhein-Kreis-Neuss viene pubblicato sotto il nome Neu\u00df-Grevenbroicher Zeitung, a Solingen Solinger Morgenpost, in grandi parti del Bergisches Land come Bergische Morgenpost. L&#8217; agenzia pressrelations ha nominato la Rheinische Post il giornale regionale pi\u00f9 citato della Germania.<\/p>\n<p>Editore: Florian Merz-Betz, Martin Ebel, Tilman Droste, Esther Betz<br \/>\nCaporedattore: Moritz D\u00f6bler<br \/>\nTiratura: 219.622<br \/>\n<a href=\"http:\/\/www.rp-online.de\/info\/kontakt\">Contatti<\/a><\/p>\n<p><strong>3) K\u00f6lner Stadt Anzeiger e K\u00f6lnische Rundschau<\/strong><br \/>\nIl K\u00f6lner Stadt-Anzeiger (KStA) \u00e8 il quotidiano con la tiratura pi\u00f9 alta nella zona a Colonia (6 edizioni locali). Il giornale fa parte del gruppo DuMont Mediengruppe. Il giornale K\u00f6lnische Rundschau, per decenni il pi\u00f9 grande concorrente, \u00e8 stato acquistato nel 1999 dal K\u00f6lner Stadt-Anzeiger, ma \u00e8 rimasto autonomo con una propria redazione ed un proprio editore, Helmut Heinen.<\/p>\n<p>Editori: Isabella Neven Dumont und Christian Dumont Sch\u00fctte<br \/>\nCaporedattore: Carsten Fiedler (bis Herbst 2023)<br \/>\nTiratura: 173.731<br \/>\n<a href=\"http:\/\/www.ksta.de\/impressum\/impressum-110975\">Contatti<\/a><\/p>\n<p><strong>4) Bonner General-Anzeiger<br \/>\n<\/strong>Con sede a Bonn e tiratura di 65.000\u00a0 copie (2017). La redazione viene diretta da Helge Matthiese.<br \/>\nIl Bonner General Anzeiger, con sede a Bonn, \u00e8 un quotidiano regionale. Viene pubblicato a Bonn, nel Rhein-Sieg-Kreis, nel distretto Ahrweiler e nel Nord del distretto Neuwied. Il Bonner General-Anzeiger fa parte del gruppo Rheinische Post Mediengruppe dal 1\u00b0 giugno 2018.<\/p>\n<p>Editore: Kersten K\u00f6hler<br \/>\nCaporedattore: Florian Ludwig<br \/>\nTirature: 51.772<br \/>\n<a href=\"http:\/\/www.verlag.ga.de\/kontakt\">Contatti<\/a><\/p>\n<p><strong>5) Westdeutsche Allgemeine Zeitung (WAZ)<br \/>\n<\/strong>La Westdeutsche Allgemeine Zeitung (WAZ), con sede ad Essen, \u00e8 il pi\u00f9 grande quotidiano regionale (16 edizioni locali nella zona Ruhr). \u00c8 stato fondato nel 1948\u00a0 e viene pubblicato dalla casa editrice Ruhrgebiet GmbH &amp; Co. Essen KG.<\/p>\n<p>Editore: Funke Mediengruppe<br \/>\nCaporedattore: Andreas Tyrock<br \/>\nTiratura: 275.590<br \/>\n<a href=\"http:\/\/www.waz.de\/waz-info\/waz-impressum-kontakt-id2163919.html\">Contatti<\/a><\/p>\n<p><strong>6) Westdeutsche Zeitung (WZ)<\/strong><br \/>\nLa Westdeutsche Zeitung (WZ), con sede a Wuppertal, \u00e8 un quotidiano regionale ad abbonamento (con edizioni locali a D\u00fcsseldorf e Krefeld). Il giornale viene pubblicato dalla casa editrice Westdeutsche Zeitung GmbH &amp; Co. KG dal 1887.<\/p>\n<p>Editore: Oliver Moll<br \/>\nCaporedattore: Lothar Leuschen<br \/>\nTiratura: 43.345<br \/>\n<a href=\"http:\/\/www.waz.de\/waz-info\/waz-impressum-kontakt-id2163919.html\">Contatti<\/a><\/p>\n<p><strong>7) Neue Rhein-Ruhr-Zeitung (NRZ)<br \/>\n<\/strong>La Neue Ruhr Zeitung NRZ, con sede ad Essen, \u00e8 un quotidiano locale (13 redazioni locali). Viene pubblicata nell&#8217;Ovest della zona Ruhr, ma ha anche redazioni locali a Duisburg, M\u00fclheim an der Ruhr ed Oberhausen.<\/p>\n<p>Editore: Heinrich Meyer<br \/>\nCaporedattore: Manfred Lachniet<br \/>\nTiratura: 96.912<br \/>\n<a href=\"http:\/\/www.nrz.de\/nrz-info\/nrz-impressum-kontakt-id2164741.html\">Contatti<\/a><\/p>\n","protected":false},"excerpt":{"rendered":"&nbsp; &nbsp; &nbsp; UFFICIO STAMPA stampa.colonia@esteri.it 1) Handelsblatt L&#8217;Handelsblatt, con sede a D\u00fcsseldorf, \u00e8 l\u2019unico quotidiano del Nordreno-Vestfalia a copertura nazionale e viene pubblicato dalla D\u00fcsseldorfer Handelsblatt Media Group che fa parte della DvH Medien GmbH. L&#8217;Handelsblatt \u00e8 il pi\u00f9 grande quotidiano economico-finanziario in lingua tedesca e la lettura obbligatoria della borse a Francoforte sul [&hellip;]","protected":false},"author":5,"featured_media":0,"parent":3481,"menu_order":2,"comment_status":"closed","ping_status":"closed","template":"","meta":{"footnotes":""},"class_list":["post-3542","page","type-page","status-publish","hentry"],"_links":{"self":[{"href":"https:\/\/conscolonia.esteri.it\/it\/wp-json\/wp\/v2\/pages\/3542","targetHints":{"allow":["GET"]}}],"collection":[{"href":"https:\/\/conscolonia.esteri.it\/it\/wp-json\/wp\/v2\/pages"}],"about":[{"href":"https:\/\/conscolonia.esteri.it\/it\/wp-json\/wp\/v2\/types\/page"}],"author":[{"embeddable":true,"href":"https:\/\/conscolonia.esteri.it\/it\/wp-json\/wp\/v2\/users\/5"}],"replies":[{"embeddable":true,"href":"https:\/\/conscolonia.esteri.it\/it\/wp-json\/wp\/v2\/comments?post=3542"}],"version-history":[{"count":0,"href":"https:\/\/conscolonia.esteri.it\/it\/wp-json\/wp\/v2\/pages\/3542\/revisions"}],"up":[{"embeddable":true,"href":"https:\/\/conscolonia.esteri.it\/it\/wp-json\/wp\/v2\/pages\/3481"}],"wp:attachment":[{"href":"https:\/\/conscolonia.esteri.it\/it\/wp-json\/wp\/v2\/media?parent=3542"}],"curies":[{"name":"wp","href":"https:\/\/api.w.org\/{rel}","templated":true}]}}