{"id":2066,"date":"2023-05-12T14:52:15","date_gmt":"2023-05-12T12:52:15","guid":{"rendered":"https:\/\/conscolonia.esteri.it\/?page_id=2066"},"modified":"2025-05-12T14:19:41","modified_gmt":"2025-05-12T12:19:41","slug":"studi-scuole-bilingue-nella-circoscrizione-del-consolato-generale-ditalia-a-colonia","status":"publish","type":"page","link":"https:\/\/conscolonia.esteri.it\/it\/servizi-consolari-e-visti\/servizi-per-il-cittadino-italiano\/studi\/studi-sistema-scolastico-nel-nordreno-vestfalia\/studi-scuole-bilingue-nella-circoscrizione-del-consolato-generale-ditalia-a-colonia\/","title":{"rendered":"SCUOLE  E STUDI &#8211; Asili nidi, scuole bilingue, corsi di sostegno e corsi di lingua nella circoscrizione del Consolato Generale d&#8217;Italia a Colonia"},"content":{"rendered":"<p style=\"text-align: justify;\"><img loading=\"lazy\" decoding=\"async\" class=\"size-medium wp-image-3372 img-fluid\" src=\"https:\/\/conscolonia.esteri.it\/wp-content\/uploads\/2023\/08\/Scuola-1-300x177.jpg\" alt=\"\" width=\"300\" height=\"177\" srcset=\"https:\/\/conscolonia.esteri.it\/wp-content\/uploads\/2023\/08\/Scuola-1-300x177.jpg 300w, https:\/\/conscolonia.esteri.it\/wp-content\/uploads\/2023\/08\/Scuola-1-768x453.jpg 768w, https:\/\/conscolonia.esteri.it\/wp-content\/uploads\/2023\/08\/Scuola-1.jpg 865w\" sizes=\"auto, (max-width: 300px) 100vw, 300px\" \/><\/p>\n<p style=\"text-align: justify;\"><strong>UFFICIO SCUOLA<\/strong><br \/>\n<a href=\"mailto:scuola.colonia@esteri.it\">scuola.colonia@esteri.it<\/a><\/p>\n<p style=\"text-align: justify;\">In seguito pubblichiamo asili nido, scuole primarie, scuole secondarie, corsi di sostegno, corsi di lingua nella circoscrizione del Consolato Generale d&#8217;Italia a Colonia:<\/p>\n<p style=\"text-align: justify;\"><strong>A. ASILO NIDO<\/strong><\/p>\n<p style=\"text-align: justify;\"><strong><u>Kindertagesst\u00e4<\/u><\/strong><strong><u>tte <\/u><\/strong><strong><u>\u201cCasa Italia\u201d<br \/>\n<\/u><\/strong>Zweisprachige Kindertagesst\u00e4tte des Caritasverbands<br \/>\nAsilo nido bilingue della Caritas<br \/>\nChristophstra\u00dfe 1<br \/>\n50670 K\u00f6ln<\/p>\n<p style=\"text-align: justify;\">Tel. 0221 246881<br \/>\nFax 0221 8203407<br \/>\n<a href=\"mailto:maria.lamaina@caritas-koeln.de\">maria.lamaina@caritas-koeln.de<\/a><br \/>\n<a href=\"http:\/\/www.katholische-kindergaerten.de\/einrichtung\/index.php?knr=301\">www.katholische-kindergaerten.de\/einrichtung\/index.php?knr=301<\/a><\/p>\n<p style=\"text-align: justify;\"><strong><u>Garten-Kinder \u2013 Deutsch-Italienische Kindertagesst\u00e4tte<br \/>\n<\/u><\/strong>Asilo nido bilingue<br \/>\nGeilenkircher Stra\u00dfe 39<br \/>\n50933 K\u00f6ln<\/p>\n<p style=\"text-align: justify;\">L\u00fctzowstra\u00dfe 7<br \/>\n50674 K\u00f6ln<\/p>\n<p style=\"text-align: justify;\">Tel. 0221 29994214<br \/>\n<a href=\"mailto:garten-kinder@live.de\">garten-kinder@live.de<\/a><br \/>\n<a href=\"http:\/\/www.gartenkinder-koeln.de\/\">www.gartenkinder-koeln.de<\/a><\/p>\n<p style=\"text-align: justify;\"><strong><u>Cheeky Bambini \u2013 Multilinguale Kindertagesst\u00e4tte<\/u><\/strong><strong><u><br \/>\n<\/u><\/strong>Asilo nido multilingue<br \/>\nVogelsanger Stra\u00dfe 193<br \/>\n50825 K\u00f6ln<\/p>\n<p style=\"text-align: justify;\">Tel. 0221 80001028<br \/>\ninfo@cheekybambini.de<br \/>\n<a href=\"http:\/\/www.cheekybambini.de\/\">www.cheekybambini.de<\/a><\/p>\n<p style=\"text-align: justify;\"><strong><u>Zebra-KiTa<\/u><\/strong><strong><br \/>\n<\/strong>Asilo nido bilingue<br \/>\nLipizzanerstra\u00dfe 1<br \/>\n50735 K\u00f6ln<\/p>\n<p style=\"text-align: justify;\">Tel. 0221 76085714<br \/>\n<a href=\"mailto:zebrakita@yahoo.de\">zebrakita@yahoo.de<\/a><br \/>\n<a href=\"http:\/\/www.zebra-kita.de\/\">www.zebra-kita.de<\/a><\/p>\n<p style=\"text-align: justify;\"><strong><u>Kita Zebra Verde<\/u><\/strong><strong><u><br \/>\n<\/u><\/strong>Asilo nido bilingue<br \/>\nAachener Stra\u00dfe 11<br \/>\n50674 K\u00f6ln<\/p>\n<p style=\"text-align: justify;\">Tel. 0221 97132946<br \/>\n<a href=\"mailto:info@zebrakita.de\">info@zebrakita.de<\/a><br \/>\n<a href=\"http:\/\/www.zebra-kita.de\/\">www.zebra-kita.de<\/a><\/p>\n<p style=\"text-align: justify;\"><strong><br \/>\nB. SCUOLE PRIMARIE<\/strong><\/p>\n<p style=\"text-align: justify;\"><strong><u>Katholische Grundschule Vincenz-Statz<br \/>\n<\/u><\/strong>Bilingualer Zweig deutsch-italienisch<br \/>\nScuola primaria cattolica con Sezione bilingue<br \/>\nLindenbornstra\u00dfe 15-19<br \/>\n50823 K\u00f6ln<\/p>\n<p style=\"text-align: justify;\">Tel. 0221 5601320<br \/>\nFax 0221 5601322<u><br \/>\n<\/u><a href=\"mailto:kontakt@kgs-vincenz-statz.de\">kontakt@kgs-vincenz-statz.de<\/a><br \/>\n<a href=\"https:\/\/conscolonia.esteri.it\/consolato_colonia\/kgs-vincenz-statz.de\">kgs-vincenz-statz.de<\/a><\/p>\n<p style=\"text-align: justify;\"><strong><u>Katholische Grundschule Zugweg<\/u><br \/>\n<\/strong>Bilingualer Zweig deutsch-italienisch<br \/>\nScuola primaria cattolica con Sezione bilingue<br \/>\nZugweg 42-44<br \/>\n50677 K\u00f6ln<\/p>\n<p style=\"text-align: justify;\">Tel. 0221 35501340<br \/>\nFax 0221 355013430<br \/>\n111880@schule.nrw.de<br \/>\n<a href=\"http:\/\/www.kgszugweg.de\/\">www.kgszugweg.de<\/a><\/p>\n<p style=\"text-align: justify;\"><strong><u>Gemeinschaftsgrundschule Westerwaldstra\u00dfe<\/u><br \/>\n<\/strong>Bilingualer Zweig deutsch-italienisch<br \/>\nScuola primaria con Sezione bilingue<br \/>\nWesterwaldstra\u00dfe 90<br \/>\n51105 K\u00f6ln<\/p>\n<p style=\"text-align: justify;\">Tel. 0221 222 80070<br \/>\nFax 0221 222800755<br \/>\n<a href=\"mailto:112288@schule.nrw.de\">112288@schule.nrw.de<\/a><br \/>\n<a href=\"http:\/\/www.ggswesterwaldstr-koeln.de\/\">www.ggswesterwaldstr-koeln.de<\/a><\/p>\n<p style=\"text-align: justify;\"><strong><u>Katholische Grundschule Thomas-Schule<br \/>\n<\/u><\/strong>Bilingualer Zweig deutsch-italienisch<br \/>\nScuola primaria cattolica con Sezione bilingue<br \/>\nBlumenthalstra\u00dfe 11<br \/>\n40476 D\u00fcsseldorf<\/p>\n<p style=\"text-align: justify;\">Tel. 0211 8924682<br \/>\nFax 0211 8924689<br \/>\n<a href=\"mailto:kg.blumenthalstr@schule.duesseldorf.de\">kg.blumenthalstr@schule.duesseldorf.de<\/a><br \/>\n<a href=\"http:\/\/www.thomas-schule.de\/\">www.thomas-schule.de<\/a><\/p>\n<p style=\"text-align: justify;\"><strong><br \/>\nC. SCUOLE SECONDARIE<\/strong><\/p>\n<p style=\"text-align: justify;\"><strong><u>Papst-Johannes XXIII-Schule &#8211; Scuola Papa Giovanni XXIII<br \/>\n<\/u><\/strong>Integrierte deutsch-italienische Gesamtschule des Erzbistums K\u00f6ln<br \/>\nScuola secondaria comprensiva di primo e secondo grado, con Sezione bilingue<br \/>\nHauptstra\u00dfe 1<br \/>\n50259 Pulheim-Stommeln<\/p>\n<p style=\"text-align: justify;\">Tel. 02238 923130<br \/>\nFax 02238 9231333<br \/>\n<a href=\"mailto:info@papstjohannesschule.de\">info@papstjohannesschule.de<\/a><br \/>\n<a href=\"http:\/\/www.papstjohannesschule.de\/\">www.papstjohannesschule.de<\/a><\/p>\n<p style=\"text-align: justify;\"><strong><u>Montessori-Gymnasium<\/u><\/strong><strong><u><br \/>\n<\/u><\/strong><strong>(<\/strong>Italienisch als Unterrichtssprache in mehreren F\u00e4chern)<br \/>\nOffre l\u2019italiano come seconda lingua straniera dalla 6^ classe<br \/>\nRochusstra\u00dfe 145<br \/>\n50827 K\u00f6ln<\/p>\n<p style=\"text-align: justify;\"><u>Tel. 0221 5957231<br \/>\nFax 0221 5957249<br \/>\n<\/u><a href=\"mailto:sekretariat@monte-koeln.de\">sekretariat@monte-koeln.de<\/a><br \/>\n<a href=\"http:\/\/www.monte-koeln.de\/\">www.monte-koeln.de<\/a><\/p>\n<p style=\"text-align: justify;\"><strong><u>Wim-Wenders-Gymnasium<br \/>\n<\/u><\/strong>(Ganztagsgymnasium mit einem Schwerpunkt Italienisch)<br \/>\nOffre l\u2019italiano come seconda lingua straniera dalla 6^ classe<br \/>\nSchmiedestra\u00dfe 25<br \/>\n40227 D\u00fcsseldorf<\/p>\n<p style=\"text-align: justify;\">Tel. 0211 8924260<br \/>\nFax 0211 8929604<u><br \/>\n<\/u><a href=\"mailto:gy.schmiedestr@schule.duesseldorf.de\">gy.schmiedestr@schule.duesseldorf.de<\/a><br \/>\n<a href=\"http:\/\/www.gymnasium-schmiedestrasse.de\/\">www.gymnasium-schmiedestrasse.de<\/a><\/p>\n<p style=\"text-align: justify;\"><strong><u>Leibniz-Montessori-Gymnasium<\/u><\/strong><strong><br \/>\n<\/strong>(St\u00fctzpunktschule f\u00fcr die Zentralkurse Italienisch)<br \/>\nOffre l\u2019italiano come terza lingua straniera dall\u20198^ classe e, sempre a partire dalla 8^classe,<br \/>\nsvolge corsi d\u2019italiano per alunni di altre scuole secondarie di D\u00fcsseldorf che offrono l\u2019italiano<br \/>\ncome materia di studio ma non organizzano corsi propri<br \/>\nScharnhorststra\u00dfe 8<br \/>\n40477 D\u00fcsseldorf<\/p>\n<p style=\"text-align: justify;\">Tel. 0211 8927806<br \/>\nFax: 0211 8927810<a href=\"mailto:gy.scharnhorststr@schule.duesseldorf.de\"><u><br \/>\ngy.scharnhorststr@schule.duesseldorf.de<\/u><\/a><br \/>\n<a href=\"http:\/\/www.leibniz-montessori.de\/\">www.leibniz-montessori.de<\/a><\/p>\n<p style=\"text-align: justify;\"><strong><u>Berufskolleg S\u00fcdstadt<br \/>\n<\/u><\/strong>Scuola secondaria di II grado ad orientamento professionale,<br \/>\ndall\u2019a.s. 2018\/2019 offre l\u2019italiano come seconda lingua straniera nel Reparto \u201cLiceo commerciale\u201d<br \/>\nZugweg 48<br \/>\n50677 K\u00f6ln<\/p>\n<p style=\"text-align: justify;\">Tel. 0221 3402630<br \/>\nFax 0221 3761942<br \/>\ninfo@bksuedstadt.de<br \/>\n<a href=\"http:\/\/www.bk-suedstadt.de\/\">www.bk-suedstadt.de<\/a><\/p>\n<p style=\"text-align: justify;\"><strong>D. CORSI DI SOSTEGNO<\/strong><\/p>\n<p style=\"text-align: justify;\"><strong><u>D.I.G. Remscheid e.V.<\/u><\/strong><strong><u><br \/>\n<\/u><\/strong>(Deutsch-Italienische Gesellschaft Remscheid &#8211;<br \/>\nAssociazione Italo-Tedesca Remscheid e.V.)<br \/>\nHonsberger Stra\u00dfe 130a<br \/>\n42857 Remscheid<\/p>\n<p style=\"text-align: justify;\">Tel. 0176 43160247<u><br \/>\n<\/u><a href=\"mailto:info@dig-remscheid.de\">info@dig-remscheid.de<\/a><br \/>\n<a href=\"http:\/\/www.dig-remscheid.de\/\">www.dig-remscheid.de<\/a><\/p>\n<p style=\"text-align: justify;\">(orario di apertura:<br \/>\nLuned\u00ec 09.00 \u2013 12.30 h e 13.30 \u2013 16.00 h,<br \/>\nMarted\u00ec, Mercoled\u00ec e Gioved\u00ec 09.00 \u2013 11.30 h,<br \/>\nVenerd\u00ec 09.00 \u2013 12.30 h)<\/p>\n<p style=\"text-align: justify;\"><strong><u>E. CORSI DI LINGUA TEDESCA<\/u><\/strong><\/p>\n<p style=\"text-align: justify;\"><strong><u>Volkshochschule VHS K<\/u><\/strong><strong><u>\u00f6<\/u><\/strong><strong><u>ln<br \/>\n<\/u><\/strong>(Istituto di educazione per adulti)<br \/>\nIm Mediapark 7<br \/>\n50670 K\u00f6ln<\/p>\n<p style=\"text-align: justify;\">Tel. 0221 221-25990<br \/>\nFax 0221 221-6569007<u><br \/>\n<\/u><a href=\"mailto:vhs@stadt-koeln.de\">vhs@stadt-koeln.de<\/a><br \/>\n<a href=\"http:\/\/www.vhs-koeln.de\/\">www.vhs-koeln.de<\/a><\/p>\n<p style=\"text-align: justify;\"><u>Volkshochschulen sono presenti in tutte le princpali citt<\/u><u>\u00e0 <\/u><u>tedesche.<\/u><\/p>\n<p style=\"text-align: justify;\"><strong><u><br \/>\nGoethe-Institut Bonn<br \/>\n<\/u><\/strong>Lenn\u00e9stra\u00dfe 6<br \/>\n53113 Bonn<\/p>\n<p style=\"text-align: justify;\">Tel. 0228 95756-0<br \/>\nFax 0228 95756-23<u><br \/>\n<\/u><a href=\"mailto:bonn@goethe.de\">bonn@goethe.de<\/a><br \/>\n<a href=\"http:\/\/www.goethe.de\/bonn\">www.goethe.de\/bonn<\/a><\/p>\n<p style=\"text-align: justify;\"><strong>Goethe-Institut D\u00fcsseldorf<br \/>\n<\/strong>Immermannstra\u00dfe 65<br \/>\n40210 D\u00fcsseldorf<\/p>\n<p style=\"text-align: justify;\">Tel. 0211 99299-0<u><br \/>\n<\/u><a href=\"mailto:duesseldorf@goethe.de\">duesseldorf@goethe.de<\/a><br \/>\n<a href=\"http:\/\/www.goethe.de\/duesseldorf\">www.goethe.de\/duesseldorf<\/a><\/p>\n<p style=\"text-align: justify;\"><a href=\"https:\/\/conscolonia.esteri.it\/wp-content\/uploads\/2023\/05\/Scuole-bilingue-circoscrizione-Colonia_12-05-2023.pdf\">Scuole bilingue circoscrizione Colonia_elenco completo<\/a><\/p>\n","protected":false},"excerpt":{"rendered":"UFFICIO SCUOLA scuola.colonia@esteri.it In seguito pubblichiamo asili nido, scuole primarie, scuole secondarie, corsi di sostegno, corsi di lingua nella circoscrizione del Consolato Generale d&#8217;Italia a Colonia: A. ASILO NIDO Kindertagesst\u00e4tte \u201cCasa Italia\u201d Zweisprachige Kindertagesst\u00e4tte des Caritasverbands Asilo nido bilingue della Caritas Christophstra\u00dfe 1 50670 K\u00f6ln Tel. 0221 246881 Fax 0221 8203407 maria.lamaina@caritas-koeln.de www.katholische-kindergaerten.de\/einrichtung\/index.php?knr=301 Garten-Kinder \u2013 [&hellip;]","protected":false},"author":5,"featured_media":0,"parent":2063,"menu_order":1,"comment_status":"closed","ping_status":"closed","template":"","meta":{"footnotes":""},"class_list":["post-2066","page","type-page","status-publish","hentry"],"_links":{"self":[{"href":"https:\/\/conscolonia.esteri.it\/it\/wp-json\/wp\/v2\/pages\/2066","targetHints":{"allow":["GET"]}}],"collection":[{"href":"https:\/\/conscolonia.esteri.it\/it\/wp-json\/wp\/v2\/pages"}],"about":[{"href":"https:\/\/conscolonia.esteri.it\/it\/wp-json\/wp\/v2\/types\/page"}],"author":[{"embeddable":true,"href":"https:\/\/conscolonia.esteri.it\/it\/wp-json\/wp\/v2\/users\/5"}],"replies":[{"embeddable":true,"href":"https:\/\/conscolonia.esteri.it\/it\/wp-json\/wp\/v2\/comments?post=2066"}],"version-history":[{"count":3,"href":"https:\/\/conscolonia.esteri.it\/it\/wp-json\/wp\/v2\/pages\/2066\/revisions"}],"predecessor-version":[{"id":9052,"href":"https:\/\/conscolonia.esteri.it\/it\/wp-json\/wp\/v2\/pages\/2066\/revisions\/9052"}],"up":[{"embeddable":true,"href":"https:\/\/conscolonia.esteri.it\/it\/wp-json\/wp\/v2\/pages\/2063"}],"wp:attachment":[{"href":"https:\/\/conscolonia.esteri.it\/it\/wp-json\/wp\/v2\/media?parent=2066"}],"curies":[{"name":"wp","href":"https:\/\/api.w.org\/{rel}","templated":true}]}}