{"id":1847,"date":"2023-04-27T14:58:37","date_gmt":"2023-04-27T12:58:37","guid":{"rendered":"https:\/\/conscolonia.esteri.it\/?page_id=1847"},"modified":"2024-03-20T11:36:36","modified_gmt":"2024-03-20T10:36:36","slug":"cie-domande-frequenti","status":"publish","type":"page","link":"https:\/\/conscolonia.esteri.it\/it\/servizi-consolari-e-visti\/servizi-per-il-cittadino-italiano\/passaporti-e-carte-didentita\/carta-didentita-cie\/cie-domande-frequenti\/","title":{"rendered":"CARTA D&#8217;IDENTIT\u00c0 ELETTRONICA CIE &#8211; Domande frequenti"},"content":{"rendered":"<p><a href=\"https:\/\/www.esteri.it\/it\/servizi-consolari-e-visti\/italiani-all-estero\/documenti_di_viaggio\/carta_identita\/\"><img loading=\"lazy\" decoding=\"async\" class=\"alignleft size-medium wp-image-2170 img-fluid\" src=\"https:\/\/conscolonia.esteri.it\/wp-content\/uploads\/2023\/05\/CIE-300x195.jpg\" alt=\"\" width=\"300\" height=\"195\" srcset=\"https:\/\/conscolonia.esteri.it\/wp-content\/uploads\/2023\/05\/CIE-300x195.jpg 300w, https:\/\/conscolonia.esteri.it\/wp-content\/uploads\/2023\/05\/CIE.jpg 580w\" sizes=\"auto, (max-width: 300px) 100vw, 300px\" \/><\/a><\/p>\n<p>&nbsp;<\/p>\n<p>&nbsp;<\/p>\n<p>&nbsp;<\/p>\n<p>&nbsp;<\/p>\n<p><strong><br \/>\nUFFICIO PASSAPORTI \/ CARTE D&#8217;IDENTIT\u00c0<br \/>\n<\/strong><a href=\"mailto:passaporti.colonia@esteri.it\">passaporti.colonia@esteri.it<\/a><\/p>\n<p><a href=\"https:\/\/conscolonia.esteri.it\/wp-content\/uploads\/2024\/03\/SINTESI-CIE-COLONIA_-Prenot@mi_19-03-2024_IT.pdf\"><strong>CIE &#8211; Foglio informativo sintetico<\/strong><\/a><\/p>\n<p><strong>a) \u00c8 possibile modificare la mia carta d\u2019identit\u00e0?<br \/>\n<\/strong>No. La carta d\u2019identit\u00e0 \u00e8 un documento di identit\u00e0 e non di residenza o di stato civile. Non \u00e8 possibile aggiornare l\u2019indirizzo sulla carta. In caso di modifica dell\u2019indirizzo, il connazionale potr\u00e0 portare con s\u00e9 una copia del certificato di residenza rilasciato dalle autorit\u00e0 tedesche (Anmeldebest\u00e4tigung oppure Meldebescheinigung).<\/p>\n<p><strong>b) \u00c8 possibile per le donne sposate inserire il cognome del marito?<br \/>\n<\/strong>No, purtroppo non \u00e8 possibile.<\/p>\n","protected":false},"excerpt":{"rendered":"&nbsp; &nbsp; &nbsp; &nbsp; UFFICIO PASSAPORTI \/ CARTE D&#8217;IDENTIT\u00c0 passaporti.colonia@esteri.it CIE &#8211; Foglio informativo sintetico a) \u00c8 possibile modificare la mia carta d\u2019identit\u00e0? No. La carta d\u2019identit\u00e0 \u00e8 un documento di identit\u00e0 e non di residenza o di stato civile. Non \u00e8 possibile aggiornare l\u2019indirizzo sulla carta. In caso di modifica dell\u2019indirizzo, il connazionale potr\u00e0 [&hellip;]","protected":false},"author":5,"featured_media":0,"parent":663,"menu_order":6,"comment_status":"closed","ping_status":"closed","template":"","meta":{"footnotes":""},"class_list":["post-1847","page","type-page","status-publish","hentry"],"_links":{"self":[{"href":"https:\/\/conscolonia.esteri.it\/it\/wp-json\/wp\/v2\/pages\/1847","targetHints":{"allow":["GET"]}}],"collection":[{"href":"https:\/\/conscolonia.esteri.it\/it\/wp-json\/wp\/v2\/pages"}],"about":[{"href":"https:\/\/conscolonia.esteri.it\/it\/wp-json\/wp\/v2\/types\/page"}],"author":[{"embeddable":true,"href":"https:\/\/conscolonia.esteri.it\/it\/wp-json\/wp\/v2\/users\/5"}],"replies":[{"embeddable":true,"href":"https:\/\/conscolonia.esteri.it\/it\/wp-json\/wp\/v2\/comments?post=1847"}],"version-history":[{"count":2,"href":"https:\/\/conscolonia.esteri.it\/it\/wp-json\/wp\/v2\/pages\/1847\/revisions"}],"predecessor-version":[{"id":5439,"href":"https:\/\/conscolonia.esteri.it\/it\/wp-json\/wp\/v2\/pages\/1847\/revisions\/5439"}],"up":[{"embeddable":true,"href":"https:\/\/conscolonia.esteri.it\/it\/wp-json\/wp\/v2\/pages\/663"}],"wp:attachment":[{"href":"https:\/\/conscolonia.esteri.it\/it\/wp-json\/wp\/v2\/media?parent=1847"}],"curies":[{"name":"wp","href":"https:\/\/api.w.org\/{rel}","templated":true}]}}