{"id":1845,"date":"2023-04-27T14:57:01","date_gmt":"2023-04-27T12:57:01","guid":{"rendered":"https:\/\/conscolonia.esteri.it\/?page_id=1845"},"modified":"2025-12-05T14:47:39","modified_gmt":"2025-12-05T13:47:39","slug":"cie-che-cose-latto-di-assenso-e-a-che-cosa-serve","status":"publish","type":"page","link":"https:\/\/conscolonia.esteri.it\/it\/servizi-consolari-e-visti\/servizi-per-il-cittadino-italiano\/passaporti-e-carte-didentita\/carta-didentita-cie\/cie-che-cose-latto-di-assenso-e-a-che-cosa-serve\/","title":{"rendered":"CARTA D&#8217;IDENTIT\u00c0 ELETTRONICA CIE &#8211; Che cos&#8217;\u00e8 l&#8217;atto di assenso e a che cosa serve?"},"content":{"rendered":"<p><a href=\"https:\/\/www.esteri.it\/it\/servizi-consolari-e-visti\/italiani-all-estero\/documenti_di_viaggio\/carta_identita\/\"><img loading=\"lazy\" decoding=\"async\" class=\"alignleft size-medium wp-image-2170 img-fluid\" src=\"https:\/\/conscolonia.esteri.it\/wp-content\/uploads\/2023\/05\/CIE-300x195.jpg\" alt=\"\" width=\"300\" height=\"195\" srcset=\"https:\/\/conscolonia.esteri.it\/wp-content\/uploads\/2023\/05\/CIE-300x195.jpg 300w, https:\/\/conscolonia.esteri.it\/wp-content\/uploads\/2023\/05\/CIE.jpg 580w\" sizes=\"auto, (max-width: 300px) 100vw, 300px\" \/><\/a><\/p>\n<p>&nbsp;<\/p>\n<p>&nbsp;<\/p>\n<p>&nbsp;<\/p>\n<p>&nbsp;<\/p>\n<p><strong><br \/>\nUFFICIO PASSAPORTI \/ CARTE D&#8217;IDENTIT\u00c0<br \/>\n<\/strong><a href=\"mailto:passaporti.colonia@esteri.it\">passaporti.colonia@esteri.it<\/a><\/p>\n<p><a href=\"https:\/\/conscolonia.esteri.it\/wp-content\/uploads\/2024\/03\/SINTESI-CIE-COLONIA_-Prenot@mi_19-03-2024_IT.pdf\"><strong>CIE &#8211; Foglio informativo sintetico<\/strong><\/a><\/p>\n<p>L&#8217;atto di assenso \u00e8 una dichiarazione personale prevista dalla legge italiana, che il genitore pu\u00f2 sottoscrivere utilizzando l&#8217;apposito <a href=\"https:\/\/conscolonia.esteri.it\/wp-content\/uploads\/2024\/12\/2024-Atto-di-assenso_Passaporto-minori_20-12-2024.pdf\"><strong>modulo atto di assenso<\/strong> <\/a>o redigendo una dichiarazione sostitutiva di certificazione; all&#8217;atto di assenso va allegata una fotocopia del proprio documento di identit\u00e0.<br \/>\nSe l\u2019altro genitore non \u00e8 cittadino dell\u2019Unione Europea, la sua firma va autenticata personalmente dall\u2019Ufficio consolare o dal Comune tedesco di residenza o altra autorit\u00e0 competente (notaio).<\/p>\n<p>Al fine di verificare la correttezza dell\u2019atto di assenso presentato \u00e8 necessario che il minore sia iscritto in anagrafe o che sia presentato originale del certificato di nascita da cui si evincano maternit\u00e0 e paternit\u00e0 del minore.<\/p>\n<p>In caso di decesso di uno dei genitori, \u00e8 necessario presentare l\u2019atto di morte dello stesso.<\/p>\n","protected":false},"excerpt":{"rendered":"&nbsp; &nbsp; &nbsp; &nbsp; UFFICIO PASSAPORTI \/ CARTE D&#8217;IDENTIT\u00c0 passaporti.colonia@esteri.it CIE &#8211; Foglio informativo sintetico L&#8217;atto di assenso \u00e8 una dichiarazione personale prevista dalla legge italiana, che il genitore pu\u00f2 sottoscrivere utilizzando l&#8217;apposito modulo atto di assenso o redigendo una dichiarazione sostitutiva di certificazione; all&#8217;atto di assenso va allegata una fotocopia del proprio documento di [&hellip;]","protected":false},"author":5,"featured_media":0,"parent":663,"menu_order":5,"comment_status":"closed","ping_status":"closed","template":"","meta":{"footnotes":""},"class_list":["post-1845","page","type-page","status-publish","hentry"],"_links":{"self":[{"href":"https:\/\/conscolonia.esteri.it\/it\/wp-json\/wp\/v2\/pages\/1845","targetHints":{"allow":["GET"]}}],"collection":[{"href":"https:\/\/conscolonia.esteri.it\/it\/wp-json\/wp\/v2\/pages"}],"about":[{"href":"https:\/\/conscolonia.esteri.it\/it\/wp-json\/wp\/v2\/types\/page"}],"author":[{"embeddable":true,"href":"https:\/\/conscolonia.esteri.it\/it\/wp-json\/wp\/v2\/users\/5"}],"replies":[{"embeddable":true,"href":"https:\/\/conscolonia.esteri.it\/it\/wp-json\/wp\/v2\/comments?post=1845"}],"version-history":[{"count":4,"href":"https:\/\/conscolonia.esteri.it\/it\/wp-json\/wp\/v2\/pages\/1845\/revisions"}],"predecessor-version":[{"id":11083,"href":"https:\/\/conscolonia.esteri.it\/it\/wp-json\/wp\/v2\/pages\/1845\/revisions\/11083"}],"up":[{"embeddable":true,"href":"https:\/\/conscolonia.esteri.it\/it\/wp-json\/wp\/v2\/pages\/663"}],"wp:attachment":[{"href":"https:\/\/conscolonia.esteri.it\/it\/wp-json\/wp\/v2\/media?parent=1845"}],"curies":[{"name":"wp","href":"https:\/\/api.w.org\/{rel}","templated":true}]}}