{"id":1841,"date":"2023-04-27T14:53:50","date_gmt":"2023-04-27T12:53:50","guid":{"rendered":"https:\/\/conscolonia.esteri.it\/?page_id=1841"},"modified":"2025-05-19T15:46:34","modified_gmt":"2025-05-19T13:46:34","slug":"cie-quale-la-documentazione-da-portare-il-giorno-dellappuntamento","status":"publish","type":"page","link":"https:\/\/conscolonia.esteri.it\/it\/servizi-consolari-e-visti\/servizi-per-il-cittadino-italiano\/passaporti-e-carte-didentita\/carta-didentita-cie\/cie-quale-la-documentazione-da-portare-il-giorno-dellappuntamento\/","title":{"rendered":"CARTA D&#8217;IDENTIT\u00c0 ELETTRONICA CIE &#8211; Qual \u00e8 la documentazione da portare il giorno dell&#8217;appuntamento?"},"content":{"rendered":"<p><a href=\"https:\/\/www.esteri.it\/it\/servizi-consolari-e-visti\/italiani-all-estero\/documenti_di_viaggio\/carta_identita\/\"><img loading=\"lazy\" decoding=\"async\" class=\"alignleft size-medium wp-image-2170 img-fluid\" src=\"https:\/\/conscolonia.esteri.it\/wp-content\/uploads\/2023\/05\/CIE-300x195.jpg\" alt=\"\" width=\"300\" height=\"195\" srcset=\"https:\/\/conscolonia.esteri.it\/wp-content\/uploads\/2023\/05\/CIE-300x195.jpg 300w, https:\/\/conscolonia.esteri.it\/wp-content\/uploads\/2023\/05\/CIE.jpg 580w\" sizes=\"auto, (max-width: 300px) 100vw, 300px\" \/><\/a><\/p>\n<p>&nbsp;<\/p>\n<p>&nbsp;<\/p>\n<p>&nbsp;<\/p>\n<p>&nbsp;<\/p>\n<p><strong><br \/>\nUFFICIO PASSAPORTI \/ CARTE D&#8217;IDENTIT\u00c0<br \/>\n<\/strong><a href=\"mailto:passaporti.colonia@esteri.it\">passaporti.colonia@esteri.it<\/a><\/p>\n<p><a href=\"https:\/\/conscolonia.esteri.it\/wp-content\/uploads\/2024\/03\/SINTESI-CIE-COLONIA_-Prenot@mi_19-03-2024_IT.pdf\"><strong>CIE &#8211; Foglio informativo sintetico<\/strong><\/a><\/p>\n<p>Il giorno dell\u2019appuntamento, il richiedente deve presentarsi munito di:<\/p>\n<ul>\n<li><strong>carta d\u2019identit\u00e0 precedente<\/strong> (se non si possiede, altro documento di riconoscimento; se non si possiede altro documento di riconoscimento, due testimoni); se la CIE \u00e8 richiesta per un minorenne, \u00e8 necessario che anche il genitore che accompagna presenti un documento di riconoscimento.<\/li>\n<li><strong>1 fotografia biometrica<\/strong> (recente, frontale, a colori).<\/li>\n<li>nel caso in cui il richiedente non sia pi\u00f9 in possesso del precedente documento in seguito a <strong>furto o smarrimento<\/strong>, \u00e8 necessario presentare al momento dell\u2019appuntamento il <strong>formulario di dichiarazione di furto o smarrimento, <\/strong>unitamente alla<strong> denuncia <\/strong>effettuata presso le autorit\u00e0 tedesche (Polizia o Ufficio oggetti smarriti del Comune), che pu\u00f2 essere fatta anche online tramite la voce <a href=\"https:\/\/service.polizei.nrw.de\/hinweis\">\u201cInternetwache&#8221;<\/a>; ciascun Land ha il suo sito; arriva la ricevuta qualche giorno dopo per posta).<\/li>\n<li>Il pagamento della CIE va effettuato alla cassa automatica, sia in contanti che con bancomat.<br \/>\nIl costo della CIE \u00e8 di:<br \/>\n<strong>\u00a0 \u00a0\u00a0\u00a0&gt;\u00a0\u20ac 21,95 <\/strong>in caso di primo rilascio o rinnovo;<br \/>\n<strong>\u00a0\u00a0\u00a0\u00a0 &gt; \u20ac 27,11 <\/strong>in caso di duplicato<br \/>\n(nuova carta emessa prima di 180 giorni dalla scadenza della precedente per furto,\u00a0smarrimento o deterioramento)<\/li>\n<\/ul>\n<p>Il giorno dell\u2019appuntamento, l\u2019operatore consolare acquisisce la documentazione indicata, effettua il riconoscimento e la verifica della foto ed acquisisce le impronte digitali e la firma (salvo per i minori di anni 12).<\/p>\n<p>Anche i minori di et\u00e0 inferiore ai 12 anni devono essere presenti, perch\u00e9 \u00e8 necessaria la loro identificazione da parte del funzionario dell&#8217;ufficio. I minori devono essere sempre accompagnati da uno dei genitori o comunque dal titolare della responsabilit\u00e0 genitoriale.<\/p>\n","protected":false},"excerpt":{"rendered":"&nbsp; &nbsp; &nbsp; &nbsp; UFFICIO PASSAPORTI \/ CARTE D&#8217;IDENTIT\u00c0 passaporti.colonia@esteri.it CIE &#8211; Foglio informativo sintetico Il giorno dell\u2019appuntamento, il richiedente deve presentarsi munito di: carta d\u2019identit\u00e0 precedente (se non si possiede, altro documento di riconoscimento; se non si possiede altro documento di riconoscimento, due testimoni); se la CIE \u00e8 richiesta per un minorenne, \u00e8 necessario [&hellip;]","protected":false},"author":5,"featured_media":0,"parent":663,"menu_order":3,"comment_status":"closed","ping_status":"closed","template":"","meta":{"footnotes":""},"class_list":["post-1841","page","type-page","status-publish","hentry"],"_links":{"self":[{"href":"https:\/\/conscolonia.esteri.it\/it\/wp-json\/wp\/v2\/pages\/1841","targetHints":{"allow":["GET"]}}],"collection":[{"href":"https:\/\/conscolonia.esteri.it\/it\/wp-json\/wp\/v2\/pages"}],"about":[{"href":"https:\/\/conscolonia.esteri.it\/it\/wp-json\/wp\/v2\/types\/page"}],"author":[{"embeddable":true,"href":"https:\/\/conscolonia.esteri.it\/it\/wp-json\/wp\/v2\/users\/5"}],"replies":[{"embeddable":true,"href":"https:\/\/conscolonia.esteri.it\/it\/wp-json\/wp\/v2\/comments?post=1841"}],"version-history":[{"count":5,"href":"https:\/\/conscolonia.esteri.it\/it\/wp-json\/wp\/v2\/pages\/1841\/revisions"}],"predecessor-version":[{"id":9122,"href":"https:\/\/conscolonia.esteri.it\/it\/wp-json\/wp\/v2\/pages\/1841\/revisions\/9122"}],"up":[{"embeddable":true,"href":"https:\/\/conscolonia.esteri.it\/it\/wp-json\/wp\/v2\/pages\/663"}],"wp:attachment":[{"href":"https:\/\/conscolonia.esteri.it\/it\/wp-json\/wp\/v2\/media?parent=1841"}],"curies":[{"name":"wp","href":"https:\/\/api.w.org\/{rel}","templated":true}]}}