{"id":1839,"date":"2023-04-27T14:45:04","date_gmt":"2023-04-27T12:45:04","guid":{"rendered":"https:\/\/conscolonia.esteri.it\/?page_id=1839"},"modified":"2024-03-20T11:32:40","modified_gmt":"2024-03-20T10:32:40","slug":"cie-come-si-richiede","status":"publish","type":"page","link":"https:\/\/conscolonia.esteri.it\/it\/servizi-consolari-e-visti\/servizi-per-il-cittadino-italiano\/passaporti-e-carte-didentita\/carta-didentita-cie\/cie-come-si-richiede\/","title":{"rendered":"CARTA D&#8217;IDENTIT\u00c0 ELETTRONICA CIE &#8211; Come si richiede?"},"content":{"rendered":"<p><a href=\"https:\/\/www.esteri.it\/it\/servizi-consolari-e-visti\/italiani-all-estero\/documenti_di_viaggio\/carta_identita\/\"><img loading=\"lazy\" decoding=\"async\" class=\"alignleft size-medium wp-image-2170 img-fluid\" src=\"https:\/\/conscolonia.esteri.it\/wp-content\/uploads\/2023\/05\/CIE-300x195.jpg\" alt=\"\" width=\"300\" height=\"195\" srcset=\"https:\/\/conscolonia.esteri.it\/wp-content\/uploads\/2023\/05\/CIE-300x195.jpg 300w, https:\/\/conscolonia.esteri.it\/wp-content\/uploads\/2023\/05\/CIE.jpg 580w\" sizes=\"auto, (max-width: 300px) 100vw, 300px\" \/><\/a><\/p>\n<p>&nbsp;<\/p>\n<p>&nbsp;<\/p>\n<p>&nbsp;<\/p>\n<p>&nbsp;<\/p>\n<p><strong><br \/>\nUFFICIO PASSAPORTI \/ CARTE D&#8217;IDENTIT\u00c0<br \/>\n<\/strong><a href=\"mailto:passaporti.colonia@esteri.it\">passaporti.colonia@esteri.it<\/a><\/p>\n<p><a href=\"https:\/\/conscolonia.esteri.it\/wp-content\/uploads\/2024\/03\/SINTESI-CIE-COLONIA_-Prenot@mi_19-03-2024_IT.pdf\"><strong>CIE &#8211; Foglio informativo sintetico<\/strong><\/a><\/p>\n<p>A partire dal 15 settembre 2020 si pu\u00f2 fare richiesta di un appuntamento per il rilascio della carta d\u2019identit\u00e0 elettronica utilizzando <strong>esclusivamente<\/strong> la piattaforma <strong><a href=\"https:\/\/prenotami.esteri.it\/\">PRENOT@MI<\/a><\/strong><\/p>\n<ol>\n<li><strong>a)<\/strong><strong> Per utente gi\u00e0 registrato<\/strong><br \/>\nSe Lei \u00e8 un utente gi\u00e0 registrato sulla piattaforma <strong><a href=\"https:\/\/prenotami.esteri.it\/\">PRENOT@MI<\/a><\/strong>, dovr\u00e0 cliccare sulla casella &#8220;login utente gi\u00e0 registrato&#8221; ed <strong>immettere le sue credenziali<\/strong>:<\/li>\n<\/ol>\n<ul>\n<li><strong>User name: il suo indirizzo email<\/strong><\/li>\n<li><strong>Password: quella che ha indicato all&#8217;atto della registrazione<\/strong><\/li>\n<\/ul>\n<p>Acceder\u00e0 cos\u00ec alla pagina dei servizi attivati, selezioner\u00e0 il servizio Carta di Identit\u00e0 e compiler\u00e0 la pagina<strong> inserendo i dati della persona che deve ottenere la carta (il cosiddetto \u201crichiedente\u201d)<\/strong>. Pertanto, se l\u2019appuntamento \u00e8 per rinnovare la carta di un bambino, anche se colui che materialmente prenota l\u2019appuntamento \u00e8 il genitore, nei dati dell\u2019appuntamento bisogner\u00e0 indicare i dati del bambino.<br \/>\nLei acceder\u00e0 poi al calendario degli appuntamenti e potr\u00e0 selezionare una data a lei utile.<br \/>\nAttenzione: se l\u2019utente \u00e8 gi\u00e0 registrato, ma presso un altro Consolato, prima di procedere con la richiesta di appuntamento dovr\u00e0 effettuare il cambio sede, selezionando<strong> l\u2019apposito comando \u201ccambia sede\u201d<\/strong> presente sulla prima pagina a sinistra, una volta fatto accesso col proprio account.<\/p>\n<ol>\n<li><strong>b)<\/strong> <strong>Per un nuovo utente<\/strong><br \/>\nSe Lei \u00e8 un nuovo utente dovr\u00e0 prima procedere alla registrazione sul portale, <strong>cliccando su \u201cRegistrazione nuovo utente\u201d<\/strong>. Una volta completata la registrazione, dovr\u00e0 rientrare sul sistema di prenotazione e, inserendo le sue credenziali, potr\u00e0 accedere alla pagina dei servizi offerti e procedere come sopra indicato.<\/li>\n<\/ol>\n<p><strong>Dal momento della richiesta alla data dell\u2019appuntamento trascorrono almeno quindici giorni<\/strong>, necessari per consentire all\u2019ufficio consolare di effettuare il controllo dei dati anagrafici, risolvere eventuali disallineamenti tra i dati presenti nello schedario consolare e quelli presenti nello schedario del Comune italiano, e verificare che non sussistano cause ostative al rilascio del documento.<\/p>\n<p><strong>ATTENZIONE: <\/strong>Nel caso in cui, a seguito delle verifiche, emergessero elementi che impedissero (temporaneamente o meno) il rilascio della CIE, il connazionale sar\u00e0 contattato dalla Sede consolare per la cancellazione dell\u2019appuntamento.<\/p>\n<ol>\n<li><strong>c) Per un\u2019altra persona<\/strong><\/li>\n<\/ol>\n<p>Si pu\u00f2 anche chiedere un appuntamento per un\u2019altra persona. Tuttavia, al fine di consentire le necessarie verifiche, \u00e8 necessario che al momento della richiesta dell\u2019appuntamento<strong> siano forniti i dati di tutte le persone che devono ottenere la CIE <\/strong>(richiedenti).<br \/>\n<strong>Se si presenteranno allo sportello persone i cui dati non erano stati inseriti nel sistema al momento della prenotazione dell\u2019appuntamento, non sar\u00e0 possibile procedere con la richiesta di CIE.<\/strong><\/p>\n<p>Nel caso di figli minori il genitore pu\u00f2, dal proprio account, far domanda di appuntamento per il figlio. In tal caso nella scheda da compilare per l\u2019appuntamento dovr\u00e0 rispondere alla prima domanda \u201cL\u2019appuntamento \u00e8 per\u201d indicando \u201cmio figlio\u201d e poi inserire i dati del bambino e non del genitore che sta compilando il formulario.<\/p>\n<p>Allo stesso modo, se si intende prenotare un appuntamento per un altro familiare, si potr\u00e0 accedere col proprio account, selezionare nel campo \u201cL\u2019appuntamento \u00e8 per\u201d \u201cun altro familiare\u201d e quindi procedere con l\u2019inserimento di tutti i dati relativi al familiare stesso (che sar\u00e0 appunto il richiedente).<\/p>\n<p>Il sistema permette anche di prenotare un appuntamento multiplo, ossia nella stessa data per s\u00e9 stesso ed altri. In tal caso il formulario da compilare preveder\u00e0 pi\u00f9 parti (\u00e8 necessario scorrere la schermata in basso) e richieder\u00e0 di riempire una scheda dati per ogni persona che desidera un appuntamento nella stessa data, cio\u00e8 per il primo richiedente e poi per ciascun altro richiedente.<\/p>\n","protected":false},"excerpt":{"rendered":"&nbsp; &nbsp; &nbsp; &nbsp; UFFICIO PASSAPORTI \/ CARTE D&#8217;IDENTIT\u00c0 passaporti.colonia@esteri.it CIE &#8211; Foglio informativo sintetico A partire dal 15 settembre 2020 si pu\u00f2 fare richiesta di un appuntamento per il rilascio della carta d\u2019identit\u00e0 elettronica utilizzando esclusivamente la piattaforma PRENOT@MI a) Per utente gi\u00e0 registrato Se Lei \u00e8 un utente gi\u00e0 registrato sulla piattaforma PRENOT@MI, [&hellip;]","protected":false},"author":5,"featured_media":0,"parent":663,"menu_order":2,"comment_status":"closed","ping_status":"closed","template":"","meta":{"footnotes":""},"class_list":["post-1839","page","type-page","status-publish","hentry"],"_links":{"self":[{"href":"https:\/\/conscolonia.esteri.it\/it\/wp-json\/wp\/v2\/pages\/1839","targetHints":{"allow":["GET"]}}],"collection":[{"href":"https:\/\/conscolonia.esteri.it\/it\/wp-json\/wp\/v2\/pages"}],"about":[{"href":"https:\/\/conscolonia.esteri.it\/it\/wp-json\/wp\/v2\/types\/page"}],"author":[{"embeddable":true,"href":"https:\/\/conscolonia.esteri.it\/it\/wp-json\/wp\/v2\/users\/5"}],"replies":[{"embeddable":true,"href":"https:\/\/conscolonia.esteri.it\/it\/wp-json\/wp\/v2\/comments?post=1839"}],"version-history":[{"count":2,"href":"https:\/\/conscolonia.esteri.it\/it\/wp-json\/wp\/v2\/pages\/1839\/revisions"}],"predecessor-version":[{"id":5429,"href":"https:\/\/conscolonia.esteri.it\/it\/wp-json\/wp\/v2\/pages\/1839\/revisions\/5429"}],"up":[{"embeddable":true,"href":"https:\/\/conscolonia.esteri.it\/it\/wp-json\/wp\/v2\/pages\/663"}],"wp:attachment":[{"href":"https:\/\/conscolonia.esteri.it\/it\/wp-json\/wp\/v2\/media?parent=1839"}],"curies":[{"name":"wp","href":"https:\/\/api.w.org\/{rel}","templated":true}]}}