{"id":1837,"date":"2023-04-27T14:47:18","date_gmt":"2023-04-27T12:47:18","guid":{"rendered":"https:\/\/conscolonia.esteri.it\/?page_id=1837"},"modified":"2024-03-20T11:31:45","modified_gmt":"2024-03-20T10:31:45","slug":"cie-che-cose-e-come-viene-rilasciata","status":"publish","type":"page","link":"https:\/\/conscolonia.esteri.it\/it\/servizi-consolari-e-visti\/servizi-per-il-cittadino-italiano\/passaporti-e-carte-didentita\/carta-didentita-cie\/cie-che-cose-e-come-viene-rilasciata\/","title":{"rendered":"CARTA D&#8217;IDENTIT\u00c0 ELETTRONICA CIE &#8211; Che cos&#8217;\u00e8 e come viene rilasciata?"},"content":{"rendered":"<p><a href=\"https:\/\/www.esteri.it\/it\/servizi-consolari-e-visti\/italiani-all-estero\/documenti_di_viaggio\/carta_identita\/\"><img loading=\"lazy\" decoding=\"async\" class=\"alignleft size-medium wp-image-2170 img-fluid\" src=\"https:\/\/conscolonia.esteri.it\/wp-content\/uploads\/2023\/05\/CIE-300x195.jpg\" alt=\"\" width=\"300\" height=\"195\" srcset=\"https:\/\/conscolonia.esteri.it\/wp-content\/uploads\/2023\/05\/CIE-300x195.jpg 300w, https:\/\/conscolonia.esteri.it\/wp-content\/uploads\/2023\/05\/CIE.jpg 580w\" sizes=\"auto, (max-width: 300px) 100vw, 300px\" \/><\/a><\/p>\n<p>&nbsp;<\/p>\n<p>&nbsp;<\/p>\n<p>&nbsp;<\/p>\n<p>&nbsp;<\/p>\n<p>&nbsp;<\/p>\n<p><strong>UFFICIO PASSAPORTI \/ CARTE D&#8217;IDENTIT\u00c0<\/strong><\/p>\n<p><a href=\"mailto:passaporti.colonia@esteri.it\">passaporti.colonia@esteri.it<\/a><\/p>\n<p><a href=\"https:\/\/conscolonia.esteri.it\/wp-content\/uploads\/2024\/03\/SINTESI-CIE-COLONIA_-Prenot@mi_19-03-2024_IT.pdf\"><strong>CIE &#8211; Foglio informativo sintetico<\/strong><\/a><\/p>\n<p>La carta d&#8217;identit\u00e0 \u00e8 un documento personale di riconoscimento valido per identificarsi e circolare nell\u2019Unione Europea, in alcuni Stati aderenti all&#8217;accordo di Schengen (ad es. Islanda, Norvegia e Svizzera) e in altri Stati con cui sono stati raggiunti accordi bilaterali (vedasi le singole \u201cschede Paese\u201d sul sito <a href=\"http:\/\/www.viaggiaresicuri.it\">www.viaggiaresicuri.it<\/a>).<br \/>\n<strong>La carta d\u2019identit\u00e0 elettronica (CIE) \u00e8 la nuova carta d\u2019identit\u00e0 in formato tessera;<\/strong> oltre a svolgere le stesse funzioni di quella cartacea, consente di accedere ai servizi online delle Pubbliche Amministrazioni italiane.<\/p>\n<p>Il Consolato Generale d&#8217;Italia a Colonia pu\u00f2 rilasciare la carta d&#8217;identit\u00e0 <strong>esclusivamente ai cittadini italiani regolarmente residenti nella propria circoscrizione consolare<\/strong>, registrati nello schedario consolare e i cui <strong>dati anagrafici siano gi\u00e0 presenti nel registro A.I.R.E.<\/strong> (Anagrafe degli Italiani Residenti all&#8217;Estero) del Ministero dell&#8217;Interno.<br \/>\n<strong><br \/>\nChi non \u00e8 registrato all\u2019A.I.R.E. dovr\u00e0 prima regolarizzare la propria iscrizione anagrafica tramite <a href=\"https:\/\/www.esteri.it\/it\/servizi-consolari-e-visti\/italiani-all-estero\/aire_0\/\">il portale FAST IT<\/a><\/strong> ed attendere, prima di poter far domanda, di essere inserito in tale registro da parte del Comune italiano competente (per i cittadini non iscritti all\u2019A.I.R.E., la competenza al rilascio della carta d\u2019identit\u00e0 rimane al Comune di residenza). Ai fini della registrazione nella banca dati A.I.R.E. \u00e8 indispensabile, per i cittadini italiani nati all\u2019estero, che l\u2019atto di nascita risulti gi\u00e0 trascritto nei registri di Stato Civile del Comune di riferimento. <strong>Nel caso si sia cambiato indirizzo di residenza<\/strong> (rispetto a quello comunicato all\u2019Ufficio consolare), <strong>\u00e8 necessario chiedere la variazione di indirizzo tramite il portale <a href=\"https:\/\/serviziconsolarionline.esteri.it\/ScoFE\/index.sco\">FAST IT<\/a>.<\/strong> <strong>Inoltre, per ottenere la CIE \u00e8 indispensabile possedere il codice fiscale validato dall\u2019Agenzia delle<\/strong> Entrate. Qualora il connazionale non sia in possesso di un codice fiscale o quest\u2019ultimo non sia stato validato, sar\u00e0 cura della Cancelleria Consolare richiederlo tramite l\u2019Agenzia delle Entrate.<\/p>\n","protected":false},"excerpt":{"rendered":"&nbsp; &nbsp; &nbsp; &nbsp; &nbsp; UFFICIO PASSAPORTI \/ CARTE D&#8217;IDENTIT\u00c0 passaporti.colonia@esteri.it CIE &#8211; Foglio informativo sintetico La carta d&#8217;identit\u00e0 \u00e8 un documento personale di riconoscimento valido per identificarsi e circolare nell\u2019Unione Europea, in alcuni Stati aderenti all&#8217;accordo di Schengen (ad es. Islanda, Norvegia e Svizzera) e in altri Stati con cui sono stati raggiunti accordi [&hellip;]","protected":false},"author":5,"featured_media":0,"parent":663,"menu_order":1,"comment_status":"closed","ping_status":"closed","template":"","meta":{"footnotes":""},"class_list":["post-1837","page","type-page","status-publish","hentry"],"_links":{"self":[{"href":"https:\/\/conscolonia.esteri.it\/it\/wp-json\/wp\/v2\/pages\/1837","targetHints":{"allow":["GET"]}}],"collection":[{"href":"https:\/\/conscolonia.esteri.it\/it\/wp-json\/wp\/v2\/pages"}],"about":[{"href":"https:\/\/conscolonia.esteri.it\/it\/wp-json\/wp\/v2\/types\/page"}],"author":[{"embeddable":true,"href":"https:\/\/conscolonia.esteri.it\/it\/wp-json\/wp\/v2\/users\/5"}],"replies":[{"embeddable":true,"href":"https:\/\/conscolonia.esteri.it\/it\/wp-json\/wp\/v2\/comments?post=1837"}],"version-history":[{"count":3,"href":"https:\/\/conscolonia.esteri.it\/it\/wp-json\/wp\/v2\/pages\/1837\/revisions"}],"predecessor-version":[{"id":5427,"href":"https:\/\/conscolonia.esteri.it\/it\/wp-json\/wp\/v2\/pages\/1837\/revisions\/5427"}],"up":[{"embeddable":true,"href":"https:\/\/conscolonia.esteri.it\/it\/wp-json\/wp\/v2\/pages\/663"}],"wp:attachment":[{"href":"https:\/\/conscolonia.esteri.it\/it\/wp-json\/wp\/v2\/media?parent=1837"}],"curies":[{"name":"wp","href":"https:\/\/api.w.org\/{rel}","templated":true}]}}