{"id":1814,"date":"2023-04-27T11:40:53","date_gmt":"2023-04-27T09:40:53","guid":{"rendered":"https:\/\/conscolonia.esteri.it\/?page_id=1814"},"modified":"2025-11-10T15:43:56","modified_gmt":"2025-11-10T14:43:56","slug":"cambio-di-indirizzo","status":"publish","type":"page","link":"https:\/\/conscolonia.esteri.it\/it\/servizi-consolari-e-visti\/servizi-per-il-cittadino-italiano\/anagrafe-degli-italiani-residenti-allestero-aire\/cambio-di-indirizzo\/","title":{"rendered":"ANAGRAFE DEGLI ITALIANI RESIDENTI ALL&#8217;ESTERO A.I.R.E. &#8211; Cambio di indirizzo"},"content":{"rendered":"<p><strong><a href=\"https:\/\/conscolonia.esteri.it\/wp-content\/uploads\/2023\/04\/FastIt.jpg\"><img loading=\"lazy\" decoding=\"async\" class=\"\" src=\"https:\/\/conscolonia.esteri.it\/wp-content\/uploads\/2023\/04\/FastIt.jpg\" width=\"270\" height=\"89\" \/><\/a><\/strong><\/p>\n<p style=\"text-align: justify;\">La comunicazione del cambiamento dell\u2019indirizzo della propria residenza in Germania, all\u2019interno della circoscrizione, va fatta utilizzando il portale dei servizi consolari online chiamato\u00a0<a href=\"https:\/\/serviziconsolari.esteri.it\/ScoFE\/services\/service-info.sco?serviceId=91&amp;sCode=RCR\"><strong>Fast It<\/strong><\/a> (<span style=\"text-decoration: underline;\">Attenzione! Chi si \u00e8 registrato su Prenot@mi ma non su Fast It, dovr\u00e0 effettuare una nuova registrazione<\/span>).<\/p>\n<p style=\"text-align: justify;\">Se si \u00e8 gi\u00e0 iscritti all\u2019AIRE, il servizio consente di comunicare la variazione della residenza per s\u00e9 ed i propri familiari.<\/p>\n<p style=\"text-align: justify;\"><strong>ATTENZIONE! Chi \u00e8 gi\u00e0 presente nello schedario consolare ma si \u00e8 appena registrato su Fast It dovr\u00e0 preventivamente richiedere l&#8217;associazione (pratica ASON) tra l\u2019account Fast It e la scheda presente nello schedario consolare. Soltanto una volta che l&#8217;operatore consolare avr\u00e0 verificato l&#8217;identit\u00e0 e validato la richiesta sar\u00e0 possibile procedere con la comunicazione del nuovo indirizzo.<\/strong><\/p>\n<p style=\"text-align: justify;\">Si prega di comunicare il proprio indirizzo in modo corretto e completo attenendosi alle norme postali del proprio Paese di residenza (ad esempio inserire K\u00f6ln e NON Colonia!). Ricordiamo che il mancato aggiornamento delle informazioni relative all\u2019indirizzo rende impossibile il contatto con il cittadino e il ricevimento della cartolina o del plico elettorale in caso di votazioni.<\/p>\n<div class=\"bd-callout bd-callout-warning\" style=\"text-align: justify;\">Prima di iniziare la procedura assicurarsi di avere i seguenti documenti in formato digitale:<\/div>\n<ul class=\"spacedList\" style=\"text-align: justify;\">\n<li>Documento di riconoscimento in corso di validit\u00e0 (obbligatorio)<\/li>\n<li>Documentazione comprovante la residenza nella circoscrizione consolare (es. certificato di residenza rilasciato dall\u2019autorit\u00e0 locale, permesso di soggiorno, carta di identit\u00e0 straniera, bollette di utenze residenziali, ecc.) (obbligatorio)<\/li>\n<li>Durante la procedura sar\u00e0 possibile scaricare il modulo &#8220;Comunicazione cambio residenza&#8221; da stampare, firmare e scansionare (obbligatorio)<\/li>\n<\/ul>\n<p style=\"text-align: justify;\"><b>NB. Il servizio permette di presentare una richiesta che non s\u2019intende automaticamente accettata: verr\u00e0 comunicato in tempo reale lo stato di avanzamento della richiesta e sar\u00e0 segnalato il suo completamento mediante un avviso sulla home page di questo sito. Per una descrizione sugli stati della pratica fare riferimento all\u2019apposita sezione<\/b> <a href=\"https:\/\/serviziconsolari.esteri.it\/ScoFE\/static\/domande-frequenti.sco\">&#8220;Domande frequenti&#8221;.<\/a><\/p>\n<p style=\"text-align: justify;\"><b>Per visualizzare e stampare i file in formato PDF \u00e8 necessario che <a href=\"https:\/\/get.adobe.com\/it\/reader\/\">Adobe Acrobat Reader<\/a> o un altro programma per gestire i documenti PDF sia installato nel proprio computer.<\/b><\/p>\n","protected":false},"excerpt":{"rendered":"La comunicazione del cambiamento dell\u2019indirizzo della propria residenza in Germania, all\u2019interno della circoscrizione, va fatta utilizzando il portale dei servizi consolari online chiamato\u00a0Fast It (Attenzione! Chi si \u00e8 registrato su Prenot@mi ma non su Fast It, dovr\u00e0 effettuare una nuova registrazione). Se si \u00e8 gi\u00e0 iscritti all\u2019AIRE, il servizio consente di comunicare la variazione della [&hellip;]","protected":false},"author":5,"featured_media":0,"parent":259,"menu_order":2,"comment_status":"closed","ping_status":"closed","template":"","meta":{"footnotes":""},"class_list":["post-1814","page","type-page","status-publish","hentry"],"_links":{"self":[{"href":"https:\/\/conscolonia.esteri.it\/it\/wp-json\/wp\/v2\/pages\/1814","targetHints":{"allow":["GET"]}}],"collection":[{"href":"https:\/\/conscolonia.esteri.it\/it\/wp-json\/wp\/v2\/pages"}],"about":[{"href":"https:\/\/conscolonia.esteri.it\/it\/wp-json\/wp\/v2\/types\/page"}],"author":[{"embeddable":true,"href":"https:\/\/conscolonia.esteri.it\/it\/wp-json\/wp\/v2\/users\/5"}],"replies":[{"embeddable":true,"href":"https:\/\/conscolonia.esteri.it\/it\/wp-json\/wp\/v2\/comments?post=1814"}],"version-history":[{"count":6,"href":"https:\/\/conscolonia.esteri.it\/it\/wp-json\/wp\/v2\/pages\/1814\/revisions"}],"predecessor-version":[{"id":10856,"href":"https:\/\/conscolonia.esteri.it\/it\/wp-json\/wp\/v2\/pages\/1814\/revisions\/10856"}],"up":[{"embeddable":true,"href":"https:\/\/conscolonia.esteri.it\/it\/wp-json\/wp\/v2\/pages\/259"}],"wp:attachment":[{"href":"https:\/\/conscolonia.esteri.it\/it\/wp-json\/wp\/v2\/media?parent=1814"}],"curies":[{"name":"wp","href":"https:\/\/api.w.org\/{rel}","templated":true}]}}