{"id":1652,"date":"2023-04-20T11:01:57","date_gmt":"2023-04-20T09:01:57","guid":{"rendered":"https:\/\/conscolonia.esteri.it\/?page_id=1652"},"modified":"2026-03-13T09:57:25","modified_gmt":"2026-03-13T08:57:25","slug":"nascita-registrazione","status":"publish","type":"page","link":"https:\/\/conscolonia.esteri.it\/it\/servizi-consolari-e-visti\/servizi-per-il-cittadino-italiano\/stato-civile\/nascita-registrazione\/","title":{"rendered":"STATO CIVILE &#8211; Nascita (minori)"},"content":{"rendered":"<p><strong><a href=\"https:\/\/www.esteri.it\/it\/servizi-consolari-e-visti\/italiani-all-estero\/stato-civile\/\"><img loading=\"lazy\" decoding=\"async\" class=\"alignleft wp-image-2798 img-fluid\" src=\"https:\/\/conscolonia.esteri.it\/wp-content\/uploads\/2023\/08\/Cattura-300x203.jpg\" alt=\"\" width=\"201\" height=\"136\" srcset=\"https:\/\/conscolonia.esteri.it\/wp-content\/uploads\/2023\/08\/Cattura-300x203.jpg 300w, https:\/\/conscolonia.esteri.it\/wp-content\/uploads\/2023\/08\/Cattura.jpg 517w\" sizes=\"auto, (max-width: 201px) 100vw, 201px\" \/><\/a><\/strong><\/p>\n<div class=\"entry-content\">\n<p style=\"text-align: justify;\"><strong>UFFICIO POLIFUNZIONALE<\/strong><\/p>\n<\/div>\n<p>A seguito della conversione in Legge del DL n.36\/2025, la cittadinanza italiana <strong>non si trasmette pi\u00f9 automaticamente<\/strong> ai minori nati all\u2019estero, ma si trasmette soltanto se ricorre una delle condizioni di seguito elencate.<\/p>\n<p>Il minore<strong><u>nato all\u2019estero<\/u> da genitore\/i italiano\/i \u00e8 cittadino italiano se:<\/strong><\/p>\n<p><strong>CASO 1<\/strong><\/p>\n<ul>\n<li><strong>non \u00e8 in possesso di altra cittadinanza, \u00e8 cio\u00e8 <u>esclusivamente cittadino italiano<\/u><\/strong>.<\/li>\n<\/ul>\n<p>In questo caso, insieme all\u2019atto di nascita in originale su modello internazionale plurilingue, i genitori dovranno presentare una richiesta di trascrizione dell\u2019atto di nascita, alla quale dovr\u00e0 essere allegata idonea <u>documentazione che dimostri che il minore non abbia altra cittadinanza straniera di cui per esempio uno od entrambi i genitori siano titolari <\/u>(per esempio padre tedesco e madre italiana &#8211; e viceversa). Si precisa che si considera in possesso di un\u2019altra cittadinanza straniera il minore che l&#8217; acquisti <em>iure sanguinis<\/em> da uno dei genitori, oppure <em>iure soli <\/em>per essere nato in Germania dopo cinque anni di regolare residenza di uno o entrambi i genitori oppure che l&#8217; acquisti a seguito di una mera dichiarazione senza possibilit\u00e0 di diniego da parte dell\u2019Autorit\u00e0 straniera competente (ad esempio per \u201ccittadinanza a seguito di opzione\u201d da effettuarsi per i figli nati all\u2019estero).<\/p>\n<p><u>Ciascun genitore<\/u> dovr\u00e0 pertanto allegare alla richiesta di trascrizione un certificato di residenza rilasciato dalle autorit\u00e0 tedesche in cui sia esplicitamente indicato, oltre al nome, cognome, luogo e data di nascita dell\u2019interessato, anche la\/le cittadinanza\/e posseduta\/e e la data di emigrazione in Germania (<b><span lang=\"DE\">Erweiterte Melderegisterauskunft gem\u00e4\u00df \u00a7 45 BMG<\/span><\/b><strong>)<\/strong>. Tale certificazione \u00e8 richiesta anche per il neonato.<\/p>\n<p><u>Non sar\u00e0 ritenuta valida alcuna autocertificazione sul mancato possesso di altra cittadinanza<\/u>.<\/p>\n<p><strong>CASO 2<\/strong><\/p>\n<ul>\n<li><strong>un genitore (anche adottivo) o un nonno\/nonna possiede al momento della nascita del minore \u2013 o possedeva al momento della sua morte \u2013 esclusivamente la cittadinanza italiana<\/strong>.<\/li>\n<\/ul>\n<p>Anche in questo caso, oltre all\u2019atto di nascita in originale su modello internazionale plurilingue e alla richiesta di trascrizione dell\u2019atto di nascita da parte dei genitori, dovr\u00e0 essere allegata idonea <u>documentazione <\/u>(<b><span lang=\"DE\">Erweiterte Melderegisterauskunft gem\u00e4\u00df \u00a7 45 BMG<\/span><\/b><strong>) <\/strong><u>che dimostri che almeno un genitore (anche adottivo) o un nonno o una nonna possiede al momento della nascita del minore \u2013 o possedeva al momento della morte \u2013 esclusivamente la cittadinanza italiana.<\/u> Non sar\u00e0 ammessa, nemmeno in questo caso, alcuna autocertificazione sul mancato possesso di altra cittadinanza.<\/p>\n<p><u>Si noti bene che se i genitori del minore decidono di non effettuare la suddetta dichiarazione, si ritiene comunque che il minore possegga un\u2019altra cittadinanza e pertanto non avr\u00e0 diritto alla trasmissione della cittadinanza italiana con questo criterio.<\/u><\/p>\n<p><strong>Si ribadisce che le modifiche normative in materia di cittadinanza escludono la trasmissione della cittadinanza italiana, se il minore nato all\u2019estero da genitore italiano non rientra in una delle categorie sopra esposte.<\/strong><\/p>\n<p><strong>CASO 3<\/strong><\/p>\n<ul>\n<li><strong>il genitore cittadino italiano \u00e8 stato residente in Italia per almeno 2 anni continuativi <\/strong><strong>prima della nascita del figlio\/a<\/strong>.<\/li>\n<\/ul>\n<p>Il genitore cittadino italiano che ha acquistato la cittadinanza per matrimonio o per residenza deve dimostrare di aver risieduto in Italia per almeno 2 anni continuativi <u>successivamente all\u2019acquisto della cittadinanza italiana e prima della nascita del figlio\/a<\/u>. Non rileva la residenza in Italia del cittadino italiano prima dell\u2019acquisto della cittadinanza italiana, n\u00e9 la residenza in Italia del genitore straniero. Anche il genitore, cittadino italiano <em>iure sanguinis<\/em> per nascita, se residente in Italia per almeno 2 anni continuativamente pu\u00f2 avvalersi di questa eccezione.<\/p>\n<p><u>In questo caso, alla <b><span lang=\"DE\">Erweiterte Melderegisterauskunft gem\u00e4\u00df \u00a7 45 BMG<\/span><\/b> si dovr\u00e0 aggiungere anche il <strong>certificato di cittadinanza<\/strong> e \u00a0il <strong>certificato di residenza storico<\/strong> <\/u>del genitore cittadino italiano da richiedere al Comune\/i italiano\/i dove si \u00e8 risieduto per almeno 2 anni continuativi dopo l\u2019acquisto della cittadinanza italiana o dalla data di nascita per cittadini <em>iure sanguinis<\/em>.<\/p>\n<p>Si raccomanda di inviare la richiesta di trascrizione dell\u2019atto di nascita del minore <strong>esclusivamente se in possesso della documentazione richiesta<\/strong> necessaria alla verifica della trasmissibilit\u00e0 della cittadinanza italiana. In presenza di domande inviate incomplete non sar\u00e0 possibile da parte di questo Consolato Generale inviare l\u2019atto per la trascrizione al Comune in Italia.<\/p>\n<p style=\"text-align: center;\">********************************<\/p>\n<p>&nbsp;<\/p>\n<p><strong>NUOVI CASI DI ACQUISTO DELLA CITTADINANZA ALL\u2019ESTERO (FIGLI MINORENNI DI CITTADINI CHE NON TRASMETTONO AUTOMATICAMENTE LA CITTADINANZA ITALIANA)<\/strong><\/p>\n<p>Nei casi in cui i genitori non trasmettono automaticamente la cittadinanza italiana ai figli (per esempio cittadini che hanno acquisito la cittadinanza <em>iure sanguinis<\/em> da un bisnonno cittadino italiano) si configura l\u2019ipotesi di <strong>acquisto della cittadinanza per beneficio di legge<\/strong>.<\/p>\n<p>In questo caso entrambi i genitori dovranno presentare una <u>dichiarazione di volont\u00e0 di acquisto della cittadinanza <strong>entro tre anni dalla nascita del minore o dalla data successiva in cui \u00e8 stabilita la filiazione, anche adottiva, da cittadino italiano, se questi \u00e8 nato dopo il 24 maggio 2025<\/strong><\/u>.<\/p>\n<p><strong><u>Per i figli minorenni alla data di entrata in vigore della legge (24 maggio 2025)<\/u><\/strong><u> la dichiarazione di volont\u00e0 di acquisto della cittadinanza dovr\u00e0 essere presentata da entrambi i genitori entro e non oltre il <strong>31 maggio 2029<\/strong>.<\/u><\/p>\n<p>Ulteriori informazioni alla pagina <a href=\"https:\/\/conscolonia.esteri.it\/it\/servizi-consolari-e-visti\/servizi-per-il-cittadino-straniero\/cittadinanza\/cittadinanza-acquisto-della-cittadinanza-italiana-per-beneficio-di-legge-da-parte-di-minori\/\">CITTADINANZA \u2013 Acquisto della cittadinanza italiana per beneficio di legge da parte di minori \u2013 Consolato Generale d&#8217;Italia a Colonia<\/a>.<\/p>\n<p style=\"text-align: center;\">********************************<\/p>\n<p>&nbsp;<\/p>\n<ol>\n<li><strong> MODALIT\u00c0 DI PRESENTAZIONE DELLA RICHIESTA DI TRASCRIZIONE<\/strong><\/li>\n<\/ol>\n<p>La richiesta deve essere inviata per posta direttamente al Consolato Generale d&#8217;Italia a Colonia al seguente indirizzo:<\/p>\n<p><em>Consolato Generale d&#8217;Italia a Colonia<br \/>\n<\/em><em>Universit\u00e4tsstr. 81<\/em><\/p>\n<p><em>50931 K\u00f6ln<\/em><\/p>\n<p>&nbsp;<\/p>\n<ol>\n<li><strong> DOCUMENTAZIONE DA SPEDIRE PER REGISTRARE UNA NASCITA AVVENUTA IN GERMANIA<\/strong><\/li>\n<\/ol>\n<ul>\n<li>modulo di richiesta debitamente compilato e firmato da entrambi i genitori del minore (<a href=\"https:\/\/conscolonia.esteri.it\/wp-content\/uploads\/2025\/06\/02_CG-COLONIA-RICHIESTA-TRASCRIZIONE-ATTO-DI-NASCITA-_24-06-2025-2.docx\"><strong><span style=\"text-decoration: underline;\">modulo di domanda<\/span><\/strong><\/a>);<\/li>\n<li>fotocopia dei documenti d\u2019identit\u00e0 dei genitori;<\/li>\n<li>giustificativo della richiesta di trascrizione a seconda del caso (vedi casistica sopraindicata);<\/li>\n<li>atto di nascita\u00a0<strong>in originale <\/strong>del minore su modello internazionale plurilingue (<em>Internationale Geburtsurkunde<\/em>);<\/li>\n<\/ul>\n<p><strong>Per i figli nati fuori dal matrimonio <\/strong>oltre alla documentazione suindicata:<\/p>\n<ul>\n<li>riconoscimento di maternit\u00e0 (<em>Mutterschaftsanerkennung<\/em>)\u00a0<strong>in originale <\/strong>o beglaubigte Kopie (copia certificata conforme all\u2019originale) con allegata\u00a0<strong>traduzione in italiano;<\/strong><\/li>\n<li>riconoscimento di paternit\u00e0 (<em>Vaterschaftsanerkennung<\/em>)\u00a0<strong>in originale <\/strong>o beglaubigte Kopie (copia certificata conforme all\u2019originale) con allegata\u00a0<strong>traduzione in italiano;<\/strong><\/li>\n<li>un elenco di <a href=\"https:\/\/conscolonia.esteri.it\/wp-content\/uploads\/2026\/03\/Traduttori_13-03-2026.pdf\">traduttori giurati\u00a0<\/a>\u00e8 disponibile sul nostro sito.<\/li>\n<\/ul>\n<p>Per ulteriori informazioni \u00e8 possibile contattare l\u2019ufficio competente:<br \/>\n\u2013 per e-mail: <a href=\"mailto:colonia.nascitemorti@esteri.it\">colonia.nascitemorti@esteri.it<\/a><\/p>\n<p>&nbsp;<\/p>\n","protected":false},"excerpt":{"rendered":"UFFICIO POLIFUNZIONALE A seguito della conversione in Legge del DL n.36\/2025, la cittadinanza italiana non si trasmette pi\u00f9 automaticamente ai minori nati all\u2019estero, ma si trasmette soltanto se ricorre una delle condizioni di seguito elencate. Il minorenato all\u2019estero da genitore\/i italiano\/i \u00e8 cittadino italiano se: CASO 1 non \u00e8 in possesso di altra cittadinanza, \u00e8 [&hellip;]","protected":false},"author":5,"featured_media":0,"parent":175,"menu_order":7,"comment_status":"closed","ping_status":"closed","template":"","meta":{"footnotes":""},"class_list":["post-1652","page","type-page","status-publish","hentry"],"_links":{"self":[{"href":"https:\/\/conscolonia.esteri.it\/it\/wp-json\/wp\/v2\/pages\/1652","targetHints":{"allow":["GET"]}}],"collection":[{"href":"https:\/\/conscolonia.esteri.it\/it\/wp-json\/wp\/v2\/pages"}],"about":[{"href":"https:\/\/conscolonia.esteri.it\/it\/wp-json\/wp\/v2\/types\/page"}],"author":[{"embeddable":true,"href":"https:\/\/conscolonia.esteri.it\/it\/wp-json\/wp\/v2\/users\/5"}],"replies":[{"embeddable":true,"href":"https:\/\/conscolonia.esteri.it\/it\/wp-json\/wp\/v2\/comments?post=1652"}],"version-history":[{"count":8,"href":"https:\/\/conscolonia.esteri.it\/it\/wp-json\/wp\/v2\/pages\/1652\/revisions"}],"predecessor-version":[{"id":11914,"href":"https:\/\/conscolonia.esteri.it\/it\/wp-json\/wp\/v2\/pages\/1652\/revisions\/11914"}],"up":[{"embeddable":true,"href":"https:\/\/conscolonia.esteri.it\/it\/wp-json\/wp\/v2\/pages\/175"}],"wp:attachment":[{"href":"https:\/\/conscolonia.esteri.it\/it\/wp-json\/wp\/v2\/media?parent=1652"}],"curies":[{"name":"wp","href":"https:\/\/api.w.org\/{rel}","templated":true}]}}