{"id":1634,"date":"2023-04-20T10:10:30","date_gmt":"2023-04-20T08:10:30","guid":{"rendered":"https:\/\/conscolonia.esteri.it\/?page_id=1634"},"modified":"2023-08-15T13:54:48","modified_gmt":"2023-08-15T11:54:48","slug":"dichiarazione-di-accompagnamento","status":"publish","type":"page","link":"https:\/\/conscolonia.esteri.it\/it\/servizi-consolari-e-visti\/servizi-per-il-cittadino-italiano\/passaporti-e-carte-didentita\/dichiarazione-di-accompagnamento\/","title":{"rendered":"DOCUMENTI DI VIAGGIO &#8211; Dichiarazione di accompagnamento per viaggiatori non accompagnati con et\u00e0 inferiore ai 14 anni"},"content":{"rendered":"<div class=\"entry-content\">\n<p><a href=\"https:\/\/conscolonia.esteri.it\/wp-content\/uploads\/2023\/04\/dichiarazione_accompagnamento-1.pdf\"><img loading=\"lazy\" decoding=\"async\" class=\"alignleft size-medium wp-image-3129 img-fluid\" src=\"https:\/\/conscolonia.esteri.it\/wp-content\/uploads\/2023\/08\/Dichiarazione-di-accompagnamento_jpg-206x300.jpg\" alt=\"\" width=\"206\" height=\"300\" srcset=\"https:\/\/conscolonia.esteri.it\/wp-content\/uploads\/2023\/08\/Dichiarazione-di-accompagnamento_jpg-206x300.jpg 206w, https:\/\/conscolonia.esteri.it\/wp-content\/uploads\/2023\/08\/Dichiarazione-di-accompagnamento_jpg.jpg 446w\" sizes=\"auto, (max-width: 206px) 100vw, 206px\" \/><\/a><\/p>\n<p>&nbsp;<\/p>\n<p>&nbsp;<\/p>\n<p>&nbsp;<\/p>\n<p>&nbsp;<\/p>\n<p>&nbsp;<\/p>\n<p>&nbsp;<\/p>\n<p>&nbsp;<\/p>\n<p><strong>UFFICIO PASSAPORTI \/ CARTE D&#8217;IDENTIT\u00c0<br \/>\n<\/strong><a href=\"mailto:passaporti.colonia@esteri.it\">passaporti.colonia@esteri.it<\/a><\/p>\n<p><strong>Il minore italiano di et\u00e0 inferiore ai quattordici anni che viaggia fuori del Paese di residenza non accompagnato<\/strong> da almeno un titolare della responsabilit\u00e0 genitoriale deve essere munito di un\u2019attestazione di accompagnamento in cui figurino le generalit\u00e0 della\/e persona\/e, dell\u2019ente o della compagnia di trasporto a cui viene affidato.<br \/>\nL\u2019attestazione viene rilasciata su richiesta sottoscritta da tutti coloro che secondo l\u2019ordinamento italiano risultino titolari della responsabilit\u00e0 genitoriale. Avr\u00e0 una validit\u00e0 limitata ad un solo viaggio e non potr\u00e0 comunque superare i sei mesi.<\/p>\n<p>Il giorno dell&#8217;appuntamento (previamente fissato via email a <a href=\"mailto:passaporti.colonia@esteri.it\">passaporti.colonia@esteri.it<\/a>) bisogna presentare la seguente documentazione al Consolato Generale:<\/p>\n<ul>\n<li>compilato e firmato: \u00a0<a href=\"https:\/\/conscolonia.esteri.it\/wp-content\/uploads\/2023\/04\/dichiarazione_accompagnamento-1.pdf\">dichiarazione di accompagnamento<\/a>;<\/li>\n<\/ul>\n<p style=\"padding-left: 40px;\">insieme al modulo bisogna presentare:<br \/>\n&gt; copia del documento di identit\u00e0 con cui il minore viagger\u00e0;<br \/>\n&gt; copia dei documenti di identit\u00e0 dei titolari del responsabilit\u00e0 genitoriale;<br \/>\n&gt; copia del documento di identit\u00e0 della\/e persona\/e alla\/e quale\/i il minore viene affidato (non necessaria in caso di affidamento ad una compagnia di trasporto);<\/p>\n<p>IMPORTANTE: Se il genitore non \u00e8 cittadino di un Paese dell&#8217;Unione Europea \u00e8 indispensabile la sua presenza in\u00a0 Consolato per l&#8217;autentica di firma;<\/p>\n<p>Per ulteriori informazioni consultate p.f. il sito del Ministero degli Affari Esteri e della Cooperazione Internazionale:<br \/>\n<a href=\"https:\/\/conslione.esteri.it\/it\/servizi-consolari-e-visti\/servizi-per-il-cittadino-italiano\/dichiarazione-di-accompagnamento\/\">https:\/\/conslione.esteri.it\/it\/servizi-consolari-e-visti\/servizi-per-il-cittadino-italiano\/dichiarazione-di-accompagnamento\/<\/a><\/p>\n<\/div>\n","protected":false},"excerpt":{"rendered":"&nbsp; &nbsp; &nbsp; &nbsp; &nbsp; &nbsp; &nbsp; UFFICIO PASSAPORTI \/ CARTE D&#8217;IDENTIT\u00c0 passaporti.colonia@esteri.it Il minore italiano di et\u00e0 inferiore ai quattordici anni che viaggia fuori del Paese di residenza non accompagnato da almeno un titolare della responsabilit\u00e0 genitoriale deve essere munito di un\u2019attestazione di accompagnamento in cui figurino le generalit\u00e0 della\/e persona\/e, dell\u2019ente o della [&hellip;]","protected":false},"author":5,"featured_media":0,"parent":257,"menu_order":5,"comment_status":"closed","ping_status":"closed","template":"","meta":{"footnotes":""},"class_list":["post-1634","page","type-page","status-publish","hentry"],"_links":{"self":[{"href":"https:\/\/conscolonia.esteri.it\/it\/wp-json\/wp\/v2\/pages\/1634","targetHints":{"allow":["GET"]}}],"collection":[{"href":"https:\/\/conscolonia.esteri.it\/it\/wp-json\/wp\/v2\/pages"}],"about":[{"href":"https:\/\/conscolonia.esteri.it\/it\/wp-json\/wp\/v2\/types\/page"}],"author":[{"embeddable":true,"href":"https:\/\/conscolonia.esteri.it\/it\/wp-json\/wp\/v2\/users\/5"}],"replies":[{"embeddable":true,"href":"https:\/\/conscolonia.esteri.it\/it\/wp-json\/wp\/v2\/comments?post=1634"}],"version-history":[{"count":0,"href":"https:\/\/conscolonia.esteri.it\/it\/wp-json\/wp\/v2\/pages\/1634\/revisions"}],"up":[{"embeddable":true,"href":"https:\/\/conscolonia.esteri.it\/it\/wp-json\/wp\/v2\/pages\/257"}],"wp:attachment":[{"href":"https:\/\/conscolonia.esteri.it\/it\/wp-json\/wp\/v2\/media?parent=1634"}],"curies":[{"name":"wp","href":"https:\/\/api.w.org\/{rel}","templated":true}]}}