{"id":12,"date":"2023-02-02T16:19:25","date_gmt":"2023-02-02T15:19:25","guid":{"rendered":"https:\/\/conscolonia.esteri.it\/?page_id=12"},"modified":"2025-12-18T09:47:15","modified_gmt":"2025-12-18T08:47:15","slug":"chi-siamo","status":"publish","type":"page","link":"https:\/\/conscolonia.esteri.it\/it\/chi-siamo\/","title":{"rendered":"Chi siamo"},"content":{"rendered":"<p><strong>CONSOLATO GENERALE D&#8217;ITALIA A COLONIA<\/strong><br \/>\n<a href=\"mailto:info.colonia@esteri.it\">info.colonia@esteri.it<\/a><\/p>\n<p><strong>Orario di apertura al pubblico:<\/strong><\/p>\n<p>dal luned\u00ec al venerd\u00ec ore 8:30 &#8211; 12:30<br \/>\nmercoled\u00ec: ore 8:30 &#8211; 12:30, 15:00 &#8211; 17:30<\/p>\n<p>Mercoled\u00ec, 24 dicembre 2025 (Vigilia di Natale), ore 08:30 &#8211; 12:30<br \/>\nMercoled\u00ec, 31 dicembre 2025 (San Silvestro), ore 08:30 &#8211; 12:30<\/p>\n<p>&nbsp;<\/p>\n<p><strong>Telefonare per informazioni:<br \/>\n<\/strong><br \/>\nTelefonando al numero 0221 40087-23 si possono ricevere da un operatore del Consolato informazioni generali sui servizi offerti:<\/p>\n<ul>\n<li>il luned\u00ec, il marted\u00ec e il gioved\u00ec pomeriggio dalle\u00a0ore 14.30 alle 16.45 e<\/li>\n<li>il venerd\u00ec pomeriggio dalle ore\u00a014.30 alle 16.15<\/li>\n<\/ul>\n<p>&nbsp;<\/p>\n<p><strong>Telefonare in casi di emergenza:<\/p>\n<p><\/strong>Per i soli casi di reale e comprovata emergenza relativi a cittadini italiani (es. arresti, incidenti) fuori dagli orari di centralino<br \/>\nchiamare il numero: +<strong>49- (o)171 954 5 516<\/strong><br \/>\nQuesto numero NON fornisce informazioni generiche ne\u2019 sui servizi consolari ordinari.<strong><br \/>\n<\/strong><\/p>\n<p>Questo servizio telefonico \u00e8 attivato:<\/p>\n<p>a) il luned\u00ec, marted\u00ec e gioved\u00ec dalle ore 17.00 alle ore 22.00;<br \/>\nil mercoled\u00ec dalle ore 17.30 alle ore 22.00;<br \/>\nb) il venerd\u00ec dalle ore 16.30 alle 22.00;<br \/>\nc) nel fine settimana, dalle ore 08.00 alle ore 22.00;<br \/>\nd) i giorni di ricorrenza festiva come da calendario della sede, dalle ore 8.00 alle ore 22.00<\/p>\n<p>Si prega vivamente l\u2019utenza di astenersi dal contattare il predetto numero per questioni inerenti il rilascio di passaporti e\/o carte di identit\u00e0 e per informazioni concernenti lo stato delle pratiche consolari.<\/p>\n<p>In qualsiasi altro caso d&#8217;emergenza si pu\u00f2 contattare gratuitamente &#8211; 24 ore su 24 &#8211; i servizi di Pronto Intervento in qualunque Paese dell&#8217;Unione Europea, componendo il numero unico d&#8217;emergenza 112 da qualsiasi telefono fisso o mobile.<\/p>\n<p>Si sottolinea che tale servizio, fermo restando le competenze consolari in materia, \u00e8 da considerarsi ben pi\u00f9 adatto a segnalare emergenze gravi, poich\u00e8 direttamente connesso alle strutture di pubblica sicurezza e soccorso in Germania.<\/p>\n","protected":false},"excerpt":{"rendered":"CONSOLATO GENERALE D&#8217;ITALIA A COLONIA info.colonia@esteri.it Orario di apertura al pubblico: dal luned\u00ec al venerd\u00ec ore 8:30 &#8211; 12:30 mercoled\u00ec: ore 8:30 &#8211; 12:30, 15:00 &#8211; 17:30 Mercoled\u00ec, 24 dicembre 2025 (Vigilia di Natale), ore 08:30 &#8211; 12:30 Mercoled\u00ec, 31 dicembre 2025 (San Silvestro), ore 08:30 &#8211; 12:30 &nbsp; Telefonare per informazioni: Telefonando al numero [&hellip;]","protected":false},"author":1,"featured_media":0,"parent":0,"menu_order":2,"comment_status":"closed","ping_status":"closed","template":"","meta":{"footnotes":""},"class_list":["post-12","page","type-page","status-publish","hentry"],"_links":{"self":[{"href":"https:\/\/conscolonia.esteri.it\/it\/wp-json\/wp\/v2\/pages\/12","targetHints":{"allow":["GET"]}}],"collection":[{"href":"https:\/\/conscolonia.esteri.it\/it\/wp-json\/wp\/v2\/pages"}],"about":[{"href":"https:\/\/conscolonia.esteri.it\/it\/wp-json\/wp\/v2\/types\/page"}],"author":[{"embeddable":true,"href":"https:\/\/conscolonia.esteri.it\/it\/wp-json\/wp\/v2\/users\/1"}],"replies":[{"embeddable":true,"href":"https:\/\/conscolonia.esteri.it\/it\/wp-json\/wp\/v2\/comments?post=12"}],"version-history":[{"count":2,"href":"https:\/\/conscolonia.esteri.it\/it\/wp-json\/wp\/v2\/pages\/12\/revisions"}],"predecessor-version":[{"id":11211,"href":"https:\/\/conscolonia.esteri.it\/it\/wp-json\/wp\/v2\/pages\/12\/revisions\/11211"}],"wp:attachment":[{"href":"https:\/\/conscolonia.esteri.it\/it\/wp-json\/wp\/v2\/media?parent=12"}],"curies":[{"name":"wp","href":"https:\/\/api.w.org\/{rel}","templated":true}]}}