{"id":98,"date":"2023-02-02T18:50:45","date_gmt":"2023-02-02T17:50:45","guid":{"rendered":"https:\/\/conscolonia.esteri.it\/chi-siamo\/il-console-generale\/"},"modified":"2025-09-08T09:23:22","modified_gmt":"2025-09-08T07:23:22","slug":"il-console-generale","status":"publish","type":"page","link":"https:\/\/conscolonia.esteri.it\/de\/chi-siamo\/il-console-generale\/","title":{"rendered":"Der Generalkonsul"},"content":{"rendered":"<h2><img loading=\"lazy\" decoding=\"async\" class=\"alignnone size-medium wp-image-9950 img-fluid\" src=\"https:\/\/conscolonia.esteri.it\/wp-content\/uploads\/2025\/09\/IMG-20250905-WA0001-263x300.jpg\" alt=\"\" width=\"263\" height=\"300\" srcset=\"https:\/\/conscolonia.esteri.it\/wp-content\/uploads\/2025\/09\/IMG-20250905-WA0001-263x300.jpg 263w, https:\/\/conscolonia.esteri.it\/wp-content\/uploads\/2025\/09\/IMG-20250905-WA0001-899x1024.jpg 899w, https:\/\/conscolonia.esteri.it\/wp-content\/uploads\/2025\/09\/IMG-20250905-WA0001-768x874.jpg 768w, https:\/\/conscolonia.esteri.it\/wp-content\/uploads\/2025\/09\/IMG-20250905-WA0001.jpg 1032w\" sizes=\"auto, (max-width: 263px) 100vw, 263px\" \/><\/h2>\n<h4><strong>CURRICULUM VITAE &#8211; Massimo Cipolletti<\/strong><\/h4>\n<p>Geboren in Rom am 28. Juli 1970.<\/p>\n<p style=\"text-align: justify;\">Im \u00d6ffentlichen Dienst als Staatsbeamter seit dem 2. November 2011.<\/p>\n<p style=\"text-align: justify;\">Doktortitel in Wirtschaft und Recht der Internationalen Beziehungen, verliehen von der Freien Universit\u00e4t \u201eSan Pio V.\u201c in Rom.<\/p>\n<p style=\"text-align: justify;\">Hochschulabschluss im Jahr 1995, <em>magna cum laude<\/em>, in Wirtschaftswissenschaften, verliehen von der Universit\u00e4t \u201cLa Sapienza\u201d in Rom.<\/p>\n<p style=\"text-align: justify;\">Nach bedeutenden Erfahrungen im Privatsektor, sowohl in Italien als auch im Ausland, entscheidet er sich, in den Dienst der \u00d6ffentlichen Beh\u00f6rden zu treten, aus der \u00dcberzeugung, dass sie eine zentrale Rolle f\u00fcr das wirtschaftliche, gesellschaftliche und kulturelle Wachstum der Nation spielen.<br \/>\nIn seiner Karriere als <em>civil servant<\/em>, hat er immer versucht, in der t\u00e4glichen Verwaltungsarbeit sowie bei der Abhandlung der <em>dossiers <\/em>eine konkrete L\u00f6sung f\u00fcr die Probleme von B\u00fcrgern sowie der Unternehmen zu finden und dabei auch im eigenen Beruf immer flexibel und wandlungsf\u00e4hig zu sein.<\/p>\n<p style=\"text-align: justify;\">Im Jahr 2000 tritt er ins Ministerium f\u00fcr Kommunikation ein, wo sein Zust\u00e4ndigkeitsbereich bei Postdienstleistungen sowie bei den Audiovisuellen Medien f\u00fcr die Europ\u00e4ische Union und die Vereinten Nationen liegt.<\/p>\n<p style=\"text-align: justify;\">Von 2006 bis 2008 arbeitet er im Kabinett des Ministers f\u00fcr Universit\u00e4t und Forschung.<\/p>\n<p style=\"text-align: justify;\">Bei seiner R\u00fcckkehr zum reformierten Ministerium f\u00fcr wirtschaftliche Entwicklung wird ihm die Abteilung f\u00fcr internationalen Handel anvertraut.<\/p>\n<p style=\"text-align: justify;\">Hier arbeitet er zuerst in der Generaldirektion f\u00fcr Politik der Internationalisierung und F\u00f6rderung des Handels mit Fokus auf den Balkanstaaten.<br \/>\ndann wird er Abteilungsleiter in der Generaldirektion f\u00fcr internationale Handelspolitik und leitet zwei Abteilungen ersten Ranges:<br \/>\n\u201cEuropa und Mittelmeer\u201d vom 2. November 2011 bis 31. Oktober 2014<br \/>\n\u201cExport von Dual-Use-G\u00fctern und Embargos\u201c vom 1. November 2014 bis 31. Dezember 2019.<\/p>\n<p style=\"text-align: justify;\">F\u00fchrungskraft im Italienischen Au\u00dfenministerium seit 1. Januar 2020, zuerst als Abteilungsleiter f\u00fcr Dual-Use-Materialien bei der Nationalbeh\u00f6rde f\u00fcr die Zulassungen von R\u00fcstungsmaterialien UAMA bis 30. September 2021, dann als Verwaltungsexperte bei der Italienischen Botschaft in Wien und Leiter der Zentralen Verwaltungsabteilung f\u00fcr \u00d6sterreich, Schweiz, Ungarn und Slowenien.<\/p>\n<p style=\"text-align: justify;\">Seit 1. September 2025 ist er Generalkonsul der Italienischen Republik in K\u00f6ln.<\/p>\n","protected":false},"excerpt":{"rendered":"CURRICULUM VITAE &#8211; Massimo Cipolletti Geboren in Rom am 28. Juli 1970. Im \u00d6ffentlichen Dienst als Staatsbeamter seit dem 2. November 2011. Doktortitel in Wirtschaft und Recht der Internationalen Beziehungen, verliehen von der Freien Universit\u00e4t \u201eSan Pio V.\u201c in Rom. Hochschulabschluss im Jahr 1995, magna cum laude, in Wirtschaftswissenschaften, verliehen von der Universit\u00e4t \u201cLa Sapienza\u201d [&hellip;]","protected":false},"author":3,"featured_media":0,"parent":37,"menu_order":0,"comment_status":"closed","ping_status":"closed","template":"","meta":{"footnotes":""},"class_list":["post-98","page","type-page","status-publish","hentry"],"_links":{"self":[{"href":"https:\/\/conscolonia.esteri.it\/de\/wp-json\/wp\/v2\/pages\/98","targetHints":{"allow":["GET"]}}],"collection":[{"href":"https:\/\/conscolonia.esteri.it\/de\/wp-json\/wp\/v2\/pages"}],"about":[{"href":"https:\/\/conscolonia.esteri.it\/de\/wp-json\/wp\/v2\/types\/page"}],"author":[{"embeddable":true,"href":"https:\/\/conscolonia.esteri.it\/de\/wp-json\/wp\/v2\/users\/3"}],"replies":[{"embeddable":true,"href":"https:\/\/conscolonia.esteri.it\/de\/wp-json\/wp\/v2\/comments?post=98"}],"version-history":[{"count":7,"href":"https:\/\/conscolonia.esteri.it\/de\/wp-json\/wp\/v2\/pages\/98\/revisions"}],"predecessor-version":[{"id":10019,"href":"https:\/\/conscolonia.esteri.it\/de\/wp-json\/wp\/v2\/pages\/98\/revisions\/10019"}],"up":[{"embeddable":true,"href":"https:\/\/conscolonia.esteri.it\/de\/wp-json\/wp\/v2\/pages\/37"}],"wp:attachment":[{"href":"https:\/\/conscolonia.esteri.it\/de\/wp-json\/wp\/v2\/media?parent=98"}],"curies":[{"name":"wp","href":"https:\/\/api.w.org\/{rel}","templated":true}]}}