{"id":97,"date":"2023-02-02T18:51:11","date_gmt":"2023-02-02T17:51:11","guid":{"rendered":"https:\/\/conscolonia.esteri.it\/chi-siamo\/la-rete-consolare\/"},"modified":"2023-10-20T12:34:46","modified_gmt":"2023-10-20T10:34:46","slug":"la-rete-consolare","status":"publish","type":"page","link":"https:\/\/conscolonia.esteri.it\/de\/chi-siamo\/la-rete-consolare\/","title":{"rendered":"Die italienischen Konsulate"},"content":{"rendered":"<p><a href=\"https:\/\/conscolonia.esteri.it\/it\/chi-siamo\/la-rete-consolare\/\"><img loading=\"lazy\" decoding=\"async\" class=\"\" src=\"https:\/\/conscolonia.esteri.it\/wp-content\/uploads\/2023\/04\/Mappa.jpg\" width=\"599\" height=\"616\" \/><\/a><\/p>\n<p><strong>Liste der italienischen Konsulate in der Bundesrepublik Deutschland:<br \/>\n<a href=\"https:\/\/ambberlino.esteri.it\/it\/chi-siamo\/la-rete-consolare\/\">https:\/\/ambberlino.esteri.it\/it\/chi-siamo\/la-rete-consolare\/<\/a><br \/>\n<\/strong><\/p>\n<p><a href=\"https:\/\/ambberlino.esteri.it\/\">BERLIN, Konsularkanzlei Italienische Botschaft in Berlin<\/a><br \/>\n<a href=\"https:\/\/www.consolato-amburgo.com\/\">HAMBURG, Italienisches Honorarkonsulat<\/a><br \/>\n<a href=\"http:\/\/www.consolato-onorario-brema.de\/italienisches-honorarkonsulat-bremen-2.html\">BREMEN, Italienisches Honorarkonsulat<\/a><br \/>\n<a href=\"https:\/\/consdortmund.esteri.it\/Consolato_Dortmund\/it\/\">DORTMUND, Italienisches Konsulat<\/a><br \/>\n<a href=\"http:\/\/www.consonordresda.de\/\">DRESDEN, Italienisches Honorarkonsulat<br \/>\n<\/a><a href=\"https:\/\/consfriburgo.esteri.it\/Consolato_Friburgo\/it\/\">FREIBURG, Italienisches Konsulat<br \/>\n<\/a><a href=\"mailto:hamm.onorario@esteri.it\">HAMM, Italienisches Honorarkonsulat<br \/>\n<\/a><a href=\"https:\/\/conshannover.esteri.it\/consolato_hannover\/it\/\">HANNOVER, Italienisches Generalkonsulat<br \/>\n<\/a><a href=\"http:\/\/www.konsulat-kiel.de\/italienisches-honorarkonsulat-kiel.html\">KIEL, Italienisches Honorarkonsulat<\/a><a href=\"https:\/\/conshannover.esteri.it\/consolato_hannover\/it\/\"><br \/>\n<\/a><a href=\"https:\/\/conscolonia.esteri.it\/consolato_colonia\/it\/\">K\u00d6LN, Italienisches Generalkonsulat<\/a><a href=\"https:\/\/conshannover.esteri.it\/consolato_hannover\/it\/\"><br \/>\n<\/a><a href=\"https:\/\/conslipsia.de\/it\/eroeffnung_des_italienischen_honorarkonsulats\">LEIPZIG, Italienisches Honorarkonsulat<\/a><a href=\"https:\/\/conshannover.esteri.it\/consolato_hannover\/it\/\"><br \/>\n<\/a><a href=\"https:\/\/consolato-onorario-mannheim.de\/?lang=it\">MANNHEIM, Italienisches Honorarkonsulat<\/a><a href=\"https:\/\/conshannover.esteri.it\/consolato_hannover\/it\/\"><br \/>\n<\/a><a href=\"https:\/\/consmonacodibaviera.esteri.it\/Consolato_MonacoDiBaviera\/it\/\">M\u00dcNCHEN, Italienisches Generalkonsulat<\/a><a href=\"https:\/\/conshannover.esteri.it\/consolato_hannover\/it\/\"><br \/>\n<\/a><a href=\"https:\/\/ambberlino.esteri.it\/ambasciata_berlino\/it\/ambasciata\/la_rete_consolare\/#NORIMBERGA\">N\u00dcRNBERG, Italienisches Honorarkonsulat<\/a><a href=\"https:\/\/conshannover.esteri.it\/consolato_hannover\/it\/\"><br \/>\n<\/a><a href=\"https:\/\/consfrancoforte.esteri.it\/consolato_francoforte\/it\/il_consolato\/consolato-onorario-saarbruecken.html\">SAARBR\u00dcCKEN, Italienisches Honorarkonsulat<\/a><a href=\"https:\/\/conshannover.esteri.it\/consolato_hannover\/it\/\"><br \/>\n<\/a><a href=\"https:\/\/consstoccarda.esteri.it\/Consolato_Stoccarda\/it\/\">STUTTGART, Italienisches Generalkonsulat<\/a><a href=\"https:\/\/conshannover.esteri.it\/consolato_hannover\/it\/\"><br \/>\n<\/a><a href=\"https:\/\/conswolfsburg.esteri.it\/Consolato_Wolfsburg\/it\/\">WOLFSBURG, Italienische Konsularagentur<\/a><\/p>\n<p><span id=\"berlino\"><strong>Botschaft der Italienischen Republik in BERLIN<\/strong><\/span><br \/>\nLeiterin der Konsularkanzlei: Flavia FRATONI<br \/>\nHildebrandstra\u00dfe 1<br \/>\n10785\u00a0Berlin<br \/>\nTel.: +49 (0)30 25440-0<br \/>\nFax: +49 (0)30 25440189<br \/>\nEmail: <a href=\"mailto:consolare.berlino@esteri.it\">consolare.berlino@esteri.it<\/a><br \/>\nHomepage: <a href=\"https:\/\/ambberlino.esteri.it\/it\/servizi-consolari-e-visti\/\" target=\"_blank\" rel=\"noopener\">https:\/\/ambberlino.esteri.it\/it\/servizi-consolari-e-visti\/<\/a><\/p>\n<p>\u00d6ffnungszeiten:<br \/>\nMontag und Freitag: 08.30 \u2013 12.30 Uhr<br \/>\nDienstag: 8.30 \u2013 10.30 Uhr<br \/>\nMittwoch und Donnerstag: 13.00 \u2013 17.00 Uhr<br \/>\nKonsularbezirk: Berlin, Brandeburg, Sachsen, Sachsen-Anhalt e Th\u00fcringen<\/p>\n<p><span id=\"amburgo\"><strong>Honorarkonsulat der Italienischen Republik in HAMBURG<\/strong><\/span><br \/>\nHonorarkonsul: Anton Andreas R\u00d6SSNER<br \/>\nLokstedter Weg 24<br \/>\n20251 Hamburg<br \/>\nTel.: +49 (0)40 444-05044<br \/>\nFax: +49 (0)40 444-05046<br \/>\nEmail: <a href=\"mailto:info@consolato-amburgo.de\">info@consolato-amburgo.de<\/a>;\u00a0<a href=\"mailto:info@consolato-amburgo.de\">amburgo.onorario@esteri.it<\/a><br \/>\nHomepage: <a href=\"http:\/\/www.consolato-amburgo.de\/\" target=\"_blank\" rel=\"noopener\">www.consolato-amburgo.de<\/a><\/p>\n<p>\u00d6ffnungszeiten:<br \/>\nMontag\u2013 Freitag: 09.00 \u2013 13.00 Uhr (nur nach vorheriger Terminvereinbarung)<\/p>\n<p><span id=\"brema\"><strong>Honorarkonsulat der Italienischen Republik in BREMEN<\/strong><\/span><br \/>\nHonorarkonsul: Marco Romed FUCHS<br \/>\nManfred-Fuchs-Platz 2-4<br \/>\n28359 Bremen<br \/>\nTel.: +49 (0)421 2020-9739\/-7222<br \/>\nFax: +49 (0)421 2020700<br \/>\nEmail: <a href=\"mailto:brema.onorario@esteri.it%C2%A0%C2%A0%C2%A0%20Sito%20web:%20www.consolato-onorario-brema.de\">brema.onorario@esteri.it<\/a>;\u00a0<a href=\"mailto:consolato.brema@web.de\">consolato.brema@web.de<\/a><br \/>\n<span style=\"color: #000000;\">Homepage<\/span>: <a href=\"http:\/\/www.consolato-onorario-brema.de\/\" target=\"_blank\" rel=\"noopener\">www.consolato-onorario-brema.de<\/a><\/p>\n<p>\u00d6ffnungszeiten:<br \/>\nMontag \u2013 Freitag: 09.00 \u2013 12.30 Uhr (nachmittags nur nach vorheriger Terminvereinbarung)<br \/>\nKonsularbezirk: Die St\u00e4dte Bremen und Bremerhaven<\/p>\n<p><span id=\"colonia\"><strong>Generalkonsulat der Italienischen Republik in K\u00d6LN<\/strong><\/span><br \/>\nGeneralkonsul: Luis CAVALIERI<br \/>\nUniversit\u00e4tsstra\u00dfe 81<br \/>\n50931 K\u00f6ln<br \/>\nTel.: +49 (0)221 40087-0\/- 24<br \/>\nFax: +49 (0)221 4060350<br \/>\nEmail: <a href=\"mailto:info.colonia@esteri.it\">info.colonia@esteri.it<\/a><br \/>\nHomepage: <a href=\"https:\/\/conscolonia.esteri.it\" target=\"_blank\" rel=\"noopener\">https:\/\/conscolonia.esteri.it<\/a><\/p>\n<p>\u00d6ffnungszeiten:<br \/>\nMontag\u2013 Freitag: 08.30 \u2013 12.30 Uhr<br \/>\nMittwoch: 15.00 \u2013 17.30 Uhr<br \/>\nKonsularbezirk: Die Regierungsbezirke K\u00f6ln und D\u00fcsseldorf, der Regierungsbezirk Arnsberg, sowie teilweise die Bezirke Olpe und Siegen-Wittgenstein<\/p>\n<p><span id=\"dortmund\"><strong>Konsulat DORTMUND<\/strong><\/span><br \/>\nKonsul: Cesare TRECROCI<br \/>\nG\u00f6benstra\u00dfe 14<br \/>\n44135 Dortmund<br \/>\nTel.: +49 (0)231 57796-0<br \/>\nFax: +49 (0)231 57796-42<br \/>\nEmail: <a href=\"mailto:segreteria.dortmund@esteri.it\">segreteria.dortmund@esteri.it<\/a><br \/>\nHomepage: <a href=\"https:\/\/ambberlino.esteri.it\/it\/servizi-consolari-e-visti\/\" target=\"_blank\" rel=\"noopener\">https:\/\/<\/a><a href=\"https:\/\/consdortmund.esteri.it\/\" target=\"_blank\" rel=\"noopener\">consdortmund.esteri.it<\/a><\/p>\n<p>\u00d6ffnungszeiten:<br \/>\nMontag, Dienstag, Donnerstag und Freitag: 09.00 \u2013 12.30 Uhr<br \/>\nMittwoch: 14.30 \u2013 17.30 Uhr<br \/>\nKonsularbezirk: Die Regierungsbezirke M\u00fcnster und Detmold, sowie der Regierungsbezirk Arnsberg au\u00dfer den Bezirken Olpe und Siegen-Wittgenstein<\/p>\n<p><span id=\"dresda\"><strong>Honorarkonsulat der Italienischen Republik DRESDEN<\/strong><\/span><br \/>\nHonorarkonsul: Andreas AUM\u00dcLLER<br \/>\nAugsburger Stra\u00dfe 4<br \/>\n01309 Dresden<br \/>\nTel.: +49 (0)351 4444-488<br \/>\nFax: +49 (0)351 444458-488<br \/>\nEmail: <a href=\"mailto:a.aumueller@dresden.creditreform.de\">a.aumueller@dresden.creditreform.de<\/a><br \/>\nHomepage: <a href=\"https:\/\/consonordresda.de\/\" target=\"_blank\" rel=\"noopener\">www.consonordresda.de<\/a><\/p>\n<p>Konsularbezirk: Der Regierungsbezirk Dresden im Bundesland Sachsen.<\/p>\n<p><span id=\"francoforte\"><strong>Generalkonsulat der Italienischen Republik in FRANKFURT AM MAIN<\/strong><\/span><br \/>\nGeneralkonsul: Andrea Esteban SAM\u00c0<br \/>\nDanziger Platz 12<br \/>\n60314 Frankfurt am Main<br \/>\nTel.: +49 (0)69 7531-0<br \/>\nFax: +49 (0)69 7531-104<br \/>\nEmail: <a href=\"mailto:segreteria.francoforte@esteri.it\">segreteria.francoforte@esteri.it<\/a><br \/>\nHomepage: <a href=\"https:\/\/ambberlino.esteri.it\/it\/servizi-consolari-e-visti\/\" target=\"_blank\" rel=\"noopener\">https:\/\/<\/a><a href=\"https:\/\/consfrancoforte.esteri.it\/\" target=\"_blank\" rel=\"noopener\">consfrancoforte.esteri.it<\/a><\/p>\n<p>\u00d6ffnungszeiten:<br \/>\nMontag \u2013 Freitag: 09.00 \u2013 12.00 Uhr<br \/>\nMittwoch: 14.30 \u2013 17.00 Uhr<br \/>\nKonsularbezirk: Die Bundesl\u00e4nder Hessen, Rheinland-Pfalz und Saarland, sowie Unterfranken im Bundesland Bayern<\/p>\n<p><span id=\"friburgo\"><strong>Konsulat der Italienischen Republik in FREIBURG IM BREISGAU<\/strong><\/span><br \/>\nKonsulin: Francesca TONINATO<br \/>\nAugustinerplatz 2<br \/>\n79098 Freiburg im Breisgau<br \/>\nTel.: +49 (0)761 386610<br \/>\nFax: +49 (0)761 3866161<br \/>\nEmail: <a href=\"mailto:consolato.friburgo@esteri.it\">consolato.friburgo@esteri.it<\/a><br \/>\nHomepage: <a href=\"https:\/\/ambberlino.esteri.it\/it\/servizi-consolari-e-visti\/\" target=\"_blank\" rel=\"noopener\">https:\/\/<\/a><a href=\"https:\/\/consfriburgo.esteri.it\/\" target=\"_blank\" rel=\"noopener\">consfriburgo.esteri.it<\/a><\/p>\n<p>\u00d6ffnungszeiten:<br \/>\nMontag, Dienstag, Donnerstag und Freitag: 09.00 \u2013 12.15 Uhr; Montag und Mittwoch: 14.00 \u2013 17.00 Uhr<br \/>\nKonsularbezrik: Die St\u00e4dte Freiburg,\u00a0 Rottweil, Emmendingen, Tuttlingen, Konstanz, L\u00f6rrach, Waldshut sowie derOrtenaukreis, Schwarzwald-Baar, Breisgau-Hochschwarzwald<\/p>\n<p><span id=\"hamm\"><strong>Honorarkonsulat der Italienischen Republik in HAMM<\/strong><\/span><br \/>\nHonorarkonsul: Markus KREUZ<br \/>\nc\/o Stadt Hamm<br \/>\nTheodor-Heuss-Platz 16<br \/>\nHistorisches Rathaus, 2. Stock, Zimmer 223<br \/>\n59065 Hamm<br \/>\nT +49 (0)2381 173050<br \/>\nF +49 (0)2381 172964<br \/>\nEmail: <a href=\"mailto:hamm.onorario@esteri.it\">hamm.onorario@esteri.it<\/a><\/p>\n<p>\u00d6ffnungszeiten:<br \/>\nMontag, Dienstag und Donnerstag: 09.00 \u2013 12.00 Uhr (nach vorheriger Terminabsprache)<br \/>\nKonsularbezirk: Die St\u00e4dte Hamm, M\u00fcnster, Bielefeld, sowie die Bezirke Hochsauerland, Soest, Steinfurt, Coesfeld, Warendorf und der Regierungsbezirk Detmold<\/p>\n<p><span id=\"hannover\"><strong>Generalkonsulat der Italienischen Republik in HANNOVER<\/strong><\/span><br \/>\nGeneralkonsul: David MICHELUT<br \/>\nFreundallee 27<br \/>\n30173 Hannover<br \/>\nTel.: +49 (0)511 28379-0<br \/>\nFax: +49 (0)511 28379-30<br \/>\nEmail: <a href=\"mailto:segreteria.hannover@esteri.it\">segreteria.hannover@esteri.it<\/a><br \/>\nHomepage: <a href=\"https:\/\/ambberlino.esteri.it\/it\/servizi-consolari-e-visti\/\" target=\"_blank\" rel=\"noopener\">https:\/\/<\/a><a href=\"https:\/\/conshannover.esteri.it\/\" target=\"_blank\" rel=\"noopener\">conshannover.esteri.it<\/a><\/p>\n<p>\u00d6ffnungszeiten:<br \/>\nMontag: 15.00 \u2013 17.00 Uhr<br \/>\nDienstag, Mittwoch, Donnerstag: 09.00 \u2013 13.00 Uhr<br \/>\nKonsularbezirk: Die Bundesl\u00e4nder Niedersachsen, Hamburg, Bremen,\u00a0 Schleswig-Holstein, Mecklenburg-Vorpommern<\/p>\n<p><span id=\"kiel\"><strong>Honorarkonsulat der Italienischen Republik in KIEL<\/strong><\/span><br \/>\nHonorarkonsul: Karsten MEYER<br \/>\nWilhelmplatz 2A (Hinterhaus\/Hof I, 1. piano)<br \/>\n24116 Kiel<br \/>\nTel.: +49 (0)431 56038573<br \/>\nFax: +49 (0)431 561070<br \/>\nEmail: <a href=\"mailto:consolato_onorario_kiel@yahoo.it\">consolato_onorario_kiel@yahoo.it<\/a><br \/>\nHomepage: <a href=\"http:\/\/www.konsulat-kiel.de\/\" target=\"_blank\" rel=\"noopener\">www.konsulat-kiel.de<\/a><\/p>\n<p>\u00d6ffnungszeiten:<br \/>\nMittwoch: 10.00 \u2013 12.00 Uhr und 15.00 \u2013 17.00 Uhr, oder nach vorheriger Terminvereinbarung<br \/>\nKonsularbezirk: Land\u00a0Schleswig-Holstein<\/p>\n<p><span id=\"lipsia\"><strong>Konsularkorrespondent LEIPZIG<br \/>\n<\/strong>Dietger NIEDERWIESER<\/span><br \/>\nMarkt 17<br \/>\n04109 Leipzig<br \/>\nTel.: +49 (0)341 96280757<br \/>\nFax: +49 (0)341 678-8102<br \/>\nEmail: <a href=\"mailto:conslipsia@gmx.de\">conslipsia@gmx.de<\/a><br \/>\nKonsularbezirk: Die Regierungsbezirke Leipzig und Chemnitz im Bundesland Sachsen und Bundesland Th\u00fcrigen<\/p>\n<p><span id=\"mannheim\"><strong>Honorarkonsulat der Italienischen Republik in MANNHEIM<\/strong><\/span><br \/>\nHonarkonsul: Dr. J\u00fcrgen K\u00dcTEMEYER<br \/>\nc\/o m:con \u2013 mannheim:congress GmbH<br \/>\nRosengartenplatz 2<br \/>\n68161 Mannheim<br \/>\nTel.: +49 (0)621 33840 225<br \/>\nEmail: <a href=\"mailto:mannheim.onorario@esteri.it\">mannheim.onorario@esteri.it<\/a><br \/>\nHomepage: <a href=\"http:\/\/www.consolato-onorario-mannheim.de\/\" target=\"_blank\" rel=\"noopener\">www.consolato-onorario-mannheim.de<\/a><\/p>\n<p>\u00d6ffnungszeiten:<br \/>\nMittwoch: 14.00 \u2013 17.00 Uhr (nach vorheriger Terminabsprache)<br \/>\nKonsularbezirk: Stadt Mannheim<\/p>\n<p><span id=\"monaco\"><strong>Generalkonsulat der Italienischen Republik in M\u00dcNCHEN<\/strong><\/span><br \/>\nGeneralkonsul: Enrico DE AGOSTINI<br \/>\nM\u00f6hlstra\u00dfe 3<br \/>\n81675 M\u00fcnchen<br \/>\nTel.: +49 (0)89 4180030<br \/>\nEmail: <a href=\"mailto:italcons.monacobaviera@esteri.it\">italcons.monacobaviera@esteri.it<\/a><br \/>\nHomepage: <a href=\"https:\/\/ambberlino.esteri.it\/it\/servizi-consolari-e-visti\/\" target=\"_blank\" rel=\"noopener\">https:\/\/<\/a><a href=\"https:\/\/consmonacodibaviera.esteri.it\/\" target=\"_blank\" rel=\"noopener\">consmonacodibaviera.esteri.it<\/a><\/p>\n<p>\u00d6ffnungszeiten:<br \/>\nMontag, Mittwoch und Freitag: 09.00 \u2013 12.00 Uhr<br \/>\nDienstag und Donnerstag: 09.00 \u2013 12.00 Uhr und\u00a0 13.30 \u2013 16.00 Uhr<br \/>\nKonsularbezirk: Bundesland Bayern, au\u00dfer Unterfranken<\/p>\n<p><span id=\"norimberga\"><strong>Honorarkonsulat der Italienischen Republik in N\u00dcRNBERG<\/strong><\/span><br \/>\nLorenzer Platz 3<br \/>\n90402 N\u00fcrnberg<br \/>\nTel.: +49 (0)911 2022239<br \/>\nFax: +49 (0)911 2022107<br \/>\nEmail: <a href=\"mailto:norimberga.onorario@esteri.it\">norimberga.onorario@esteri.it<\/a><\/p>\n<p>\u00d6ffnungszeiten:<br \/>\nFreitag: 14.00 \u2013 17.00 Uhr<\/p>\n<p><span id=\"saarbruecken\"><strong>Au\u00dfenstelle des Generalkonsulats Frankfurt am Main in SAARBR\u00dcCKEN<\/strong><\/span><br \/>\nAm Ludwigsplatz 7<br \/>\n66117 Saarbr\u00fccken (D)<br \/>\nTel.: +49 (0) 0681 9256 6666<br \/>\nEmail: sportello.saar@esteri.it<br \/>\nHomepage: <a href=\"https:\/\/consfrancoforte.esteri.it\/consolato_francoforte\/it\/il_consolato\/consolato-onorario-saarbruecken.html\" target=\"_blank\" rel=\"noopener\">https:\/\/consfrancoforte.esteri.it\/consolato_francoforte\/it\/il_consolato\/consolato-onorario-saarbruecken.html<\/a><\/p>\n<p>\u00d6ffnungszeiten (nur nach vorheriger Terminabsprache):<br \/>\nMontag bis Freitag: 10.00 \u2013 12.00 Uhr<br \/>\nMittwoch: 14.00 \u2013 16.00 Uhr<br \/>\nKonsularbezirk: Saarland<\/p>\n<p><span id=\"stoccarda\"><strong>Generalkonsulat der Italienischen Republik in STUTTGART<\/strong><\/span><br \/>\nGeneralkonsul: Massimiliano LAGI<br \/>\nLenzhalde 46<br \/>\n70192 Stuttgart<br \/>\nTel.: +49 (0)711 2563-265<br \/>\nFax: +49 (0)711 2563-136<br \/>\nEmail: <a href=\"mailto:consolato.stoccarda@esteri.it\">consolato.stoccarda@esteri.it<\/a><br \/>\nHomepage: <a href=\"https:\/\/ambberlino.esteri.it\/it\/servizi-consolari-e-visti\/\" target=\"_blank\" rel=\"noopener\">https:\/\/<\/a><a href=\"https:\/\/consstoccarda.esteri.it\/\" target=\"_blank\" rel=\"noopener\">consstoccarda.esteri.it<\/a><\/p>\n<p>\u00d6ffnungszeiten:<br \/>\nMontag, Dienstag, Mittwoch und Freitag: 09.00 \u2013 12.30 Uhr<br \/>\nDonnerstag: 13.00 \u2013 17.00 Uhr<br \/>\nKonsularbezirk: Das Bundesland Baden-W\u00fcrttemberg, au\u00dfer dem Regierungsbezirk Freiburg im Breisgau<\/p>\n<p><span id=\"wolfsburg\"><strong>Konsularagentur der Italienischen Republik in WOLFSBURG<\/strong><\/span><br \/>\nLeiter: Fabio DORIGATO<br \/>\nGoethestra\u00dfe 52<br \/>\n38440 Wolfsburg<br \/>\nTel.: +49 (0)5361 60094-0<br \/>\nFax: +49 (0)5361 60094-20<br \/>\nEmail: <a href=\"mailto:info.wolfsburg@esteri.it\">info.wolfsburg@esteri.it<\/a><br \/>\nHomepage: <a href=\"https:\/\/ambberlino.esteri.it\/it\/servizi-consolari-e-visti\/\" target=\"_blank\" rel=\"noopener\">https:\/\/<\/a><a href=\"https:\/\/conswolfsburg.esteri.it\/\" target=\"_blank\" rel=\"noopener\">conswolfsburg.esteri.it<\/a><\/p>\n<p>\u00d6ffnungszeiten:<br \/>\nMontag &#8211; Freitag:\u00a0 09.00 \u2013 12.00 Uhr<br \/>\nDienstag und Donnerstag: 15.00 \u2013 17.00 Uhr<br \/>\nKonsularbezirk: Die Stadt Wolfsburg und die Regierungsbezirke Gifhorn und Helmstedt im Land Niedersachsen<\/p>\n","protected":false},"excerpt":{"rendered":"Liste der italienischen Konsulate in der Bundesrepublik Deutschland: https:\/\/ambberlino.esteri.it\/it\/chi-siamo\/la-rete-consolare\/ BERLIN, Konsularkanzlei Italienische Botschaft in Berlin HAMBURG, Italienisches Honorarkonsulat BREMEN, Italienisches Honorarkonsulat DORTMUND, Italienisches Konsulat DRESDEN, Italienisches Honorarkonsulat FREIBURG, Italienisches Konsulat HAMM, Italienisches Honorarkonsulat HANNOVER, Italienisches Generalkonsulat KIEL, Italienisches Honorarkonsulat K\u00d6LN, Italienisches Generalkonsulat LEIPZIG, Italienisches Honorarkonsulat MANNHEIM, Italienisches Honorarkonsulat M\u00dcNCHEN, Italienisches Generalkonsulat N\u00dcRNBERG, Italienisches Honorarkonsulat SAARBR\u00dcCKEN, [&hellip;]","protected":false},"author":3,"featured_media":0,"parent":37,"menu_order":10,"comment_status":"closed","ping_status":"closed","template":"","meta":{"footnotes":""},"class_list":["post-97","page","type-page","status-publish","hentry"],"_links":{"self":[{"href":"https:\/\/conscolonia.esteri.it\/de\/wp-json\/wp\/v2\/pages\/97","targetHints":{"allow":["GET"]}}],"collection":[{"href":"https:\/\/conscolonia.esteri.it\/de\/wp-json\/wp\/v2\/pages"}],"about":[{"href":"https:\/\/conscolonia.esteri.it\/de\/wp-json\/wp\/v2\/types\/page"}],"author":[{"embeddable":true,"href":"https:\/\/conscolonia.esteri.it\/de\/wp-json\/wp\/v2\/users\/3"}],"replies":[{"embeddable":true,"href":"https:\/\/conscolonia.esteri.it\/de\/wp-json\/wp\/v2\/comments?post=97"}],"version-history":[{"count":1,"href":"https:\/\/conscolonia.esteri.it\/de\/wp-json\/wp\/v2\/pages\/97\/revisions"}],"predecessor-version":[{"id":3842,"href":"https:\/\/conscolonia.esteri.it\/de\/wp-json\/wp\/v2\/pages\/97\/revisions\/3842"}],"up":[{"embeddable":true,"href":"https:\/\/conscolonia.esteri.it\/de\/wp-json\/wp\/v2\/pages\/37"}],"wp:attachment":[{"href":"https:\/\/conscolonia.esteri.it\/de\/wp-json\/wp\/v2\/media?parent=97"}],"curies":[{"name":"wp","href":"https:\/\/api.w.org\/{rel}","templated":true}]}}