{"id":870,"date":"2023-04-17T15:52:05","date_gmt":"2023-04-17T13:52:05","guid":{"rendered":"https:\/\/conscolonia.esteri.it\/?page_id=870"},"modified":"2023-07-31T11:32:31","modified_gmt":"2023-07-31T09:32:31","slug":"nexus-ihr-direkter-kanal-zu-den-handelsabteilungen-des-ital-aussenministeriums-weltweit","status":"publish","type":"page","link":"https:\/\/conscolonia.esteri.it\/de\/italia-e-germania\/diplomazia-economica\/fare-affari-in-italia\/nexus-ihr-direkter-kanal-zu-den-handelsabteilungen-des-ital-aussenministeriums-weltweit\/","title":{"rendered":"WIRTSCHAFTSDIPLOMATIE &#8211; Nexus: Online-Portal f\u00fcr italienische Unternehmen"},"content":{"rendered":"<p><a href=\"https:\/\/nexus.esteri.it\/\"><img decoding=\"async\" src=\"https:\/\/conscolonia.esteri.it\/wp-content\/uploads\/2023\/04\/Nexus.jpg\" \/><\/a><\/p>\n<p>Nexus ist ein Portal f\u00fcr italienische Unternehmen, mit dessen Hilfe Sie direkt weltweit mit den Handelsabteilungen des Ital. Au\u00dfenministeriums in Kontakt treten und Ihre Anfragebzgl. des ausl\u00e4ndischen Marktes stellen k\u00f6nnen<\/p>\n<div>\n<p>Unter dem folgenden Link k\u00f6nnen Sie mti der Handelsabteilung des Ital. Generalkonsulats in K\u00f6ln in Kontakt treten:<br \/>\n<a href=\"https:\/\/nexus.esteri.it\/\">https:\/\/nexus.esteri.it\/<\/a><\/p>\n<\/div>\n<p>&nbsp;<\/p>\n","protected":false},"excerpt":{"rendered":"Nexus ist ein Portal f\u00fcr italienische Unternehmen, mit dessen Hilfe Sie direkt weltweit mit den Handelsabteilungen des Ital. Au\u00dfenministeriums in Kontakt treten und Ihre Anfragebzgl. des ausl\u00e4ndischen Marktes stellen k\u00f6nnen Unter dem folgenden Link k\u00f6nnen Sie mti der Handelsabteilung des Ital. Generalkonsulats in K\u00f6ln in Kontakt treten: https:\/\/nexus.esteri.it\/ &nbsp;","protected":false},"author":5,"featured_media":0,"parent":205,"menu_order":1,"comment_status":"closed","ping_status":"closed","template":"","meta":{"footnotes":""},"class_list":["post-870","page","type-page","status-publish","hentry"],"_links":{"self":[{"href":"https:\/\/conscolonia.esteri.it\/de\/wp-json\/wp\/v2\/pages\/870","targetHints":{"allow":["GET"]}}],"collection":[{"href":"https:\/\/conscolonia.esteri.it\/de\/wp-json\/wp\/v2\/pages"}],"about":[{"href":"https:\/\/conscolonia.esteri.it\/de\/wp-json\/wp\/v2\/types\/page"}],"author":[{"embeddable":true,"href":"https:\/\/conscolonia.esteri.it\/de\/wp-json\/wp\/v2\/users\/5"}],"replies":[{"embeddable":true,"href":"https:\/\/conscolonia.esteri.it\/de\/wp-json\/wp\/v2\/comments?post=870"}],"version-history":[{"count":0,"href":"https:\/\/conscolonia.esteri.it\/de\/wp-json\/wp\/v2\/pages\/870\/revisions"}],"up":[{"embeddable":true,"href":"https:\/\/conscolonia.esteri.it\/de\/wp-json\/wp\/v2\/pages\/205"}],"wp:attachment":[{"href":"https:\/\/conscolonia.esteri.it\/de\/wp-json\/wp\/v2\/media?parent=870"}],"curies":[{"name":"wp","href":"https:\/\/api.w.org\/{rel}","templated":true}]}}