{"id":833,"date":"2023-04-14T15:02:37","date_gmt":"2023-04-14T13:02:37","guid":{"rendered":"https:\/\/conscolonia.esteri.it\/?page_id=833"},"modified":"2024-12-04T11:31:02","modified_gmt":"2024-12-04T10:31:02","slug":"besuche-von-museen-und-ausgrabungsstaetten-in-italien","status":"publish","type":"page","link":"https:\/\/conscolonia.esteri.it\/de\/servizi-consolari-e-visti\/servizi-per-il-cittadino-italiano\/schule-und-bildung\/besuche-von-museen-und-ausgrabungsstaetten-in-italien\/","title":{"rendered":"SCHULE UND STUDIUM &#8211; Besuche von Museen und Ausgrabungsst\u00e4tten in Italien"},"content":{"rendered":"<div class=\"container\">\n<div id=\"main\" role=\"main\">\n<div class=\"row\">\n<article id=\"articolo_centro\" class=\"col-md-19 col-sm-19 padding_articolo item-page\" role=\"main\" aria-label=\"articolo\">\n<div>\n<p><img loading=\"lazy\" decoding=\"async\" class=\"alignleft size-medium wp-image-3365 img-fluid\" src=\"https:\/\/conscolonia.esteri.it\/wp-content\/uploads\/2023\/08\/Scuola-300x177.jpg\" alt=\"\" width=\"300\" height=\"177\" srcset=\"https:\/\/conscolonia.esteri.it\/wp-content\/uploads\/2023\/08\/Scuola-300x177.jpg 300w, https:\/\/conscolonia.esteri.it\/wp-content\/uploads\/2023\/08\/Scuola-768x453.jpg 768w, https:\/\/conscolonia.esteri.it\/wp-content\/uploads\/2023\/08\/Scuola.jpg 865w\" sizes=\"auto, (max-width: 300px) 100vw, 300px\" \/><\/p>\n<p>&nbsp;<\/p>\n<p>&nbsp;<\/p>\n<p>&nbsp;<\/p>\n<p>&nbsp;<\/p>\n<p>&nbsp;<\/p>\n<p><strong>ABTEILUNG F\u00dcR SCHUL-UND STUDIENANGELEGENHEITEN<\/strong><br \/>\n<a href=\"mailto:scuola.colonia@esteri.it\">scuola.colonia@esteri.it<\/a><\/p>\n<p>Sch\u00fcler- und Studentengruppen, die in Italien Museen und Ausgabungsst\u00e4tten besuchen wollen, sollten sich das <a href=\"https:\/\/conscolonia.esteri.it\/wp-content\/uploads\/2024\/12\/Museen-Italien_Schulklassen-1.pdf\">Informationsblatt f\u00fcr Museumsbesuche<\/a> durchlesen und zweckm\u00e4\u00dfigerweise ein von der Schule verfa\u00dftes Schreiben in italienischer Sprache mit sich f\u00fchren:<\/p>\n<ul>\n<li><a href=\"https:\/\/conscolonia.esteri.it\/wp-content\/uploads\/2024\/12\/Museen-Italien_Schulklassen-1.pdf\">Erkl\u00e4rung f\u00fcr Sch\u00fclergruppen<\/a><\/li>\n<\/ul>\n<p>Weiterf\u00fchrende Informationen \u00fcber <strong>Erm\u00e4\u00dfigungen bei Eintrittsgeldern sowie sonstige Verg\u00fcnstigungen<\/strong> finden Sie auf der Homepage des Italienischen Kulturministeriums: <a href=\"https:\/\/cultura.gov.it\/agevolazioni\">Ministero per la Cultura<\/a><\/p>\n<p>Informationen \u00fcber italienische Museen finden Sie auf folgender Homepage: <a href=\"http:\/\/www.museionline.it\/\">www.museionline.it<\/a><\/p>\n<\/div>\n<\/article>\n<\/div>\n<\/div>\n<\/div>\n","protected":false},"excerpt":{"rendered":"&nbsp; &nbsp; &nbsp; &nbsp; &nbsp; ABTEILUNG F\u00dcR SCHUL-UND STUDIENANGELEGENHEITEN scuola.colonia@esteri.it Sch\u00fcler- und Studentengruppen, die in Italien Museen und Ausgabungsst\u00e4tten besuchen wollen, sollten sich das Informationsblatt f\u00fcr Museumsbesuche durchlesen und zweckm\u00e4\u00dfigerweise ein von der Schule verfa\u00dftes Schreiben in italienischer Sprache mit sich f\u00fchren: Erkl\u00e4rung f\u00fcr Sch\u00fclergruppen Weiterf\u00fchrende Informationen \u00fcber Erm\u00e4\u00dfigungen bei Eintrittsgeldern sowie sonstige Verg\u00fcnstigungen finden [&hellip;]","protected":false},"author":5,"featured_media":0,"parent":812,"menu_order":5,"comment_status":"closed","ping_status":"closed","template":"","meta":{"footnotes":""},"class_list":["post-833","page","type-page","status-publish","hentry"],"_links":{"self":[{"href":"https:\/\/conscolonia.esteri.it\/de\/wp-json\/wp\/v2\/pages\/833","targetHints":{"allow":["GET"]}}],"collection":[{"href":"https:\/\/conscolonia.esteri.it\/de\/wp-json\/wp\/v2\/pages"}],"about":[{"href":"https:\/\/conscolonia.esteri.it\/de\/wp-json\/wp\/v2\/types\/page"}],"author":[{"embeddable":true,"href":"https:\/\/conscolonia.esteri.it\/de\/wp-json\/wp\/v2\/users\/5"}],"replies":[{"embeddable":true,"href":"https:\/\/conscolonia.esteri.it\/de\/wp-json\/wp\/v2\/comments?post=833"}],"version-history":[{"count":6,"href":"https:\/\/conscolonia.esteri.it\/de\/wp-json\/wp\/v2\/pages\/833\/revisions"}],"predecessor-version":[{"id":6869,"href":"https:\/\/conscolonia.esteri.it\/de\/wp-json\/wp\/v2\/pages\/833\/revisions\/6869"}],"up":[{"embeddable":true,"href":"https:\/\/conscolonia.esteri.it\/de\/wp-json\/wp\/v2\/pages\/812"}],"wp:attachment":[{"href":"https:\/\/conscolonia.esteri.it\/de\/wp-json\/wp\/v2\/media?parent=833"}],"curies":[{"name":"wp","href":"https:\/\/api.w.org\/{rel}","templated":true}]}}