{"id":827,"date":"2023-04-14T14:58:29","date_gmt":"2023-04-14T12:58:29","guid":{"rendered":"https:\/\/conscolonia.esteri.it\/?page_id=827"},"modified":"2026-03-13T09:58:39","modified_gmt":"2026-03-13T08:58:39","slug":"bescheinigungen-ueber-schulabschluesse","status":"publish","type":"page","link":"https:\/\/conscolonia.esteri.it\/de\/servizi-consolari-e-visti\/servizi-per-il-cittadino-italiano\/schule-und-bildung\/bescheinigungen-ueber-schulabschluesse\/","title":{"rendered":"SCHULE UND STUDIUM &#8211; Bescheinigungen \u00fcber Schulabschl\u00fcsse"},"content":{"rendered":"<div class=\"container\">\n<div id=\"main\" role=\"main\">\n<div class=\"row\">\n<article id=\"articolo_centro\" class=\"col-md-19 col-sm-19 padding_articolo item-page\" role=\"main\" aria-label=\"articolo\">\n<div>\n<p><img loading=\"lazy\" decoding=\"async\" class=\"alignleft size-medium wp-image-3372 img-fluid\" src=\"https:\/\/conscolonia.esteri.it\/wp-content\/uploads\/2023\/08\/Scuola-1-300x177.jpg\" alt=\"\" width=\"300\" height=\"177\" srcset=\"https:\/\/conscolonia.esteri.it\/wp-content\/uploads\/2023\/08\/Scuola-1-300x177.jpg 300w, https:\/\/conscolonia.esteri.it\/wp-content\/uploads\/2023\/08\/Scuola-1-768x453.jpg 768w, https:\/\/conscolonia.esteri.it\/wp-content\/uploads\/2023\/08\/Scuola-1.jpg 865w\" sizes=\"auto, (max-width: 300px) 100vw, 300px\" \/><\/p>\n<p>&nbsp;<\/p>\n<p>&nbsp;<\/p>\n<p>&nbsp;<\/p>\n<p>&nbsp;<\/p>\n<p>&nbsp;<\/p>\n<p><strong>ABTEILUNG F\u00dcR SCHUL-UND STUDIENABSCHL\u00dcSSE<br \/>\n<\/strong><a href=\"mailto:scuola.colonia@esteri.it\">scuola.colonia@esteri.it<\/a><\/p>\n<p><strong>1) Schule<\/strong><\/p>\n<p><strong>F\u00fcr die Ummeldung italienischer oder deutscher Kinder von deutschen an italienische Schulen<\/strong> werden zwei vom Standesbeamten des Generalkonsulats beglaubigte Fotokopien des Originalzeugnisses ben\u00f6tigt,<br \/>\ndie zusammen mit einem schriftlichen Antrag auf <strong>Bescheinigung \u00fcber Schulabschl\u00fcsse<\/strong> bei der Schulabteilung vorzulegen sind.<\/p>\n<p>Die Bescheinigung \u00fcber das Abiturzeugnis bzw. \u201cAbschlusszeugnis der allgemeinen Hochschulreife\u201d wird f\u00fcr die Immatrikukation an einer Universit\u00e4t ben\u00f6tigt.<\/p>\n<p><strong>F\u00fcr die Bescheinigung \u00fcber Schulabschl\u00fcsse<\/strong> ist <strong>keine \u00dcbersetzung der Zeugnisse oder Bescheinigungen<\/strong> \u00fcber den erfolgten Unterrichtsbesuch<strong> erforderlich<\/strong>.<\/p>\n<p>Die Bescheinigungen k\u00f6nnen <strong>auch per Brief<\/strong> beantragt werden.<br \/>\nAllerdings m\u00fcssen die Unterlagen stets in beglaubigter Fotokopie vorgelegt werden (s.o.).<\/p>\n<p><a href=\"https:\/\/conscolonia.esteri.it\/wp-content\/uploads\/2024\/12\/DE-WERTIGERKLARUNG_Infoblatt_01-01-2025.pdf\">Informationen auf Deutsch<\/a>, <a href=\"https:\/\/conscolonia.esteri.it\/wp-content\/uploads\/2024\/12\/IT-DICHIARAZIONE-DI-VALORE-informazioni_01-01-2025.pdf\">Informationen auf Italienisch<\/a>, <a href=\"https:\/\/conscolonia.esteri.it\/wp-content\/uploads\/2024\/12\/BILINGUE-DICHIARAZIOE-DI-VALORE-WERTIGKEITSERKLARUNG-Richiesta-modulo_01-01-2025.pdf\">Antragsformular zweisprachig<\/a><\/p>\n<p><strong>2) Universit\u00e4t<\/strong><\/p>\n<p><strong>Einige Universit\u00e4ten in Italien verlangen<\/strong> nicht nur <strong>die Bescheinigung \u00fcber Schulabschl\u00fcsse<\/strong>, sondern auch <strong>eine \u00dcbersetzung des Abschlusszeugnisses<\/strong>. Die \u00dcbersetzung sollte <strong>von einem erm\u00e4chtigten \u00dcbersetzer<\/strong> angefertigt werden.<br \/>\nAuf der Internetseite des Konsulats ist eine <a href=\"https:\/\/conscolonia.esteri.it\/wp-content\/uploads\/2026\/03\/Traduttori_13-03-2026.pdf\">Liste mit den Namen der erm\u00e4chtigten \u00dcbersetzer<\/a> aufgef\u00fchrt,<br \/>\ndie ihre Unterschrift im Konsulat hinterlegt haben.<\/p>\n<p><strong>Die im Ausland erworbenen Schul- und Studienabschl\u00fcsse sind nach der Bescheinigung ihrer Gleichwertigkeit<\/strong> mit den entsprechenden italienischen Schulabschl\u00fcssen<strong> in Italien rechtswirksam<\/strong>.<br \/>\nDas bedeutet, dass der betreffende italienische Staatsangeh\u00f6rige das Recht hat, an den vom italienischen \u00d6ffentlichen Dienst ausgeschriebenen Stellenausschreibungen teilzunehmen.<\/p>\n<p><strong>Italienische Student*innen, die an deutschen Universit\u00e4ten studieren m\u00f6chten<\/strong>, <strong>ben\u00f6tigen<\/strong> f\u00fcr die Immatrikulation <strong>die von einem erm\u00e4chtigten \u00dcbersetzer \u00fcbersetzten Unterlagen ihrer Schulabschl\u00fcsse<\/strong> in Italien zusammen <strong>mit<\/strong> einer entsprechenden <strong>Bescheinigung eines Deutschen Konsulats<\/strong> in Italien.<\/p>\n<\/div>\n<\/article>\n<\/div>\n<\/div>\n<\/div>\n","protected":false},"excerpt":{"rendered":"&nbsp; &nbsp; &nbsp; &nbsp; &nbsp; ABTEILUNG F\u00dcR SCHUL-UND STUDIENABSCHL\u00dcSSE scuola.colonia@esteri.it 1) Schule F\u00fcr die Ummeldung italienischer oder deutscher Kinder von deutschen an italienische Schulen werden zwei vom Standesbeamten des Generalkonsulats beglaubigte Fotokopien des Originalzeugnisses ben\u00f6tigt, die zusammen mit einem schriftlichen Antrag auf Bescheinigung \u00fcber Schulabschl\u00fcsse bei der Schulabteilung vorzulegen sind. Die Bescheinigung \u00fcber das Abiturzeugnis [&hellip;]","protected":false},"author":5,"featured_media":0,"parent":812,"menu_order":4,"comment_status":"closed","ping_status":"closed","template":"","meta":{"footnotes":""},"class_list":["post-827","page","type-page","status-publish","hentry"],"_links":{"self":[{"href":"https:\/\/conscolonia.esteri.it\/de\/wp-json\/wp\/v2\/pages\/827","targetHints":{"allow":["GET"]}}],"collection":[{"href":"https:\/\/conscolonia.esteri.it\/de\/wp-json\/wp\/v2\/pages"}],"about":[{"href":"https:\/\/conscolonia.esteri.it\/de\/wp-json\/wp\/v2\/types\/page"}],"author":[{"embeddable":true,"href":"https:\/\/conscolonia.esteri.it\/de\/wp-json\/wp\/v2\/users\/5"}],"replies":[{"embeddable":true,"href":"https:\/\/conscolonia.esteri.it\/de\/wp-json\/wp\/v2\/comments?post=827"}],"version-history":[{"count":5,"href":"https:\/\/conscolonia.esteri.it\/de\/wp-json\/wp\/v2\/pages\/827\/revisions"}],"predecessor-version":[{"id":11921,"href":"https:\/\/conscolonia.esteri.it\/de\/wp-json\/wp\/v2\/pages\/827\/revisions\/11921"}],"up":[{"embeddable":true,"href":"https:\/\/conscolonia.esteri.it\/de\/wp-json\/wp\/v2\/pages\/812"}],"wp:attachment":[{"href":"https:\/\/conscolonia.esteri.it\/de\/wp-json\/wp\/v2\/media?parent=827"}],"curies":[{"name":"wp","href":"https:\/\/api.w.org\/{rel}","templated":true}]}}