{"id":822,"date":"2023-04-14T14:55:56","date_gmt":"2023-04-14T12:55:56","guid":{"rendered":"https:\/\/conscolonia.esteri.it\/?page_id=822"},"modified":"2023-08-23T16:20:28","modified_gmt":"2023-08-23T14:20:28","slug":"anerkennung-von-studienabschluessen","status":"publish","type":"page","link":"https:\/\/conscolonia.esteri.it\/de\/servizi-consolari-e-visti\/servizi-per-il-cittadino-italiano\/schule-und-bildung\/anerkennung-von-studienabschluessen\/","title":{"rendered":"SCHULE UND STUDIUM &#8211; Anerkennung von Studienabschl\u00fcssen"},"content":{"rendered":"<div class=\"container\">\n<div id=\"main\" role=\"main\">\n<div class=\"row\">\n<article id=\"articolo_centro\" class=\"col-md-19 col-sm-19 padding_articolo item-page\" role=\"main\" aria-label=\"articolo\">\n<div>\n<p><img loading=\"lazy\" decoding=\"async\" class=\"alignleft size-medium wp-image-3372 img-fluid\" src=\"https:\/\/conscolonia.esteri.it\/wp-content\/uploads\/2023\/08\/Scuola-1-300x177.jpg\" alt=\"\" width=\"300\" height=\"177\" srcset=\"https:\/\/conscolonia.esteri.it\/wp-content\/uploads\/2023\/08\/Scuola-1-300x177.jpg 300w, https:\/\/conscolonia.esteri.it\/wp-content\/uploads\/2023\/08\/Scuola-1-768x453.jpg 768w, https:\/\/conscolonia.esteri.it\/wp-content\/uploads\/2023\/08\/Scuola-1.jpg 865w\" sizes=\"auto, (max-width: 300px) 100vw, 300px\" \/><\/p>\n<p>&nbsp;<\/p>\n<p>&nbsp;<\/p>\n<p>&nbsp;<\/p>\n<p>&nbsp;<\/p>\n<p>&nbsp;<\/p>\n<p><strong>ABTEILUNG F\u00dcR SCHUL-UND STUDIENABSCHL\u00dcSSEN<br \/>\n<\/strong><a href=\"mailto:scuola.colonia@esteri.it\">scuola.colonia@esteri.it<\/a><\/p>\n<p>Die zust\u00e4ndige Beh\u00f6rde f\u00fcr die Anerkennung von Studien-und Berufsabschl\u00fcssen ist die<a href=\"https:\/\/www.kmk.org\/zab\/zentralstelle-fuer-auslaendisches-bildungswesen\/allgemeines-zur-anerkennung\/veroeffentlichungen-und-beschluesse\/akademische-anerkennung.html\"><strong>Kultusministerkonferenz<\/strong><\/a> mit Amtssitzen in:<\/p>\n<p><strong>1) Kultusministerkonferenz Berlin<\/strong><\/p>\n<p>Taubenstra\u00dfe 10<br \/>\n10117 Berlin<\/p>\n<p>Postfach 11 03 42<br \/>\n10833 Berlin<\/p>\n<p>T: +49 (0) 30 25418-499<br \/>\nF: +49 (0) 30 25418-457<\/p>\n<p><strong>2) Kultusministerkonferenz Bonn<\/strong><\/p>\n<p>Graurheindorfer Str. 157<br \/>\n53117 Bonn<\/p>\n<p>Postfach 22 40<br \/>\n53012 Bonn<\/p>\n<p>T.: +49 (0) 228 501-0 |<br \/>\n+49 (0) 228 501 \u2013 664 (bei Fragen an die ZAB)<br \/>\nF: +49 (0) 228 501-777<\/p>\n<p>Hier ver\u00f6ffentlichen wir f\u00fcr Sie ein Informationsblatt der Deutschen Botschaft in Rom:<br \/>\n<a href=\"https:\/\/italien.diplo.de\/it-de\/03-WillkommeninItalien\/deutschland-in-italien\/-\/2577138\">https:\/\/italien.diplo.de\/it-de\/03-WillkommeninItalien\/deutschland-in-italien\/-\/2577138<\/a><\/p>\n<p>Weiterf\u00fchrende Informationen finden Sie au\u00dferdem auf der Homepage des <a href=\"https:\/\/www.anerkennung-in-deutschland.de\/tools\/berater\/de\/berater\">Bundesministeriums f\u00fcr Bildung und Wissenschaf<\/a>t<\/p>\n<p>Informationen zur Anerkennung von deutschen Studienabschl\u00fcssen in Italien\u00a0bieten:<\/p>\n<ul>\n<li>die Merkbl\u00e4tter der Deutschen Botschaft in Rom:<br \/>\n<a href=\"https:\/\/italien.diplo.de\/it-de\/03-WillkommeninItalien\/deutschland-in-italien\/-\/2577138\">Anerkennung von deutschen Studienabschl\u00fcssen deutschen Studienabschl\u00fcssen<\/a><a href=\"http:\/\/www.conscolonia.esteri.it\/resource\/2006\/09\/3656_f_cons97AnerkennungAusbildungsnachweise.pdf\">; <\/a><\/li>\n<li>die Merkbl\u00e4tter der Deutschen Hochschulkonferenz:<br \/>\n<a href=\"https:\/\/www.kmk.org\/zab\/zentralstelle-fuer-auslaendisches-bildungswesen\/allgemeines-zur-anerkennung\/veroeffentlichungen-und-beschluesse\/akademische-anerkennung.html\">Anerkennung von italienischen Studienabschl\u00fcssen<\/a>;<\/li>\n<\/ul>\n<\/div>\n<\/article>\n<\/div>\n<\/div>\n<\/div>\n","protected":false},"excerpt":{"rendered":"&nbsp; &nbsp; &nbsp; &nbsp; &nbsp; ABTEILUNG F\u00dcR SCHUL-UND STUDIENABSCHL\u00dcSSEN scuola.colonia@esteri.it Die zust\u00e4ndige Beh\u00f6rde f\u00fcr die Anerkennung von Studien-und Berufsabschl\u00fcssen ist dieKultusministerkonferenz mit Amtssitzen in: 1) Kultusministerkonferenz Berlin Taubenstra\u00dfe 10 10117 Berlin Postfach 11 03 42 10833 Berlin T: +49 (0) 30 25418-499 F: +49 (0) 30 25418-457 2) Kultusministerkonferenz Bonn Graurheindorfer Str. 157 53117 Bonn [&hellip;]","protected":false},"author":5,"featured_media":0,"parent":812,"menu_order":3,"comment_status":"closed","ping_status":"closed","template":"","meta":{"footnotes":""},"class_list":["post-822","page","type-page","status-publish","hentry"],"_links":{"self":[{"href":"https:\/\/conscolonia.esteri.it\/de\/wp-json\/wp\/v2\/pages\/822","targetHints":{"allow":["GET"]}}],"collection":[{"href":"https:\/\/conscolonia.esteri.it\/de\/wp-json\/wp\/v2\/pages"}],"about":[{"href":"https:\/\/conscolonia.esteri.it\/de\/wp-json\/wp\/v2\/types\/page"}],"author":[{"embeddable":true,"href":"https:\/\/conscolonia.esteri.it\/de\/wp-json\/wp\/v2\/users\/5"}],"replies":[{"embeddable":true,"href":"https:\/\/conscolonia.esteri.it\/de\/wp-json\/wp\/v2\/comments?post=822"}],"version-history":[{"count":0,"href":"https:\/\/conscolonia.esteri.it\/de\/wp-json\/wp\/v2\/pages\/822\/revisions"}],"up":[{"embeddable":true,"href":"https:\/\/conscolonia.esteri.it\/de\/wp-json\/wp\/v2\/pages\/812"}],"wp:attachment":[{"href":"https:\/\/conscolonia.esteri.it\/de\/wp-json\/wp\/v2\/media?parent=822"}],"curies":[{"name":"wp","href":"https:\/\/api.w.org\/{rel}","templated":true}]}}