{"id":817,"date":"2023-04-14T14:45:37","date_gmt":"2023-04-14T12:45:37","guid":{"rendered":"https:\/\/conscolonia.esteri.it\/?page_id=817"},"modified":"2023-08-23T16:17:19","modified_gmt":"2023-08-23T14:17:19","slug":"universitaeten-in-nordrhein-westfalen-und-italien","status":"publish","type":"page","link":"https:\/\/conscolonia.esteri.it\/de\/servizi-consolari-e-visti\/servizi-per-il-cittadino-italiano\/schule-und-bildung\/universitaeten-in-nordrhein-westfalen-und-italien\/","title":{"rendered":"SCHULEN UND UNIVERSIT\u00c4TEN &#8211; Universit\u00e4ten in Nordrhein-Westfalen und in Italien"},"content":{"rendered":"<div class=\"container\">\n<div id=\"main\" role=\"main\">\n<div class=\"row\">\n<article id=\"articolo_centro\" class=\"col-md-19 col-sm-19 padding_articolo item-page\" role=\"main\" aria-label=\"articolo\">\n<div>\n<p><img loading=\"lazy\" decoding=\"async\" class=\"alignleft size-medium wp-image-3372 img-fluid\" src=\"https:\/\/conscolonia.esteri.it\/wp-content\/uploads\/2023\/08\/Scuola-1-300x177.jpg\" alt=\"\" width=\"300\" height=\"177\" srcset=\"https:\/\/conscolonia.esteri.it\/wp-content\/uploads\/2023\/08\/Scuola-1-300x177.jpg 300w, https:\/\/conscolonia.esteri.it\/wp-content\/uploads\/2023\/08\/Scuola-1-768x453.jpg 768w, https:\/\/conscolonia.esteri.it\/wp-content\/uploads\/2023\/08\/Scuola-1.jpg 865w\" sizes=\"auto, (max-width: 300px) 100vw, 300px\" \/><\/p>\n<p>&nbsp;<\/p>\n<p>&nbsp;<\/p>\n<p>&nbsp;<\/p>\n<p>&nbsp;<\/p>\n<p>&nbsp;<\/p>\n<p><strong>ABTEILUNG F\u00dcR SCHUL-UND STUDIENANGELEGENHEITEN<\/strong><br \/>\n<a href=\"mailto:scuola.colonia@esteri.it\">scuola.colonia@esteri.it<\/a><\/p>\n<p><strong>1) Universit\u00e4ten in NRW<\/strong><br \/>\nDie Anschriften von Universit\u00e4ten mit Fakult\u00e4ten der Romanistik und Italianistik<br \/>\nfinden Sie \u00fcber die Website des Italienischen Kulturinstituts in K\u00f6ln: <a href=\"http:\/\/www.iiccolonia.esteri.it\/\"><strong>www.iiccolonia.esteri.it<\/strong><\/a><\/p>\n<p><strong>2) Universit\u00e4ten in Italien<\/strong><br \/>\nAllgemeine Informationen \u00fcber die Universit\u00e4ten in Italien finden Sie beim <strong><a href=\"http:\/\/www.iiccolonia.esteri.it\/\">italienischen Kulturinstitut in K\u00f6ln<\/a><\/strong><br \/>\nund auf der Website des italienischen <a href=\"https:\/\/www.miur.gov.it\/\"><strong>Bildungsministeriums<\/strong><\/a><\/p>\n<p>Weitere Informationen bietet die italienische Hochschulrektorenkonferenz\u00a0&#8222;Conferenza dei Rettori delle Universit\u00e0 Italiane&#8220;\u00a0<a href=\"http:\/\/www.crui.it\/link\/?ID=566\"><strong>CRUI<\/strong><\/a><\/p>\n<p>Deutsch-italienisches Hochschulzentrum<br \/>\nDas Deutsch-Italienische Hochschulzentrum hat eine Brosch\u00fcre unter dem Titel &#8222;Studieren und Forschen in Italien&#8220; ver\u00f6ffentlicht,<br \/>\ndie Informationen \u00fcber die deutsch-italienische Wissenschaftskooperation, M\u00f6glichkeiten der binationale universit\u00e4ren Ausbildung sowie die F\u00f6rderprogramme im Bereich der Forschung zusammenfasst:<\/p>\n<p>____________________________________<\/p>\n<p><strong><a id=\"Deutsch-Italienisches Hochschulzentrum\" href=\"http:\/\/www.deutschitalienischeshochschulzentrum.org\/paged.asp?pag=2510&amp;id=109\" name=\"Deutsch-Italienisches Hochschulzentrum\">Deutsch-italienisches Hochschulzentrum<\/a><br \/>\n<\/strong><\/p>\n<p>Die Informationsschrift kann per E-Mail unter der Adresse <strong><a id=\"dih@daad.de \" href=\"mailto:dih@daad.de\" target=\"_self\" rel=\"noopener\" name=\"dih@daad.de \">dih@daad.de<\/a><\/strong> angefordert werden<\/p>\n<\/div>\n<\/article>\n<\/div>\n<\/div>\n<\/div>\n","protected":false},"excerpt":{"rendered":"&nbsp; &nbsp; &nbsp; &nbsp; &nbsp; ABTEILUNG F\u00dcR SCHUL-UND STUDIENANGELEGENHEITEN scuola.colonia@esteri.it 1) Universit\u00e4ten in NRW Die Anschriften von Universit\u00e4ten mit Fakult\u00e4ten der Romanistik und Italianistik finden Sie \u00fcber die Website des Italienischen Kulturinstituts in K\u00f6ln: www.iiccolonia.esteri.it 2) Universit\u00e4ten in Italien Allgemeine Informationen \u00fcber die Universit\u00e4ten in Italien finden Sie beim italienischen Kulturinstitut in K\u00f6ln und auf [&hellip;]","protected":false},"author":5,"featured_media":0,"parent":812,"menu_order":2,"comment_status":"closed","ping_status":"closed","template":"","meta":{"footnotes":""},"class_list":["post-817","page","type-page","status-publish","hentry"],"_links":{"self":[{"href":"https:\/\/conscolonia.esteri.it\/de\/wp-json\/wp\/v2\/pages\/817","targetHints":{"allow":["GET"]}}],"collection":[{"href":"https:\/\/conscolonia.esteri.it\/de\/wp-json\/wp\/v2\/pages"}],"about":[{"href":"https:\/\/conscolonia.esteri.it\/de\/wp-json\/wp\/v2\/types\/page"}],"author":[{"embeddable":true,"href":"https:\/\/conscolonia.esteri.it\/de\/wp-json\/wp\/v2\/users\/5"}],"replies":[{"embeddable":true,"href":"https:\/\/conscolonia.esteri.it\/de\/wp-json\/wp\/v2\/comments?post=817"}],"version-history":[{"count":0,"href":"https:\/\/conscolonia.esteri.it\/de\/wp-json\/wp\/v2\/pages\/817\/revisions"}],"up":[{"embeddable":true,"href":"https:\/\/conscolonia.esteri.it\/de\/wp-json\/wp\/v2\/pages\/812"}],"wp:attachment":[{"href":"https:\/\/conscolonia.esteri.it\/de\/wp-json\/wp\/v2\/media?parent=817"}],"curies":[{"name":"wp","href":"https:\/\/api.w.org\/{rel}","templated":true}]}}