{"id":8001,"date":"2025-01-17T15:53:19","date_gmt":"2025-01-17T14:53:19","guid":{"rendered":"https:\/\/conscolonia.esteri.it\/servizi-consolari-e-visti\/servizi-per-il-cittadino-straniero\/codici-fiscali\/"},"modified":"2025-11-10T09:59:10","modified_gmt":"2025-11-10T08:59:10","slug":"codici-fiscali","status":"publish","type":"page","link":"https:\/\/conscolonia.esteri.it\/de\/servizi-consolari-e-visti\/servizi-per-il-cittadino-straniero\/codici-fiscali\/","title":{"rendered":"ITALIENISCHE STEUERIDENTIFIKATIONSNUMMER &#8211; Informationen zur Beantragung einer italienischen Codice Fiscale\u00a0f\u00fcr ausl\u00e4ndische Staatsb\u00fcrger ohne Hauptwohnsitz in Italien"},"content":{"rendered":"<p style=\"text-align: justify;\"><strong><img loading=\"lazy\" decoding=\"async\" class=\"\" src=\"https:\/\/conscolonia.esteri.it\/wp-content\/uploads\/2023\/05\/00.jpg\" width=\"197\" height=\"124\" \/><\/strong><\/p>\n<div class=\"col-lg-8\">\n<article id=\"post-2642\" class=\"post-2642 page type-page status-publish hentry\">\n<header class=\"entry-header\"><span style=\"text-align: justify;\">Erkl\u00e4rungen zum Antrag auf Zuweisung eines Codice Fiscale:<\/span><\/header>\n<header><\/header>\n<p><strong>1) f\u00fcr Immobilienk\u00e4ufe und sonstige Rechtsgesch\u00e4fte:<\/strong><\/p>\n<p style=\"text-align: justify;\">Der Antrag muss pers\u00f6nlich oder durch eine bevollm\u00e4chtigte Person (Notar, Anwalt, Steuerberater, Immobilienmaker, &#8230;) bei einer beliebigen <a href=\"https:\/\/www.agenziaentrate.gov.it\/portale\/lista-uffici\">Dienststelle der Agenzia delle Entrate (Italienisches Zentralamt f\u00fcr Steuern)<\/a> gestellt werden.<\/p>\n<div class=\"entry-content\" style=\"text-align: justify;\">\n<hr \/>\n<p style=\"text-align: justify;\"><strong>2) zu Studienzwecken:<\/strong><\/p>\n<p style=\"text-align: justify;\">Ausl\u00e4ndische Studierende aus EU-Staaten und dem Europ\u00e4ischen Wirtschaftsraum ben\u00f6tigen keinen Codice Fiscale, wenn sie in Italien studieren m\u00f6chten. EU-\/EWR-Studierende, die zu anderen Zwecken einen Codice Fiscale ben\u00f6tigen, k\u00f6nnen Sie diesen pers\u00f6nlich bei einer beliebigen <a href=\"https:\/\/www.agenziaentrate.gov.it\/portale\/lista-uffici\" target=\"_blank\" rel=\"noopener\">Dienststelle der italienischen Steuerbeh\u00f6rde Agenzia delle Entrate<\/a> beantragen.<\/p>\n<p style=\"text-align: justify;\"><strong>Wichtiger Hinweis:<\/strong> Studierende ohne Hauptwohnsitz in Italien ben\u00f6tigen keinen Codice Fiscale zur Registrierung eines Mietvertrages oder sonstiger Privaturkunden.<br \/>\nDies hat die Agenzia delle Entrate mit dem <a href=\"https:\/\/www.agenziaentrate.gov.it\/portale\/documents\/20143\/4988606\/Risoluzione+registrazione+atti+soggetti+esteri+privi+di+CF+pub.pdf\/6995eec2-66a1-0b6c-0361-296ed2d0a3a1?t=1676396860960\">Urteil Nr. 5\/E vom 14.02.2023 (risoluzione <span data-huuid=\"9307029878146347237\">n. <\/span><span data-huuid=\"9307029878146349508\">5\/E del 14 febbraio 2023) <\/span><\/a>klargestellt.<br \/>\nStudierenden aus Nicht-EU-\/EWR-Staaten wird der Codice Fiscale von Amts wegen, im Rahmen des Verfahrens zur Erteilung der Aufenthaltserlaubnis zum Zweck des Studiums, zugewiesen.<\/p>\n<hr \/>\n<p style=\"text-align: justify;\"><strong>3) zum Zwecke eines Online-Verfahrens oder f\u00fcr Rentenangelegenheiten:<\/strong><\/p>\n<p style=\"text-align: justify;\">Ausl\u00e4ndische Staatsb\u00fcrger, die im Konsularbezirk des Generalkonsulats der Italienischen Republik in K\u00f6ln wohnhaft sind und <strong>ausschlie\u00dflich<\/strong> zu o.g. Zwecken einen Codice Fiscale ben\u00f6tigen, k\u00f6nnen ihn bei diesem Generalkonsulat beantragen.<\/p>\n<p style=\"text-align: justify;\">Hierf\u00fcr m\u00fcssen Sie<strong> folgende Unterlagen einreichen:<\/strong><\/p>\n<ol style=\"text-align: justify;\">\n<li>ausgef\u00fclltes und unterschriebenes <a href=\"https:\/\/conscolonia.esteri.it\/wp-content\/uploads\/2025\/07\/modulo-rich.-cert.-CF_modica_29-07-2025.docx\"><strong>Antragsformular<\/strong><\/a> (bitte als PDF abspeichern);<\/li>\n<li><strong>Belege<\/strong>\u00a0zum Grund des Antrages;<\/li>\n<li><strong>Kopie der Vorder- und R\u00fcckseite des Ausweises des Antragsstellers<\/strong>. Wird der Antrag im Auftrag f\u00fcr einen Dritten, also ein (minderj\u00e4hrige bzw. nicht gesch\u00e4ftsf\u00e4hige Person, gestellt, so ist eine Kopie des Ausweises des Antragsstellers (Elternteil\/Vormund\/Betreuer) sowie eine Unterschrift des Auftragstellers, also des Dritten, beizuf\u00fcgen;<\/li>\n<li><strong>Kopie der Meldebescheinigung<\/strong>;<\/li>\n<li><strong>Ein voradressierter und ausreichend frankierter Briefumschlag<\/strong> (0,95 Euro, Standardbrief) f\u00fcr die Zusendung der Steuernummer-Bescheinigung\/Certificato del Codice Fiscale;<\/li>\n<\/ol>\n<p style=\"text-align: justify;\">und zwar<strong> ausschlie\u00dflich per Post<\/strong> an folgende Adresse:<\/p>\n<p style=\"text-align: justify;\">Consolato Generale d\u2019Italia a Colonia<br \/>\nUfficio Codici Fiscali<br \/>\nUniversit\u00e4tsstr. 81<br \/>\n50931 K\u00f6ln<\/p>\n<p style=\"text-align: justify;\">Die Antr\u00e4ge werden chronologisch nach Posteingang bearbeitet. Um zu erfahren, ob der Antrag hier eingegangen ist, kann die Seite von <a href=\"https:\/\/www.dhl.de\/de\/privatkunden\/dhl-sendungsverfolgung.html\">DHL<\/a> genutzt werden. Mails, in denen nach Eingang des Antrags oder Bearbeitungsstatus erfragt wird, werden <strong>NICHT<\/strong> beantwortet. Es ist nicht m\u00f6glich, den Antrag pers\u00f6nlich abzugeben. Wir bitten ebenfalls davon abzusehen, pers\u00f6nlich im Konsulat nach dem Bearbeitungsstatus zu fragen.<\/p>\n<p style=\"text-align: justify;\"><strong>Hinweis:<\/strong><\/p>\n<ul>\n<li style=\"text-align: justify;\"><strong>Bearbeitungszeiten<\/strong> zur Erteilung einer steuerlichen Identifikationsnummer und Ausstellung der Steuernummer-Bescheinigung: <strong>4-6 Wochen<\/strong>;<\/li>\n<li style=\"text-align: justify;\">unvollst\u00e4ndige bzw. nicht in unserem Zust\u00e4ndigkeitsbereich liegende Antr\u00e4ge werden nicht ber\u00fccksichtigt;<\/li>\n<li style=\"text-align: justify;\">italienische Staatsb\u00fcrger werden auf die <a href=\"https:\/\/conscolonia.esteri.it\/de\/servizi-consolari-e-visti\/servizi-per-il-cittadino-italiano\/\">entsprechende\u00a0Seite\u00a0im Abschnitt\u00a0Dienstleistungen f\u00fcr italienische Staatsb\u00fcrger<\/a> verwiesen;<\/li>\n<\/ul>\n<p>&nbsp;<\/p>\n<\/div>\n<\/article>\n<\/div>\n","protected":false},"excerpt":{"rendered":"Erkl\u00e4rungen zum Antrag auf Zuweisung eines Codice Fiscale: 1) f\u00fcr Immobilienk\u00e4ufe und sonstige Rechtsgesch\u00e4fte: Der Antrag muss pers\u00f6nlich oder durch eine bevollm\u00e4chtigte Person (Notar, Anwalt, Steuerberater, Immobilienmaker, &#8230;) bei einer beliebigen Dienststelle der Agenzia delle Entrate (Italienisches Zentralamt f\u00fcr Steuern) gestellt werden. 2) zu Studienzwecken: Ausl\u00e4ndische Studierende aus EU-Staaten und dem Europ\u00e4ischen Wirtschaftsraum ben\u00f6tigen keinen [&hellip;]","protected":false},"author":9,"featured_media":0,"parent":7657,"menu_order":0,"comment_status":"closed","ping_status":"closed","template":"","meta":{"footnotes":""},"class_list":["post-8001","page","type-page","status-publish","hentry"],"_links":{"self":[{"href":"https:\/\/conscolonia.esteri.it\/de\/wp-json\/wp\/v2\/pages\/8001","targetHints":{"allow":["GET"]}}],"collection":[{"href":"https:\/\/conscolonia.esteri.it\/de\/wp-json\/wp\/v2\/pages"}],"about":[{"href":"https:\/\/conscolonia.esteri.it\/de\/wp-json\/wp\/v2\/types\/page"}],"author":[{"embeddable":true,"href":"https:\/\/conscolonia.esteri.it\/de\/wp-json\/wp\/v2\/users\/9"}],"replies":[{"embeddable":true,"href":"https:\/\/conscolonia.esteri.it\/de\/wp-json\/wp\/v2\/comments?post=8001"}],"version-history":[{"count":8,"href":"https:\/\/conscolonia.esteri.it\/de\/wp-json\/wp\/v2\/pages\/8001\/revisions"}],"predecessor-version":[{"id":10796,"href":"https:\/\/conscolonia.esteri.it\/de\/wp-json\/wp\/v2\/pages\/8001\/revisions\/10796"}],"up":[{"embeddable":true,"href":"https:\/\/conscolonia.esteri.it\/de\/wp-json\/wp\/v2\/pages\/7657"}],"wp:attachment":[{"href":"https:\/\/conscolonia.esteri.it\/de\/wp-json\/wp\/v2\/media?parent=8001"}],"curies":[{"name":"wp","href":"https:\/\/api.w.org\/{rel}","templated":true}]}}