{"id":791,"date":"2023-04-14T13:57:00","date_gmt":"2023-04-14T11:57:00","guid":{"rendered":"https:\/\/conscolonia.esteri.it\/?page_id=791"},"modified":"2023-08-16T15:56:24","modified_gmt":"2023-08-16T13:56:24","slug":"wahlen-der-com-it-es-komitees-der-italiener-im-ausland","status":"publish","type":"page","link":"https:\/\/conscolonia.esteri.it\/de\/servizi-consolari-e-visti\/servizi-per-il-cittadino-italiano\/servizi-elettorali\/wahlen-der-com-it-es-komitees-der-italiener-im-ausland\/","title":{"rendered":"WAHLANGELEGENHEITEN &#8211; Wahlen der Komitees der Italiener*innen im Ausland Comitato degli Italiani all&#8217;Estero (COM.IT.ES)"},"content":{"rendered":"<div class=\"container\">\n<div id=\"main\" role=\"main\">\n<div class=\"row\">\n<article id=\"articolo_centro\" class=\"col-md-19 col-sm-19 padding_articolo item-page\" role=\"main\" aria-label=\"articolo\">\n<div>\n<div class=\"row\">\n<article id=\"articolo_centro\" class=\"col-md-19 col-sm-19 padding_articolo item-page\" role=\"main\" aria-label=\"articolo\">\n<div>\n<div class=\"container\">\n<div id=\"main\" role=\"main\">\n<div class=\"row\">\n<article id=\"articolo_centro\" class=\"col-md-19 col-sm-19 padding_articolo item-page\" role=\"main\" aria-label=\"articolo\">\n<div>\n<p><img loading=\"lazy\" decoding=\"async\" class=\"\" src=\"https:\/\/conscolonia.esteri.it\/wp-content\/uploads\/2023\/05\/Comites-1.jpg\" width=\"211\" height=\"175\" \/><\/p>\n<\/div>\n<\/article>\n<\/div>\n<\/div>\n<\/div>\n<\/div>\n<\/article>\n<\/div>\n<p><strong>UFFICIO ELETTORALE<br \/>\n<\/strong><a href=\"mailto:elettorale.colonia@esteri.it\">elettorale.colonia@esteri.it<span lang=\"IT\"><br \/>\ncolonia.elettorale2@esteri.it<\/span><\/a><\/p>\n<p><strong>Die COMITES (Komitees der Italiener im Ausland)<\/strong><\/p>\n<ul>\n<li>f\u00f6rdern in Zusammenarbeit mit den Konsulaten Initiativen in allen Bereichen des sozialen und kulturellen Lebens, der schulischen Unterst\u00fctzung, der beruflichen Fortbildung, des Sports und der Freizeit der in den Konsularbezirken lebenden Italiener;<\/li>\n<li>nehmen Stellung, geben Vorschl\u00e4ge und Empfehlungen zu geplanten Initiativen der Konsulate in den genannten Bereichen. Sie geben begr\u00fcndete und bindende Stellungnahmen ab zu Antr\u00e4gen auf finanzielle Zusch\u00fcsse seitens der Vereine, Verb\u00e4nde und Komitees f\u00fcr Aktivit\u00e4ten zugunsten der in den Konsularbezirken ans\u00e4ssigen Italiener;<\/li>\n<li>arbeiten mit den Konsulaten zusammen bei der Wahrung der Rechte und der Interessen der in den Konsularbezirken ans\u00e4ssigen italienischen Staatsangeh\u00f6rigen;<\/li>\n<li>informieren die Konsulate \u00fcber eventueller Mi\u00dfachtung internationaler Vereinbarungen und Vorschriften, soweit sie italienische Arbeitnehmer betreffen;<\/li>\n<li>arbeiten mit den Konsulaten zusammen bei der Beachtung von Arbeitsvertr\u00e4gen, Sicherheitsbedingungen und Hygienevorschriften am Arbeitsplatz, Eingliederung italienischer Kinder in die Schulen, Initiativen \u00f6rtlicher Beh\u00f6rden zur besseren Integration und zum Erhalt der Bindungen an Italien.<\/li>\n<\/ul>\n<p><span lang=\"IT\"><strong>Was sind die ComItEs?<\/strong><br \/>\n<\/span><\/p>\n<ul>\n<li><span lang=\"IT\"><span lang=\"IT\">Die COMITES sind gew\u00e4hlte Organe, welche die Bed\u00fcrfnisse der italienischen Staatsangeh\u00f6rigen mit Wohnsitz im Ausland in den Beziehungen zu den Konsularb\u00fcros vertreten. Sie arbeiten mit diesen zusammen, um die sozialen, kulturellen und gesellschaftlichen Bed\u00fcrfnisse der italienischen Gemeinschaft zu ermitteln.<\/span><\/span><\/li>\n<li><span lang=\"IT\"><span lang=\"IT\">Die COMITES f\u00f6rdern In Zusammenarbeit nicht nur mit den Konsularbeh\u00f6rden, sondern auch mit den Regionen und lokalen Selbstverwaltungen sowie den im Konsularbezirk ans\u00e4ssigen Institutionen und Vereinen im Interesse der italienischen Gemeinschaft im Bezirk alle im Bereich des gesellschaftlichen und kulturellen Lebens, der Hilfe in sozialen und schulischen Angelegenheiten, der berufliche Bildung sowie der Erholungs- und Freizeitaktivit\u00e4ten sinnvoll erscheinenden Initiativen.<\/span><\/span><\/li>\n<li><span lang=\"IT\"><span lang=\"IT\">Die COMITES k\u00f6nnen nach vorheriger Absprache mit den Konsularbeh\u00f6rden Anliegen der im Bezirk ans\u00e4ssigen italienischen Gemeinschaft gegen\u00fcber lokalen Beh\u00f6rden und Institutionen vertreten.<\/span><\/span><\/li>\n<li><span lang=\"IT\"><span lang=\"IT\">Die COMITES bestehen bei Gemeinschaften mit bis zu 100.000 im Bezirk ans\u00e4ssigen italienischen Staatsangeh\u00f6rigen aus 12 Mitgliedern oder bei Gemeinschaften mit \u00fcber 100.000 ans\u00e4ssigen italienischen Staatsangeh\u00f6rigen aus 18 Mitgliedern.<\/span><\/span><\/li>\n<li><span lang=\"IT\">Die COMITES-MIGLIEDER bleiben f\u00fcr f\u00fcnf Jahre im Amt und beziehen f\u00fcr ihre T\u00e4tigkeit kein Entgelt.<\/span><\/li>\n<\/ul>\n<p><strong><span lang=\"IT\">Wen kann man w\u00e4hlen?<\/span><\/strong><\/p>\n<p><span lang=\"IT\">Die Wahl der COMITES-Mitglieder erfolgt anhand von Kandidatenlisten mit den Unterschriften der in jedem Konsularbezirk ans\u00e4ssigen italienischen Staatsangeh\u00f6rigen. Landsleute k\u00f6nnen sich organisieren, um Kandidatenlisten mit Personen ihres Vertrauens zu erstellen, unter denen dann die Mitglieder der Komitees gew\u00e4hlt werden.<\/span><\/p>\n<p><strong><span lang=\"IT\">Wie wird gew\u00e4hlt?<\/span><\/strong><\/p>\n<p><span lang=\"IT\">Vollj\u00e4hrige italienische Staatsangeh\u00f6rige mit Wohnsitz im Ausland, die in die W\u00e4hlerlisten eingeschrieben sind und seit mindestens 6 Monaten im Konsularbezirk ans\u00e4ssig sind, stimmen per Briefwahl ab. Voraussetzung ist, dass sie dem f\u00fcr sie zust\u00e4ndigen Konsularb\u00fcro \u2013 innerhalb der gesetzlich festgelegten Frist \u2013 einen entsprechenden Antrag \u00fcbermittelt haben.<\/span><\/p>\n<p><span lang=\"IT\">Die zust\u00e4ndige Konsulardienststelle sendet jedem von ihnen, der einen Antrag auf Wahlzulassung gestellt hat, bis zum zwanzigsten Tag vor der Abstimmung einen Umschlag mit den Wahlunterlagen und einem Informationsblatt zur Erl\u00e4uterung des Wahlverfahrens zu.<\/span><\/p>\n<p><span lang=\"IT\">Der B\u00fcrger gibt entsprechend den mitgeteilten Informationen seine Stimme ab und sendet den Wahlschein dann unter Verwendung des im Wahlumschlag enthaltenen vorfrankierten Umschlags per Post an seine Konsulardienststelle zur\u00fcck. Dieser Umschlag muss so schnell wie m\u00f6glich versandt werden, damit er sein Ziel innerhalb der 24 Stunden des Wahltages erreicht.<\/span><\/p>\n<p><strong><span lang=\"IT\">Rechtsgrundlagen (einsehbar auf der Internet-Seite: <a href=\"http:\/\/www.normattiva.it\/\">www.normattiva.it<\/a>):<\/span><\/strong><\/p>\n<ul>\n<li><span lang=\"IT\">Gesetz Nr. 286 vom 23. Oktober 2003;<\/span><\/li>\n<li><span lang=\"IT\">D.P.R. Nr. 395 vom 29. Dezember 2003, <\/span><\/li>\n<li><span lang=\"IT\">D.L. Nr. 109 vom 1. August 2014;<\/span><\/li>\n<li><span lang=\"IT\">N.B.: Das D.L. 109\/2014 muss im Parlament umgewandelt werden und kann somit \u00c4nderungen erfahren.<\/span><\/li>\n<\/ul>\n<div class=\"container\">\n<div id=\"main\" role=\"main\">\n<div class=\"row\">\n<article id=\"articolo_centro\" class=\"col-md-19 col-sm-19 padding_articolo item-page\" role=\"main\" aria-label=\"articolo\">\n<div>\n<div class=\"container\">\n<div id=\"main\" role=\"main\">\n<div class=\"row\">\n<article id=\"articolo_centro\" class=\"col-md-19 col-sm-19 padding_articolo item-page\" role=\"main\" aria-label=\"articolo\">\n<div><\/div>\n<\/article>\n<\/div>\n<\/div>\n<\/div>\n<\/div>\n<\/article>\n<\/div>\n<\/div>\n<\/div>\n<\/div>\n<\/article>\n<\/div>\n<\/div>\n<\/div>\n","protected":false},"excerpt":{"rendered":"UFFICIO ELETTORALE elettorale.colonia@esteri.it colonia.elettorale2@esteri.it Die COMITES (Komitees der Italiener im Ausland) f\u00f6rdern in Zusammenarbeit mit den Konsulaten Initiativen in allen Bereichen des sozialen und kulturellen Lebens, der schulischen Unterst\u00fctzung, der beruflichen Fortbildung, des Sports und der Freizeit der in den Konsularbezirken lebenden Italiener; nehmen Stellung, geben Vorschl\u00e4ge und Empfehlungen zu geplanten Initiativen der Konsulate in [&hellip;]","protected":false},"author":5,"featured_media":0,"parent":224,"menu_order":7,"comment_status":"closed","ping_status":"closed","template":"","meta":{"footnotes":""},"class_list":["post-791","page","type-page","status-publish","hentry"],"_links":{"self":[{"href":"https:\/\/conscolonia.esteri.it\/de\/wp-json\/wp\/v2\/pages\/791","targetHints":{"allow":["GET"]}}],"collection":[{"href":"https:\/\/conscolonia.esteri.it\/de\/wp-json\/wp\/v2\/pages"}],"about":[{"href":"https:\/\/conscolonia.esteri.it\/de\/wp-json\/wp\/v2\/types\/page"}],"author":[{"embeddable":true,"href":"https:\/\/conscolonia.esteri.it\/de\/wp-json\/wp\/v2\/users\/5"}],"replies":[{"embeddable":true,"href":"https:\/\/conscolonia.esteri.it\/de\/wp-json\/wp\/v2\/comments?post=791"}],"version-history":[{"count":0,"href":"https:\/\/conscolonia.esteri.it\/de\/wp-json\/wp\/v2\/pages\/791\/revisions"}],"up":[{"embeddable":true,"href":"https:\/\/conscolonia.esteri.it\/de\/wp-json\/wp\/v2\/pages\/224"}],"wp:attachment":[{"href":"https:\/\/conscolonia.esteri.it\/de\/wp-json\/wp\/v2\/media?parent=791"}],"curies":[{"name":"wp","href":"https:\/\/api.w.org\/{rel}","templated":true}]}}