{"id":7907,"date":"2025-01-21T12:53:20","date_gmt":"2025-01-21T11:53:20","guid":{"rendered":"https:\/\/conscolonia.esteri.it\/amministrazione-trasparente\/bandi-di-concorso\/"},"modified":"2026-03-04T15:49:19","modified_gmt":"2026-03-04T14:49:19","slug":"bandi-di-concorso","status":"publish","type":"page","link":"https:\/\/conscolonia.esteri.it\/de\/amministrazione-trasparente\/bandi-di-concorso\/","title":{"rendered":"Auswahlverfahren"},"content":{"rendered":"<p class=\"x_MsoNormal\">Das Generalkonsulat der Italienischen Republik in K\u00f6ln stellt Personal mit befristeten und unbefristeten Arbeitsvertr\u00e4gen ein,<br \/>\nauf Basis von Auswahlverfahren, die vom Italienischen Au\u00dfernministerium in Rom Ministero degli affari esteri e della cooperazione internazionale genehmigt werden.<\/p>\n<p class=\"x_MsoNormal\"><b>AUFLISTUNG DER AUSWAHLVERFAHREN F\u00dcR DEN ZEITRAUM VON <\/b><b>2021 \u2013 2026:<\/b><\/p>\n<p><strong>2026:<\/strong><br \/>\n<strong>Stellenausschreibung f\u00fcr Nr. 1 Verwaltungsangestellte\/r mit befristetem Vertrag (Frist: 06. M\u00e4rz<\/strong><strong>\u00a02026)<br \/>\n<\/strong><\/p>\n<ul>\n<li><a href=\"https:\/\/conscolonia.esteri.it\/wp-content\/uploads\/2026\/02\/AVVISO_Contrattista-temporaneo_20-02-2026.pdf\">Ausschreibung<\/a><\/li>\n<li><a href=\"https:\/\/conscolonia.esteri.it\/wp-content\/uploads\/2026\/02\/Avviso-di-rettifica_04-03-2026.pdf\">Berichtigung<\/a><\/li>\n<\/ul>\n<p class=\"x_MsoNormal\"><b>2025:<br \/>\n<\/b><strong>Stellenausschreibung f\u00fcr Nr. 1 Verwaltungsangestellte\/r im Konsularbereich<\/strong><\/p>\n<ul>\n<li><a href=\"https:\/\/conscolonia.esteri.it\/wp-content\/uploads\/2025\/08\/BANDO_firmato.pdf\">Ausschreibung<\/a><\/li>\n<li><a href=\"https:\/\/conscolonia.esteri.it\/wp-content\/uploads\/2025\/09\/COMMISSIONE-DESAME-CONCORSO.pdf\">Mitglieder der Pr\u00fcfungskommission<\/a><\/li>\n<li><a href=\"https:\/\/conscolonia.esteri.it\/wp-content\/uploads\/2025\/10\/Verbale-Calendario-delle-Prove-d%C2%B4esame.pdf\">Konvokation schriftliche Pr\u00fcfungen<\/a><\/li>\n<li>Entw\u00fcrfe der schriftlichen Pr\u00fcfungen<br \/>\n01)\u00a0 <a href=\"https:\/\/conscolonia.esteri.it\/wp-content\/uploads\/2025\/11\/TRACCIA-01_Diplomazia-culturale_11-11-2025_307.pdf\">Entwurf 01<\/a><br \/>\n02) <a href=\"https:\/\/conscolonia.esteri.it\/wp-content\/uploads\/2025\/11\/TRACCIA-02_Diplomazia-scientifica_11-11-2025_303.pdf\">Entwurf 02<\/a><br \/>\n03) <a href=\"https:\/\/conscolonia.esteri.it\/wp-content\/uploads\/2025\/11\/03_Diplomazia-economica_11-11-2025_303.pdf\">Entwurf 03 (gezogen)<\/a><\/li>\n<li><a href=\"https:\/\/conscolonia.esteri.it\/wp-content\/uploads\/2025\/12\/Verbale-2-Calendario-prove-orali-2.pdf\">Konvokation m\u00fcndliche Pr\u00fcfungen<\/a><\/li>\n<li><a href=\"https:\/\/conscolonia.esteri.it\/wp-content\/uploads\/2026\/01\/CONCORSO-2025-Graduatoria-finale_16-01-2026.pdf\">Rangordnung aller f\u00fcr geeignet erkl\u00e4rten Bewerber<\/a><\/li>\n<\/ul>\n<p><strong>2022:<br \/>\nPr\u00fcfung f\u00fcr die Einstellung von Nr. 1 Vertragsangestellten als Fahrer -Telefonist &#8211; Sachbearbeiter<\/strong><\/p>\n<ul>\n<li><a href=\"https:\/\/conscolonia.esteri.it\/wp-content\/uploads\/2025\/11\/2022_consolato_generale_d_italia_a_colonia_graduatoria_finale_degli_idonei-1.pdf\">Rangordnung aller f\u00fcr geeignet erkl\u00e4rten Bewerber<\/a><\/li>\n<\/ul>\n<p><strong>2021:<\/strong><b><br \/>\n<\/b><strong>Stellenausschreibung f\u00fcr Nr. 1 Verwaltungsangestellten im Konsularbereich<\/strong><\/p>\n<ul>\n<li><a href=\"https:\/\/conscolonia.esteri.it\/wp-content\/uploads\/2025\/11\/2021_Graduatoria-finale-degli-idonei_21-04-2021.pdf\">Rangordnung aller f\u00fcr geeignet erkl\u00e4rten Bewerber<\/a><\/li>\n<\/ul>\n<p>&nbsp;<\/p>\n<p>&nbsp;<\/p>\n","protected":false},"excerpt":{"rendered":"Das Generalkonsulat der Italienischen Republik in K\u00f6ln stellt Personal mit befristeten und unbefristeten Arbeitsvertr\u00e4gen ein, auf Basis von Auswahlverfahren, die vom Italienischen Au\u00dfernministerium in Rom Ministero degli affari esteri e della cooperazione internazionale genehmigt werden. AUFLISTUNG DER AUSWAHLVERFAHREN F\u00dcR DEN ZEITRAUM VON 2021 \u2013 2026: 2026: Stellenausschreibung f\u00fcr Nr. 1 Verwaltungsangestellte\/r mit befristetem Vertrag (Frist: [&hellip;]","protected":false},"author":1,"featured_media":0,"parent":156,"menu_order":0,"comment_status":"closed","ping_status":"closed","template":"","meta":{"footnotes":""},"class_list":["post-7907","page","type-page","status-publish","hentry"],"_links":{"self":[{"href":"https:\/\/conscolonia.esteri.it\/de\/wp-json\/wp\/v2\/pages\/7907","targetHints":{"allow":["GET"]}}],"collection":[{"href":"https:\/\/conscolonia.esteri.it\/de\/wp-json\/wp\/v2\/pages"}],"about":[{"href":"https:\/\/conscolonia.esteri.it\/de\/wp-json\/wp\/v2\/types\/page"}],"author":[{"embeddable":true,"href":"https:\/\/conscolonia.esteri.it\/de\/wp-json\/wp\/v2\/users\/1"}],"replies":[{"embeddable":true,"href":"https:\/\/conscolonia.esteri.it\/de\/wp-json\/wp\/v2\/comments?post=7907"}],"version-history":[{"count":7,"href":"https:\/\/conscolonia.esteri.it\/de\/wp-json\/wp\/v2\/pages\/7907\/revisions"}],"predecessor-version":[{"id":11866,"href":"https:\/\/conscolonia.esteri.it\/de\/wp-json\/wp\/v2\/pages\/7907\/revisions\/11866"}],"up":[{"embeddable":true,"href":"https:\/\/conscolonia.esteri.it\/de\/wp-json\/wp\/v2\/pages\/156"}],"wp:attachment":[{"href":"https:\/\/conscolonia.esteri.it\/de\/wp-json\/wp\/v2\/media?parent=7907"}],"curies":[{"name":"wp","href":"https:\/\/api.w.org\/{rel}","templated":true}]}}