{"id":774,"date":"2023-04-14T13:40:55","date_gmt":"2023-04-14T11:40:55","guid":{"rendered":"https:\/\/conscolonia.esteri.it\/?page_id=774"},"modified":"2024-04-08T10:15:30","modified_gmt":"2024-04-08T08:15:30","slug":"italienische-parlamentswahlen","status":"publish","type":"page","link":"https:\/\/conscolonia.esteri.it\/de\/servizi-consolari-e-visti\/servizi-per-il-cittadino-italiano\/servizi-elettorali\/italienische-parlamentswahlen\/","title":{"rendered":"WAHLANGELEGENHEITEN &#8211; Parlamentswahlen und Referenda"},"content":{"rendered":"<div class=\"container\">\n<div id=\"main\" role=\"main\">\n<div class=\"row\">\n<article role=\"main\" aria-label=\"articolo\"><\/article>\n<article role=\"main\" aria-label=\"articolo\"><\/article>\n<article role=\"main\" aria-label=\"articolo\"><a href=\"https:\/\/www.esteri.it\/it\/servizi-consolari-e-visti\/italiani-all-estero\/votoestero\/elezionipolitiche\/\"><img loading=\"lazy\" decoding=\"async\" class=\"alignleft size-medium wp-image-2866 img-fluid\" src=\"https:\/\/conscolonia.esteri.it\/wp-content\/uploads\/2023\/08\/Voto-allestero-300x210.jpg\" alt=\"\" width=\"300\" height=\"210\" srcset=\"https:\/\/conscolonia.esteri.it\/wp-content\/uploads\/2023\/08\/Voto-allestero-300x210.jpg 300w, https:\/\/conscolonia.esteri.it\/wp-content\/uploads\/2023\/08\/Voto-allestero.jpg 553w\" sizes=\"auto, (max-width: 300px) 100vw, 300px\" \/><\/a><\/article>\n<article id=\"articolo_centro\" class=\"col-md-15 col-sm-15 padding_articolo item-page\" role=\"main\" aria-label=\"articolo\">\n<article role=\"main\" aria-label=\"articolo\"><\/article>\n<article role=\"main\" aria-label=\"articolo\"><\/article>\n<article role=\"main\" aria-label=\"articolo\"><\/article>\n<article role=\"main\" aria-label=\"articolo\"><\/article>\n<article role=\"main\" aria-label=\"articolo\"><\/article>\n<article role=\"main\" aria-label=\"articolo\"><\/article>\n<article role=\"main\" aria-label=\"articolo\"><\/article>\n<article role=\"main\" aria-label=\"articolo\"><\/article>\n<article role=\"main\" aria-label=\"articolo\"><\/article>\n<article role=\"main\" aria-label=\"articolo\"><\/article>\n<article role=\"main\" aria-label=\"articolo\"><\/article>\n<article role=\"main\" aria-label=\"articolo\"><\/article>\n<article role=\"main\" aria-label=\"articolo\"><\/article>\n<article role=\"main\" aria-label=\"articolo\"><\/article>\n<article role=\"main\" aria-label=\"articolo\"><\/article>\n<article role=\"main\" aria-label=\"articolo\"><\/article>\n<article role=\"main\" aria-label=\"articolo\"><\/article>\n<article role=\"main\" aria-label=\"articolo\"><\/article>\n<article role=\"main\" aria-label=\"articolo\"><\/article>\n<article role=\"main\" aria-label=\"articolo\"><\/article>\n<article role=\"main\" aria-label=\"articolo\"><\/article>\n<article role=\"main\" aria-label=\"articolo\"><\/article>\n<article role=\"main\" aria-label=\"articolo\"><\/article>\n<article role=\"main\" aria-label=\"articolo\"><\/article>\n<article role=\"main\" aria-label=\"articolo\"><\/article>\n<article role=\"main\" aria-label=\"articolo\"><\/article>\n<article role=\"main\" aria-label=\"articolo\"><\/article>\n<article role=\"main\" aria-label=\"articolo\"><\/article>\n<article role=\"main\" aria-label=\"articolo\"><\/article>\n<article role=\"main\" aria-label=\"articolo\"><\/article>\n<article role=\"main\" aria-label=\"articolo\"><\/article>\n<article role=\"main\" aria-label=\"articolo\"><\/article>\n<article role=\"main\" aria-label=\"articolo\"><\/article>\n<article role=\"main\" aria-label=\"articolo\"><\/article>\n<article role=\"main\" aria-label=\"articolo\"><\/article>\n<article role=\"main\" aria-label=\"articolo\"><\/article>\n<article role=\"main\" aria-label=\"articolo\"><\/article>\n<article role=\"main\" aria-label=\"articolo\"><\/article>\n<article role=\"main\" aria-label=\"articolo\"><\/article>\n<article role=\"main\" aria-label=\"articolo\"><\/article>\n<article role=\"main\" aria-label=\"articolo\"><\/article>\n<article role=\"main\" aria-label=\"articolo\"><\/article>\n<article role=\"main\" aria-label=\"articolo\"><\/article>\n<article role=\"main\" aria-label=\"articolo\"><\/article>\n<article role=\"main\" aria-label=\"articolo\"><\/article>\n<article role=\"main\" aria-label=\"articolo\"><\/article>\n<article role=\"main\" aria-label=\"articolo\"><\/article>\n<article role=\"main\" aria-label=\"articolo\"><\/article>\n<article role=\"main\" aria-label=\"articolo\"><\/article>\n<article role=\"main\" aria-label=\"articolo\"><\/article>\n<article role=\"main\" aria-label=\"articolo\"><\/article>\n<article role=\"main\" aria-label=\"articolo\"><\/article>\n<article role=\"main\" aria-label=\"articolo\"><strong>ABTEILUNG F\u00dcR WAHLANGELEGENHEITEN<br \/>\n<\/strong><a href=\"mailto:elettorale.colonia@esteri.it\">elettorale.colonia@esteri.it<\/a><br \/>\n<a href=\"mailto:elettorale.colonia@esteri.it\"><span lang=\"IT\">colonia.elettorale2@esteri.it<\/span><\/a><\/article>\n<\/article>\n<p>Gem\u00e4\u00df dem Gesetz legge 459\/2001 und der Durchf\u00fchrungsverordnung, dem Pr\u00e4sidentialdekret Decreto del Presidente della Repubblica D.P.R. 104\/2003 k\u00f6nnen\u00a0 <strong>die im Ausland wohnhaften und regul\u00e4r im Melderegister Anagrafe degli Italiani all&#8217;Estero A.I.R.E. eingetragenen, italienischen Staatsb\u00fcrger*innen im Konsularbezirk im Ausland das Parlament (Abgeordnetenkammer) und den Senat der Republik w\u00e4hlen sowie f\u00fcr Referenda abstimmen gem\u00e4\u00df \u00a7\u00a7 75 und 138 der Verfassung<\/strong>.\u00a0 Bez\u00fcglich der Konsularbezirke im Ausland gibt es folgende vier Aufteilungen:<\/p>\n<ul>\n<li>Europa, inklusive asiatischer Territorien in der Russischen F\u00f6deration und der T\u00fcrkei;<\/li>\n<li>S\u00fcdamerika;<\/li>\n<li>Nord- und Zentralamerika;<\/li>\n<li>Afrika, Asien, Ozeanien und Antarktis.<\/li>\n<\/ul>\n<p>Die Gesamtzahl der Parlamentarier f\u00fcr den Konsularbezirk Ausland ist aktuell 12 (8 Abgeordnete und 4 Senatoren).<\/p>\n<p><strong>KATEGORIEN DER W\u00c4HLER*INNEN<br \/>\n<\/strong><br \/>\n1. Es d\u00fcrfen w\u00e4hlen;: <strong>die im Ausland wohnhaften, und regul\u00e4r im A.I.R.E.-Melderegister\u00a0 und in den Wahllisten eingetragenen, italienischen Staatsb\u00fcrger*innen<\/strong>, ab dem 18. Lebensjahr;<br \/>\n2. Es kann auch eine Briefwahl im Konsularbezirk Ausland durchgef\u00fchrt werden, wenn zuvor eine g\u00fcltige Option f\u00fcr einen einzigen Wahlgang beantragt worden ist, und zwar von all den italienischen Staatsb\u00fcrger*innen, die sich aufgrund von Arbeit, Studium oder \u00e4rztlicher Behandlung tempor\u00e4r und f\u00fcr einen Zeitraum von mindestens 3 Monaten, in den die Durchf\u00fchrung des Wahlganges f\u00e4llt, in einem Land im Ausland aufhalten, in dem sie nicht ihren Wohnsitz haben (gem\u00e4\u00df Gesetz vom 27. Oktober 1988 Nr. 470 (legge 27 ottobre 1988, n. 470). Mit den gleichen Modalit\u00e4ten k\u00f6nnen Familienmitglieder w\u00e4hlen, die mit den zuvor genannten Mitb\u00fcrger*innen zusammenleben. Der von den W\u00e4hler*innen unterzeichnete Option muss eine Kopie eines g\u00fcltigen Ausweisdokuments beigef\u00fcgt werden, und diese muss dem <strong>Wahlb\u00fcro der Heimatgemeinde<\/strong> (und folglich NICHT den Konsularb\u00fcros) i<strong>nnerhalb des 31ten Tages vor der Durchf\u00fchrung des Wahlgangs in Italien<\/strong> zugestellt werden. Diese Wahloption kann innerhalb des gleichen Zeitraumes auch wieder zur\u00fcckgezogen werden und sie ist nur f\u00fcr einen einzigen Wahlgang g\u00fcltig.<\/p>\n<p>&nbsp;<\/p>\n<p><strong>MODALIT\u00c4TEN F\u00dcR DIE BRIEFWAHL<br \/>\n<\/strong><\/p>\n<p>Die im Ausland wohnhaften W\u00e4hler*innen bekommen die Wahlunterlagen mit Stimmzettel \/ Stimmzetteln sowie die Anleitung zu den Wahlmodalit\u00e4ten vom zust\u00e4ndigen Konsularb\u00fcro an ihre Wohnanschrift im Ausland zugestellt.<\/p>\n<p>Der\/die W\u00e4hler*in, der\/die seine\/ihre Wahlunterlagen nicht<strong> innerhalb des 14. Tages vor dem Wahltag in Italien<\/strong> erhalten hat, kann das zust\u00e4ndige Konsularb\u00fcro kontaktieren, um seinen\/ihren eigenen Wahlstatus \u00fcberpr\u00fcfen zu lassen und gem\u00e4\u00df \u00a712,5 des Gesetzes Legge 45\/2001 einen Antrag auf die Ausstellung eines Duplikats der Wahlunterlagen zu stellen.<\/p>\n<p>Das Konsularb\u00fcro ist ausserdem authorisiert all diejenigen, italienischen Staatsb\u00fcrger*innen per Briefwahl zur Wahl im Ausland zuzulassen, deren Namen <strong>auf der\u00a0<\/strong> vom Innenministerium Minstero dell&#8217;Interno zur Verf\u00fcgung gestellten<strong> W\u00e4hlerliste nicht aufgef\u00fchrt<\/strong> worden sind, aber nur wenn sie nachweisen k\u00f6nnen, dass sie im Melderegister f\u00fcr im Ausland lebende Italiener*innen Anagrafe degli Italiani all&#8217;Estero A.I.R.E. eingetragen sind, oder wenn die Registrierung oder die Aktualisierung ihrer Daten innerhalb des 31. Dezembers des vorhergehenden Jahres beantragt worden ist. Der Antrag auf\u00a0 die Zulassung zur Wahl muss beim Konsulat innerhalb des 11ten Tages vor den Wahlen in Italien gestellt werden. <strong>Die Zulassung zur Wahl im Ausland h\u00e4ngt von der Erkl\u00e4rung der italienischen Heimatgemeinde ab, die attestieren muss, dass keine Gr\u00fcnde gegen die Aus\u00fcbung des Wahlrechts im Ausland vorliegen.<\/strong><\/p>\n<p>Sobald sie ihre Stimme abgegeben haben, senden die W\u00e4hler*innen ihre Stimmzettel in dem in den Wahlunterlagen vorgefundenen, bereits frankierten R\u00fcckumschlag zur\u00fcck an ihr zust\u00e4ndiges Konsularb\u00fcro.<\/p>\n<p>Sobald diese Handlungen abgeschlossen sind, werden die Stimmzettel der im Ausland wohnhaften Italiener*innen, <strong>die das Konsularb\u00fcro bis maximal 16 Uhr am Donnerstag vor dem Wahltag in Italien erhalten hat<\/strong>, nach Italien gesendet. Dort wird die Ausz\u00e4hlung vorgenommen: vom Hauptwahlb\u00fcro sowie von den Zweigstellen des Hauptwahlb\u00fcros, die f\u00fcr den Konsularbezirk Ausland eingerichtet worden sind, und zwar den Berufungsgerichten Corte di Appello von Rom, Mailand, Bologna, Florenz und Neapel.<\/p>\n<p><strong>OPTION DER WAHL IN ITALIEN<\/strong><\/p>\n<p><strong>Die im Ausland wohnhaften und regul\u00e4r im Melderegister A.I.R.E. Anagrafe degli Italiani Residenti all&#8217;Estero registrierten W\u00e4hler*innen<\/strong>, die ihr Wahlrecht in Italien aus\u00fcben wollen, k\u00f6nnen ihre diesbez\u00fcgliche Option ihrem zust\u00e4ndigen Konsularb\u00fcro mitteilen, und zwar innerhalb des 31. Dezembers des Vorjahres vor dem nat\u00fcrlichen Ablauf der Legislaturperiode (gem\u00e4\u00df \u00a7 4,1, des Gesetzes legge 459\/2001). Im Fall von <strong>vorgezogenen Wahlen oder Referenda<\/strong> k\u00f6nnen die W\u00e4hler*innen die Option f\u00fcr die Wahl in Italien innerhalb des 1oten Tages der auf die Ausschreibung der Wahlen folgt, aus\u00fcben (gem\u00e4\u00df \u00a7 4,2 des Gesetzes legge 459\/2001). Das Ital. Au\u00dfenministerium Ministero degli Affari Esteri e della Cooperazione Internazionale wird dem Ital. Innenministerium Ministero dell&#8217;Interno die Daten der italienischen Staatsb\u00fcrger*innen mitteilen, die sich innerhalb der vom Gesetz vorgegebenen Frist f\u00fcr die Option entschieden haben, damit sie von den italienischen Heimatgemeinden in die Wahllisten aufgenommen werden k\u00f6nnen.<\/p>\n<p>VERMERK: Diese W\u00e4hler*innen haben KEIN Recht auf die Erstattung der Fahrkosten, mit Ausnahme der Reiseverg\u00fcnstigungen, die f\u00fcr die Strecken auf italienischem Territorium vorhergesehen sind.<\/p>\n<\/div>\n<\/div>\n<\/div>\n","protected":false},"excerpt":{"rendered":"ABTEILUNG F\u00dcR WAHLANGELEGENHEITEN elettorale.colonia@esteri.it colonia.elettorale2@esteri.it Gem\u00e4\u00df dem Gesetz legge 459\/2001 und der Durchf\u00fchrungsverordnung, dem Pr\u00e4sidentialdekret Decreto del Presidente della Repubblica D.P.R. 104\/2003 k\u00f6nnen\u00a0 die im Ausland wohnhaften und regul\u00e4r im Melderegister Anagrafe degli Italiani all&#8217;Estero A.I.R.E. eingetragenen, italienischen Staatsb\u00fcrger*innen im Konsularbezirk im Ausland das Parlament (Abgeordnetenkammer) und den Senat der Republik w\u00e4hlen sowie f\u00fcr Referenda [&hellip;]","protected":false},"author":5,"featured_media":0,"parent":224,"menu_order":2,"comment_status":"closed","ping_status":"closed","template":"","meta":{"footnotes":""},"class_list":["post-774","page","type-page","status-publish","hentry"],"_links":{"self":[{"href":"https:\/\/conscolonia.esteri.it\/de\/wp-json\/wp\/v2\/pages\/774","targetHints":{"allow":["GET"]}}],"collection":[{"href":"https:\/\/conscolonia.esteri.it\/de\/wp-json\/wp\/v2\/pages"}],"about":[{"href":"https:\/\/conscolonia.esteri.it\/de\/wp-json\/wp\/v2\/types\/page"}],"author":[{"embeddable":true,"href":"https:\/\/conscolonia.esteri.it\/de\/wp-json\/wp\/v2\/users\/5"}],"replies":[{"embeddable":true,"href":"https:\/\/conscolonia.esteri.it\/de\/wp-json\/wp\/v2\/comments?post=774"}],"version-history":[{"count":6,"href":"https:\/\/conscolonia.esteri.it\/de\/wp-json\/wp\/v2\/pages\/774\/revisions"}],"predecessor-version":[{"id":5528,"href":"https:\/\/conscolonia.esteri.it\/de\/wp-json\/wp\/v2\/pages\/774\/revisions\/5528"}],"up":[{"embeddable":true,"href":"https:\/\/conscolonia.esteri.it\/de\/wp-json\/wp\/v2\/pages\/224"}],"wp:attachment":[{"href":"https:\/\/conscolonia.esteri.it\/de\/wp-json\/wp\/v2\/media?parent=774"}],"curies":[{"name":"wp","href":"https:\/\/api.w.org\/{rel}","templated":true}]}}