{"id":765,"date":"2023-04-13T15:43:12","date_gmt":"2023-04-13T13:43:12","guid":{"rendered":"https:\/\/conscolonia.esteri.it\/?page_id=765"},"modified":"2023-08-17T14:46:35","modified_gmt":"2023-08-17T12:46:35","slug":"bewerbungsverfahren","status":"publish","type":"page","link":"https:\/\/conscolonia.esteri.it\/de\/servizi-consolari-e-visti\/altri-servizi\/bewerbungsverfahren\/","title":{"rendered":"ANDERE DIENSTLEISTUNGEN &#8211; Bewerbungsverfahren"},"content":{"rendered":"<p>F\u00fcr Informationen bzgl. der internen Bewerbungsverfahren konsultieren Sie bitte die Seite auf Italienisch<br \/>\n<a href=\"https:\/\/www.esteri.it\/it\/ministero\/lavora-con-noi\/concorsi-pubblici\/bandi_concorso\/\">Bandi di concorso \u2013 Ministero degli Affari Esteri e della Cooperazione Internazionale<\/a><\/p>\n<p>Hier finden Sie n\u00fctzliche Informationen \u00fcber Bewerbungsverfahren f\u00fcr das Italienische Au\u00dfenministerium, bzw. zu deren Ver\u00f6ffentlichung im \u00d6ffentlichen Amtsblatt Gazzetta Ufficiale.<\/p>\n<p>Die vom Italienischen Au\u00dfenministerium Ministero degli Affari Esteri angebotenen Bewerbungsverfahren erm\u00f6glichen den Zugang zu folgenden Karrieren:<\/p>\n<ul>\n<li>Diplomatenlaufbahn;<\/li>\n<li>gehobener Dienst;<\/li>\n<li>mittlerer und h\u00f6herer Dienst;<\/li>\n<\/ul>\n<p>Die unterschiedlichen Berufe unterscheiden sich sowohl in unterschiedlichen Gehaltsklassen, als auch in unterschiedlichen, beruflichen Profilen sowie T\u00e4tigkeiten (Verwaltung, Buchhaltung, Handel, Kultur, Informatik, Telekommunikation, Soziales, konsularische Angelegenheiten).<\/p>\n<p>F\u00fcr weiterf\u00fchrende Informationen konsultieren Sie bitte die Homepage des italienischen Au\u00dfenministeriums Ministero degli Affari Esteri e della Cooperazione Internazionale:<br \/>\n<a href=\"https:\/\/www.esteri.it\/it\/ministero\/lavora-con-noi\/concorsi-pubblici\/bandi_concorso\/\">Bandi di concorso \u2013 Ministero degli Affari Esteri e della Cooperazione Internazionale<\/a><\/p>\n","protected":false},"excerpt":{"rendered":"F\u00fcr Informationen bzgl. der internen Bewerbungsverfahren konsultieren Sie bitte die Seite auf Italienisch Bandi di concorso \u2013 Ministero degli Affari Esteri e della Cooperazione Internazionale Hier finden Sie n\u00fctzliche Informationen \u00fcber Bewerbungsverfahren f\u00fcr das Italienische Au\u00dfenministerium, bzw. zu deren Ver\u00f6ffentlichung im \u00d6ffentlichen Amtsblatt Gazzetta Ufficiale. Die vom Italienischen Au\u00dfenministerium Ministero degli Affari Esteri angebotenen Bewerbungsverfahren [&hellip;]","protected":false},"author":5,"featured_media":0,"parent":233,"menu_order":4,"comment_status":"closed","ping_status":"closed","template":"","meta":{"footnotes":""},"class_list":["post-765","page","type-page","status-publish","hentry"],"_links":{"self":[{"href":"https:\/\/conscolonia.esteri.it\/de\/wp-json\/wp\/v2\/pages\/765","targetHints":{"allow":["GET"]}}],"collection":[{"href":"https:\/\/conscolonia.esteri.it\/de\/wp-json\/wp\/v2\/pages"}],"about":[{"href":"https:\/\/conscolonia.esteri.it\/de\/wp-json\/wp\/v2\/types\/page"}],"author":[{"embeddable":true,"href":"https:\/\/conscolonia.esteri.it\/de\/wp-json\/wp\/v2\/users\/5"}],"replies":[{"embeddable":true,"href":"https:\/\/conscolonia.esteri.it\/de\/wp-json\/wp\/v2\/comments?post=765"}],"version-history":[{"count":0,"href":"https:\/\/conscolonia.esteri.it\/de\/wp-json\/wp\/v2\/pages\/765\/revisions"}],"up":[{"embeddable":true,"href":"https:\/\/conscolonia.esteri.it\/de\/wp-json\/wp\/v2\/pages\/233"}],"wp:attachment":[{"href":"https:\/\/conscolonia.esteri.it\/de\/wp-json\/wp\/v2\/media?parent=765"}],"curies":[{"name":"wp","href":"https:\/\/api.w.org\/{rel}","templated":true}]}}