{"id":683,"date":"2023-04-12T11:44:02","date_gmt":"2023-04-12T09:44:02","guid":{"rendered":"https:\/\/conscolonia.esteri.it\/?page_id=683"},"modified":"2026-01-09T09:54:59","modified_gmt":"2026-01-09T08:54:59","slug":"emergency-travel-document","status":"publish","type":"page","link":"https:\/\/conscolonia.esteri.it\/de\/servizi-consolari-e-visti\/servizi-per-il-cittadino-italiano\/passaporti-e-carte-didentita\/emergency-travel-document\/","title":{"rendered":"REISEDOKUMENTE &#8211; R\u00fcckkehrausweis Emergency Travel Document ETD"},"content":{"rendered":"<p><strong>PASS- UND AUSWEISANGELEGENHEITEN<\/strong><\/p>\n<p>&nbsp;<\/p>\n<p>Seit <strong>Dienstag, dem 9. Dezember 2025<\/strong>, ist das <strong>neue Notfall-Reisedokument (EU Emergency Travel Document <\/strong>in Kraft getreten, wie vorgesehen in der Richtlinie 2019\/997 und im Dekret des Ministeriums f\u00fcr Ausw\u00e4rtige Angelegenheiten und internationale Zusammenarbeit vom 26. Juli 2024.<\/p>\n<p>Das EU ETD ist ein Notfall-Reisedokument, das an italienische Staatsangeh\u00f6rige oder NICHT-EU-B\u00fcrger ausgestellt werden kann und nur <strong>f\u00fcr eine einzige Reise<\/strong> in den Mitgliedstaat, dessen <strong>Staatsangeh\u00f6rigkeit der Antragsteller<\/strong> besitzt, und\/oder\u00a0 <strong>in sein Land des st\u00e4ndigen Wohnsitzes<\/strong> oder <strong>in Ausnahmef\u00e4llen an einen anderen Bestimmungsort<\/strong> limitiert ist.<br \/>\nDas ETD kann jedem Unionsb\u00fcrger nach vorheriger Genehmigung durch den Mitgliedstaat, dessen Staatsangeh\u00f6rigkeit er besitzt, ausgestellt werden.<\/p>\n<p><strong>AUSSTELLUNG DES ETD AN ITALIENISCHE STAATSB\u00dcRGER<\/strong><\/p>\n<p>Der Antrag auf ein EU-ETD wird <a href=\"https:\/\/conscolonia.esteri.it\/wp-content\/uploads\/2025\/12\/Domanda-EU-ETD_10-12-2025-1.docx\"><strong>mit einem speziellen Formular<\/strong><\/a> gestellt und muss folgende Unterlagen enthalten:<\/p>\n<ol>\n<li>Erkl\u00e4rung \u00fcber den Diebstahl oder Verlust des Reisepasses oder eines anderen Reisedokuments, die gem\u00e4\u00df den Artikeln 46 und 47 des Pr\u00e4sidialdekrets Nr. 445 vom 28. Dezember 2000 und unter Beachtung der Bestimmungen des Artikels 76 desselben Dekrets beim Konsulat abgegeben wird;<\/li>\n<li>Anzeige des Diebstahls, Verlusts oder der Zerst\u00f6rung des Reisepasses oder eines anderen Reisedokuments bei der \u00f6rtlichen Polizeibeh\u00f6rde;<\/li>\n<li>in F\u00e4llen, in denen zum Zeitpunkt der Antragstellung kein Bild des Gesichts des Antragstellers aufgenommen werden kann, ein digitales oder gescanntes Foto des Antragstellers gem\u00e4\u00df den Vorschriften der Internationalen Zivilluftfahrt-Organisation (ICAO) f\u00fcr maschinenlesbare Reisedokumente<\/li>\n<li>das Reisedokument, sofern m\u00f6glich.<\/li>\n<\/ol>\n<p>Es wird darauf hingewiesen, dass gem\u00e4\u00df den geltenden Rechtsvorschriften d<strong>as EU-ETD f\u00fcr die Dauer der Reise, f\u00fcr die es ausgestellt wurde, g\u00fcltig ist<\/strong>, jedoch <strong>h\u00f6chstens f\u00fcr f\u00fcnfzehn Tage<\/strong>.<\/p>\n<p>Es wird darauf hingewiesen, dass <strong>der Beg\u00fcnstigte verpflichtet ist<\/strong>, <strong>das Dokument nach seiner Ankunft am Zielort unabh\u00e4ngig von seiner Restg\u00fcltigkeit bei der Grenzpolizei oder einer anderen Polizeidienststelle abzugeben<\/strong>. Wenn der Beg\u00fcnstigte eines von einem Konsulat ausgestellten EU ETD in ein anderes Land als Italien reist, ist er verpflichtet, <strong>das Dokument an das f\u00fcr den Bestimmungsort zust\u00e4ndige Konsulat zur\u00fcckzugeben.<\/strong><\/p>\n<p>F\u00fcr das Jahr 2026 sind f\u00fcr die Ausstellung des EU ETD keine Zahlungen seitens der Nutzer f\u00e4llig.<\/p>\n<p>&nbsp;<\/p>\n","protected":false},"excerpt":{"rendered":"PASS- UND AUSWEISANGELEGENHEITEN &nbsp; Seit Dienstag, dem 9. Dezember 2025, ist das neue Notfall-Reisedokument (EU Emergency Travel Document in Kraft getreten, wie vorgesehen in der Richtlinie 2019\/997 und im Dekret des Ministeriums f\u00fcr Ausw\u00e4rtige Angelegenheiten und internationale Zusammenarbeit vom 26. Juli 2024. Das EU ETD ist ein Notfall-Reisedokument, das an italienische Staatsangeh\u00f6rige oder NICHT-EU-B\u00fcrger ausgestellt [&hellip;]","protected":false},"author":5,"featured_media":0,"parent":269,"menu_order":4,"comment_status":"closed","ping_status":"closed","template":"","meta":{"footnotes":""},"class_list":["post-683","page","type-page","status-publish","hentry"],"_links":{"self":[{"href":"https:\/\/conscolonia.esteri.it\/de\/wp-json\/wp\/v2\/pages\/683","targetHints":{"allow":["GET"]}}],"collection":[{"href":"https:\/\/conscolonia.esteri.it\/de\/wp-json\/wp\/v2\/pages"}],"about":[{"href":"https:\/\/conscolonia.esteri.it\/de\/wp-json\/wp\/v2\/types\/page"}],"author":[{"embeddable":true,"href":"https:\/\/conscolonia.esteri.it\/de\/wp-json\/wp\/v2\/users\/5"}],"replies":[{"embeddable":true,"href":"https:\/\/conscolonia.esteri.it\/de\/wp-json\/wp\/v2\/comments?post=683"}],"version-history":[{"count":6,"href":"https:\/\/conscolonia.esteri.it\/de\/wp-json\/wp\/v2\/pages\/683\/revisions"}],"predecessor-version":[{"id":11351,"href":"https:\/\/conscolonia.esteri.it\/de\/wp-json\/wp\/v2\/pages\/683\/revisions\/11351"}],"up":[{"embeddable":true,"href":"https:\/\/conscolonia.esteri.it\/de\/wp-json\/wp\/v2\/pages\/269"}],"wp:attachment":[{"href":"https:\/\/conscolonia.esteri.it\/de\/wp-json\/wp\/v2\/media?parent=683"}],"curies":[{"name":"wp","href":"https:\/\/api.w.org\/{rel}","templated":true}]}}