{"id":665,"date":"2023-04-12T11:29:44","date_gmt":"2023-04-12T09:29:44","guid":{"rendered":"https:\/\/conscolonia.esteri.it\/?page_id=665"},"modified":"2026-03-19T11:39:28","modified_gmt":"2026-03-19T10:39:28","slug":"der-elektronische-personalausweis","status":"publish","type":"page","link":"https:\/\/conscolonia.esteri.it\/de\/servizi-consolari-e-visti\/servizi-per-il-cittadino-italiano\/passaporti-e-carte-didentita\/der-elektronische-personalausweis\/","title":{"rendered":"REISEDOKUMENTE &#8211; Der elektronische Personalausweis Carta d&#8217;Identit\u00e0 Elettronica CIE"},"content":{"rendered":"<div><a href=\"https:\/\/www.esteri.it\/it\/servizi-consolari-e-visti\/italiani-all-estero\/documenti_di_viaggio\/carta_identita\/\"><img loading=\"lazy\" decoding=\"async\" class=\"alignleft size-medium wp-image-2170 img-fluid\" src=\"https:\/\/conscolonia.esteri.it\/wp-content\/uploads\/2023\/05\/CIE-300x195.jpg\" alt=\"\" width=\"300\" height=\"195\" srcset=\"https:\/\/conscolonia.esteri.it\/wp-content\/uploads\/2023\/05\/CIE-300x195.jpg 300w, https:\/\/conscolonia.esteri.it\/wp-content\/uploads\/2023\/05\/CIE.jpg 580w\" sizes=\"auto, (max-width: 300px) 100vw, 300px\" \/><\/a><\/div>\n<div><\/div>\n<div><\/div>\n<div><\/div>\n<div><\/div>\n<div><\/div>\n<div><\/div>\n<div><\/div>\n<div><\/div>\n<div><\/div>\n<div><strong>PASS &#8211; UND AUSWEISANGELEGENHEITEN<\/strong><\/div>\n<div><\/div>\n<div><strong>Ab dem 03. August 2026 sind die Papier-Personalausweise &#8222;Carte d&#8217;identit\u00e0 cartacee&#8220; nicht mehr g\u00fcltig.<\/strong><br \/>\nWir bitten Sie hiermit folglich, einen <strong>Termin f\u00fcr die Ausstellung eines elektronischen Personalausweises &#8222;Carta d&#8217;identit\u00e0 elettronica&#8220; (CIE)<\/strong><br \/>\n\u00fcber folgendes Online-Portal zu vereinbaren<strong>: <a href=\"https:\/\/prenotami.esteri.it\/\">Prenot@mi<\/a><\/strong><\/div>\n<div><\/div>\n<div><a href=\"https:\/\/conscolonia.esteri.it\/wp-content\/uploads\/2024\/03\/SINTESI-CIE-COLONIA_-Prenot@mi_19-03-2024_DE-1.pdf\"><strong>CIE &#8211; Kurzzusammenfassung<\/strong> <\/a><\/div>\n<div><\/div>\n<div>\n<p><strong>1) Was ist ein elektronischer Personalausweis?<\/strong><\/p>\n<p>Der Personalausweis ist ein pers\u00f6nliches Ausweisdokument, das zur Identifizierung und f\u00fcr Reisen innerhalb der Europ\u00e4ischen Union, in einige Schengen-Staaten (z.B. Island, Norwegen und die Schweiz) sowie in weitere L\u00e4nder, mit denen bilaterale Abkommen bestehen (siehe einzelne L\u00e4nder\u00fcbersichten \u201cschede Paese\u201d auf der Internetseite <strong><a href=\"http:\/\/www.viaggiaresicuri.it\">www.viaggiaresicuri.it<\/a>) g\u00fcltig ist.<\/strong><\/p>\n<p><strong>Der elektronische Personalausweis (CIE) ist der neue Personalausweis im Scheckkartenformat.<\/strong> Er erf\u00fcllt die gleichen Funktionen wie der Personalausweis in Papierform und gibt au\u00dferdem Zugang zu den Online-Diensten der italienischen Beh\u00f6rden.<\/p>\n<p><strong>2) F\u00fcr wen kann der elektronische Personalausweis ausgestellt werden?<\/strong><\/p>\n<p>Das Generalkonsulat der Italienischen Republik in K\u00f6lnkann den Personalausweis<strong> nur italienischen Staatsb\u00fcrgern mit rechtm\u00e4\u00dfigem Wohnsitz in ihrem Konsularbezirk<\/strong> ausstellen, die im Einwohnermelderegister des Generalkonsulats K\u00f6ln eingetragen sind und <strong>deren pers\u00f6nliche Daten bereits im Register der im Ausland ans\u00e4ssigen Italiener (A.I.R.E.) <\/strong>(Anagrafe degli Italiani Residenti all&#8217;Estero) des Innenministeriums verzeichnet sind.<\/p>\n<p><strong>Wer nicht im A.I.R.E. registriert ist, muss zun\u00e4chst \u00fcber das <a href=\"https:\/\/serviziconsolarionline.esteri.it\/ScoFE\/index.sco\">Fast It-Portal<\/a> seine Eintragung veranlassen<\/strong> und seine Eintragung in dieses Register durch die zust\u00e4ndige italienische Meldegemeinde abwarten, bevor er einen Antrag stellen kann (bei B\u00fcrgern, die nicht im A.I.R.E. registriert sind, bleibt die Zust\u00e4ndigkeit f\u00fcr die Ausstellung eines Personalausweises bei der Wohnsitzgemeinde).<\/p>\n<p>Unerl\u00e4ssliche Voraussetzung f\u00fcr die Eintragung von im Ausland geborenen italienischen Staatsangeh\u00f6rigen in die A.I.R.E.-Datenbank ist, dass die Geburtsurkunde bereits ins Personenstandsregister der entsprechenden Gemeinde \u00fcbertragen wurde.<\/p>\n<p><strong>Hat sich die Wohnadresse<\/strong> (im Vergleich zur der Konsulardienststelle mitgeteilten Adresse), <strong>ge\u00e4ndert, muss die Adress\u00e4nderung \u00fcber das Fast It-Portal <\/strong>beantragt werden. \u00dcber dasselbe Portal <span class=\"Y2IQFc\" lang=\"de\">k\u00f6nnen Sie auch die in den Konsularunterlagen hinterlegte Adresse einsehen. WICHTIG! Da es sich um zwei verschiedene Portale handelt, werden Nutzer, die bereits bei Prenot@mi registriert sind, NICHT automatisch bei Fast It registriert!<\/span><\/p>\n<p><strong>3) Ab wann kann ein elektronischer Personalausweis (CIE) beantragt werden?<\/strong><\/p>\n<p>Terminanfragen f\u00fcr die Ausstellung eines elektronischen Personalausweises k\u00f6nnen <strong>ab 10 September 2020<\/strong> gestellt werden.<\/p>\n<p><strong>4) Wie wird der elektronische Personalausweis (CIE) beantragt?<\/strong><\/p>\n<p>Die Beantragung eines Termins f\u00fcr die Ausstellung des elektronischen Personalausweises<strong> muss<\/strong> \u00fcber die Online-Reservierungsplattform <strong><a href=\"https:\/\/prenotami.esteri.it\/\">Prenot@Mi <\/a><\/strong>erfolgen.<\/p>\n<p><strong>5) Wie vereinbart man einen Termin auf der Online-Reservierungsplattform <a href=\"https:\/\/prenotami.esteri.it\/\">Prenot@Mi<\/a>?<\/strong><\/p>\n<p style=\"padding-left: 40px;\"><strong>a)<\/strong> Wenn Sie auf der Plattform <strong><a href=\"https:\/\/prenotami.esteri.it\/\">Prenot@Mi<\/a>\u00a0bereits als Nutzer registriert<\/strong> sind, klicken Sie auf den Button &#8222;login utente gi\u00e0 registrato&#8220; (Login registrierte Nutzer) und geben ihre Zugangsdaten ein:<\/p>\n<ul>\n<li style=\"list-style-type: none;\">\n<ul>\n<li>Username: Ihre E-Mail-Adresse<\/li>\n<li>Password: das bei Ihrer Registrierung gew\u00e4hlte Passwort<\/li>\n<\/ul>\n<\/li>\n<\/ul>\n<p style=\"padding-left: 40px;\">Sie gelangen so zur Seite mit dem aktuellen Dienstleistungsangebot. Dort w\u00e4hlen Sie den Service \u201eCarta di Identit\u00e0\u201c (Personalausweis) aus und tragen<strong> die Daten der Person ein, f\u00fcr die der Personalausweis bestimmt ist <\/strong>(sog. Antragsteller \u201crichiedente\u201d). Wenn der Termin also der Verl\u00e4ngerung eines Personalausweises f\u00fcr ein Kind dienen soll, so m\u00fcssen bei den Daten f\u00fcr den Termin die Daten des Kindes angegeben werden, auch wenn die Person, die den Termin bucht, faktisch ein Elternteil ist.<\/p>\n<p style=\"padding-left: 40px;\">Sie gelangen dann zum Terminkalender und k\u00f6nnen dort ein Ihnen passendes Datum ausw\u00e4hlen.<\/p>\n<p style=\"padding-left: 40px;\">Achtung: Wenn der Nutzer bereits registriert ist, aber bei einem anderen Konsulat, so muss er vor der Terminvereinbarung den Ortswechsel eingeben. Hierf\u00fcr ist nach dem Einw\u00e4hlen in das eigene Nutzerkonto auf der ersten Seite links der entsprechende Button<strong> Ortswechsel \u201ccambia sede\u201d<\/strong> anzuklicken.<\/p>\n<p style=\"padding-left: 40px;\"><strong>b)<\/strong> Wenn Sie ein <strong>neuer Nutzer<\/strong> sind, m\u00fcssen sie sich zun\u00e4chst auf dem Portal registrieren. Klicken Sie hierf\u00fcr auf \u201cRegistrazione nuovo utente\u201d (Registrierung f\u00fcr neue Nutzer). Nach Abschluss der Registrierung gehen Sie wieder in den Bereich \u201eprenotazione\u201c (Terminreservierung) und geben Ihre Nutzerdaten ein. Sie erhalten dann Zugang zum Dienstleistungsangebot und gehen weiter vor wie oben angegeben.<\/p>\n<p style=\"padding-left: 40px;\">Ab dem Zeitpunkt der Terminbuchung<strong> vergehen mindestens f\u00fcnfzehn Tage<\/strong>, die notwendig sind, damit die Konsulardienststelle die Personendaten \u00fcberpr\u00fcfen kann, um eventuelle Abweichungen zwischen den beim Konsulat vorliegenden Daten und den Daten bei der italienischen Gemeinde zu bereinigen und festzustellen, ob Gr\u00fcnde vorliegen, die einer Ausstellung des Dokuments entgegenstehen.<\/p>\n<p style=\"padding-left: 40px;\"><strong>ACHTUNG: Sollten sich bei den \u00dcberpr\u00fcfungen Anhaltspunkte ergeben, die eine Ausstellung des CIE (vor\u00fcbergehend oder dauerhaft) verhindern, kontaktiert die Konsulardienststelle den Betreffenden, um den Termin abzusagen.<\/strong><\/p>\n<p style=\"padding-left: 40px;\"><strong>c) Kann man den Termin f\u00fcr eine andere Person buchen?<\/strong><\/p>\n<p style=\"padding-left: 40px;\">Ja, die M\u00f6glichkeit besteht. Um die notwendigen \u00dcberpr\u00fcfungen zu erm\u00f6glichen, m\u00fcssen bei der Terminbuchung jedoch <strong>die Daten aller Personen angegeben werden, die einen CIE erhalten sollen <\/strong>(Antragsteller). <strong>Wenn am Schalter Personen vorsprechen, deren Daten bei der Terminbuchung nicht ins System eingegeben wurden, kann der CIE-Antrag nicht weiterbearbeitet werden.<\/strong><\/p>\n<p style=\"padding-left: 40px;\">Bei minderj\u00e4hrigen Kindern kann der Elternteil von seinem Nutzerkonto aus einen Termin f\u00fcr das Kind buchen. In diesem Fall m\u00fcssen Sie in dem f\u00fcr den Termin auszuf\u00fcllenden Formular die erste Frage \u201e<em>L\u2019appuntamento \u00e8 per\u201c (der Termin ist f\u00fcr)<\/em> mit der Angabe<em> \u201emio figlio\u201c (mein Kind)<\/em> beantworten und dann die Daten des Kindes und nicht des Elternteils, der das Formular ausf\u00fcllt, eingeben.<\/p>\n<p style=\"padding-left: 40px;\">Wenn Sie einen Termin f\u00fcr ein anderes Familienmitglied buchen m\u00f6chten, k\u00f6nnen Sie sich dementsprechend mit Ihrem Konto anmelden, im Feld <em>\u201eL\u2018appuntamento \u00e8 per\u201c (Termin ist f\u00fcr) \u201eun altro familiare\u201d<\/em> (ein anderes Familienmitglied) ausw\u00e4hlen und dann mit der Eingabe aller Daten zu diesem Familienmitglied (das ja der <em>Antragsteller<\/em> sein wird) fortfahren.<\/p>\n<p style=\"padding-left: 40px;\">Das System erlaubt es Ihnen auch, einen Mehrfachtermin, d.h. am selben Datum f\u00fcr sich und andere zu buchen. In diesem Fall besteht das auszuf\u00fcllende Formular aus mehreren Teilen (gegebenenfalls m\u00fcssen Sie nach unten scrollen) und erfordert das Ausf\u00fcllen eines Datenblatts f\u00fcr jede Person, die einen Termin am selben Datum w\u00fcnscht, d.h. f\u00fcr den ersten Antragsteller und dann f\u00fcr jeden weiteren Antragsteller.<\/p>\n<p><strong>6) Welche Unterlagen muss man beim Termin zur Beantragung des CIE mitbringen?<\/strong><\/p>\n<p>Am Tag des Termins muss der Antragsteller Folgendes vorlegen:<\/p>\n<ul>\n<li><strong>den fr\u00fcheren Personalausweis<\/strong> (falls Sie keinen haben; ein anderes Ausweisdokument, falls Sie kein anderes Ausweisdokument haben, zwei Zeugen); falls der CIE f\u00fcr einen Minderj\u00e4hrigen beantragt wird, muss auch der begleitende Elternteil ein Ausweisdokument vorlegen.<\/li>\n<li>Ist der Antragsteller aufgrund von<strong> Diebstahl oder Verlust <\/strong>nicht mehr im Besitz des vorherigen Dokuments, muss beim Termin das Diebstahl- oder Verlustanzeigeformular vorgelegt werden, ebenso die bei den deutschen Beh\u00f6rden (Polizei oder Fundb\u00fcro der Gemeinde) erstattete <strong>Anzeige<\/strong>. Diese kann auch online bei der <a href=\"https:\/\/service.polizei.nrw.de\/hinweis\">Internetwache <\/a><strong>erstattet werden<\/strong>; der Beleg kommt einige Tage sp\u00e4ter per Post).<\/li>\n<\/ul>\n<p>F\u00fcr den CIE entstehen Ihnen folgende Kosten. Bezahlung an der automatischen Kasse im Generalkonsulat, entweder in bar oder mit EC-Karte:<br \/>\n<strong>\u00a0\u00a0\u00a0\u00a0 &gt; \u20ac 21,95 <\/strong>im Falle einer Erstausstellung;<br \/>\n<strong>\u00a0\u00a0\u00a0\u00a0 &gt; \u20ac 27,11 <\/strong>im Falle eines Duplikats<\/p>\n<p><strong>7) Welche Schritte werden am Tag des Termins durchgef\u00fchrt?<\/strong><\/p>\n<p>Am Tag des Termins nimmt der Konsularbeamte die im vorangegangenen Punkt angegebenen Unterlagen entgegen. Er nimmt die Erkennung und Verifizierung des Fotos vor und nimmtdie Fingerabdr\u00fccke und die Unterschrift (au\u00dfer bei Minderj\u00e4hrigen unter 12 Jahren) auf.<\/p>\n<p>Minderj\u00e4hrige unter 12 Jahren m\u00fcssen ebenfalls anwesend sein, da ihre Identifizierung durch den Konsularbeamten erforderlich ist. Minderj\u00e4hrige m\u00fcssen immer von einem ihrer Elternteile oder dem Tr\u00e4ger der elterlichen Verantwortung begleitet werden.<\/p>\n<p><strong>8) Wie erhalte ich den elektronischen Personalausweis?<\/strong><\/p>\n<p>Der CIE wird vom Innenministerium ausgestellt und von der Staatsdruckerei (Istituto Poligrafico e Zecca dello Stato) hergestellt. Diese schickt ihn per Einschreiben an die vom Antragsteller angegebene Wohnadresse (<em>oder Anschrift<\/em>). Au\u00dfer in Sonderf\u00e4llen sollte die CIE<strong> innerhalb von 15 Tagen <\/strong>ab dem Tag des Termins auf dem Postweg eintreffen (das Einschreiben kann \u00fcber den Tracking-Code selbst online verfolgt werden).<\/p>\n<p>Bei Nichtzustellung wird die Sendung, nach Ablauf der Aufbewahrungsfrist bei der Post, an die Staatsdruckerei in Rom zur\u00fcckgeschickt, die die CIE beim zweiten Versand direkt dem Generalkonsulat zukommen l\u00e4sst.<\/p>\n<p><strong>9) Wie lange ist der Personalausweis g\u00fcltig?<\/strong><\/p>\n<p>Die G\u00fcltigkeitsdauer eines Personalausweises variiert je nach Alter des Inhabers und betr\u00e4gt:<\/p>\n<ul>\n<li>3 Jahre f\u00fcr Minderj\u00e4hrige im Alter zwischen 0 und 3 Jahre;<\/li>\n<li>5 Jahre f\u00fcr Minderj\u00e4hrige im Alter zwischen 3 Jahren und dem Erreichen der Vollj\u00e4hrigkeit (18 Jahre);<\/li>\n<li>10 Jahre ab einem Alter von 18 Jahren.<\/li>\n<\/ul>\n<p><strong>10) Kann mein Personalausweis ge\u00e4ndert werden?<\/strong><\/p>\n<p>Nein. Der Personalausweis ist ein Identit\u00e4tsdokument, keine Wohnsitzbescheinigung und kein Personenstandsdokument. Es ist nicht m\u00f6glich, die Adresse auf dem Personalausweis zu aktualisieren. Hat sich die Adresse ge\u00e4ndert, so sollten Sie eine Kopie der von den deutschen Beh\u00f6rden ausgestellten Anmeldebest\u00e4tigung oder Meldebescheinigung mitf\u00fchren.<\/p>\n<p><strong>11) K\u00f6nnen verheirateten Frauen den Familiennamen ihres Mannes eintragen lassen?<\/strong><\/p>\n<p>Nein, das ist leider nicht m\u00f6glich.<\/p>\n<p>&nbsp;<\/p>\n<\/div>\n","protected":false},"excerpt":{"rendered":"PASS &#8211; UND AUSWEISANGELEGENHEITEN Ab dem 03. August 2026 sind die Papier-Personalausweise &#8222;Carte d&#8217;identit\u00e0 cartacee&#8220; nicht mehr g\u00fcltig. Wir bitten Sie hiermit folglich, einen Termin f\u00fcr die Ausstellung eines elektronischen Personalausweises &#8222;Carta d&#8217;identit\u00e0 elettronica&#8220; (CIE) \u00fcber folgendes Online-Portal zu vereinbaren: Prenot@mi CIE &#8211; Kurzzusammenfassung 1) Was ist ein elektronischer Personalausweis? Der Personalausweis ist ein pers\u00f6nliches [&hellip;]","protected":false},"author":5,"featured_media":0,"parent":269,"menu_order":2,"comment_status":"closed","ping_status":"closed","template":"","meta":{"footnotes":""},"class_list":["post-665","page","type-page","status-publish","hentry"],"_links":{"self":[{"href":"https:\/\/conscolonia.esteri.it\/de\/wp-json\/wp\/v2\/pages\/665","targetHints":{"allow":["GET"]}}],"collection":[{"href":"https:\/\/conscolonia.esteri.it\/de\/wp-json\/wp\/v2\/pages"}],"about":[{"href":"https:\/\/conscolonia.esteri.it\/de\/wp-json\/wp\/v2\/types\/page"}],"author":[{"embeddable":true,"href":"https:\/\/conscolonia.esteri.it\/de\/wp-json\/wp\/v2\/users\/5"}],"replies":[{"embeddable":true,"href":"https:\/\/conscolonia.esteri.it\/de\/wp-json\/wp\/v2\/comments?post=665"}],"version-history":[{"count":6,"href":"https:\/\/conscolonia.esteri.it\/de\/wp-json\/wp\/v2\/pages\/665\/revisions"}],"predecessor-version":[{"id":11969,"href":"https:\/\/conscolonia.esteri.it\/de\/wp-json\/wp\/v2\/pages\/665\/revisions\/11969"}],"up":[{"embeddable":true,"href":"https:\/\/conscolonia.esteri.it\/de\/wp-json\/wp\/v2\/pages\/269"}],"wp:attachment":[{"href":"https:\/\/conscolonia.esteri.it\/de\/wp-json\/wp\/v2\/media?parent=665"}],"curies":[{"name":"wp","href":"https:\/\/api.w.org\/{rel}","templated":true}]}}