{"id":661,"date":"2023-04-12T11:25:47","date_gmt":"2023-04-12T09:25:47","guid":{"rendered":"https:\/\/conscolonia.esteri.it\/?page_id=661"},"modified":"2026-01-09T09:20:16","modified_gmt":"2026-01-09T08:20:16","slug":"reisepass","status":"publish","type":"page","link":"https:\/\/conscolonia.esteri.it\/de\/servizi-consolari-e-visti\/servizi-per-il-cittadino-italiano\/passaporti-e-carte-didentita\/reisepass\/","title":{"rendered":"REISEDOKUMENTE &#8211; Der italienische Reisepass Passaporto"},"content":{"rendered":"<div>\n<p><a href=\"https:\/\/www.esteri.it\/it\/servizi-consolari-e-visti\/italiani-all-estero\/documenti_di_viaggio\/passaporto\/\"><img loading=\"lazy\" decoding=\"async\" class=\"alignleft size-medium wp-image-2168 img-fluid\" src=\"https:\/\/conscolonia.esteri.it\/wp-content\/uploads\/2023\/05\/Passaporto-203x300.jpg\" alt=\"\" width=\"203\" height=\"300\" srcset=\"https:\/\/conscolonia.esteri.it\/wp-content\/uploads\/2023\/05\/Passaporto-203x300.jpg 203w, https:\/\/conscolonia.esteri.it\/wp-content\/uploads\/2023\/05\/Passaporto.jpg 233w\" sizes=\"auto, (max-width: 203px) 100vw, 203px\" \/><\/a><\/p>\n<p><strong>PASS- UND AUSWEISANGELEGENHEITEN<\/strong><\/p>\n<p>&nbsp;<\/p>\n<p><strong>Ausstellung des Reisepasses f\u00fcr Minderj\u00e4hrige:<\/strong><\/p>\n<p>Unter folgendem Link finden Sie alle Informationen dar\u00fcber, wie man einen Antrag auf die Ausstellung eines Reisepasses f\u00fcr Minderj\u00e4hrige richtig stellt:<br \/>\n<a href=\"https:\/\/conscolonia.esteri.it\/wp-content\/uploads\/2026\/01\/DOCUMENTI-DA-PRESENTARE-PER-DOMANDA-RILASCIO-PASSAPORTO_minori.pdf\">Reisepass f\u00fcr Minderj\u00e4hrige &#8211; was muss ich tun?<\/a><\/p>\n<p>Unter folgendem Link finden Sie das Formular, das ausgef\u00fcllt und unterschrieben werden muss, falls der Antragsteller minderj\u00e4hrige Kinder hat:<br \/>\n<a href=\"https:\/\/conscolonia.esteri.it\/wp-content\/uploads\/2025\/11\/Passaporti_maggiorenni_it-de_29-11-2025_senza-assenso.pdf\">Reisepass f\u00fcr Minderj\u00e4hrige &#8211; Einverst\u00e4ndniserkl\u00e4rung &#8211; muss von beiden Elternteilen unterschrieben werden<\/a><\/p>\n<p>&nbsp;<\/p>\n<p><strong>Ausstellung des Reisepasses f\u00fcr Vollj\u00e4hrige:<\/strong><\/p>\n<p>Unter folgendem Link finden Sie alle Informationen dar\u00fcber, wie man einen Antrag auf die Ausstellung eines Reisepasses f\u00fcr Erwachsene richtig stellt:<br \/>\n<a href=\"https:\/\/conscolonia.esteri.it\/wp-content\/uploads\/2026\/01\/DOCUMENTI-DA-PRESENTARE-PER-DOMANDA-RILASCIO-PASSAPORTO_maggiorenni.pdf\">Reisepass f\u00fcr Erwachsene &#8211; was muss ich tun?<\/a><\/p>\n<p>F\u00fcr weiterf\u00fchrende Informationen bzgl. der Ausstellung des Reisepasses k\u00f6nnen Sie die Homepage des Ital.ienischen Au\u00dfenministeriums unter dem Reiter &#8222;Reisedokumente&#8220; konsultieren: <a href=\"https:\/\/www.esteri.it\/mae\/en\/servizi\/italiani-all-estero\/documenti_di_viaggio\/passaporto.html\">Informationen \u00fcber den Reisepass<\/a><\/p>\n<\/div>\n<p>&nbsp;<\/p>\n<p>Email-Kontakt: <a href=\"mailto:passaporto.colonia@esteri.it\">passaporti.colonia@esteri.it<\/a><\/p>\n","protected":false},"excerpt":{"rendered":"PASS- UND AUSWEISANGELEGENHEITEN &nbsp; Ausstellung des Reisepasses f\u00fcr Minderj\u00e4hrige: Unter folgendem Link finden Sie alle Informationen dar\u00fcber, wie man einen Antrag auf die Ausstellung eines Reisepasses f\u00fcr Minderj\u00e4hrige richtig stellt: Reisepass f\u00fcr Minderj\u00e4hrige &#8211; was muss ich tun? Unter folgendem Link finden Sie das Formular, das ausgef\u00fcllt und unterschrieben werden muss, falls der Antragsteller minderj\u00e4hrige [&hellip;]","protected":false},"author":5,"featured_media":0,"parent":269,"menu_order":1,"comment_status":"closed","ping_status":"closed","template":"","meta":{"footnotes":""},"class_list":["post-661","page","type-page","status-publish","hentry"],"_links":{"self":[{"href":"https:\/\/conscolonia.esteri.it\/de\/wp-json\/wp\/v2\/pages\/661","targetHints":{"allow":["GET"]}}],"collection":[{"href":"https:\/\/conscolonia.esteri.it\/de\/wp-json\/wp\/v2\/pages"}],"about":[{"href":"https:\/\/conscolonia.esteri.it\/de\/wp-json\/wp\/v2\/types\/page"}],"author":[{"embeddable":true,"href":"https:\/\/conscolonia.esteri.it\/de\/wp-json\/wp\/v2\/users\/5"}],"replies":[{"embeddable":true,"href":"https:\/\/conscolonia.esteri.it\/de\/wp-json\/wp\/v2\/comments?post=661"}],"version-history":[{"count":6,"href":"https:\/\/conscolonia.esteri.it\/de\/wp-json\/wp\/v2\/pages\/661\/revisions"}],"predecessor-version":[{"id":11336,"href":"https:\/\/conscolonia.esteri.it\/de\/wp-json\/wp\/v2\/pages\/661\/revisions\/11336"}],"up":[{"embeddable":true,"href":"https:\/\/conscolonia.esteri.it\/de\/wp-json\/wp\/v2\/pages\/269"}],"wp:attachment":[{"href":"https:\/\/conscolonia.esteri.it\/de\/wp-json\/wp\/v2\/media?parent=661"}],"curies":[{"name":"wp","href":"https:\/\/api.w.org\/{rel}","templated":true}]}}