{"id":596,"date":"2023-03-01T17:46:54","date_gmt":"2023-03-01T16:46:54","guid":{"rendered":"https:\/\/conscolonia.esteri.it\/?page_id=596"},"modified":"2023-08-24T12:27:10","modified_gmt":"2023-08-24T10:27:10","slug":"02-terminbuchung-mit-prenotmi","status":"publish","type":"page","link":"https:\/\/conscolonia.esteri.it\/de\/news\/dal_consolato\/02-terminbuchung-mit-prenotmi\/","title":{"rendered":"ANDERE DIENSTLEISTUNGEN &#8211; PRENOT@MI das neue Terminbuchungsportal"},"content":{"rendered":"<p style=\"text-align: justify;\"><a href=\"https:\/\/prenotami.esteri.it\/\"><img loading=\"lazy\" decoding=\"async\" class=\"wp-image-2020 img-fluid alignleft\" src=\"https:\/\/conscolonia.esteri.it\/wp-content\/uploads\/2023\/05\/prenotami.jpg\" alt=\"\" width=\"199\" height=\"80\" srcset=\"https:\/\/conscolonia.esteri.it\/wp-content\/uploads\/2023\/05\/prenotami.jpg 1140w, https:\/\/conscolonia.esteri.it\/wp-content\/uploads\/2023\/05\/prenotami-300x120.jpg 300w, https:\/\/conscolonia.esteri.it\/wp-content\/uploads\/2023\/05\/prenotami-1024x410.jpg 1024w, https:\/\/conscolonia.esteri.it\/wp-content\/uploads\/2023\/05\/prenotami-768x307.jpg 768w\" sizes=\"auto, (max-width: 199px) 100vw, 199px\" \/><\/a><\/p>\n<p>&nbsp;<\/p>\n<p>&nbsp;<\/p>\n<p>Seit 01. Juli 2022 gibt es das <strong>neue Terminbuchungsportal <a href=\"https:\/\/prenotami.esteri.it\/\">PRENOT@MI<\/a><\/strong>, mit dem man <strong>ab dem 01\/01\/2023<\/strong> einen <strong>Termin f\u00fcr die Beantragung f\u00fcr den REISEPASS<\/strong> (Passaporto) <strong>und f\u00fcr den PERSONALAUSWEIS<\/strong> (CIE = Carta d\u2019Identit\u00e0 Elettronica) buchen kann.<\/p>\n<p><strong>ACHTUNG:<\/strong><br \/>\nDie Registrierung und <strong>Terminbuchung \u00fcber Handys k\u00f6nnte misslingen<\/strong> (Grund: Inkompatibilit\u00e4t der Software). Folglich ist es ratsam, die <strong>Registrierung und die Terminbuchung \u00fcber einen PC<\/strong> durchzuf\u00fchren.<\/p>\n<p>Folgende <strong>Browser<\/strong> werden von der Anwendungssoftware unterst\u00fctzt:<\/p>\n<ul>\n<li><strong>Explorer \u2013 versione 11 e superiori<\/strong><\/li>\n<li><strong>Google Chrome \u2013 versione 88 e superiori<\/strong><\/li>\n<li><strong>Microsoft Edge<\/strong><\/li>\n<\/ul>\n<p>Unter folgendem Link werden Sie weitergeleitet zum Terminbuchungsportal <a href=\"https:\/\/prenotami.esteri.it\/\"><strong>PRENOT@MI<\/strong><\/a>:<br \/>\n<a href=\"https:\/\/prenotami.esteri.it\/\">https:\/\/prenotami.esteri.it\/<\/a><\/p>\n","protected":false},"excerpt":{"rendered":"&nbsp; &nbsp; Seit 01. Juli 2022 gibt es das neue Terminbuchungsportal PRENOT@MI, mit dem man ab dem 01\/01\/2023 einen Termin f\u00fcr die Beantragung f\u00fcr den REISEPASS (Passaporto) und f\u00fcr den PERSONALAUSWEIS (CIE = Carta d\u2019Identit\u00e0 Elettronica) buchen kann. ACHTUNG: Die Registrierung und Terminbuchung \u00fcber Handys k\u00f6nnte misslingen (Grund: Inkompatibilit\u00e4t der Software). Folglich ist es ratsam, [&hellip;]","protected":false},"author":5,"featured_media":0,"parent":59,"menu_order":2,"comment_status":"closed","ping_status":"closed","template":"","meta":{"footnotes":""},"class_list":["post-596","page","type-page","status-publish","hentry"],"_links":{"self":[{"href":"https:\/\/conscolonia.esteri.it\/de\/wp-json\/wp\/v2\/pages\/596","targetHints":{"allow":["GET"]}}],"collection":[{"href":"https:\/\/conscolonia.esteri.it\/de\/wp-json\/wp\/v2\/pages"}],"about":[{"href":"https:\/\/conscolonia.esteri.it\/de\/wp-json\/wp\/v2\/types\/page"}],"author":[{"embeddable":true,"href":"https:\/\/conscolonia.esteri.it\/de\/wp-json\/wp\/v2\/users\/5"}],"replies":[{"embeddable":true,"href":"https:\/\/conscolonia.esteri.it\/de\/wp-json\/wp\/v2\/comments?post=596"}],"version-history":[{"count":0,"href":"https:\/\/conscolonia.esteri.it\/de\/wp-json\/wp\/v2\/pages\/596\/revisions"}],"up":[{"embeddable":true,"href":"https:\/\/conscolonia.esteri.it\/de\/wp-json\/wp\/v2\/pages\/59"}],"wp:attachment":[{"href":"https:\/\/conscolonia.esteri.it\/de\/wp-json\/wp\/v2\/media?parent=596"}],"curies":[{"name":"wp","href":"https:\/\/api.w.org\/{rel}","templated":true}]}}