{"id":571,"date":"2023-03-01T18:01:37","date_gmt":"2023-03-01T17:01:37","guid":{"rendered":"https:\/\/conscolonia.esteri.it\/?page_id=571"},"modified":"2023-03-01T18:01:37","modified_gmt":"2023-03-01T17:01:37","slug":"prenotami-termine-mit-dem-buchungsportal","status":"publish","type":"page","link":"https:\/\/conscolonia.esteri.it\/de\/servizi-consolari-e-visti\/altri-servizi\/prenotami-termine-mit-dem-buchungsportal\/","title":{"rendered":"PRENOTAMI &#8211; Termine mit dem Buchungsportal"},"content":{"rendered":"<p>Seit 01. Juli 2022 gibt es das <strong>neue Terminbuchungsportal <a href=\"https:\/\/prenotami.esteri.it\/\">PRENOT@MI<\/a><\/strong>, mit dem man <strong>ab dem 01\/01\/2023<\/strong> einen <strong>Termin f\u00fcr die Beantragung f\u00fcr den REISEPASS<\/strong> (Passaporto) <strong>und f\u00fcr den PERSONALAUSWEIS<\/strong> (CIE = Carta d\u2019Identit\u00e0 Elettronica) buchen kann.<\/p>\n<p><strong>ACHTUNG:<\/strong><br \/>\nDie Registrierung und <strong>Terminbuchung \u00fcber Handys k\u00f6nnte misslingen<\/strong> (Grund: Inkompatibilit\u00e4t der Software). Folglich ist es ratsam, die <strong>Registrierung und die Terminbuchung \u00fcber einen PC<\/strong> durchzuf\u00fchren.<\/p>\n<p>Folgende <strong>Browser<\/strong> werden von der Anwendungssoftware unterst\u00fctzt:<\/p>\n<ul>\n<li><strong>Explorer \u2013 versione 11 e superiori<\/strong><\/li>\n<li><strong>Google Chrome \u2013 versione 88 e superiori<\/strong><\/li>\n<li><strong>Microsoft Edge<\/strong><\/li>\n<\/ul>\n<p>Um eine Terminbuchung durchzuf\u00fchren, m\u00fcssen folgende Schritte durchgef\u00fchrt werden:<\/p>\n<p><strong>1. REGISTRIERUNG<\/strong><\/p>\n<p>Sie m\u00fcssen sich auf dem Terminbuchungsportal <a href=\"https:\/\/prenotami.esteri.it\/\"><strong>PRENOT@MI<\/strong><\/a> registrieren,<br \/>\nindem Sie folgende Daten eingeben:<\/p>\n<p>a. <strong>PERSONALDATEN:<\/strong> Vorname, Nachname, Geburtsort und Geburtsdatum;<br \/>\nb. <strong>ERSTELLUNG EINES ACCOUNTS:<\/strong> E-Mail-Adresse und Password (bitte \u00fcberpr\u00fcfen, ob die E-Mail richtig geschrieben ist);<br \/>\nc. <strong>KONTAKTDATEN:<\/strong> Wohnanschrift (in Deutschland), Staat und Telefonnummer;<\/p>\n<p><strong>ACHTUNG:<\/strong><br \/>\nAuch <strong>all diejenigen<\/strong>, die sich bereits auf dem alten Terminbuchungsportal PrenotaOnline registriert haben,\u00a0<strong>m\u00fcssen sich mit einem neuen Konto auf <a href=\"https:\/\/prenotami.esteri.it\/\">PRENOT@MI<\/a> registrieren.<\/p>\n<p><\/strong><\/p>\n<p><strong>2. AKTIVIERUNG<\/strong><\/p>\n<p>Sie werden einen Link an die von Ihnen registrierte E-Mail-Adresse erhalten.<br \/>\nDann m\u00fcssen Sie auf den <strong>Link klicken, um Ihr <a href=\"https:\/\/prenotami.esteri.it\/\">PRENOTA@MI<\/a> \u2013 Konto zu aktivieren.<\/strong><br \/>\nFalls die E-Mail nicht in Ihrem Posteingang ankommt, ist es ratsam, <strong>auch den SPAM oder JUNKMAIL-Ordner<\/strong> zu<strong> kontrollieren.<\/strong><\/p>\n<p><strong>3. TERMINBUCHUNG<\/strong><\/p>\n<p>Um die Terminbuchung vorzunehmen, m\u00fcssen Sie:<\/p>\n<p>a. um sich beim Terminbuchungsportal anzumelden, m\u00fcssen Sie Ihre <strong>eigenen Zugangsdaten (E-Mail und Password) eingeben<\/strong>;<br \/>\nb<strong>. w\u00e4hlen Sie &#8222;Terminbuchung&#8220; aus<\/strong> und suchen Sie die gew\u00fcnschte Dienstleistung aus (<strong>Reisepass oder Personalausweis<\/strong>);<br \/>\nc. auf dem <strong>Kalender<\/strong>, auf dem Termine <strong>ab dem 01\/01\/2023<\/strong> verf\u00fcgbar sind, m\u00fcssen Sie <strong>soweit<\/strong> in den Monaten <strong>weiterklicken<\/strong>,\u00a0<strong>bis<\/strong> Sie den <strong>ersten verf\u00fcgbaren Termin<\/strong> finden (dieser ist in <strong>GR\u00dcN<\/strong> hervorgehoben);<br \/>\nd. sobald Sie das <strong>gew\u00fcnschte Zeitfenster gefunden<\/strong> haben, dann buchen Sie es,<br \/>\nindem Sie es <strong>anklicken<\/strong> (z.B.: 8:30-12:00 Uhr oder 15:00-17:00).<\/p>\n<p><strong>WICHTIG:<\/strong><br \/>\nFalls bei der Reservierung die Nachricht <strong>\u201cAl momento non ci sono date disponibili per il servizio richiesto\u201d\u00a0<\/strong>(= im Moment sind keine Daten f\u00fcr die gew\u00fcnschte Dienstleistung verf\u00fcgbar) erscheint,\u00a0dann bedeutet das, dass <strong>alle zur Verf\u00fcgung stehenden Termine bereits gebucht<\/strong> worden sind.<br \/>\n<strong>Ab 19:00 Uhr<\/strong> wird das Buchungssystem einen neuen, weiteren Tag freischalten, um <strong>neue Terminbuchungen durchf\u00fchren<\/strong> zu k\u00f6nnen. Sie sind folglich gebeten, es am n\u00e4chsten Tag erneut zu versuchen.<\/p>\n<p>F\u00fcr alle anderen Dienstleistungen, die NICHT \u00fcber diese Plattform gebucht werden k\u00f6nnen,<br \/>\nladen wir Sie ein, aufmerksam die Informationen auf unserer Homepage zu lesen:<br \/>\n<a href=\"https:\/\/conscolonia.esteri.it\/consolato_colonia\/de\/i_servizi\/per_i_cittadini\/\">https:\/\/conscolonia.esteri.it\/consolato_colonia\/de\/i_servizi\/per_i_cittadini\/<br \/>\n<\/a>und, falls n\u00f6tig, die zust\u00e4ndige Abteilung zu kontaktieren.<\/p>\n<p><strong>Weiterf\u00fchrende Informationen<\/strong> k\u00f6nnen Sie auch in dem <strong>Handbuch am Ende der<\/strong> folgenden <strong>Homepage<\/strong> finden:<br \/>\n<a href=\"https:\/\/prenotami.esteri.it\/\">https:\/\/prenotami.esteri.it\/<\/a><\/p>\n","protected":false},"excerpt":{"rendered":"Seit 01. Juli 2022 gibt es das neue Terminbuchungsportal PRENOT@MI, mit dem man ab dem 01\/01\/2023 einen Termin f\u00fcr die Beantragung f\u00fcr den REISEPASS (Passaporto) und f\u00fcr den PERSONALAUSWEIS (CIE = Carta d\u2019Identit\u00e0 Elettronica) buchen kann. ACHTUNG: Die Registrierung und Terminbuchung \u00fcber Handys k\u00f6nnte misslingen (Grund: Inkompatibilit\u00e4t der Software). Folglich ist es ratsam, die Registrierung [&hellip;]","protected":false},"author":5,"featured_media":0,"parent":233,"menu_order":2,"comment_status":"closed","ping_status":"closed","template":"","meta":{"footnotes":""},"class_list":["post-571","page","type-page","status-publish","hentry"],"_links":{"self":[{"href":"https:\/\/conscolonia.esteri.it\/de\/wp-json\/wp\/v2\/pages\/571","targetHints":{"allow":["GET"]}}],"collection":[{"href":"https:\/\/conscolonia.esteri.it\/de\/wp-json\/wp\/v2\/pages"}],"about":[{"href":"https:\/\/conscolonia.esteri.it\/de\/wp-json\/wp\/v2\/types\/page"}],"author":[{"embeddable":true,"href":"https:\/\/conscolonia.esteri.it\/de\/wp-json\/wp\/v2\/users\/5"}],"replies":[{"embeddable":true,"href":"https:\/\/conscolonia.esteri.it\/de\/wp-json\/wp\/v2\/comments?post=571"}],"version-history":[{"count":0,"href":"https:\/\/conscolonia.esteri.it\/de\/wp-json\/wp\/v2\/pages\/571\/revisions"}],"up":[{"embeddable":true,"href":"https:\/\/conscolonia.esteri.it\/de\/wp-json\/wp\/v2\/pages\/233"}],"wp:attachment":[{"href":"https:\/\/conscolonia.esteri.it\/de\/wp-json\/wp\/v2\/media?parent=571"}],"curies":[{"name":"wp","href":"https:\/\/api.w.org\/{rel}","templated":true}]}}