{"id":456,"date":"2023-02-13T16:15:46","date_gmt":"2023-02-13T15:15:46","guid":{"rendered":"https:\/\/conscolonia.esteri.it\/?page_id=456"},"modified":"2023-07-31T11:38:26","modified_gmt":"2023-07-31T09:38:26","slug":"italienisches-kulturinstitut-in-koeln","status":"publish","type":"page","link":"https:\/\/conscolonia.esteri.it\/de\/italia-e-germania\/diplomazia-culturale\/italienisches-kulturinstitut-in-koeln\/","title":{"rendered":"KULTURDIPLOMATIE &#8211; IIC Colonia: Italienisches Kulturinstitut in K\u00f6ln"},"content":{"rendered":"<p><img decoding=\"async\" src=\"https:\/\/conscolonia.esteri.it\/wp-content\/uploads\/2023\/04\/IIC-Colonia.jpg\" \/><\/p>\n<p>Das <strong>Istituto Italiano di Cultura Colonia<\/strong>, eingeweiht 1954, ist als Einrichtung des italienischen Staates mit der Aufgabe der Verbreitung der italienischen Sprache und Kultur im Ausland betraut:<br \/>\n<a href=\"https:\/\/iiccolonia.esteri.it\/iic_colonia\/de\/istituto\/chi_siamo\/\">https:\/\/iiccolonia.esteri.it\/iic_colonia\/de\/istituto\/chi_siamo\/<\/a><\/p>\n<ul>\n<li>Es bietet italienische <strong>Sprachkurse<\/strong> f\u00fcr Anf\u00e4nger und Fortgeschrittene<\/li>\n<li>organisiert <strong>Veranstaltungen<\/strong>: Filmreihen, Theatervorf\u00fchrungen, Kunstausstellungen, Konzerte, literarische Lesungen, Vortr\u00e4ge, Kongresse und Diskussionen zu den verschiedensten Themen<\/li>\n<li>stellt allen Interessierten seine ca. 19.000 B\u00fccher und 1500 Videokassetten und DVDs\u00a0umfassende <strong>Bibliothek<\/strong> und einen Auskunftsdienst \u00fcber Italien zur Verf\u00fcgung.<\/li>\n<\/ul>\n<p>Der Eintritt zu den Kulturveranstaltungen und die Benutzung der Bibliothek sind in der Regel kostenlos.<\/p>\n<p>Das Institut verf\u00fcgt \u00fcber f\u00fcnf Unterrichtsr\u00e4ume f\u00fcr die Sprachkurse, eine Bibliothek mit Lesesaal, einen Theatersaal mit ca. 200 Pl\u00e4tzen und kompletter B\u00fchnentechnik f\u00fcr Theater-, Film- und Videovorf\u00fchrungen, sowie ein gro\u00dfes Foyer und andere Fl\u00e4chen, die als Ausstellungsr\u00e4ume dienen. Es besch\u00e4ftigt zur Zeit\u00a0acht MitarbeiterInnen.<\/p>\n<p><strong>Zusammenarbeit<\/strong><br \/>\nDas Italienische Kulturinstitut plant viele Veranstaltungen gemeinsam mit den Kultur\u00e4mtern der St\u00e4dte, die in seinem Zust\u00e4ndigkeitsbereich liegen. Ebenfalls eng ist die Zusammenarbeit mit den Universit\u00e4ten in NRW und verschiedenen Kultureinrichtungen: vom Radio- und Fernsehsender WDR bis zum Tanzhaus NRW in D\u00fcsseldorf, mit dem R\u00f6misch-Germanischen und dem Wallraf-Richartz-Museum in K\u00f6ln, der Kunstsammlung NRW in D\u00fcsseldorf, der Ruhrtriennale und vielen anderen, wie das Programm zeigt.<br \/>\nDas Institut nimmt an den wichtigsten kulturellen Ereignissen in K\u00f6ln, wie <em>Passagen<\/em> (Design) und <em>Plan<\/em> (Architektur), jedes Jahr mit einer Veranstaltung teil.<br \/>\nZu den haupts\u00e4chlichen Festivals, auf denen das Institut ebenfalls pr\u00e4sent ist, geh\u00f6ren die <em>MusikTriennale K\u00f6ln <\/em>und\u00a0das j\u00e4hrlich Literaturfestival <em>LitCologne<\/em>.<br \/>\nEinige Events sind auch aus der Zusammenarbeit mit den anderen ausl\u00e4ndischen Kulturinstituten vor Ort entstanden, wie dem franz\u00f6sischen\u00a0und\u00a0japanischen\u00a0Kulturinstitut sowie dem spanischen Institut\u00a0in D\u00fcsseldorf.<\/p>\n<p>Seit November 2014 hat das Institut seinen Zust\u00e4ndigkeitsbereich auf Hessen ausgedehnt. Deshalb wurden Kooperationen mit wichtigen Kulturinstitutionen auch in der Stadt Frankfurt und im Land Hessen begonnen, insbesondere mit der Buchmesse, dem Deutschen Filmmuseum, der Luminale, dem Europ\u00e4ischen Fest der Musik und mit der Musikmesse in Frankfurt und mit dem Kasseler Dokumentarfilm- und Videofest. Das Institut geh\u00f6rt somit auch dem Eunic Cluster Frankfurt an.<\/p>\n<p class=\"AlignCenter\"><strong>Seit \u00fcber\u00a0sechzig Jahren ein St\u00fcck Italien in K\u00f6ln! <\/strong><\/p>\n","protected":false},"excerpt":{"rendered":"Das Istituto Italiano di Cultura Colonia, eingeweiht 1954, ist als Einrichtung des italienischen Staates mit der Aufgabe der Verbreitung der italienischen Sprache und Kultur im Ausland betraut: https:\/\/iiccolonia.esteri.it\/iic_colonia\/de\/istituto\/chi_siamo\/ Es bietet italienische Sprachkurse f\u00fcr Anf\u00e4nger und Fortgeschrittene organisiert Veranstaltungen: Filmreihen, Theatervorf\u00fchrungen, Kunstausstellungen, Konzerte, literarische Lesungen, Vortr\u00e4ge, Kongresse und Diskussionen zu den verschiedensten Themen stellt allen Interessierten [&hellip;]","protected":false},"author":5,"featured_media":0,"parent":132,"menu_order":1,"comment_status":"closed","ping_status":"closed","template":"","meta":{"footnotes":""},"class_list":["post-456","page","type-page","status-publish","hentry"],"_links":{"self":[{"href":"https:\/\/conscolonia.esteri.it\/de\/wp-json\/wp\/v2\/pages\/456","targetHints":{"allow":["GET"]}}],"collection":[{"href":"https:\/\/conscolonia.esteri.it\/de\/wp-json\/wp\/v2\/pages"}],"about":[{"href":"https:\/\/conscolonia.esteri.it\/de\/wp-json\/wp\/v2\/types\/page"}],"author":[{"embeddable":true,"href":"https:\/\/conscolonia.esteri.it\/de\/wp-json\/wp\/v2\/users\/5"}],"replies":[{"embeddable":true,"href":"https:\/\/conscolonia.esteri.it\/de\/wp-json\/wp\/v2\/comments?post=456"}],"version-history":[{"count":0,"href":"https:\/\/conscolonia.esteri.it\/de\/wp-json\/wp\/v2\/pages\/456\/revisions"}],"up":[{"embeddable":true,"href":"https:\/\/conscolonia.esteri.it\/de\/wp-json\/wp\/v2\/pages\/132"}],"wp:attachment":[{"href":"https:\/\/conscolonia.esteri.it\/de\/wp-json\/wp\/v2\/media?parent=456"}],"curies":[{"name":"wp","href":"https:\/\/api.w.org\/{rel}","templated":true}]}}