{"id":4276,"date":"2023-11-29T11:11:07","date_gmt":"2023-11-29T10:11:07","guid":{"rendered":"https:\/\/conscolonia.esteri.it\/?page_id=4276"},"modified":"2026-01-21T14:33:01","modified_gmt":"2026-01-21T13:33:01","slug":"standesamt-bescheinigungen","status":"publish","type":"page","link":"https:\/\/conscolonia.esteri.it\/de\/servizi-consolari-e-visti\/servizi-per-il-cittadino-italiano\/stato-civile\/standesamt-bescheinigungen\/","title":{"rendered":"STANDESAMT &#8211; Bescheinigungen"},"content":{"rendered":"<p><img loading=\"lazy\" decoding=\"async\" class=\"alignleft wp-image-4186 img-fluid\" src=\"https:\/\/conscolonia.esteri.it\/wp-content\/uploads\/2023\/11\/Cattura-300x203-1.jpg\" alt=\"\" width=\"185\" height=\"125\" \/><\/p>\n<p style=\"text-align: justify;\">Gem\u00e4\u00df Art. 40 des Pr\u00e4sidentialdekrets vom 28. Dezember 2000, Nr. 445 <a href=\"https:\/\/www.normattiva.it\/uri-res\/N2Ls?urn:nir:presidente.repubblica:decreto:2000-12-28;445\">(Decreto del Presidente della Repubblica DPR 28 dicembre 2000, n. 445<\/a>) sind die Bescheinigungen, die von der \u00d6ffentlichen Verwaltung bzgl. Zust\u00e4nden, pers\u00f6nlichen Eigenschaften oder Tatsachen herausgegeben werden nur f\u00fcr Beziehungen zwischen Privatpersonen g\u00fcltig und verwendbar. Es k\u00f6nnen auch Bescheinigungen f\u00fcr die Vorlage an ausl\u00e4ndische Beh\u00f6rden ausgestellt werden.<\/p>\n<p style=\"text-align: justify;\"><strong>Seit dem 15. November 2021 k\u00f6nnen meldeamtliche sowie standesamtliche Bescheinigungen direkt online und gratis vom Betroffenen selbst heruntergeladen werden, und zwar mittels des Service <a href=\"http:\/\/servizio dell\u2019anagrafe nazionale della popolazione residente (ANPR).\">des zentralen Melderegisters der in Italien wohnhaften Bev\u00f6lkerung ANPR<\/a> (Anagrafe Nazionale della Popolazione Residente).<\/strong><\/p>\n<p style=\"text-align: justify;\">Insbesondere kann man von der oben genannten Internetseite, <strong>f\u00fcr sich selbst oder f\u00fcr ein Familienmitglied, bis zu 14 Bescheinigungen herunterlanden<\/strong>, direkt von zuhause aus und ganz ohne direkt bei der Beh\u00f6rde vorstellig zu werden. Die Bescheinigungen k\u00f6nnen auch zusammenfassend ausgestellt werden (z. B. Staatsb\u00fcrgerschaft-, Lebens- und Wohnsitzbescheinigung auf einem einzigen Dokument).<\/p>\n<p style=\"text-align: justify;\"><strong>Zugriff auf das Portal hat man mittles der eigenen digitalen Identit\u00e4t (SPID, elektronischer Personalausweis, B\u00fcrgerkarte);<\/strong> falls die Anfrage f\u00fcr ein Familienmitglied ist, dann wird eine Aufstellung aller Familienmitglieder aufgezeigt, f\u00fcr die es m\u00f6glich ist, eine Bescheinigung auszustellen. Der Service erlaubt au\u00dferdem:<\/p>\n<ul>\n<li>eine Voransicht des Dokuments anzuschauen, um zu \u00fcberpr\u00fcfen, ob alle Daten korrekt angegeben sind;<\/li>\n<li>das Dokument als PDF-Format herunterzuladen;<\/li>\n<li>das Dokument per Email zugesendet zu bekommen.<\/li>\n<\/ul>\n<p><strong>Die Bescheinigungen, die angefragt werden k\u00f6nnen, sind Ausz\u00fcge aus dem:<br \/>\n<\/strong><\/p>\n<ul>\n<li>Geburtenregister;<\/li>\n<li>Hochzeitsregister;<\/li>\n<li>Staatsb\u00fcrgerschaftsregister;<\/li>\n<li>Lebensbescheinigung;<\/li>\n<li>Wohnsitzbescheinigung;<\/li>\n<li>Melderegister A.I.R.E.;<\/li>\n<li>Familienstandsbescheinigung;<\/li>\n<li>Familienbogen;<\/li>\n<li>Familien-und Personenstandsbescheinigung;<\/li>\n<li>Gemeinschaftswohnsitz;<\/li>\n<li>Familienstand AIRE;<\/li>\n<li>Familienstand mit Verwandschaftsverh\u00e4ltnissen;<\/li>\n<li>Ledigkeitsbescheinigung;<\/li>\n<li>Lebenspartnerschaftsbescheinigung;<\/li>\n<li>Lebenspartnerschaftsvertrag.<\/li>\n<\/ul>\n<hr \/>\n<p style=\"text-align: justify;\"><span style=\"color: #3366ff;\"><strong>Bescheinigungen, die vom Generalkonsulat ausgestellt werden k\u00f6nnen<\/strong><\/span><\/p>\n<p style=\"text-align: justify;\"><strong>Im AIRE-Register angemeldete Italienische Staatsb\u00fcrger*Innen<\/strong> m\u00fcssen sich weiterhin an das Konsularb\u00fcro wenden, um die Ausstellung der unten aufgelisteten Zertifikate zu beantragen:<\/p>\n<ul style=\"text-align: justify;\">\n<li><a href=\"https:\/\/conscolonia.esteri.it\/wp-content\/uploads\/2025\/02\/2025_02_12_richiesta_certificato_stato_civile.pdf\"><u>Familienstandsbescheinigung (individuell)<\/u><\/a><\/li>\n<li><a href=\"https:\/\/conscolonia.esteri.it\/wp-content\/uploads\/2025\/01\/2023_11_22_richiesta_certificato_cittadinanza.pdf\"><u>Staatsangeh\u00f6rigkeitsbescheinigung (individu<\/u><u>ell)<\/u><\/a><\/li>\n<li><a href=\"https:\/\/conscolonia.esteri.it\/de\/servizi-consolari-e-visti\/stato-civile\/standesamt-heirat-in-deutschland-und-in-italien\/standesamt-standeamtliche-hochzeit-einer-der-beiden-zukuenftigen-ehepartner-hat-die-deutsche-staatsangehoerigkeit\/\"><u>Ehef\u00e4higkeitsbescheinigung<\/u><\/a><\/li>\n<\/ul>\n<p style=\"text-align: justify;\">Die obengenannten Bescheinigungen k\u00f6nnen sowohl in italienischer als auch in deutscher Sprache ausgestellt werden,\u00a0nach Entrichtung der diesbez\u00fcglichen konsularischen Geb\u00fchr (wie vorgesehen von der <a href=\"https:\/\/conscolonia.esteri.it\/wp-content\/uploads\/2025\/02\/tariffa_consolare_aggiornata__2025rev-FINale.pdf\">Tabelle<\/a> im Anhang an das Gesetzesdekret <a href=\"https:\/\/www.normattiva.it\/uri-res\/N2Ls?urn:nir:stato:decreto.legislativo:2001;071\">D. Lgs. 71\/2001<\/a> sowie dessen Modifizierung durch Anwendung des Gesetzesdekrets vom 18. September 2024, Nr. 139 und vom Gesetz 30. Dezember 2024 Nr. 207).<\/p>\n<p>&nbsp;<\/p>\n<hr \/>\n<p style=\"text-align: justify;\">Es k\u00f6nnen <strong>ausschliesslich von den italienischen Gemeinden<\/strong> ausgestellt werden:<\/p>\n<ul style=\"text-align: justify;\">\n<li>Geburtsurkunde oder Auszug aus dem Geburtenregister<\/li>\n<li>Eheurkunde oder Auszug aus dem Eheregister<\/li>\n<li>Todesurkunde oder Auszug aus dem Sterberegister<\/li>\n<li>Bescheinigung \u00fcber Registrierung im Melderegister der im Ausland wohnhaften Italiener*innen A.I.R.E.<\/li>\n<li>Familienbogen<\/li>\n<\/ul>\n<p style=\"text-align: justify;\">Es k\u00f6nnen <strong>ausschlie\u00dflich von den Gerichten <\/strong>ausgestellt werden:<strong><br \/>\n<\/strong><\/p>\n<ul>\n<li style=\"text-align: justify;\">polizeiliches F\u00fchrungszeugnis und Bescheinigung \u00fcber laufende Strafverfahren<\/li>\n<li style=\"text-align: justify;\">Scheidungsurteile mit rechtskr\u00e4ftiger Wirkung.<\/li>\n<\/ul>\n","protected":false},"excerpt":{"rendered":"Gem\u00e4\u00df Art. 40 des Pr\u00e4sidentialdekrets vom 28. Dezember 2000, Nr. 445 (Decreto del Presidente della Repubblica DPR 28 dicembre 2000, n. 445) sind die Bescheinigungen, die von der \u00d6ffentlichen Verwaltung bzgl. Zust\u00e4nden, pers\u00f6nlichen Eigenschaften oder Tatsachen herausgegeben werden nur f\u00fcr Beziehungen zwischen Privatpersonen g\u00fcltig und verwendbar. Es k\u00f6nnen auch Bescheinigungen f\u00fcr die Vorlage an ausl\u00e4ndische [&hellip;]","protected":false},"author":5,"featured_media":0,"parent":223,"menu_order":3,"comment_status":"closed","ping_status":"closed","template":"","meta":{"footnotes":""},"class_list":["post-4276","page","type-page","status-publish","hentry"],"_links":{"self":[{"href":"https:\/\/conscolonia.esteri.it\/de\/wp-json\/wp\/v2\/pages\/4276","targetHints":{"allow":["GET"]}}],"collection":[{"href":"https:\/\/conscolonia.esteri.it\/de\/wp-json\/wp\/v2\/pages"}],"about":[{"href":"https:\/\/conscolonia.esteri.it\/de\/wp-json\/wp\/v2\/types\/page"}],"author":[{"embeddable":true,"href":"https:\/\/conscolonia.esteri.it\/de\/wp-json\/wp\/v2\/users\/5"}],"replies":[{"embeddable":true,"href":"https:\/\/conscolonia.esteri.it\/de\/wp-json\/wp\/v2\/comments?post=4276"}],"version-history":[{"count":6,"href":"https:\/\/conscolonia.esteri.it\/de\/wp-json\/wp\/v2\/pages\/4276\/revisions"}],"predecessor-version":[{"id":11549,"href":"https:\/\/conscolonia.esteri.it\/de\/wp-json\/wp\/v2\/pages\/4276\/revisions\/11549"}],"up":[{"embeddable":true,"href":"https:\/\/conscolonia.esteri.it\/de\/wp-json\/wp\/v2\/pages\/223"}],"wp:attachment":[{"href":"https:\/\/conscolonia.esteri.it\/de\/wp-json\/wp\/v2\/media?parent=4276"}],"curies":[{"name":"wp","href":"https:\/\/api.w.org\/{rel}","templated":true}]}}