{"id":426,"date":"2023-02-10T15:08:42","date_gmt":"2023-02-10T14:08:42","guid":{"rendered":"https:\/\/conscolonia.esteri.it\/?page_id=426"},"modified":"2025-01-24T12:06:06","modified_gmt":"2025-01-24T11:06:06","slug":"fahrzeuge-fuehrerscheine","status":"publish","type":"page","link":"https:\/\/conscolonia.esteri.it\/de\/servizi-consolari-e-visti\/servizi-per-il-cittadino-italiano\/fahrzeuge-fuehrerscheine\/","title":{"rendered":"KRAFTFAHRZEUGE &#8211; Erneuerung PKW-F\u00fchrerscheinen, Validierung von Segelscheinen, Streichung aus dem italienischen Farhzeugregister P.R.A."},"content":{"rendered":"<p><img loading=\"lazy\" decoding=\"async\" class=\" wp-image-2652 img-fluid alignleft\" src=\"https:\/\/conscolonia.esteri.it\/wp-content\/uploads\/2023\/08\/Patente-2.jpg\" alt=\"\" width=\"177\" height=\"114\" srcset=\"https:\/\/conscolonia.esteri.it\/wp-content\/uploads\/2023\/08\/Patente-2.jpg 415w, https:\/\/conscolonia.esteri.it\/wp-content\/uploads\/2023\/08\/Patente-2-300x193.jpg 300w\" sizes=\"auto, (max-width: 177px) 100vw, 177px\" \/><\/p>\n<p>&nbsp;<\/p>\n<p>&nbsp;<\/p>\n<p>&nbsp;<\/p>\n<p>&nbsp;<\/p>\n<p><strong>UFFICIO POLIFUNZIONALE<\/strong><\/p>\n<p>&nbsp;<\/p>\n<p><strong>1) KFZ-F\u00dcHRERSCHEIN<br \/>\n<\/strong><\/p>\n<p><strong>a) KFZ-F\u00fchrerschein muss erneuert werden<br \/>\n<\/strong><\/p>\n<p>Innerhalb der Europ\u00e4ischen Union wird der F\u00fchrerschein von dem Staat erneuert, in dem man seinen Wohnsitz hat.<br \/>\nAus diesem Grund m\u00fcssen italienische Staatb\u00fcrger*innen, die seit mindestens 6 Monaten ihren Wohnsitz in Deutschland haben, auch die Erneuerung ihres F\u00fchrerscheins in ihrer neuen Heimatgemeinde beantragen &#8211; und zwar LANGE BEVOR DER F\u00dcHRERSCHEIN abl\u00e4uft.<\/p>\n<p><strong>b) KFZ-F\u00fchrerschein ist abgelaufen, verloren oder geklaut worden<br \/>\n<\/strong><br \/>\nFalls der F\u00fchrerschein abgelaufen ist, oder verloren oder geklaut worden ist, hat die deutsche Heimatgemeinde die M\u00f6glichkeit, die diesbzgl. Daten im europ\u00e4ischen F\u00fchrerscheinnetzwerk RESPER (= <span class=\"ILfuVd\" lang=\"de\"><span class=\"hgKElc\">R\u00e9seau permis de conduire<\/span><\/span>) zu kontrollieren. Falls das F\u00fchrerscheinnetzwerk RESPER aber nicht alle notwendigen Informationen enthalten sollte, um einen neuen F\u00fchrerschein \/ oder ein Duplikat auszustellen, dann ist es m\u00f6glich, dass man zu den oben angeforderten Unterlagen auch eine Bescheinigung des Amtes f\u00fcr Kraftfahrzeugwesen Motorizzazione Civile vorlegen muss, die alle F\u00fchrerscheindaten enthalten muss sowie die G\u00fcltigkeit desselben best\u00e4tigt.<\/p>\n<p>Diese Bescheinigung \u00fcber die G\u00fcltigkeit des F\u00fchrerscheins kann bei jeder Niederlassung des Amtes f\u00fcr Kraftfahrzeugwesen Motorizzazione Civile in Italien angefordert werden:<br \/>\n<a href=\"https:\/\/www.ilportaledellautomobilista.it\/web\/portale-automobilista\/patenti_richiesta-attestato-validita-patente\">https:\/\/www.ilportaledellautomobilista.it\/web\/portale-automobilista\/patenti_richiesta-attestato-validita-patente<\/a><\/p>\n<ul>\n<li>enweder pers\u00f6nlich;<\/li>\n<li>oder \u00fcber eine vom F\u00fchrerscheinbesitzer beauftragte Person (einfache Vollmacht mit Fotokopie eines Ausweisdokuments des Vollmachtgebers);<\/li>\n<li>oder per Email.<\/li>\n<\/ul>\n<p>F\u00fcr weiterf\u00fchrende Informationen zu den Kosten der Bescheinigung konsultieren Sie bitte das Online-Portal Portale dell&#8217;Automobilista unter dem oben stehenden Link.<\/p>\n<p>Sobald man die Bescheinigung vom Amt f\u00fcr Kraftfahrzeugwesen Motorizzazione Civile bekommen hat, muss man sie der eigenen Heimatgemeinde vorlegen. Es ist m\u00f6glich, dass eine \u00dcbersetzung in die deutsche Sprache verlangt wird. Es wird deshalb geraten, dies bereits im Vorfeld mit der zust\u00e4ndigen Abteilung, bei der die Bescheinigung vorgelegt werden muss, abzukl\u00e4ren.<\/p>\n<p><strong>2) SEGELSCHEIN<br \/>\n<\/strong><\/p>\n<p><strong>Validierung des Segelscheins<br \/>\n<\/strong><\/p>\n<p>Um Ihren Segelschein validieren zu lassen, m\u00fcssen Sie:<\/p>\n<p>a) die Beh\u00f6rde ausfindig machen, die Ihnen den zu validierenden Segelschein ausgestellt hat (Hafenkommandatur Capitaneria di porto, Bezirks-Seeamt Ufficio circondariale marittimo oder Amt f\u00fcr Kraftfahrzeugwesen Ufficio Motorizzazione Civile):<\/p>\n<ul>\n<li><strong>Hafenkommandaturen (Capitanerie di porto):<\/strong><br \/>\n<a href=\"http:\/\/www.guardiacostiera.gov.it\/organizzazione\/comandi-territoriali\">http:\/\/www.guardiacostiera.gov.it\/organizzazione\/comandi-territoriali<\/a><\/li>\n<li><strong>Bezirkssee\u00e4mter (Uffici circondariali marittimi):<br \/>\n<\/strong><a href=\"http:\/\/www.guardiacostiera.gov.it\/organizzazione\/comandi-territoriali?CategoriaArchivio=Uffici+circondariali+marittimi&amp;CategoriaArchivioID=31\">http:\/\/www.guardiacostiera.gov.it\/organizzazione\/comandi-territoriali?CategoriaArchivio=Uffici+circondariali+marittimi&amp;CategoriaArchivioID=31<\/a><\/li>\n<li><strong>\u00c4mter f\u00fcr Kraftfahrzeugwesen (Uffici della motorizzazione civile):<br \/>\n<\/strong><a href=\"https:\/\/www.ilportaledellautomobilista.it\/gms\/ricerca\/$N\/$N;jsessionid=ZsmsrS2nE37I7LmnrWT2Xu-s.81798115-e38a-3e2b-a4e3-2d1f405827f3\">https:\/\/www.ilportaledellautomobilista.it\/gms\/ricerca\/$N\/$N;jsessionid=ZsmsrS2nE37I7LmnrWT2Xu-s.81798115-e38a-3e2b-a4e3-2d1f405827f3<\/a><\/li>\n<\/ul>\n<p>b) das <strong>Antragsformular ausf\u00fcllen<\/strong>, und zwar so wie es auf dem beigef\u00fcgten Infoblatt erkl\u00e4rt ist;<\/p>\n<p>c)\u00a0 den vom Generalkonsulat ermittelten Amtsarzt kontaktieren, um sich ein <strong>Gutachten \u00fcber die physische und psychische Eignung<\/strong> <strong>ausstellen<\/strong> zu lassen. Die Kosten der Untersuchung hierf\u00fcr liegen bei \u20ac 60.-:<\/p>\n<p>Arbeitsmedizinische Praxis K\u00f6ln<br \/>\nDott. Dario Segat<br \/>\nGutenbergstr. 29 A<br \/>\n50823 K\u00f6ln<\/p>\n<p>Tel. +49 (0)173-7228232<br \/>\nTel. +49 (0)221-16891895<br \/>\nFax +49 (0)221-9727032<\/p>\n<p><a href=\"mailto:dario.segat@sicomed.net\">dario.segat@sicomed.net<\/a><\/p>\n<p>d) ins Generalkonsulat K\u00f6ln kommen, um sich vom Sekretariat eine Best\u00e4tigung (gratis) \u00fcber die Eignung des Amtsarztes, der das Gutachten \u00fcber die physische und psychische Eignung unter Punkt 2c) erstellt hat, ausstellen zu lassen; sowohl das Antragsformular als auch die Best\u00e4tigung \u00fcber die Eignung des Amtsarztes m\u00fcssen mit einer Geb\u00fchrenmarke von jeweils \u20ac 16.- versehen werden. Diese Geb\u00fchrenmarke ist im Generalkonsulat K\u00f6ln leider nicht erh\u00e4ltlich;<\/p>\n<p>e) der Beh\u00f6rde, die unter Punkt 1) aufgef\u00fchrt ist, per Post zukommen lassen:<\/p>\n<ul>\n<li>eine Fotokopie eines g\u00fcltigen Reisepasses (oder des Personalausweises) des Segelscheinbesitzers;<\/li>\n<li>eine Fotokopie des Segelscheins;<\/li>\n<li>das Antragsformular mit Geb\u00fchrenmarke (\u20ac 16.-);<\/li>\n<li>das Gutachten des Amtsarztes mit Geb\u00fchrenmarke (\u20ac 16.-);<\/li>\n<li>die konsularische Bescheinigung \u00fcber die Eignung des Amtsarztes, der das Gutachten erstellt hat;<\/li>\n<\/ul>\n<p>Wir raten Ihnen, vor dem postalischen Versand noch einmal die zust\u00e4ndige Beh\u00f6rde zu kontaktieren, mit der Bitte Ihre Unterlagen vorab auf Vollst\u00e4ndigkeit zu \u00fcberpr\u00fcfen.<\/p>\n<p>f)\u00a0 sobald sie die unter 1) von der zust\u00e4ndigen Beh\u00f6rde erhaltene Validierungs-Marke erhalten haben, dann <strong>kleben Sie diese bitte auf Ihren Segelschein;<\/strong><\/p>\n<p>g) falls Sie hingegen w\u00fcnschen, dass Ihr Segelschein durch einen Stempel anstelle der Marke validiert wird, dann m\u00fcssen Sie Ihren Original-Segelschein (und nicht die Fotokopie!) einsenden. Auch in diesem Fall raten wir Ihnen, sich vorab mit der zust\u00e4ndigen Beh\u00f6rde in Verbindung zu setzen, v.a. um abzukl\u00e4ren, wie Sie Ihren Original-Segelschein wieder erstattet bekommen.<\/p>\n<p>h) <strong>WICHTIG:<\/strong> die vorab genannten Bearbeitungsschritte k\u00f6nnen nicht angewendet werden f\u00fcr die Validierung von Segelscheinen f\u00fcr Personen, die keine italienische Staatsb\u00fcrgerschaft besitzen. Hierf\u00fcr ist die Grundvoraussetzung, dass der Inhaber des Segelscheins in Italien wohnhaft ist.<\/p>\n<p><strong>3) STREICHUNG AUS DEM \u00d6FFENTLICHEN FAHRZEUGREGISTER P.R.A. (= PUBBLICO REGISTRO AUTOMOBILISTICO) IN ITALIEN VON IN DEUTSCHLAND REGISTRIERTEN ODER VERSCHROTTETEN AUTOS<br \/>\n<\/strong><\/p>\n<p><strong>Export<\/strong><\/p>\n<p>Wenn Sie <strong>ein Fahrzeug ins Ausland exportieren und dort registrieren<\/strong> lassen wollen, dann m\u00fcssen Sie die Streichung aus dem Nationalen Fahrzeugarchiv Archivio Nazionale dei Veicoli und aus dem \u00d6ffentlichen Fahrzeugregister Pubblico Registro Automobilistico beantragen, damit die Zahlungspflicht der Kfz-Steuer (bollo auto) unterbrochen werden kann.<\/p>\n<p>Nach der Streichung und der damit einhergehenden Ausstellung der Exportbescheinigung Certificato di Radiazione endet die Zahlungspflicht mit dem darauf folgenden Steuerzeitraum.<\/p>\n<p><strong>Vom 1. Januar 2020 an gilt eine neue Regelung<\/strong> bzgl. der Streichung aus dem \u00d6ffentlichen Farhzeugregister Pubblico Registro Automobilistico (= P.R.A.) f\u00fcr den definitiven Export ins Ausland.<\/p>\n<ul>\n<li><strong>f\u00fcr Kraftfahrzeuge, die nach dem 01.01.2020 ins Ausland \u00fcberf\u00fchrt werden, muss die Streichung in Italien erfolgen BEVOR das Fahrzeug exportiert wird;\u00a0 <\/strong>sobald die Streichung aus dem P.R.A. vogenommen worden ist, kann das Fahrzeug, um die Exportgrenze zu erreichen, nur dann zirkulieren, wenn es, wie von \u00a7 99 der ital. Verkehrsordnung Codice della Strada vorgesehen, mit dem Exportschein &#8222;foglio di via&#8220; und dem provisorischen Nummernschild &#8222;targa provisoria&#8220; ausgestattet ist;<\/li>\n<li><strong>wenn die Streichung NACH derm Export und der Immatrikulierung im Ausland beantragt wird<\/strong>, dann muss der Antrag auf Streichung auf jeden Fall auch dem KFZ-Serviceschalter Sportello Telematico dell\u2019Automobilista (= STA) in Italien vorgelegt werden, ansonsten kann,\u00a0 wie vom \u00a7 103, 5 der ital. Verkehrsordnung Codice della Strada vorgesehen, ein Strafgeld in H\u00f6he von \u20ac 173 bis 695 erhoben werden;<\/li>\n<\/ul>\n<p>Um eine Aufstellung aller einzureichenden Unterlagen einzusehen, konsultieren sie bitte die Homepage des Automobile Club d&#8217;Italia ACI:<br \/>\n<a href=\"http:\/\/www.aci.it\/i-servizi\/guide#utili\/Guida-pratiche-auto\/esportazione.html\">http:\/\/www.aci.it\/i-servizi\/guide#utili\/Guida-pratiche-auto\/esportazione.html<\/a><\/p>\n<p><strong>Verschrottung<\/strong><\/p>\n<p>Auch im Fall der <strong>Verschrottung des Fahrzeugs im Ausland<\/strong>, m\u00fcssen Sie die Streichung aufgrund von Verschrottung \u201cradiazione per demolizione\u201d beantragen, um die Zahlungspflicht der Kfz-Steuer in Italien zu unterbrechen.<br \/>\nF\u00fcr weiterf\u00fchrende Informationen zu den daf\u00fcr notwendigen Unterlagen, konsultieren Sie bitte die Homepage des Automobile Club d&#8217;Italia ACI <a href=\"http:\/\/www.aci.it\/i-servizi\/guide-utili\/guida-pratiche-auto\/demolizione.html\">http:\/\/www.aci.it\/i-servizi\/guide-utili\/guida-pratiche-auto\/demolizione.html<\/a><\/p>\n<p><strong>\u00a0<\/strong><\/p>\n","protected":false},"excerpt":{"rendered":"&nbsp; &nbsp; &nbsp; &nbsp; UFFICIO POLIFUNZIONALE &nbsp; 1) KFZ-F\u00dcHRERSCHEIN a) KFZ-F\u00fchrerschein muss erneuert werden Innerhalb der Europ\u00e4ischen Union wird der F\u00fchrerschein von dem Staat erneuert, in dem man seinen Wohnsitz hat. Aus diesem Grund m\u00fcssen italienische Staatb\u00fcrger*innen, die seit mindestens 6 Monaten ihren Wohnsitz in Deutschland haben, auch die Erneuerung ihres F\u00fchrerscheins in ihrer neuen [&hellip;]","protected":false},"author":5,"featured_media":0,"parent":7656,"menu_order":3,"comment_status":"closed","ping_status":"closed","template":"","meta":{"footnotes":""},"class_list":["post-426","page","type-page","status-publish","hentry"],"_links":{"self":[{"href":"https:\/\/conscolonia.esteri.it\/de\/wp-json\/wp\/v2\/pages\/426","targetHints":{"allow":["GET"]}}],"collection":[{"href":"https:\/\/conscolonia.esteri.it\/de\/wp-json\/wp\/v2\/pages"}],"about":[{"href":"https:\/\/conscolonia.esteri.it\/de\/wp-json\/wp\/v2\/types\/page"}],"author":[{"embeddable":true,"href":"https:\/\/conscolonia.esteri.it\/de\/wp-json\/wp\/v2\/users\/5"}],"replies":[{"embeddable":true,"href":"https:\/\/conscolonia.esteri.it\/de\/wp-json\/wp\/v2\/comments?post=426"}],"version-history":[{"count":4,"href":"https:\/\/conscolonia.esteri.it\/de\/wp-json\/wp\/v2\/pages\/426\/revisions"}],"predecessor-version":[{"id":8172,"href":"https:\/\/conscolonia.esteri.it\/de\/wp-json\/wp\/v2\/pages\/426\/revisions\/8172"}],"up":[{"embeddable":true,"href":"https:\/\/conscolonia.esteri.it\/de\/wp-json\/wp\/v2\/pages\/7656"}],"wp:attachment":[{"href":"https:\/\/conscolonia.esteri.it\/de\/wp-json\/wp\/v2\/media?parent=426"}],"curies":[{"name":"wp","href":"https:\/\/api.w.org\/{rel}","templated":true}]}}