{"id":37,"date":"2023-02-02T16:19:25","date_gmt":"2023-02-02T15:19:25","guid":{"rendered":"https:\/\/conscolonia.esteri.it\/chi-siamo\/"},"modified":"2025-12-18T10:16:53","modified_gmt":"2025-12-18T09:16:53","slug":"chi-siamo","status":"publish","type":"page","link":"https:\/\/conscolonia.esteri.it\/de\/chi-siamo\/","title":{"rendered":"\u00dcber uns"},"content":{"rendered":"<article id=\"articolo_centro\" class=\"col-md-19 col-sm-19 padding_articolo item-page\" role=\"main\" aria-label=\"articolo\"><strong>GENERALKONSULAT DER ITALIENISCHEN REPUBLIK IN K\u00d6LN<\/strong><br \/>\n<a href=\"mailto:info.colonia@esteri.it\">info.colonia@esteri.it<\/a><\/article>\n<article role=\"main\" aria-label=\"articolo\"><\/article>\n<article role=\"main\" aria-label=\"articolo\"><\/article>\n<article role=\"main\" aria-label=\"articolo\"><\/article>\n<article class=\"col-md-19 col-sm-19 padding_articolo item-page\" role=\"main\" aria-label=\"articolo\"><strong>\u00d6ffnungszeiten f\u00fcr den Publikumsverkehr:<br \/>\n<\/strong>von Montag bis Freitag: 08:30 &#8211; 12:30 Uhr<br \/>\nMittwochs: 08:30 &#8211; 12:30 Uhr, 15:00 &#8211; 17:30 UhrMittwoch, 24. Dezember 2025 (Heiligabend), 08:30 &#8211; 12:30 Uhr<br \/>\nMittwoch, 31. Dezember 2025 (Silvester),\u00a0 08:30 &#8211; 12:30 Uhr<\/article>\n<article role=\"main\" aria-label=\"articolo\"><\/article>\n<article role=\"main\" aria-label=\"articolo\"><\/article>\n<article role=\"main\" aria-label=\"articolo\"><\/article>\n<article role=\"main\" aria-label=\"articolo\"><\/article>\n<article class=\"col-md-19 col-sm-19 padding_articolo item-page\" role=\"main\" aria-label=\"articolo\"><strong>Telefonnummer f\u00fcr allgemeine Informationen \u00fcber Dienstleistungen<\/strong><\/article>\n<article role=\"main\" aria-label=\"articolo\"><\/article>\n<article class=\"col-md-19 col-sm-19 padding_articolo item-page\" role=\"main\" aria-label=\"articolo\">Ein Mitarbeiter des Generalkonsulats bietet Ihnen \u00fcber die Telefonnummer 0221 40087-23 allgemeine Ausk\u00fcnfte \u00fcber die Dienstleistungen:<\/p>\n<ul>\n<li>Montag,\u00a0Dienstag und Donnerstag nachmittags von 14.30 bis 16.45 Uhr und<\/li>\n<li>freitags von 14.30 bis 16.15 Uhr<\/li>\n<\/ul>\n<p>&nbsp;<\/p>\n<p><strong>Telefonnummer f\u00fcr Notf\u00e4lle<\/strong><\/p>\n<p>Nur in F\u00e4llen von wirklichen und nachweisbaren Notsituationen\u00a0 (z.B. Verhaftungen, Unf\u00e4lle) au\u00dferhalb der Uhrzeiten der normalen Telefonzentrale (siehe oben)<br \/>\nsind Sie gebeten, folgende Rufnummer zu kontaktieren: +<strong>49- (o)171 954 5 516<\/strong><br \/>\nUnter dieser Rufnummer erhalten sie KEINE allgemeinen Informationen und auch KEINE Informationen zu konsularischen Dienstleistungen.<\/p>\n<p>Den Notfall-Telefonservice k\u00f6nnen Sie erreichen:<\/p>\n<p>a) montags, dienstags und donnerstags von 17.00 bis 22.00 Uhr;<br \/>\nmittwochs von 17.30 bis 22.00 Uhr;<br \/>\nb) freitags von 16.30 bis 22.00 Uhr;<br \/>\nc) am Wochenende von 08:00 bis 22.00 Uhr;<br \/>\nd) an vom Ital. Generalkonsulat eingetragenen Feiertagen von 8.00 bis 22.00 Uhr;<\/p>\n<p>Wir bitten Sie dringend, die zuvor genannte Telefonnummer nicht zu w\u00e4hlen, wenn es um Anfragen geht, die mit dem Reisepass oder dem Personalausweis zu tun haben, oder um allgemeine Anfragen zu konsularischen Angelegenheiten.<\/p>\n<p>In allen anderen F\u00e4llen k\u00f6nnen Sie &#8211; 24 Stunden lang &#8211; in allen europ\u00e4ischen L\u00e4ndern die einheitliche Notrufnummer 112 von jedem Mobiltelefon oder Festnetzanschlu\u00df aus anw\u00e4hlen. In Notf\u00e4llen ist es (abgesehen von F\u00e4llen konsularischer Zust\u00e4ndigkeiten) sinnvoller, diese Nummer anzuw\u00e4hlen, da sie unmittelbar mit den Notfall-Einsatzkr\u00e4ften in Deutschland verbindet.<\/p>\n<\/article>\n<p>&nbsp;<\/p>\n","protected":false},"excerpt":{"rendered":"GENERALKONSULAT DER ITALIENISCHEN REPUBLIK IN K\u00d6LN info.colonia@esteri.it \u00d6ffnungszeiten f\u00fcr den Publikumsverkehr: von Montag bis Freitag: 08:30 &#8211; 12:30 Uhr Mittwochs: 08:30 &#8211; 12:30 Uhr, 15:00 &#8211; 17:30 UhrMittwoch, 24. Dezember 2025 (Heiligabend), 08:30 &#8211; 12:30 Uhr Mittwoch, 31. Dezember 2025 (Silvester),\u00a0 08:30 &#8211; 12:30 Uhr Telefonnummer f\u00fcr allgemeine Informationen \u00fcber Dienstleistungen Ein Mitarbeiter des Generalkonsulats [&hellip;]","protected":false},"author":1,"featured_media":0,"parent":0,"menu_order":2,"comment_status":"closed","ping_status":"closed","template":"","meta":{"footnotes":""},"class_list":["post-37","page","type-page","status-publish","hentry"],"_links":{"self":[{"href":"https:\/\/conscolonia.esteri.it\/de\/wp-json\/wp\/v2\/pages\/37","targetHints":{"allow":["GET"]}}],"collection":[{"href":"https:\/\/conscolonia.esteri.it\/de\/wp-json\/wp\/v2\/pages"}],"about":[{"href":"https:\/\/conscolonia.esteri.it\/de\/wp-json\/wp\/v2\/types\/page"}],"author":[{"embeddable":true,"href":"https:\/\/conscolonia.esteri.it\/de\/wp-json\/wp\/v2\/users\/1"}],"replies":[{"embeddable":true,"href":"https:\/\/conscolonia.esteri.it\/de\/wp-json\/wp\/v2\/comments?post=37"}],"version-history":[{"count":6,"href":"https:\/\/conscolonia.esteri.it\/de\/wp-json\/wp\/v2\/pages\/37\/revisions"}],"predecessor-version":[{"id":11230,"href":"https:\/\/conscolonia.esteri.it\/de\/wp-json\/wp\/v2\/pages\/37\/revisions\/11230"}],"wp:attachment":[{"href":"https:\/\/conscolonia.esteri.it\/de\/wp-json\/wp\/v2\/media?parent=37"}],"curies":[{"name":"wp","href":"https:\/\/api.w.org\/{rel}","templated":true}]}}