{"id":36,"date":"2023-02-02T16:19:48","date_gmt":"2023-02-02T15:19:48","guid":{"rendered":"https:\/\/conscolonia.esteri.it\/servizi-consolari-e-visti\/"},"modified":"2025-01-22T17:26:28","modified_gmt":"2025-01-22T16:26:28","slug":"servizi-consolari-e-visti","status":"publish","type":"page","link":"https:\/\/conscolonia.esteri.it\/de\/servizi-consolari-e-visti\/","title":{"rendered":"Konsularische Dienstleistungen und Visa"},"content":{"rendered":"<div class=\"entry-content\">\n<p>Herzlich Willkomenn in dem Teil unserer Homepage, der sich mit den konsularischen Dienstleistungen besch\u00e4ftigt.<\/p>\n<p>Um die Navigation zu erleichtern, haben wir die konsularischen Dienstleistungen in zwei Teile aufgeteilt:<br \/>\n1) Konsularische Dienstleistungen f\u00fcr den <a href=\"https:\/\/conscolonia.esteri.it\/de\/servizi-consolari-e-visti\/servizi-per-il-cittadino-italiano\/\">italienischen Staatsb\u00fcrger<\/a>;<br \/>\n2) Konsularische Dienstleistungen f\u00fcr den <a href=\"https:\/\/conscolonia.esteri.it\/de\/servizi-consolari-e-visti\/servizi-per-il-cittadino-straniero\/\">ausl\u00e4ndischen Staatsb\u00fcrger<\/a>;<\/p>\n<p>Jeder Men\u00fcpunkt enth\u00e4lt n\u00fctzliche Informationen, um bestimmte Dienstleistungen beantragen zu k\u00f6nnen.<\/p>\n<p>Ein spezieller Men\u00fcpunkt betrifft die \u00d6ffentlichen Bekanntmachungen\u00a0 im <a href=\"https:\/\/conscolonia.esteri.it\/it\/servizi-consolari-e-visti\/servizi-per-il-cittadino-italiano\/altri-servizi\/albo-consolare\/\">Konsularischen Register<\/a>.<\/p>\n<p>Wir w\u00fcnschen Ihnen viel Spa\u00df beim Surfen auf unserer Homepage!<\/p>\n<\/div>\n<footer class=\"entry-footer\"><span class=\"edit-link\"><a class=\"post-edit-link\" href=\"https:\/\/conscolonia.esteri.it\/wp-admin\/post.php?post=14&amp;action=edit&amp;lang=it\">Edit <span class=\"screen-reader-text\">Servizi Consolari e Visti<\/span><\/a><\/span><\/footer>\n","protected":false},"excerpt":{"rendered":"Herzlich Willkomenn in dem Teil unserer Homepage, der sich mit den konsularischen Dienstleistungen besch\u00e4ftigt. Um die Navigation zu erleichtern, haben wir die konsularischen Dienstleistungen in zwei Teile aufgeteilt: 1) Konsularische Dienstleistungen f\u00fcr den italienischen Staatsb\u00fcrger; 2) Konsularische Dienstleistungen f\u00fcr den ausl\u00e4ndischen Staatsb\u00fcrger; Jeder Men\u00fcpunkt enth\u00e4lt n\u00fctzliche Informationen, um bestimmte Dienstleistungen beantragen zu k\u00f6nnen. Ein spezieller [&hellip;]","protected":false},"author":1,"featured_media":0,"parent":0,"menu_order":6,"comment_status":"closed","ping_status":"closed","template":"","meta":{"footnotes":""},"class_list":["post-36","page","type-page","status-publish","hentry"],"_links":{"self":[{"href":"https:\/\/conscolonia.esteri.it\/de\/wp-json\/wp\/v2\/pages\/36","targetHints":{"allow":["GET"]}}],"collection":[{"href":"https:\/\/conscolonia.esteri.it\/de\/wp-json\/wp\/v2\/pages"}],"about":[{"href":"https:\/\/conscolonia.esteri.it\/de\/wp-json\/wp\/v2\/types\/page"}],"author":[{"embeddable":true,"href":"https:\/\/conscolonia.esteri.it\/de\/wp-json\/wp\/v2\/users\/1"}],"replies":[{"embeddable":true,"href":"https:\/\/conscolonia.esteri.it\/de\/wp-json\/wp\/v2\/comments?post=36"}],"version-history":[{"count":6,"href":"https:\/\/conscolonia.esteri.it\/de\/wp-json\/wp\/v2\/pages\/36\/revisions"}],"predecessor-version":[{"id":8039,"href":"https:\/\/conscolonia.esteri.it\/de\/wp-json\/wp\/v2\/pages\/36\/revisions\/8039"}],"wp:attachment":[{"href":"https:\/\/conscolonia.esteri.it\/de\/wp-json\/wp\/v2\/media?parent=36"}],"curies":[{"name":"wp","href":"https:\/\/api.w.org\/{rel}","templated":true}]}}