{"id":3544,"date":"2023-08-31T14:39:00","date_gmt":"2023-08-31T12:39:00","guid":{"rendered":"https:\/\/conscolonia.esteri.it\/?page_id=3544"},"modified":"2023-09-06T12:52:26","modified_gmt":"2023-09-06T10:52:26","slug":"abteilung-fuer-presse-und-kommunikation-deutsche-medien-in-nordrhein-westfalen","status":"publish","type":"page","link":"https:\/\/conscolonia.esteri.it\/de\/news\/dal_consolato\/abteilung-fuer-presse-und-kommunikation-italienische-und-deutsche-presse-in-nrw\/abteilung-fuer-presse-und-kommunikation-deutsche-medien-in-nordrhein-westfalen\/","title":{"rendered":"PRESSE UND KOMMUNIKATION &#8211; Deutsche Printmedien in Nordrhein-Westfalen"},"content":{"rendered":"<p><strong><img loading=\"lazy\" decoding=\"async\" class=\"alignleft wp-image-3488 img-fluid\" src=\"https:\/\/conscolonia.esteri.it\/wp-content\/uploads\/2023\/08\/Media-300x170.jpg\" alt=\"\" width=\"177\" height=\"100\" srcset=\"https:\/\/conscolonia.esteri.it\/wp-content\/uploads\/2023\/08\/Media-300x170.jpg 300w, https:\/\/conscolonia.esteri.it\/wp-content\/uploads\/2023\/08\/Media.jpg 676w\" sizes=\"auto, (max-width: 177px) 100vw, 177px\" \/><\/strong><\/p>\n<p>&nbsp;<\/p>\n<p>&nbsp;<\/p>\n<p>&nbsp;<\/p>\n<p><strong><br \/>\nABTEILUNG F\u00dcR PRESSE UND KOMMUNIKATION<\/strong><br \/>\n<a href=\"mailto:stampa.colonia@esteri.it\">stampa.colonia@esteri.it<\/a><\/p>\n<p><strong>1) Handelsblatt<br \/>\n<\/strong>Das Handelsblatt ist eine deutsche Tageszeitung. Die Wirtschafts- und Finanzzeitung in deutscher Sprache wird von der D\u00fcsseldorfer Handelsblatt Media Group publiziert, die ihrerseits zur DvH Medien GmbH geh\u00f6rt. Das Handelsblatt ist Pflichtblatt der Wertpapierb\u00f6rsen in Frankfurt am Main und D\u00fcsseldorf. 2017 wurde es im Rahmen des European Newspaper Award als \u201ebeste Zeitung Europas\u201c ausgezeichnet. Laut GPRA-Vertrauensindex war das Handelsblatt 2016 die vertrauensw\u00fcrdigste Tageszeitung Deutschlands. 2020 war es in Deutschland die meistzitierte Wirtschaftszeitung.<\/p>\n<p>Verleger: Dieter von Holtzbrinck.<br \/>\nChefredakteur: Sebastian Matthes.<br \/>\nAuflage: 127.800 (1. Quartal 2023)<br \/>\n<a href=\"http:\/\/www.handelsblatt.com\/impressum\">Kontakt zu den Redaktionen<\/a><\/p>\n<p><strong>2) Rheinische Post (RP)<br \/>\n<\/strong>Die Rheinische Post ist eine regionale Tageszeitung mit Hauptsitz in D\u00fcsseldorf. Sie geh\u00f6rt zur Rheinische Post Mediengruppe und erscheint am Niederrhein und in Teilen des Bergischen Landes. Im Rhein-Kreis Neuss erscheint sie als Neu\u00df-Grevenbroicher Zeitung, in Solingen als Solinger Morgenpost, in anderen Teilen des Bergischen Landes als Bergische Morgenpost. Die Zentralredaktion der Rheinischen Post befindet sich in D\u00fcsseldorf. Die Rheinische Post geh\u00f6rt laut der Agentur pressrelations zu den meistzitierten Regionalzeitungen Deutschlands.<\/p>\n<p>Herausgeber: Florian Merz-Betz, Martin Ebel, Tilman Droste, Esther Betz<br \/>\nChefredakteur: Moritz D\u00f6bler<br \/>\nAuflage: 219.622<br \/>\n<a href=\"http:\/\/www.rp-online.de\/info\/kontakt\">Kontakt zu den Redaktionen<\/a><\/p>\n<p><strong>3) K\u00f6lner Stadt Anzeiger (KStA) e K\u00f6lnische Rundschau<br \/>\n<\/strong>Der K\u00f6lner Stadt-Anzeiger (KStA) ist die Tageszeitung mit der h\u00f6chsten Auflage im Gro\u00dfraum K\u00f6ln (sechs Lokalausgaben). Das werkt\u00e4glich erscheinende regionale Blatt geh\u00f6rt zur DuMont Mediengruppe. Die ehemalige Konkurrenzzeitung <i>K\u00f6lnische Rundschau<\/i> wurde 1999 \u00fcbernommen, behielt aber eine eigenst\u00e4ndige Redaktion unter dem Herausgeber Helmut Heinen. <strong><br \/>\n<\/strong><\/p>\n<p>Herausgeber: Isabella Neven Dumont und Christian Dumont Sch\u00fctte<br \/>\nChefredakteur: Carsten Fiedler (bis Herbst 2023)<br \/>\nAuflage: 173.731<br \/>\n<a href=\"http:\/\/www.ksta.de\/impressum\/impressum-110975\">Kontakt zu den Redaktionen<\/a><\/p>\n<p><strong>4) Bonner General Anzeiger<\/strong><br \/>\nDer General-Anzeiger ist eine regionale Tageszeitung. Das Verbreitungsgebiet umfasst die Stadt Bonn, den Rhein-Sieg-Kreis, den Landkreis Ahrweiler und den n\u00f6rdlichen Landkreis Neuwied. Seit dem 1. Juni 2018 geh\u00f6rt der General-Anzeiger zur Rheinische Post Mediengruppe.<\/p>\n<p>Gesch\u00e4ftsf\u00fchrer: Kersten K\u00f6hler<br \/>\nChefredakteur: Florian Ludwig<br \/>\nAuflage: 51.772<br \/>\n<a href=\"http:\/\/www.verlag.ga.de\/kontakt\">Kontakt zu den Redaktionen<\/a><\/p>\n<p><strong>5) Westdeutsche Allgemeine Zeitung (WAZ)<br \/>\n<\/strong>Die Westdeutsche Allgemeine Zeitung (WAZ) ist die gr\u00f6\u00dfte Regionalzeitung Deutschlands (16 Lokalausgaben). Sie wurde am 3. April 1948 gegr\u00fcndet und hat ihren Sitz in Essen. Die Zeitung erscheint im Zeitungsverlag Ruhrgebiet GmbH &amp; Co. Essen KG.<\/p>\n<p>Herausgeber: Funke Mediengruppe<br \/>\nChefredakteur: Andreas Tyrock<br \/>\nAuflage: 275.590<br \/>\n<a href=\"http:\/\/www.waz.de\/waz-info\/waz-impressum-kontakt-id2163919.html\">Kontakt zu den Redaktionen<\/a><\/p>\n<p><strong>6) Westdeutsche Zeitung (WZ)<br \/>\n<\/strong>Die Westdeutsche Zeitung (WZ) ist eine regionale Abonnement-Zeitung. Sie wird seit 1887 herausgegeben. Die Tageszeitung wird vom Verlag <i>Westdeutsche Zeitung GmbH &amp; Co. KG<\/i> herausgegeben und hat ihren Hauptsitz in Wuppertal. Weitere Standorte sind D\u00fcsseldorf und Krefeld.Ihr Verbreitungsgebiet liegt im Herzen Nordrhein-Westfalens, von Wuppertal \u00fcber D\u00fcsseldorf und Krefeld bis zur niederl\u00e4ndischen Grenze.<\/p>\n<p>Gesch\u00e4ftsf\u00fchrer: Oliver Moll<br \/>\nChefredakteur: Lothar Leuschen<br \/>\nAuflage: 43.345<br \/>\n<a href=\"http:\/\/www.waz.de\/waz-info\/waz-impressum-kontakt-id2163919.html\">Kontakt zu den Redaktionen<\/a><\/p>\n<p><strong>7) Neue Rhein-Ruhr-Zeitung (NRZ)<\/strong><br \/>\nDie NRZ ist eine im Westen Nordrhein-Westfalens erscheinende Regionalzeitung (13 Lokalredaktionen). Sie erscheint im westlichen Ruhrgebiet unter dem Namen Neue Ruhr Zeitung und am Niederrhein als Neue Rhein Zeitung. Als <i>Neue Ruhr Zeitung<\/i> erscheint die NRZ in den rheinischen Gro\u00dfst\u00e4dten des Ruhrgebietes \u2013 in Essen, dem Sitz der Zentralredaktion, in Duisburg mit der Stadtteilredaktion Rheinhausen, M\u00fclheim an der Ruhr sowie in Oberhausen.<\/p>\n<p>Herausgeber: Heinrich Meyer<br \/>\nChefredakteur: Manfred Lachniet<br \/>\nAuflage: 96.912<br \/>\n<a href=\"http:\/\/www.nrz.de\/nrz-info\/nrz-impressum-kontakt-id2164741.html\">Kontakt zu den Redaktionen<\/a><\/p>\n","protected":false},"excerpt":{"rendered":"&nbsp; &nbsp; &nbsp; ABTEILUNG F\u00dcR PRESSE UND KOMMUNIKATION stampa.colonia@esteri.it 1) Handelsblatt Das Handelsblatt ist eine deutsche Tageszeitung. Die Wirtschafts- und Finanzzeitung in deutscher Sprache wird von der D\u00fcsseldorfer Handelsblatt Media Group publiziert, die ihrerseits zur DvH Medien GmbH geh\u00f6rt. Das Handelsblatt ist Pflichtblatt der Wertpapierb\u00f6rsen in Frankfurt am Main und D\u00fcsseldorf. 2017 wurde es im [&hellip;]","protected":false},"author":5,"featured_media":0,"parent":3483,"menu_order":2,"comment_status":"closed","ping_status":"closed","template":"","meta":{"footnotes":""},"class_list":["post-3544","page","type-page","status-publish","hentry"],"_links":{"self":[{"href":"https:\/\/conscolonia.esteri.it\/de\/wp-json\/wp\/v2\/pages\/3544","targetHints":{"allow":["GET"]}}],"collection":[{"href":"https:\/\/conscolonia.esteri.it\/de\/wp-json\/wp\/v2\/pages"}],"about":[{"href":"https:\/\/conscolonia.esteri.it\/de\/wp-json\/wp\/v2\/types\/page"}],"author":[{"embeddable":true,"href":"https:\/\/conscolonia.esteri.it\/de\/wp-json\/wp\/v2\/users\/5"}],"replies":[{"embeddable":true,"href":"https:\/\/conscolonia.esteri.it\/de\/wp-json\/wp\/v2\/comments?post=3544"}],"version-history":[{"count":0,"href":"https:\/\/conscolonia.esteri.it\/de\/wp-json\/wp\/v2\/pages\/3544\/revisions"}],"up":[{"embeddable":true,"href":"https:\/\/conscolonia.esteri.it\/de\/wp-json\/wp\/v2\/pages\/3483"}],"wp:attachment":[{"href":"https:\/\/conscolonia.esteri.it\/de\/wp-json\/wp\/v2\/media?parent=3544"}],"curies":[{"name":"wp","href":"https:\/\/api.w.org\/{rel}","templated":true}]}}