{"id":3506,"date":"2023-05-22T12:24:40","date_gmt":"2023-05-22T10:24:40","guid":{"rendered":"https:\/\/conscolonia.esteri.it\/?page_id=3506"},"modified":"2023-08-29T15:33:34","modified_gmt":"2023-08-29T13:33:34","slug":"reisedokumente-einverstaendniserklaerung-der-eltern-zur-ausstellung-eines-reisepasses-elektronischen-personalausweises-cie-fuer-minderjaehrige-kinder","status":"publish","type":"page","link":"https:\/\/conscolonia.esteri.it\/de\/servizi-consolari-e-visti\/servizi-per-il-cittadino-italiano\/passaporti-e-carte-didentita\/reisedokumente-einverstaendniserklaerung-der-eltern-zur-ausstellung-eines-reisepasses-elektronischen-personalausweises-cie-fuer-minderjaehrige-kinder\/","title":{"rendered":"REISEDOKUMENTE &#8211; Einwilligungserkl\u00e4rung der Eltern zur Ausstellung eines Reisepasses \/ elektronischen Personalausweises CIE f\u00fcr minderj\u00e4hrige Kinder"},"content":{"rendered":"<div class=\"entry-content\">\n<p><strong>PASS-UND AUSWEISANGELEGENHEITEN<br \/>\n<\/strong><a href=\"mailto:passaporti.colonia@esteri.it\">passaporti.colonia@esteri.it<\/a><\/p>\n<p><strong>Die Einwilligungserkl\u00e4rung Atto di assenso ist eine pers\u00f6nliche Erkl\u00e4rung, die der*die Elternteil*e (oder Betreuer*in oder Sorgeberechtigte*r) unterschreiben, mit dem Zweck, gem\u00e4\u00df des italienischen Gesetzes Legge n. 11185\/1967, <a href=\"http:\/\/div \u00bb p \u00bb a Conteggio parole: 258 Bozza salvata il 12:38:58. Anteprima (si apre in una nuova scheda) Stato: Bozza Modifica Modifica stato Visibilit\u00e0: Pubblico Modifica Modifica visibilit\u00e0 Pubblica subito Modifica Modifica data e ora Sposta nel cestino Galleria immagini + Add Media Galleria video URL Titolo Breve descrizione + Add more Approfondimenti Genitore Ordinamento Hai bisogno di aiuto? Usa la scheda Aiuto sopra il titolo della schermata.\">einem minderj\u00e4hrigen Kind einen Reisepass und\/ oder einen elektronischen Personalausweis CIE auszustellen<\/a><\/strong>.<\/p>\n<p>F\u00fcr die <strong>Einwilligungserkl\u00e4rung Atto di assenso<\/strong> kann man:<\/p>\n<p>1) entweder: dieses <strong>Formular <\/strong>ausf\u00fcllen:<br \/>\n<a href=\"https:\/\/conscolonia.esteri.it\/wp-content\/uploads\/2024\/06\/atto_di_assenso_minorenni_assenso_di_entrambi_i_genitori_18-04-2023-4.pdf\">Modulo_Atto di assenso_Rilascio Passaporto \/ CIE_a figlio minorenne<\/a><\/p>\n<\/div>\n<p>2) oder: eine Ersatzerkl\u00e4rung <strong>Dichiarazione sostitutiva di certificazione<\/strong> verfassen.<\/p>\n<p>An die Einwilligungserkl\u00e4rung Atto di assenso oder die Ersatzerkl\u00e4rung Dichiarazione sostitutiva di certificazione muss eine Fotokopie eines g\u00fcltigen Ausweisdokuments der Person angeh\u00e4ngt werden, die die Erkl\u00e4rung unterschreibt (entweder die gesamte Seite des Reisepasses, auf dem die Unterschrift sichtbar ist, oder aber die Vorder-und R\u00fcckseite des Personalausweises).<\/p>\n<p>Falls die Person, die die Einwilligungs &#8211; oder Ersatzerkl\u00e4rung unterschreibt kein*e EU-B\u00fcrger*in ist, dann muss die Unterschrift auf der Einverst\u00e4ndniserkl\u00e4rung Atto di assenso oder der Ersatzerkl\u00e4rung Dichiarazione sostitutiva di certificazione im Generalkonsulat beglaubigt werden. Falls einer der beiden Elternteile verstorben sein sollte, dann muss die Sterbeurkunde vorgelegt werden.<\/p>\n<div class=\"entry-content\">\n<p>Nach vorheriger \u00dcberpr\u00fcfung kann der Generalkonsul der Italienischen Republik in K\u00f6ln in seiner Funktion als Betreuungsrichter der in seinem Konsularbezirk wohnhaften Minderj\u00e4hrigen mit einem diesbez\u00fcglichen Konsulardekret die Ausstellung des Reisepasses und\/oder des elektronischen Personalausweises Carta d&#8217;Identit\u00e0 Elettronica (CIE) genehmigen, falls einer der beiden Elternteile die Einwilligungserkl\u00e4rung Atto di assenso oder aber die Ersatzerkl\u00e4rung Dichiarazione sostitutiva di certificazione nicht unterschreiben will oder kann.<\/p>\n<p>F\u00fcr weiterf\u00fchrende Informationen \u00fcber das Verfahren kontaktieren Sie bitte die Abteilung f\u00fcr Pass-und Ausweisangelegenheiten unter der folgenden Email: <a href=\"mailto:passaporti.parigi@esteri.it\">passaporti.colonia@esteri.it<\/a><\/p>\n<\/div>\n","protected":false},"excerpt":{"rendered":"PASS-UND AUSWEISANGELEGENHEITEN passaporti.colonia@esteri.it Die Einwilligungserkl\u00e4rung Atto di assenso ist eine pers\u00f6nliche Erkl\u00e4rung, die der*die Elternteil*e (oder Betreuer*in oder Sorgeberechtigte*r) unterschreiben, mit dem Zweck, gem\u00e4\u00df des italienischen Gesetzes Legge n. 11185\/1967, einem minderj\u00e4hrigen Kind einen Reisepass und\/ oder einen elektronischen Personalausweis CIE auszustellen. F\u00fcr die Einwilligungserkl\u00e4rung Atto di assenso kann man: 1) entweder: dieses Formular ausf\u00fcllen: [&hellip;]","protected":false},"author":5,"featured_media":0,"parent":269,"menu_order":3,"comment_status":"closed","ping_status":"closed","template":"","meta":{"footnotes":""},"class_list":["post-3506","page","type-page","status-publish","hentry"],"_links":{"self":[{"href":"https:\/\/conscolonia.esteri.it\/de\/wp-json\/wp\/v2\/pages\/3506","targetHints":{"allow":["GET"]}}],"collection":[{"href":"https:\/\/conscolonia.esteri.it\/de\/wp-json\/wp\/v2\/pages"}],"about":[{"href":"https:\/\/conscolonia.esteri.it\/de\/wp-json\/wp\/v2\/types\/page"}],"author":[{"embeddable":true,"href":"https:\/\/conscolonia.esteri.it\/de\/wp-json\/wp\/v2\/users\/5"}],"replies":[{"embeddable":true,"href":"https:\/\/conscolonia.esteri.it\/de\/wp-json\/wp\/v2\/comments?post=3506"}],"version-history":[{"count":0,"href":"https:\/\/conscolonia.esteri.it\/de\/wp-json\/wp\/v2\/pages\/3506\/revisions"}],"up":[{"embeddable":true,"href":"https:\/\/conscolonia.esteri.it\/de\/wp-json\/wp\/v2\/pages\/269"}],"wp:attachment":[{"href":"https:\/\/conscolonia.esteri.it\/de\/wp-json\/wp\/v2\/media?parent=3506"}],"curies":[{"name":"wp","href":"https:\/\/api.w.org\/{rel}","templated":true}]}}