{"id":3270,"date":"2023-05-25T13:34:11","date_gmt":"2023-05-25T11:34:11","guid":{"rendered":"https:\/\/conscolonia.esteri.it\/?page_id=3270"},"modified":"2025-09-12T13:47:38","modified_gmt":"2025-09-12T11:47:38","slug":"italienische-experten-aerzte","status":"publish","type":"page","link":"https:\/\/conscolonia.esteri.it\/de\/servizi-consolari-e-visti\/servizi-per-il-cittadino-italiano\/altri-servizi\/italienische-fachleute-anwaelte-dolmetscher-uebersetzer-aerzte\/italienische-experten-aerzte\/","title":{"rendered":"ITALIENISCHE EXPERTEN &#8211; \u00c4RZTE"},"content":{"rendered":"<p>Wir ver\u00f6ffentlichen hier die Liste der \u00c4rzte des Konsularbezirks des Generalkonsulats der Italienischen Republik in K\u00f6ln:<br \/>\n<a href=\"https:\/\/conscolonia.esteri.it\/wp-content\/uploads\/2025\/09\/Medici-con-autocertificazione_12-09-2025.pdf\"><strong>LISTE &#8211; \u00c4rzte_Konsularbezirk des Generalkonsulats der Italienischen Republik in K\u00f6ln_12-09-2025<\/strong><\/a><\/p>\n","protected":false},"excerpt":{"rendered":"Wir ver\u00f6ffentlichen hier die Liste der \u00c4rzte des Konsularbezirks des Generalkonsulats der Italienischen Republik in K\u00f6ln: LISTE &#8211; \u00c4rzte_Konsularbezirk des Generalkonsulats der Italienischen Republik in K\u00f6ln_12-09-2025","protected":false},"author":5,"featured_media":0,"parent":1646,"menu_order":4,"comment_status":"closed","ping_status":"closed","template":"","meta":{"footnotes":""},"class_list":["post-3270","page","type-page","status-publish","hentry"],"_links":{"self":[{"href":"https:\/\/conscolonia.esteri.it\/de\/wp-json\/wp\/v2\/pages\/3270","targetHints":{"allow":["GET"]}}],"collection":[{"href":"https:\/\/conscolonia.esteri.it\/de\/wp-json\/wp\/v2\/pages"}],"about":[{"href":"https:\/\/conscolonia.esteri.it\/de\/wp-json\/wp\/v2\/types\/page"}],"author":[{"embeddable":true,"href":"https:\/\/conscolonia.esteri.it\/de\/wp-json\/wp\/v2\/users\/5"}],"replies":[{"embeddable":true,"href":"https:\/\/conscolonia.esteri.it\/de\/wp-json\/wp\/v2\/comments?post=3270"}],"version-history":[{"count":6,"href":"https:\/\/conscolonia.esteri.it\/de\/wp-json\/wp\/v2\/pages\/3270\/revisions"}],"predecessor-version":[{"id":10086,"href":"https:\/\/conscolonia.esteri.it\/de\/wp-json\/wp\/v2\/pages\/3270\/revisions\/10086"}],"up":[{"embeddable":true,"href":"https:\/\/conscolonia.esteri.it\/de\/wp-json\/wp\/v2\/pages\/1646"}],"wp:attachment":[{"href":"https:\/\/conscolonia.esteri.it\/de\/wp-json\/wp\/v2\/media?parent=3270"}],"curies":[{"name":"wp","href":"https:\/\/api.w.org\/{rel}","templated":true}]}}