{"id":3126,"date":"2023-04-20T10:10:30","date_gmt":"2023-04-20T08:10:30","guid":{"rendered":"https:\/\/conscolonia.esteri.it\/?page_id=3126"},"modified":"2023-08-15T14:12:59","modified_gmt":"2023-08-15T12:12:59","slug":"reisedokumente-einverstaendniserklaerung-fuer-reise","status":"publish","type":"page","link":"https:\/\/conscolonia.esteri.it\/de\/servizi-consolari-e-visti\/servizi-per-il-cittadino-italiano\/passaporti-e-carte-didentita\/reisedokumente-einverstaendniserklaerung-fuer-reise\/","title":{"rendered":"REISEDOKUMENTE &#8211; Einverst\u00e4ndniserkl\u00e4rung dichiarazione di accompagnamento f\u00fcr Alleinreisende unter 14 Jahren"},"content":{"rendered":"<p><img loading=\"lazy\" decoding=\"async\" class=\"alignleft size-medium wp-image-3129 img-fluid\" src=\"https:\/\/conscolonia.esteri.it\/wp-content\/uploads\/2023\/08\/Dichiarazione-di-accompagnamento_jpg-206x300.jpg\" alt=\"\" width=\"206\" height=\"300\" srcset=\"https:\/\/conscolonia.esteri.it\/wp-content\/uploads\/2023\/08\/Dichiarazione-di-accompagnamento_jpg-206x300.jpg 206w, https:\/\/conscolonia.esteri.it\/wp-content\/uploads\/2023\/08\/Dichiarazione-di-accompagnamento_jpg.jpg 446w\" sizes=\"auto, (max-width: 206px) 100vw, 206px\" \/><\/p>\n<p>&nbsp;<\/p>\n<p>&nbsp;<\/p>\n<p>&nbsp;<\/p>\n<p>&nbsp;<\/p>\n<p>&nbsp;<\/p>\n<p>&nbsp;<\/p>\n<p>&nbsp;<\/p>\n<p>&nbsp;<\/p>\n<p><strong>PASS &#8211; UND AUSWEISANGELEGENHEITEN<\/strong><br \/>\n<a href=\"mailto:passaporti.colonia@esteri.it\">passaporti.colonia@esteri.it<\/a><\/p>\n<p><strong>Ein minderj\u00e4hriges Kind unter 14 Jahren, das ausserhalb seines Heimatlandes und ohne die Begleitung von mindestens einer Person mit Sorgerecht<\/strong> reist, muss eine <strong>Einverst\u00e4ndniserkl\u00e4rung attestazione di accompagnamento<\/strong> bei sich f\u00fchren, aus der die Personalien der Person, der Beh\u00f6rde oder der Transportfirma hervorgehen, der es anvertraut wird.<br \/>\nDiese Einverst\u00e4ndniserkl\u00e4rung attestazione di accompagnamento wird auf Anfrage ausgestellt und muss von all denjenigen unterschrieben werden, die nach italienischem Recht das Sorgerecht f\u00fcr das Kind haben. Die Einverst\u00e4ndniserkl\u00e4rung attestazione di accompagnamento gilt nur f\u00fcr eine Reise und hat eine G\u00fcltigkeit von maximal sechs (6) Monaten.<br \/>\n<strong><br \/>\n<\/strong>Nach vorheriger Terminabsprache per Email an <a href=\"mailto:passaporti.colonia@esteri.it\">passaporti.colonia@esteri.it<\/a> m\u00fcssen beim Generalkonsulat folgende Unterlagen vorgelegt werden:<\/p>\n<ul>\n<li>ausgef\u00fcllt und unterschrieben: Einverst\u00e4ndniserkl\u00e4rung f\u00fcr Alleinreisende unter 14 Jahren <a href=\"https:\/\/conscolonia.esteri.it\/wp-content\/uploads\/2023\/04\/dichiarazione_accompagnamento-1.pdf\">attestazione di accompagnamento<\/a>;<\/li>\n<li>zudem:<br \/>\n&gt; Fotokopie des Reisedokuments, mit dem das minderj\u00e4hrige Kind reist;<br \/>\n&gt; Fotokopie des Reisedokuments der Personen, die das Sorgerecht f\u00fcr das minderj\u00e4hrige Kind haben;<br \/>\n&gt; Fotokopie des Reisedokuments der Person, der das minderj\u00e4hrige Kind anvertraut wird (das ist nicht n\u00f6tig, wenn das Kind einem Transportunternehmen anvertraut wird);<\/li>\n<\/ul>\n<p>WICHTIG: Falls ein Elternteil kein EU-B\u00fcrger ist, dann muss er pers\u00f6nlich im Konsulat erscheinen und seine Unterschrift beglaubigen lassen.<\/p>\n<p>F\u00fcr weiterf\u00fchrende Informationen konsultieren Sie bitte die Homepage des italienischen Au\u00dfenministeriums Ministero degli Affari Esteri e della Cooperazione Internazionale:<br \/>\n<a href=\"https:\/\/conslione.esteri.it\/it\/servizi-consolari-e-visti\/servizi-per-il-cittadino-italiano\/dichiarazione-di-accompagnamento\/\">https:\/\/conslione.esteri.it\/it\/servizi-consolari-e-visti\/servizi-per-il-cittadino-italiano\/dichiarazione-di-accompagnamento\/<\/a><\/p>\n","protected":false},"excerpt":{"rendered":"&nbsp; &nbsp; &nbsp; &nbsp; &nbsp; &nbsp; &nbsp; &nbsp; PASS &#8211; UND AUSWEISANGELEGENHEITEN passaporti.colonia@esteri.it Ein minderj\u00e4hriges Kind unter 14 Jahren, das ausserhalb seines Heimatlandes und ohne die Begleitung von mindestens einer Person mit Sorgerecht reist, muss eine Einverst\u00e4ndniserkl\u00e4rung attestazione di accompagnamento bei sich f\u00fchren, aus der die Personalien der Person, der Beh\u00f6rde oder der Transportfirma hervorgehen, [&hellip;]","protected":false},"author":5,"featured_media":0,"parent":269,"menu_order":5,"comment_status":"closed","ping_status":"closed","template":"","meta":{"footnotes":""},"class_list":["post-3126","page","type-page","status-publish","hentry"],"_links":{"self":[{"href":"https:\/\/conscolonia.esteri.it\/de\/wp-json\/wp\/v2\/pages\/3126","targetHints":{"allow":["GET"]}}],"collection":[{"href":"https:\/\/conscolonia.esteri.it\/de\/wp-json\/wp\/v2\/pages"}],"about":[{"href":"https:\/\/conscolonia.esteri.it\/de\/wp-json\/wp\/v2\/types\/page"}],"author":[{"embeddable":true,"href":"https:\/\/conscolonia.esteri.it\/de\/wp-json\/wp\/v2\/users\/5"}],"replies":[{"embeddable":true,"href":"https:\/\/conscolonia.esteri.it\/de\/wp-json\/wp\/v2\/comments?post=3126"}],"version-history":[{"count":0,"href":"https:\/\/conscolonia.esteri.it\/de\/wp-json\/wp\/v2\/pages\/3126\/revisions"}],"up":[{"embeddable":true,"href":"https:\/\/conscolonia.esteri.it\/de\/wp-json\/wp\/v2\/pages\/269"}],"wp:attachment":[{"href":"https:\/\/conscolonia.esteri.it\/de\/wp-json\/wp\/v2\/media?parent=3126"}],"curies":[{"name":"wp","href":"https:\/\/api.w.org\/{rel}","templated":true}]}}