{"id":3053,"date":"2023-04-27T14:53:50","date_gmt":"2023-04-27T12:53:50","guid":{"rendered":"https:\/\/conscolonia.esteri.it\/?page_id=3053"},"modified":"2025-05-20T10:01:50","modified_gmt":"2025-05-20T08:01:50","slug":"cie-der-elektronische-personalausweis-welche-unterlagen-muss-man-zum-termin-mitbringen","status":"publish","type":"page","link":"https:\/\/conscolonia.esteri.it\/de\/servizi-consolari-e-visti\/servizi-per-il-cittadino-italiano\/passaporti-e-carte-didentita\/der-elektronische-personalausweis\/cie-der-elektronische-personalausweis-welche-unterlagen-muss-man-zum-termin-mitbringen\/","title":{"rendered":"DER ELEKTRONISCHE PERSONALAUSWEIS CARTA D&#8217;IDENTIT\u00c0 ELETTRONICA CIE &#8211; Welche Unterlagen muss man zum Termin mitbringen?"},"content":{"rendered":"<p><a href=\"https:\/\/www.esteri.it\/it\/servizi-consolari-e-visti\/italiani-all-estero\/documenti_di_viaggio\/carta_identita\/\"><img loading=\"lazy\" decoding=\"async\" class=\"alignleft size-medium wp-image-2170 img-fluid\" src=\"https:\/\/conscolonia.esteri.it\/wp-content\/uploads\/2023\/05\/CIE-300x195.jpg\" alt=\"\" width=\"300\" height=\"195\" srcset=\"https:\/\/conscolonia.esteri.it\/wp-content\/uploads\/2023\/05\/CIE-300x195.jpg 300w, https:\/\/conscolonia.esteri.it\/wp-content\/uploads\/2023\/05\/CIE.jpg 580w\" sizes=\"auto, (max-width: 300px) 100vw, 300px\" \/><\/a><\/p>\n<p>&nbsp;<\/p>\n<p>&nbsp;<\/p>\n<p>&nbsp;<\/p>\n<p>&nbsp;<\/p>\n<p>&nbsp;<\/p>\n<p><strong><br \/>\nPASS &#8211; UND AUSWEISANGELEGENHEITEN<br \/>\n<\/strong><a href=\"mailto:passaporti.colonia@esteri.it\">passaporti.colonia@esteri.it<\/a><\/p>\n<p><a href=\"https:\/\/conscolonia.esteri.it\/wp-content\/uploads\/2024\/03\/SINTESI-CIE-COLONIA_-Prenot@mi_19-03-2024_DE.pdf\"><strong>CIE &#8211; Kurzzusammenfassung<\/strong><\/a><\/p>\n<p>Zum Termin muss der*die Antragsteller*in folgende Unterlagen mitbringen:<\/p>\n<ul>\n<li><strong>den vorigen Personalausweis<\/strong> (falls man keinen besitzt, alternativ ein anderes Ausweisdokument; falls man kein anderes Ausweisdokument besitzt, zwei Zeugen); falls der elektronische Personalausweis CIE (Carta d&#8217;Identit\u00e0 Elettronica) f\u00fcr eine*n Minderj\u00e4hrigen ausgestellt werden soll, dann muss auch der begleitende Elternteil ein Ausweisdokument vorlegen;<\/li>\n<li><strong>1 biometrisches Foto<\/strong> (aktuell, frontal, in Farbe);<\/li>\n<li>falls der*die Antragsteller*in kein voriges Ausweisdokument mehr hat aufgrund von Diebstahl oder Verlust, dann muss man beim Termin die Diebstahl- bzw. Verlustanzeige vorlegen, die mittels des <a href=\"https:\/\/service.polizei.nrw.de\/hinweis\"><strong>Online-Portals &#8222;Internetwache&#8220; <\/strong><\/a>gemacht worden ist; jedes Bundesland hat seine eigene Homepage; die Anzeigenstellung wird nach einigen Tagen per Post best\u00e4tigt;<\/li>\n<li>Die Bezahlung des elektronischen Personalausweises Carta d&#8217;Identit\u00e0 Elettronica CIE gschieht mittels automatischer Kasse, sowohl in bar als auch mit EC-Karte.<br \/>\n<strong>Der elektronische Personalausweis Carta d&#8217;Identit\u00e0 Elettronica CIE kostet:<\/strong><br \/>\n<strong>\u00a0 \u00a0\u00a0\u00a0&gt;\u00a0\u20ac 21,95 <\/strong>bei Erstausstellung oder Verl\u00e4ngerung;<br \/>\n<strong>\u00a0\u00a0\u00a0\u00a0 &gt; \u20ac 27,11 <\/strong>bei Ausstellung eines Duplikats (= ein neuer, elektronischer Personalausweis CIE, der 180 Tage vor Ablauf des vorigen und\u00a0\u00a0\u00a0\u00a0\u00a0\u00a0\u00a0 aufgrund von Diebstahl, Verlust oder Besch\u00e4digung des vorigen ausgestellt werden muss).<\/li>\n<\/ul>\n<p>Am Tag des Termins nimmt der*die Mitarbeiter*in des Konsulats die oben genannten unterlagen entgegen, \u00fcberpr\u00fcft das Passfoto und nimmt die digitalen Fingerabdr\u00fccke sowie die Unterschrift des*r Antragstellers*in (dies gilt nicht f\u00fcr Kinder unter 12 Jahren).<\/p>\n<p>Auch Kinder unter 12 Jahren m\u00fcssen pers\u00f6nlich vorstellig werden, da sie durch den Konsularbeamten identifiziert werden m\u00fcssen.<br \/>\nDie Minderj\u00e4hrigen m\u00fcssen immer von einem Elternteil begleitet werden oder von einer Person, die \u00fcber das Sorgerecht verf\u00fcgt.<\/p>\n","protected":false},"excerpt":{"rendered":"&nbsp; &nbsp; &nbsp; &nbsp; &nbsp; PASS &#8211; UND AUSWEISANGELEGENHEITEN passaporti.colonia@esteri.it CIE &#8211; Kurzzusammenfassung Zum Termin muss der*die Antragsteller*in folgende Unterlagen mitbringen: den vorigen Personalausweis (falls man keinen besitzt, alternativ ein anderes Ausweisdokument; falls man kein anderes Ausweisdokument besitzt, zwei Zeugen); falls der elektronische Personalausweis CIE (Carta d&#8217;Identit\u00e0 Elettronica) f\u00fcr eine*n Minderj\u00e4hrigen ausgestellt werden soll, dann [&hellip;]","protected":false},"author":5,"featured_media":0,"parent":665,"menu_order":3,"comment_status":"closed","ping_status":"closed","template":"","meta":{"footnotes":""},"class_list":["post-3053","page","type-page","status-publish","hentry"],"_links":{"self":[{"href":"https:\/\/conscolonia.esteri.it\/de\/wp-json\/wp\/v2\/pages\/3053","targetHints":{"allow":["GET"]}}],"collection":[{"href":"https:\/\/conscolonia.esteri.it\/de\/wp-json\/wp\/v2\/pages"}],"about":[{"href":"https:\/\/conscolonia.esteri.it\/de\/wp-json\/wp\/v2\/types\/page"}],"author":[{"embeddable":true,"href":"https:\/\/conscolonia.esteri.it\/de\/wp-json\/wp\/v2\/users\/5"}],"replies":[{"embeddable":true,"href":"https:\/\/conscolonia.esteri.it\/de\/wp-json\/wp\/v2\/comments?post=3053"}],"version-history":[{"count":5,"href":"https:\/\/conscolonia.esteri.it\/de\/wp-json\/wp\/v2\/pages\/3053\/revisions"}],"predecessor-version":[{"id":9139,"href":"https:\/\/conscolonia.esteri.it\/de\/wp-json\/wp\/v2\/pages\/3053\/revisions\/9139"}],"up":[{"embeddable":true,"href":"https:\/\/conscolonia.esteri.it\/de\/wp-json\/wp\/v2\/pages\/665"}],"wp:attachment":[{"href":"https:\/\/conscolonia.esteri.it\/de\/wp-json\/wp\/v2\/media?parent=3053"}],"curies":[{"name":"wp","href":"https:\/\/api.w.org\/{rel}","templated":true}]}}