{"id":3044,"date":"2023-04-27T14:47:18","date_gmt":"2023-04-27T12:47:18","guid":{"rendered":"https:\/\/conscolonia.esteri.it\/?page_id=3044"},"modified":"2024-03-20T11:24:40","modified_gmt":"2024-03-20T10:24:40","slug":"cie-der-elektronische-personalausweis-was-ist-das-und-wie-wird-er-ausgestellt","status":"publish","type":"page","link":"https:\/\/conscolonia.esteri.it\/de\/servizi-consolari-e-visti\/servizi-per-il-cittadino-italiano\/passaporti-e-carte-didentita\/der-elektronische-personalausweis\/cie-der-elektronische-personalausweis-was-ist-das-und-wie-wird-er-ausgestellt\/","title":{"rendered":"DER ELEKTRONISCHE PERSONALAUSWEIS CARTA D&#8217;IDENTIT\u00c0 ELETTRONICA CIE &#8211; Was ist das und wie wird er ausgestellt?"},"content":{"rendered":"<p><strong><a href=\"https:\/\/www.esteri.it\/it\/servizi-consolari-e-visti\/italiani-all-estero\/documenti_di_viaggio\/carta_identita\/\"><img loading=\"lazy\" decoding=\"async\" class=\"alignleft size-medium wp-image-2170 img-fluid\" src=\"https:\/\/conscolonia.esteri.it\/wp-content\/uploads\/2023\/05\/CIE-300x195.jpg\" alt=\"\" width=\"300\" height=\"195\" srcset=\"https:\/\/conscolonia.esteri.it\/wp-content\/uploads\/2023\/05\/CIE-300x195.jpg 300w, https:\/\/conscolonia.esteri.it\/wp-content\/uploads\/2023\/05\/CIE.jpg 580w\" sizes=\"auto, (max-width: 300px) 100vw, 300px\" \/><\/a><br \/>\n<\/strong><\/p>\n<p>&nbsp;<\/p>\n<p>&nbsp;<\/p>\n<p>&nbsp;<\/p>\n<p>&nbsp;<\/p>\n<p><strong><br \/>\nPASS &#8211; UND AUSWEISANGELEGENHEITEN<br \/>\n<\/strong><a href=\"mailto:passaporti.colonia@esteri.it\">passaporti.colonia@esteri.it<\/a><\/p>\n<p><a href=\"https:\/\/conscolonia.esteri.it\/wp-content\/uploads\/2024\/03\/SINTESI-CIE-COLONIA_-Prenot@mi_19-03-2024_DE-1.pdf\"><strong>CIE &#8211; Kurzzusammenfassung<\/strong><\/a><\/p>\n<p>Der Personalausweis ist ein pers\u00f6nliches Ausweisdokument, das dazu dient, sich identifizieren und in der Europ\u00e4ischen Union reisen zu k\u00f6nnen, sowie auch in einigen L\u00e4ndern, die dem Schengen-Abkommen beigetreten sind (wie z.B. Island, Norwegen und die Schweiz) und in anderen L\u00e4ndern, mit denen bilaterale Abkommen geschlossen worden sind (siehe die einzelnen L\u00e4nderinformationen auf der Homepage <a href=\"http:\/\/www.viaggiaresicuri.it\">www.viaggiaresicuri.it<\/a>).<\/p>\n<p><strong>Der elektronische Personalausweis Carta d&#8217;Identit\u00e0 Elettronica (CIE) ist der neue Personalausweis in Scheckkartenformat<\/strong>;<br \/>\n\u00fcber die normalen Funktionen des Personalausweises in Papierform hinaus, kann man mittels der CIE auch alle Online-Dienste der italienischen \u00d6ffentlichen Verwaltung Pubbliche Amministrazione Italiane in Anspruch nehmen.<\/p>\n<p>Das Generalkonsulat der Italienischen Republik in K\u00f6ln kann den Personalausweis <strong>exklusiv nur den italienischen B\u00fcrger*innen ausstellen, die auch in diesem Konsularbezirk ihren festen Wohnsitz haben<\/strong> und die <strong>im Melderegister A.I.R.E.<\/strong> (Anagrafe Italiani Residenti all&#8217;Estero) f\u00fcr im Ausland lebende Italiener*innen des italienischen Innenministeriums Ministero dell&#8217;Interno registriert sind.<\/p>\n<p><strong>Wer nich im Melderegister A.I.R.E. (Anagrafe Italiani Residenti all&#8217;Estero) f\u00fcr im Ausland lebende Italiener*innen registriert ist, der muss zuerst seinen meldeamtlichen Eintrag aktualisieren<\/strong>, und zwar mittels des<a href=\"https:\/\/www.esteri.it\/it\/servizi-consolari-e-visti\/italiani-all-estero\/aire_0\/\"><strong> Online-Portals FAST IT<\/strong><\/a>. Anschliessend muss er abwarten, bis die zust\u00e4ndige Heimatgemeinde in Italien ihn in dieses Melderegister \u00fcbernommen hat. F\u00fcr italienische Staatsb\u00fcrger*innen, die nicht im Melderegister A.I.R.E (Anagrafe Italiani Residenti all&#8217;Estero) f\u00fcr im Ausland lebende Italiener*innen eingetragen sind, liegt die Zust\u00e4ndigkeit f\u00fcr die Ausstellung des Personalausweises bei der italienischen Heimatgemeinde).<\/p>\n<p>Um sich in der Datenbank Melderegister A.I.R.E. (Anagrafe Italiani Residenti all&#8217;Estero) registrieren zu k\u00f6nnen, ist es f\u00fcr im Ausland geborene, italienische Staatsb\u00fcrger*innen unabdingbar, dass die Geburtsurkunde bereits in den Registern des Standesamtes der Heimatgemeinde registriert worden ist.<\/p>\n<p>Falls die Adresse des Wohnsitzes ge\u00e4ndert sein sollte (und zwar in Bezug auf diejenige, die dem Konsularb\u00fcro bereits mitgeteilt worden ist), dann ist es wichtig, diese<strong> mittels des <a href=\"https:\/\/www.esteri.it\/it\/servizi-consolari-e-visti\/italiani-all-estero\/aire_0\/\">Online-Portals FAST IT<\/a> <\/strong>zu <strong>aktualisieren.<br \/>\n<\/strong><br \/>\n<strong>Au\u00dferdem muss man f\u00fcr den elektronischen Personalausweis Carta d&#8217;Identit\u00e0 Elettronica CIE auch eine vom italienischen Finanzamt Agenzia delle Entrate validierte Steuernummer Codice Fiscale besitzen.<\/strong> Falls der*die italienische Mitb\u00fcrger*in keine Steuernummer Codice Fiscale besitzt oder diese noch nicht validiert worden ist, dann k\u00fcmmert sich direkt das Konsularb\u00fcro um die Beantragung einer Steuernummer beim italienischen Finanzamt Agenzia delle Entrate.<\/p>\n","protected":false},"excerpt":{"rendered":"&nbsp; &nbsp; &nbsp; &nbsp; PASS &#8211; UND AUSWEISANGELEGENHEITEN passaporti.colonia@esteri.it CIE &#8211; Kurzzusammenfassung Der Personalausweis ist ein pers\u00f6nliches Ausweisdokument, das dazu dient, sich identifizieren und in der Europ\u00e4ischen Union reisen zu k\u00f6nnen, sowie auch in einigen L\u00e4ndern, die dem Schengen-Abkommen beigetreten sind (wie z.B. Island, Norwegen und die Schweiz) und in anderen L\u00e4ndern, mit denen bilaterale [&hellip;]","protected":false},"author":5,"featured_media":0,"parent":665,"menu_order":1,"comment_status":"closed","ping_status":"closed","template":"","meta":{"footnotes":""},"class_list":["post-3044","page","type-page","status-publish","hentry"],"_links":{"self":[{"href":"https:\/\/conscolonia.esteri.it\/de\/wp-json\/wp\/v2\/pages\/3044","targetHints":{"allow":["GET"]}}],"collection":[{"href":"https:\/\/conscolonia.esteri.it\/de\/wp-json\/wp\/v2\/pages"}],"about":[{"href":"https:\/\/conscolonia.esteri.it\/de\/wp-json\/wp\/v2\/types\/page"}],"author":[{"embeddable":true,"href":"https:\/\/conscolonia.esteri.it\/de\/wp-json\/wp\/v2\/users\/5"}],"replies":[{"embeddable":true,"href":"https:\/\/conscolonia.esteri.it\/de\/wp-json\/wp\/v2\/comments?post=3044"}],"version-history":[{"count":3,"href":"https:\/\/conscolonia.esteri.it\/de\/wp-json\/wp\/v2\/pages\/3044\/revisions"}],"predecessor-version":[{"id":5421,"href":"https:\/\/conscolonia.esteri.it\/de\/wp-json\/wp\/v2\/pages\/3044\/revisions\/5421"}],"up":[{"embeddable":true,"href":"https:\/\/conscolonia.esteri.it\/de\/wp-json\/wp\/v2\/pages\/665"}],"wp:attachment":[{"href":"https:\/\/conscolonia.esteri.it\/de\/wp-json\/wp\/v2\/media?parent=3044"}],"curies":[{"name":"wp","href":"https:\/\/api.w.org\/{rel}","templated":true}]}}