{"id":3033,"date":"2023-04-27T14:55:52","date_gmt":"2023-04-27T12:55:52","guid":{"rendered":"https:\/\/conscolonia.esteri.it\/?page_id=3033"},"modified":"2024-03-20T11:26:21","modified_gmt":"2024-03-20T10:26:21","slug":"cie-elektronischer-personalausweis-wie-bekommt-man-ihn-und-wie-lange-gilt-er","status":"publish","type":"page","link":"https:\/\/conscolonia.esteri.it\/de\/servizi-consolari-e-visti\/servizi-per-il-cittadino-italiano\/passaporti-e-carte-didentita\/der-elektronische-personalausweis\/cie-elektronischer-personalausweis-wie-bekommt-man-ihn-und-wie-lange-gilt-er\/","title":{"rendered":"DER ELEKTRONISCHE PERSONALAUSWEIS CARTA D&#8217;IDENTIT\u00c0 ELETTRONICA CIE &#8211; Wie bekommt man ihn und wie lange gilt er?"},"content":{"rendered":"<p><img loading=\"lazy\" decoding=\"async\" class=\"alignleft size-medium wp-image-2170 img-fluid\" src=\"https:\/\/conscolonia.esteri.it\/wp-content\/uploads\/2023\/05\/CIE-300x195.jpg\" alt=\"\" width=\"300\" height=\"195\" srcset=\"https:\/\/conscolonia.esteri.it\/wp-content\/uploads\/2023\/05\/CIE-300x195.jpg 300w, https:\/\/conscolonia.esteri.it\/wp-content\/uploads\/2023\/05\/CIE.jpg 580w\" sizes=\"auto, (max-width: 300px) 100vw, 300px\" \/><\/p>\n<p>&nbsp;<\/p>\n<p>&nbsp;<\/p>\n<p>&nbsp;<\/p>\n<p>&nbsp;<\/p>\n<p>&nbsp;<\/p>\n<p>&nbsp;<\/p>\n<p><strong>UFFICIO PASSAPORTI \/ CARTE D&#8217;IDENTIT\u00c0<\/strong><br \/>\n<a href=\"mailto:passaporti.colonia@esteri.it\">passaporti.colonia@esteri.it<\/a><\/p>\n<p><a href=\"https:\/\/conscolonia.esteri.it\/wp-content\/uploads\/2024\/03\/SINTESI-CIE-COLONIA_-Prenot@mi_19-03-2024_DE-1.pdf\"><strong>CIE &#8211; Kurzzusammenfassung<\/strong><\/a><\/p>\n<p>Der elektronische Personalausweis CIE (= Carta d&#8217;identit\u00e0 elettronica) wird vom italienischen Innenministerium Ministero dell&#8217;Interno ausgestellt und von der Staatlichen Druckerei und M\u00fcnzst\u00e4tte Istituto Poligrafico e Zecca dello Stato gedruckt, die ihn, von Italien aus, per Einschreiben an die Adresse des Wohnsitzes (oder eine alternative, vom Antragsteller angegebene Lieferadresse) verschickt. Im Normalfall m\u00fcsste der elektronische Personalausweis CIE <strong>innerhalb von 15 Tagen<\/strong>, gerechnet ab dem Zeitpunkt des Termins im Generalkonsulat, ankommen (der*die italienische Mitb\u00fcrger*in kann das Einschreiben selbst\u00e4ndig online mitverfolgen mittels einer Sendungsverfolgungsnummer).<\/p>\n<p>Falls der elektronische Personalausweis CIE nicht zugestellt werden kann, und sobald die Lagerung zur Abholung in der lokalen Poststelle abgelaufen ist,\u00a0 wird das Einschreiben wieder an das Konsularb\u00fcro zur\u00fcckgeschickt, das sich weiterhin um Zustellung bem\u00fcht.<\/p>\n<p>Die G\u00fcltigkeit des elektronischen Personalausweises CIE h\u00e4ngt vom Alter des*r Ausweisinhabers*in ab:<\/p>\n<ul>\n<li>3 Jahre bei Kindern zwischen 0 und 3 Jahren;<\/li>\n<li>5 Jahre bei Kindern zwischen 3 und 18 Jahren (Vollj\u00e4hrigkeit);<\/li>\n<li>10 Jahre ab dem Alter von 18 Jahren (Vollj\u00e4hrigkeit).<\/li>\n<\/ul>\n","protected":false},"excerpt":{"rendered":"&nbsp; &nbsp; &nbsp; &nbsp; &nbsp; &nbsp; UFFICIO PASSAPORTI \/ CARTE D&#8217;IDENTIT\u00c0 passaporti.colonia@esteri.it CIE &#8211; Kurzzusammenfassung Der elektronische Personalausweis CIE (= Carta d&#8217;identit\u00e0 elettronica) wird vom italienischen Innenministerium Ministero dell&#8217;Interno ausgestellt und von der Staatlichen Druckerei und M\u00fcnzst\u00e4tte Istituto Poligrafico e Zecca dello Stato gedruckt, die ihn, von Italien aus, per Einschreiben an die Adresse des [&hellip;]","protected":false},"author":5,"featured_media":0,"parent":665,"menu_order":4,"comment_status":"closed","ping_status":"closed","template":"","meta":{"footnotes":""},"class_list":["post-3033","page","type-page","status-publish","hentry"],"_links":{"self":[{"href":"https:\/\/conscolonia.esteri.it\/de\/wp-json\/wp\/v2\/pages\/3033","targetHints":{"allow":["GET"]}}],"collection":[{"href":"https:\/\/conscolonia.esteri.it\/de\/wp-json\/wp\/v2\/pages"}],"about":[{"href":"https:\/\/conscolonia.esteri.it\/de\/wp-json\/wp\/v2\/types\/page"}],"author":[{"embeddable":true,"href":"https:\/\/conscolonia.esteri.it\/de\/wp-json\/wp\/v2\/users\/5"}],"replies":[{"embeddable":true,"href":"https:\/\/conscolonia.esteri.it\/de\/wp-json\/wp\/v2\/comments?post=3033"}],"version-history":[{"count":2,"href":"https:\/\/conscolonia.esteri.it\/de\/wp-json\/wp\/v2\/pages\/3033\/revisions"}],"predecessor-version":[{"id":5423,"href":"https:\/\/conscolonia.esteri.it\/de\/wp-json\/wp\/v2\/pages\/3033\/revisions\/5423"}],"up":[{"embeddable":true,"href":"https:\/\/conscolonia.esteri.it\/de\/wp-json\/wp\/v2\/pages\/665"}],"wp:attachment":[{"href":"https:\/\/conscolonia.esteri.it\/de\/wp-json\/wp\/v2\/media?parent=3033"}],"curies":[{"name":"wp","href":"https:\/\/api.w.org\/{rel}","templated":true}]}}