{"id":3026,"date":"2023-04-27T14:57:01","date_gmt":"2023-04-27T12:57:01","guid":{"rendered":"https:\/\/conscolonia.esteri.it\/?page_id=3026"},"modified":"2025-12-05T14:48:59","modified_gmt":"2025-12-05T13:48:59","slug":"3026-2","status":"publish","type":"page","link":"https:\/\/conscolonia.esteri.it\/de\/servizi-consolari-e-visti\/servizi-per-il-cittadino-italiano\/passaporti-e-carte-didentita\/der-elektronische-personalausweis\/3026-2\/","title":{"rendered":"DER ELEKTRONISCHE PERSONALAUSWEIS CARTA D&#8217;IDENTIT\u00c0 ELETTRONICA CIE &#8211; Was ist die Einverst\u00e4ndniserkl\u00e4rung (atto di assenso) und wof\u00fcr ben\u00f6tigt man ihn?"},"content":{"rendered":"<p><strong><a href=\"https:\/\/www.esteri.it\/it\/servizi-consolari-e-visti\/italiani-all-estero\/documenti_di_viaggio\/carta_identita\/\"><img loading=\"lazy\" decoding=\"async\" class=\"alignleft size-medium wp-image-2170 img-fluid\" src=\"https:\/\/conscolonia.esteri.it\/wp-content\/uploads\/2023\/05\/CIE-300x195.jpg\" alt=\"\" width=\"300\" height=\"195\" srcset=\"https:\/\/conscolonia.esteri.it\/wp-content\/uploads\/2023\/05\/CIE-300x195.jpg 300w, https:\/\/conscolonia.esteri.it\/wp-content\/uploads\/2023\/05\/CIE.jpg 580w\" sizes=\"auto, (max-width: 300px) 100vw, 300px\" \/><\/a><br \/>\n<\/strong><\/p>\n<p>&nbsp;<\/p>\n<p>&nbsp;<\/p>\n<p>&nbsp;<\/p>\n<p>&nbsp;<\/p>\n<p>&nbsp;<\/p>\n<p><strong>PASS- UND AUSWEISANGELEGENHEITEN<br \/>\n<\/strong><a href=\"mailto:passaporti.colonia@esteri.it\">passaporti.colonia@esteri.it<\/a><\/p>\n<p><a href=\"https:\/\/conscolonia.esteri.it\/wp-content\/uploads\/2024\/03\/SINTESI-CIE-COLONIA_-Prenot@mi_19-03-2024_DE-1.pdf\"><strong>CIE\u00a0 -Kurzzusammenfassung<\/strong><\/a><\/p>\n<p>Die Einverst\u00e4ndniserkl\u00e4rung atto di assenso ist eine von der italienischen Gesetzgebung vorgesehene Erkl\u00e4rung, die ein Elternteil ausf\u00fcllen und unterschreiben muss, entweder indem er das hierf\u00fcr vorgesehene Formular atto di assenso verwendet, oder indem er eine Ersatzerkl\u00e4rung (dichiarazione sostitutiva di certificazione) verfasst; der <a href=\"https:\/\/conscolonia.esteri.it\/wp-content\/uploads\/2024\/12\/2024-Atto-di-assenso_Passaporto-minori_20-12-2024.pdf\">Einverst\u00e4dniserkl\u00e4rung (atto di assenso)<\/a> muss eine Fotokopie des eigenen Ausweisdokuments angef\u00fcgt werden.<br \/>\nFalls der andere Elternteil nicht ein B\u00fcrger der Europ\u00e4ischen Union ist, dann muss seine Unterschrift pers\u00f6nlich beim Konsularb\u00fcro legalisiert werden oder von der deutschen Gemeinde, in der man seinen Wohnsitz hat, oder von einer anderen, zust\u00e4ndigen Beh\u00f6rde (Notar).<\/p>\n<p>Um die Richtigkeit der Einverst\u00e4ndniserkl\u00e4rung atto di assenso feststellen zu k\u00f6nnen, ist es unabdingbar, dass der Minderj\u00e4hrige im Melderegister A.I.R.E. (Anagrafe Italiani Residenti all&#8217;Estero) f\u00fcr im Ausland lebende Italiener*innen eingetragen ist; alternativ kann eine Geburtsurkunde vorgelegt werden, aus der die Mutteschaft und Vaterschaft des*r Minderj\u00e4hrigen hervorgeht.<\/p>\n<p>Sollte einer der beiden Elternteile verstorben sein, dann ist es notwendig, die Todesurkunde dieser Person vorzulegen.<\/p>\n","protected":false},"excerpt":{"rendered":"&nbsp; &nbsp; &nbsp; &nbsp; &nbsp; PASS- UND AUSWEISANGELEGENHEITEN passaporti.colonia@esteri.it CIE\u00a0 -Kurzzusammenfassung Die Einverst\u00e4ndniserkl\u00e4rung atto di assenso ist eine von der italienischen Gesetzgebung vorgesehene Erkl\u00e4rung, die ein Elternteil ausf\u00fcllen und unterschreiben muss, entweder indem er das hierf\u00fcr vorgesehene Formular atto di assenso verwendet, oder indem er eine Ersatzerkl\u00e4rung (dichiarazione sostitutiva di certificazione) verfasst; der Einverst\u00e4dniserkl\u00e4rung (atto [&hellip;]","protected":false},"author":5,"featured_media":0,"parent":665,"menu_order":5,"comment_status":"closed","ping_status":"closed","template":"","meta":{"footnotes":""},"class_list":["post-3026","page","type-page","status-publish","hentry"],"_links":{"self":[{"href":"https:\/\/conscolonia.esteri.it\/de\/wp-json\/wp\/v2\/pages\/3026","targetHints":{"allow":["GET"]}}],"collection":[{"href":"https:\/\/conscolonia.esteri.it\/de\/wp-json\/wp\/v2\/pages"}],"about":[{"href":"https:\/\/conscolonia.esteri.it\/de\/wp-json\/wp\/v2\/types\/page"}],"author":[{"embeddable":true,"href":"https:\/\/conscolonia.esteri.it\/de\/wp-json\/wp\/v2\/users\/5"}],"replies":[{"embeddable":true,"href":"https:\/\/conscolonia.esteri.it\/de\/wp-json\/wp\/v2\/comments?post=3026"}],"version-history":[{"count":4,"href":"https:\/\/conscolonia.esteri.it\/de\/wp-json\/wp\/v2\/pages\/3026\/revisions"}],"predecessor-version":[{"id":11084,"href":"https:\/\/conscolonia.esteri.it\/de\/wp-json\/wp\/v2\/pages\/3026\/revisions\/11084"}],"up":[{"embeddable":true,"href":"https:\/\/conscolonia.esteri.it\/de\/wp-json\/wp\/v2\/pages\/665"}],"wp:attachment":[{"href":"https:\/\/conscolonia.esteri.it\/de\/wp-json\/wp\/v2\/media?parent=3026"}],"curies":[{"name":"wp","href":"https:\/\/api.w.org\/{rel}","templated":true}]}}