{"id":3024,"date":"2023-04-27T14:58:37","date_gmt":"2023-04-27T12:58:37","guid":{"rendered":"https:\/\/conscolonia.esteri.it\/?page_id=3024"},"modified":"2024-03-20T11:28:29","modified_gmt":"2024-03-20T10:28:29","slug":"cie-carta-didentita-elettronica-oft-gestellte-fragen","status":"publish","type":"page","link":"https:\/\/conscolonia.esteri.it\/de\/servizi-consolari-e-visti\/servizi-per-il-cittadino-italiano\/passaporti-e-carte-didentita\/der-elektronische-personalausweis\/cie-carta-didentita-elettronica-oft-gestellte-fragen\/","title":{"rendered":"DER ELEKTRONISCHE PERSONALAUSWEIS CARTA D&#8217;IDENTIT\u00c0 ELETTRONICA CIE  &#8211; Oft gestellte Fragen"},"content":{"rendered":"<p><a href=\"https:\/\/www.esteri.it\/it\/servizi-consolari-e-visti\/italiani-all-estero\/documenti_di_viaggio\/carta_identita\/\"><img loading=\"lazy\" decoding=\"async\" class=\"alignleft size-medium wp-image-2170 img-fluid\" src=\"https:\/\/conscolonia.esteri.it\/wp-content\/uploads\/2023\/05\/CIE-300x195.jpg\" alt=\"\" width=\"300\" height=\"195\" srcset=\"https:\/\/conscolonia.esteri.it\/wp-content\/uploads\/2023\/05\/CIE-300x195.jpg 300w, https:\/\/conscolonia.esteri.it\/wp-content\/uploads\/2023\/05\/CIE.jpg 580w\" sizes=\"auto, (max-width: 300px) 100vw, 300px\" \/><\/a><\/p>\n<p>&nbsp;<\/p>\n<p>&nbsp;<\/p>\n<p>&nbsp;<\/p>\n<p>&nbsp;<\/p>\n<p><strong><br \/>\nPASS-UND AUSWEISANGELEGENHEITEN<br \/>\n<\/strong><a href=\"mailto:passaporti.colonia@esteri.it\">passaporti.colonia@esteri.it<\/a><\/p>\n<p><a href=\"https:\/\/conscolonia.esteri.it\/wp-content\/uploads\/2024\/03\/SINTESI-CIE-COLONIA_-Prenot@mi_19-03-2024_DE-1.pdf\"><strong>CIE &#8211; Kurzzusammenfassung<\/strong><\/a><\/p>\n<p><strong>a) Kann ich bei meinem Ausweis \u00c4nderungen vornehmen?<\/strong><br \/>\nNein. Der Personalausweis ist eine Reisedokument und kein Dokument, das den Wohnsitz oder den Familienstand anzeigt. Man kann folglich auf dem Ausweisdokument die Adresse nicht ab\u00e4ndern. Im Falle einer Adress\u00e4nderung kann der*die italienische Mitb\u00fcrger*in eine vond en deutschen Beh\u00f6rden ausgestellte Meldebescheinigung mit sich f\u00fchren.<\/p>\n<p><strong>b) K\u00f6nnen verheiratete Frauen den Nachnamen des Ehegatten eintragen lassen?<br \/>\n<\/strong>Nein, das ist leider nicht m\u00f6glich.<\/p>\n","protected":false},"excerpt":{"rendered":"&nbsp; &nbsp; &nbsp; &nbsp; PASS-UND AUSWEISANGELEGENHEITEN passaporti.colonia@esteri.it CIE &#8211; Kurzzusammenfassung a) Kann ich bei meinem Ausweis \u00c4nderungen vornehmen? Nein. Der Personalausweis ist eine Reisedokument und kein Dokument, das den Wohnsitz oder den Familienstand anzeigt. Man kann folglich auf dem Ausweisdokument die Adresse nicht ab\u00e4ndern. Im Falle einer Adress\u00e4nderung kann der*die italienische Mitb\u00fcrger*in eine vond en [&hellip;]","protected":false},"author":5,"featured_media":0,"parent":665,"menu_order":6,"comment_status":"closed","ping_status":"closed","template":"","meta":{"footnotes":""},"class_list":["post-3024","page","type-page","status-publish","hentry"],"_links":{"self":[{"href":"https:\/\/conscolonia.esteri.it\/de\/wp-json\/wp\/v2\/pages\/3024","targetHints":{"allow":["GET"]}}],"collection":[{"href":"https:\/\/conscolonia.esteri.it\/de\/wp-json\/wp\/v2\/pages"}],"about":[{"href":"https:\/\/conscolonia.esteri.it\/de\/wp-json\/wp\/v2\/types\/page"}],"author":[{"embeddable":true,"href":"https:\/\/conscolonia.esteri.it\/de\/wp-json\/wp\/v2\/users\/5"}],"replies":[{"embeddable":true,"href":"https:\/\/conscolonia.esteri.it\/de\/wp-json\/wp\/v2\/comments?post=3024"}],"version-history":[{"count":2,"href":"https:\/\/conscolonia.esteri.it\/de\/wp-json\/wp\/v2\/pages\/3024\/revisions"}],"predecessor-version":[{"id":5426,"href":"https:\/\/conscolonia.esteri.it\/de\/wp-json\/wp\/v2\/pages\/3024\/revisions\/5426"}],"up":[{"embeddable":true,"href":"https:\/\/conscolonia.esteri.it\/de\/wp-json\/wp\/v2\/pages\/665"}],"wp:attachment":[{"href":"https:\/\/conscolonia.esteri.it\/de\/wp-json\/wp\/v2\/media?parent=3024"}],"curies":[{"name":"wp","href":"https:\/\/api.w.org\/{rel}","templated":true}]}}